{"id":1521,"date":"2018-07-21T09:55:30","date_gmt":"2018-07-21T09:55:30","guid":{"rendered":"http:\/\/boyanmfg.com\/?post_type=product&#038;p=1521"},"modified":"2020-01-24T04:45:15","modified_gmt":"2020-01-24T04:45:15","slug":"4312-precision-machining-camera-lens-spare-parts-al6061-clear-anodized","status":"publish","type":"product","link":"https:\/\/boyanmfg.com\/tr\/shop\/4312-precision-machining-camera-lens-spare-parts-al6061-clear-anodized\/","title":{"rendered":"CNC i\u015flenmi\u015f al\u00fcminyum \u015feffaf anodize kamera cam\u0131 tutucusu"},"content":{"rendered":"<h2><span style=\"color: #993366;\">Kamera cam\u0131 tutucusunun al\u00fcminyum CNC i\u015flenmi\u015f ve \u015feffaf anodize par\u00e7as\u0131<\/span><\/h2>\n<p>Bu, al\u00fcminyum CNC tornalama ve \u015feffaf anodize bir par\u00e7ad\u0131r. Kamera cam\u0131 tutucusunda kullan\u0131lan bir bile\u015fendir. \u015eeffaf anodizasyon MIL-A-8625F standard\u0131na uygundur. Kaplama kal\u0131nl\u0131\u011f\u0131 0.07-0.10 mm'dir.<\/p>\n<p><img fetchpriority=\"high\" decoding=\"async\" class=\"alignnone wp-image-1525 size-full\" src=\"https:\/\/boyanmfg.com\/wp-content\/uploads\/2020\/01\/4312\u82f1\u6587_01.jpg\" alt=\"2 adet CNC i\u015flenmi\u015f al\u00fcminyum \u015feffaf anodize kamera lens tutucusu\" width=\"750\" height=\"460\" srcset=\"https:\/\/boyanmfg.com\/wp-content\/uploads\/2020\/01\/4312\u82f1\u6587_01.jpg 750w, https:\/\/boyanmfg.com\/wp-content\/uploads\/2020\/01\/4312\u82f1\u6587_01-600x368.jpg 600w, https:\/\/boyanmfg.com\/wp-content\/uploads\/2020\/01\/4312\u82f1\u6587_01-300x184.jpg 300w\" sizes=\"(max-width: 750px) 100vw, 750px\" \/><\/p>\n<h2><span style=\"color: #993366;\">Par\u00e7a \u00f6zellikleri<\/span><\/h2>\n<div>\n<table border=\"1\" cellspacing=\"1\" cellpadding=\"1\">\n<tbody>\n<tr>\n<td>Malzeme<\/td>\n<td>Al6061-T6<\/td>\n<\/tr>\n<tr>\n<td>Boyut (in\u00e7)<\/td>\n<td>OD 2.25\u2033 x uzunluk 0.12\u2033<\/td>\n<\/tr>\n<tr>\n<td>Anahtar boyut tolerans\u0131 (in\u00e7)<\/td>\n<td>0-0.005&#8243;<\/td>\n<\/tr>\n<tr>\n<td>Bitir<\/td>\n<td>\u015eeffaf anotize, MIL-A-8625F<\/td>\n<\/tr>\n<tr>\n<td>S\u00fcre\u00e7ler<\/td>\n<td>Torna<\/td>\n<\/tr>\n<\/tbody>\n<\/table>\n<h2><span style=\"color: #993366;\">Tekrarlanan 100% g\u00f6rsel muayeneler<\/span><\/h2>\n<p>\u00dcretim s\u00fcre\u00e7leri s\u0131ras\u0131nda ve sevkiyattan \u00f6nce 100% g\u00f6rsel kontrolleri birka\u00e7 kez ger\u00e7ekle\u015ftiriyoruz. Fark\u0131nda olabilirsiniz veya olmayabilirsiniz, y\u00fcksek estetik gereksinimlere sahip al\u00fcminyum anodize par\u00e7alar i\u00e7in en zor k\u0131s\u0131m anodizasyon i\u015flemidir. Bu nedenle, bu i\u015flem \u00f6ncesinde ve sonras\u0131nda par\u00e7alar\u0131 dikkatlice tek tek kontrol etmeliyiz.<\/p>\n<h2><span style=\"color: #993366;\">Baz\u0131 detaylar<\/span><\/h2>\n<h3><strong>Tutarl\u0131 parlakl\u0131k ve \u00e7iziksiz<\/strong><\/h3>\n<p>Par\u00e7alar\u0131n hepsinin ayn\u0131 g\u00f6r\u00fcnd\u00fc\u011f\u00fcnden ve ho\u015f bir g\u00f6r\u00fcn\u00fcme sahip oldu\u011fundan, ayn\u0131 kamera lens montaj\u0131na giden di\u011fer bile\u015fenlerle uyumlu oldu\u011fundan emin olmam\u0131z gerekiyor.<\/p>\n<p>Asl\u0131nda, anodizasyon i\u015flemini ne kadar dikkatli yaparsan\u0131z yap\u0131n, her zaman belirli bir y\u00fczdede par\u00e7a farkl\u0131 g\u00f6r\u00fcnecek ve reddedilecektir. Reddedilmelerin \u00e7o\u011fu anodizasyon i\u015fleminden kaynaklan\u0131r, ancak i\u015fleme s\u00fcre\u00e7lerinden kaynaklanan di\u011fer kusurlardan de\u011fil.<\/p>\n<p>Sonu\u00e7 olarak, par\u00e7alar\u0131m\u0131z anodize edildi\u011finde her seferinde anodizasyon fabrikas\u0131na gidiyoruz, sadece her \u015feyin do\u011fru ve dikkatli bir \u015fekilde yap\u0131ld\u0131\u011f\u0131ndan emin olmak i\u00e7in, b\u00f6ylece reddedilmeler en aza indirilebilsin.<\/p>\n<\/div>\n<p><img decoding=\"async\" class=\"alignnone wp-image-1526 size-full\" src=\"https:\/\/boyanmfg.com\/wp-content\/uploads\/2020\/01\/4312\u82f1\u6587_02.jpg\" alt=\"\u015feffaf anodize kamera lens tutucusunun tutarl\u0131 g\u00f6r\u00fcn\u00fcm\u00fc\" width=\"750\" height=\"531\" srcset=\"https:\/\/boyanmfg.com\/wp-content\/uploads\/2020\/01\/4312\u82f1\u6587_02.jpg 750w, https:\/\/boyanmfg.com\/wp-content\/uploads\/2020\/01\/4312\u82f1\u6587_02-600x425.jpg 600w, https:\/\/boyanmfg.com\/wp-content\/uploads\/2020\/01\/4312\u82f1\u6587_02-300x212.jpg 300w\" sizes=\"(max-width: 750px) 100vw, 750px\" \/><\/p>\n<h3><strong>P\u00fcr\u00fczs\u00fcz ve \u015f\u0131k g\u00f6r\u00fcn\u00fcm, g\u00f6r\u00fcn\u00fcr kusur yok<\/strong><\/h3>\n<p>Buradan yandan bir bakal\u0131m, herhangi bir ani ge\u00e7i\u015f g\u00f6rmeyeceksiniz, her \u015fey p\u00fcr\u00fczs\u00fcz ve \u015f\u0131k.<\/p>\n<p>Bu arada, \u00e7ok hafif \u00e7izikler veya \u00e7entikler gibi baz\u0131 kusurlar \u00fcstten kolayca g\u00f6r\u00fclemez, ancak yandan bak\u0131ld\u0131\u011f\u0131nda daha g\u00f6r\u00fcn\u00fcr olur. Bu da bizim g\u00f6rsel kontrolleri dikkatli ve kapsaml\u0131 bir \u015fekilde yapmam\u0131z\u0131 gerektirir.<\/p>\n<p><img decoding=\"async\" class=\"alignnone wp-image-1527 size-full\" src=\"https:\/\/boyanmfg.com\/wp-content\/uploads\/2020\/01\/4312\u82f1\u6587_03.jpg\" alt=\"4 adet \u015feffaf anodize kamera lens tutucusu\" width=\"750\" height=\"363\" srcset=\"https:\/\/boyanmfg.com\/wp-content\/uploads\/2020\/01\/4312\u82f1\u6587_03.jpg 750w, https:\/\/boyanmfg.com\/wp-content\/uploads\/2020\/01\/4312\u82f1\u6587_03-600x290.jpg 600w, https:\/\/boyanmfg.com\/wp-content\/uploads\/2020\/01\/4312\u82f1\u6587_03-300x145.jpg 300w\" sizes=\"(max-width: 750px) 100vw, 750px\" \/><\/p>\n<h3><strong>Arkadan g\u00f6r\u00fcn\u00fcm<\/strong><\/h3>\n<p>Arka taraf\u0131n \u015feklinin de geometrik gereksinimlere uygun olarak g\u00fczelce yap\u0131ld\u0131\u011f\u0131n\u0131 g\u00f6receksiniz.<\/p>\n<p><img loading=\"lazy\" decoding=\"async\" class=\"alignnone wp-image-1528 size-full\" src=\"https:\/\/boyanmfg.com\/wp-content\/uploads\/2020\/01\/4312\u82f1\u6587_04.jpg\" alt=\"al\u00fcminyum \u015feffaf anodize kamera cam\u0131 tutma halkas\u0131n\u0131n alt g\u00f6r\u00fcn\u00fcm\u00fc\" width=\"750\" height=\"756\" srcset=\"https:\/\/boyanmfg.com\/wp-content\/uploads\/2020\/01\/4312\u82f1\u6587_04.jpg 750w, https:\/\/boyanmfg.com\/wp-content\/uploads\/2020\/01\/4312\u82f1\u6587_04-100x100.jpg 100w, https:\/\/boyanmfg.com\/wp-content\/uploads\/2020\/01\/4312\u82f1\u6587_04-600x605.jpg 600w, https:\/\/boyanmfg.com\/wp-content\/uploads\/2020\/01\/4312\u82f1\u6587_04-298x300.jpg 298w, https:\/\/boyanmfg.com\/wp-content\/uploads\/2020\/01\/4312\u82f1\u6587_04-150x150.jpg 150w\" sizes=\"(max-width: 750px) 100vw, 750px\" \/><\/p>","protected":false},"excerpt":{"rendered":"<p>Kamera cam tutucusunun al\u00fcminyum CNC i\u015flenmi\u015f ve \u015feffaf anotize edilmi\u015f par\u00e7as\u0131 Bu, al\u00fcminyum CNC tornalama ve \u015feffaf anotize edilmi\u015f bir par\u00e7ad\u0131r. Kamera cam tutucusunda kullan\u0131lan bir bile\u015fendir. \u015eeffaf anotizasyon MIL-A-8625F standard\u0131na uygundur. Kaplama kal\u0131nl\u0131\u011f\u0131 0.07-0.10 mm'dir. Par\u00e7a \u00f6zellikleri Malzeme Al6061-T6 Boyut (in\u00e7) D\u0131\u015f \u00e7ap 2.25\u2033 x uzunluk\u2026&nbsp;<a href=\"https:\/\/boyanmfg.com\/tr\/shop\/4312-precision-machining-camera-lens-spare-parts-al6061-clear-anodized\/\" rel=\"bookmark\">Daha Fazla Oku \u00bb<span class=\"screen-reader-text\">CNC i\u015flenmi\u015f al\u00fcminyum \u015feffaf anodize kamera cam\u0131 tutucusu<\/span><\/a><\/p>","protected":false},"featured_media":1522,"comment_status":"closed","ping_status":"closed","template":"","meta":{"neve_meta_sidebar":"","neve_meta_container":"","neve_meta_enable_content_width":"","neve_meta_content_width":0,"neve_meta_title_alignment":"","neve_meta_author_avatar":"","neve_post_elements_order":"","neve_meta_disable_header":"","neve_meta_disable_footer":"","neve_meta_disable_title":"","neve_meta_reading_time":"","_themeisle_gutenberg_block_has_review":false},"product_brand":[],"product_cat":[58,60],"product_tag":[],"class_list":{"0":"post-1521","1":"product","2":"type-product","3":"status-publish","4":"has-post-thumbnail","6":"product_cat-cnc-machining","7":"product_cat-surface-coating","9":"first","10":"instock","11":"shipping-taxable","12":"product-type-simple"},"acf":[],"_links":{"self":[{"href":"https:\/\/boyanmfg.com\/tr\/wp-json\/wp\/v2\/product\/1521","targetHints":{"allow":["GET"]}}],"collection":[{"href":"https:\/\/boyanmfg.com\/tr\/wp-json\/wp\/v2\/product"}],"about":[{"href":"https:\/\/boyanmfg.com\/tr\/wp-json\/wp\/v2\/types\/product"}],"replies":[{"embeddable":true,"href":"https:\/\/boyanmfg.com\/tr\/wp-json\/wp\/v2\/comments?post=1521"}],"wp:featuredmedia":[{"embeddable":true,"href":"https:\/\/boyanmfg.com\/tr\/wp-json\/wp\/v2\/media\/1522"}],"wp:attachment":[{"href":"https:\/\/boyanmfg.com\/tr\/wp-json\/wp\/v2\/media?parent=1521"}],"wp:term":[{"taxonomy":"product_brand","embeddable":true,"href":"https:\/\/boyanmfg.com\/tr\/wp-json\/wp\/v2\/product_brand?post=1521"},{"taxonomy":"product_cat","embeddable":true,"href":"https:\/\/boyanmfg.com\/tr\/wp-json\/wp\/v2\/product_cat?post=1521"},{"taxonomy":"product_tag","embeddable":true,"href":"https:\/\/boyanmfg.com\/tr\/wp-json\/wp\/v2\/product_tag?post=1521"}],"curies":[{"name":"wp","href":"https:\/\/api.w.org\/{rel}","templated":true}]}}