{"id":9960,"date":"2026-02-24T05:45:02","date_gmt":"2026-02-24T05:45:02","guid":{"rendered":"https:\/\/boyanmfg.com\/?post_type=product&#038;p=9960"},"modified":"2026-02-24T12:08:17","modified_gmt":"2026-02-24T12:08:17","slug":"custom-plastic-shroud-with-hinged-cover","status":"publish","type":"product","link":"https:\/\/boyanmfg.com\/pt\/shop\/custom-plastic-shroud-with-hinged-cover\/","title":{"rendered":"Cobertura de Pl\u00e1stico Personalizada com Tampa Articulada"},"content":{"rendered":"<h2><span style=\"color: #800080;\">Cobertura de Pl\u00e1stico Personalizada com Tampa Articulada<\/span><\/h2>\n<p data-start=\"43\" data-end=\"328\">Este <strong data-start=\"48\" data-end=\"73\">capa de pl\u00e1stico personalizada<\/strong> \u00e9 um autom\u00f3vel <strong data-start=\"91\" data-end=\"118\">Tampa de \u00c2ncora de Assento de Crian\u00e7a<\/strong>. \u00c9 um componente exterior de pl\u00e1stico de duas pe\u00e7as com uma <strong data-start=\"172\" data-end=\"198\">tampa articulada de abrir<\/strong> e um <strong data-start=\"205\" data-end=\"232\">grande abertura inferior<\/strong>, permitindo acesso r\u00e1pido ao ponto de ancoragem enquanto mant\u00e9m a \u00e1rea protegida e visualmente limpa.<\/p>\n<p data-start=\"330\" data-end=\"677\">A superf\u00edcie exterior apresenta um <strong data-start=\"359\" data-end=\"385\">padr\u00e3o de superf\u00edcie personalizado<\/strong> inspirado num <strong data-start=\"400\" data-end=\"421\">padr\u00e3o grego<\/strong> (tamb\u00e9m conhecido como <strong data-start=\"439\" data-end=\"458\">padr\u00e3o meandro<\/strong>). Esta textura geom\u00e9trica elevada melhora <strong data-start=\"500\" data-end=\"516\">sensa\u00e7\u00e3o t\u00e1til<\/strong>, adiciona <strong data-start=\"523\" data-end=\"537\">ader\u00eancia extra<\/strong> durante a manipula\u00e7\u00e3o e real\u00e7a a apar\u00eancia geral. Um \u00edcone moldado de ancoragem de assento infantil no topo proporciona identifica\u00e7\u00e3o clara e instant\u00e2nea.<\/p>\n<figure id=\"attachment_9961\" aria-describedby=\"caption-attachment-9961\" style=\"width: 750px\" class=\"wp-caption alignnone\"><img fetchpriority=\"high\" decoding=\"async\" class=\"wp-image-9961 size-full\" src=\"https:\/\/boyanmfg.com\/wp-content\/uploads\/2026\/02\/Custom-Plastic-Shroud-1.jpg\" alt=\"capa de pl\u00e1stico ABS personalizada com tampa articulada de abrir, superf\u00edcie texturizada de chave grega\/meandro e \u00edcone moldado de ancoragem de assento infantil.\" width=\"750\" height=\"562\" srcset=\"https:\/\/boyanmfg.com\/wp-content\/uploads\/2026\/02\/Custom-Plastic-Shroud-1.jpg 750w, https:\/\/boyanmfg.com\/wp-content\/uploads\/2026\/02\/Custom-Plastic-Shroud-1-300x225.jpg 300w, https:\/\/boyanmfg.com\/wp-content\/uploads\/2026\/02\/Custom-Plastic-Shroud-1-16x12.jpg 16w, https:\/\/boyanmfg.com\/wp-content\/uploads\/2026\/02\/Custom-Plastic-Shroud-1-600x450.jpg 600w\" sizes=\"(max-width: 750px) 100vw, 750px\" \/><figcaption id=\"caption-attachment-9961\" class=\"wp-caption-text\">A tampa articulada na posi\u00e7\u00e3o aberta para f\u00e1cil acesso.<\/figcaption><\/figure>\n<h2><span style=\"color: #800080;\">Informa\u00e7\u00f5es sobre o produto<\/span><\/h2>\n<table style=\"border-collapse: collapse; width: auto;\" border=\"1\" cellspacing=\"0\" cellpadding=\"8\">\n<tbody>\n<tr>\n<th style=\"background-color: #bcbcbc; color: white; text-align: left; padding: 8px; white-space: nowrap;\">Artigo<\/th>\n<th style=\"background-color: #bcbcbc; color: white; text-align: left; padding: 8px; white-space: nowrap;\">Detalhes<\/th>\n<\/tr>\n<tr>\n<td style=\"background-color: #cbe5d6; padding: 8px; white-space: nowrap;\">Dimens\u00e3o do produto<\/td>\n<td style=\"background-color: #cbe5d6; padding: 8px; white-space: nowrap;\">320 \u00d7 190 \u00d7 120 mm<\/td>\n<\/tr>\n<tr>\n<td style=\"background-color: #cbe5d6; padding: 8px; white-space: nowrap;\">Material<\/td>\n<td style=\"background-color: #cbe5d6; padding: 8px; white-space: nowrap;\"><a href=\"https:\/\/boyanmfg.com\/abs-injection-molding-guide\/\">ABS<\/a><\/td>\n<\/tr>\n<tr>\n<td style=\"background-color: #cbe5d6; padding: 8px; white-space: nowrap;\">Peso l\u00edquido<\/td>\n<td style=\"background-color: #cbe5d6; padding: 8px; white-space: nowrap;\">aprox. 65 gramas<\/td>\n<\/tr>\n<tr>\n<td style=\"background-color: #cbe5d6; padding: 8px; white-space: nowrap;\">Molde (Cobertura \/ Corpo Principal)<\/td>\n<td style=\"background-color: #cbe5d6; padding: 8px; white-space: nowrap;\">1 cavidade, entrada lateral, canal frio<\/td>\n<\/tr>\n<tr>\n<td style=\"background-color: #cbe5d6; padding: 8px; white-space: nowrap;\">Molde (Tampa de Abrir)<\/td>\n<td style=\"background-color: #cbe5d6; padding: 8px; white-space: nowrap;\">4 cavidades, entrada lateral, canal frio<\/td>\n<\/tr>\n<tr>\n<td style=\"background-color: #cbe5d6; padding: 8px; white-space: nowrap;\">Toler\u00e2ncia de Dimens\u00e3o Chave<\/td>\n<td style=\"background-color: #cbe5d6; padding: 8px; white-space: nowrap;\">\u00b10,2 a \u00b10,5 mm<\/td>\n<\/tr>\n<\/tbody>\n<\/table>\n<hr \/>\n<h2><span style=\"color: #800080;\">Caracter\u00edsticas Principais<\/span><\/h2>\n<h3 data-start=\"1005\" data-end=\"1055\">Apar\u00eancia Premium para Uso no Interior Autom\u00f3vel<\/h3>\n<p data-start=\"1056\" data-end=\"1138\">Como componente de revestimento interior, a pe\u00e7a \u00e9 projetada para cumprir elevados padr\u00f5es visuais:<\/p>\n<ul data-start=\"1139\" data-end=\"1347\">\n<li data-start=\"1139\" data-end=\"1207\">\n<p data-start=\"1141\" data-end=\"1207\">Superf\u00edcie lisa e uniforme, sem amolgadelas, protuber\u00e2ncias ou empenamentos n\u00e3o intencionais<\/p>\n<\/li>\n<\/ul>\n<figure id=\"attachment_9962\" aria-describedby=\"caption-attachment-9962\" style=\"width: 750px\" class=\"wp-caption alignnone\"><img decoding=\"async\" class=\"wp-image-9962 size-full\" src=\"https:\/\/boyanmfg.com\/wp-content\/uploads\/2026\/02\/Custom-Plastic-Shroud-2.jpg\" alt=\"Vista superior alternativa da capa de pl\u00e1stico ABS personalizada com tampa articulada fechada, painel de superf\u00edcie texturizada de chave grega\/meandro e \u00edcone moldado de ancoragem de assento infantil.\" width=\"750\" height=\"563\" srcset=\"https:\/\/boyanmfg.com\/wp-content\/uploads\/2026\/02\/Custom-Plastic-Shroud-2.jpg 750w, https:\/\/boyanmfg.com\/wp-content\/uploads\/2026\/02\/Custom-Plastic-Shroud-2-300x225.jpg 300w, https:\/\/boyanmfg.com\/wp-content\/uploads\/2026\/02\/Custom-Plastic-Shroud-2-16x12.jpg 16w, https:\/\/boyanmfg.com\/wp-content\/uploads\/2026\/02\/Custom-Plastic-Shroud-2-600x450.jpg 600w\" sizes=\"(max-width: 750px) 100vw, 750px\" \/><figcaption id=\"caption-attachment-9962\" class=\"wp-caption-text\">Vista superior da cobertura de pl\u00e1stico, destacando o seu aspeto elegante e acabamento superficial refinado. A superf\u00edcie \u00e9 lisa e uniforme, sem amolgadelas, sali\u00eancias ou empenamentos n\u00e3o intencionais.<\/figcaption><\/figure>\n<ul data-start=\"1139\" data-end=\"1347\">\n<li data-start=\"1208\" data-end=\"1247\">\n<p data-start=\"1210\" data-end=\"1247\">Cor e brilho consistentes e uniformes<\/p>\n<\/li>\n<li data-start=\"1248\" data-end=\"1347\">\n<p data-start=\"1250\" data-end=\"1347\">Apar\u00eancia limpa, sem linhas de soldadura, linhas de fluxo, part\u00edculas pretas ou outros defeitos superficiais vis\u00edveis<\/p>\n<\/li>\n<\/ul>\n<h3 data-start=\"1349\" data-end=\"1394\">Padr\u00e3o Superficial Personalizado Inspirado na Chave Grega<\/h3>\n<p data-start=\"1395\" data-end=\"1539\">O padr\u00e3o geom\u00e9trico \u00e9 criado atrav\u00e9s de <strong data-start=\"1436\" data-end=\"1457\">gravura de ferramenta<\/strong>: Eletrodos feitos por CNC s\u00e3o utilizados para <strong data-start=\"1492\" data-end=\"1507\">forma\u00e7\u00e3o EDM<\/strong> para alcan\u00e7ar o design em relevo.<\/p>\n<figure id=\"attachment_9964\" aria-describedby=\"caption-attachment-9964\" style=\"width: 750px\" class=\"wp-caption alignnone\"><img decoding=\"async\" class=\"wp-image-9964 size-full\" src=\"https:\/\/boyanmfg.com\/wp-content\/uploads\/2026\/02\/greek-key-pattern-plastic.jpg\" alt=\"Close-up da capa de ABS personalizada mostrando a superf\u00edcie texturizada de meandro\/chave grega n\u00e3o perfurada, com padr\u00e3o geom\u00e9trico elevado moldado para ader\u00eancia e apar\u00eancia.\" width=\"750\" height=\"563\" srcset=\"https:\/\/boyanmfg.com\/wp-content\/uploads\/2026\/02\/greek-key-pattern-plastic.jpg 750w, https:\/\/boyanmfg.com\/wp-content\/uploads\/2026\/02\/greek-key-pattern-plastic-300x225.jpg 300w, https:\/\/boyanmfg.com\/wp-content\/uploads\/2026\/02\/greek-key-pattern-plastic-16x12.jpg 16w, https:\/\/boyanmfg.com\/wp-content\/uploads\/2026\/02\/greek-key-pattern-plastic-600x450.jpg 600w\" sizes=\"(max-width: 750px) 100vw, 750px\" \/><figcaption id=\"caption-attachment-9964\" class=\"wp-caption-text\">Vista detalhada da textura de chave grega\/meandro n\u00e3o perfurada \u2014 moldada como um padr\u00e3o elevado para ader\u00eancia t\u00e1til.<\/figcaption><\/figure>\n<ul data-start=\"1540\" data-end=\"1752\">\n<li data-start=\"1540\" data-end=\"1581\">\n<p data-start=\"1542\" data-end=\"1581\">Profundidade de Relevo Alcan\u00e7a <strong data-start=\"1563\" data-end=\"1579\">at\u00e9 1,5 mm<\/strong><\/p>\n<\/li>\n<li data-start=\"1582\" data-end=\"1670\">\n<p data-start=\"1584\" data-end=\"1670\">Os cantos vivos foram redesenhados com raios adequados para garantir durabilidade e desmoldagem<\/p>\n<\/li>\n<li data-start=\"1671\" data-end=\"1752\">\n<p data-start=\"1673\" data-end=\"1752\">A ventila\u00e7\u00e3o do molde \u00e9 cuidadosamente disposta para evitar ar retido em \u00e1reas de padr\u00e3o fino<\/p>\n<\/li>\n<\/ul>\n<p data-start=\"1754\" data-end=\"1975\">Durante a moldagem, os par\u00e2metros s\u00e3o rigorosamente controlados para reduzir riscos como marcas de retra\u00e7\u00e3o, marcas de soldadura, curto enchimento, queimaduras por ventila\u00e7\u00e3o deficiente, empenamento e acabamento superficial inconsistente \u2014 especialmente importante para um padr\u00e3o profundo e detalhado.<\/p>\n<h3 data-start=\"1977\" data-end=\"2028\">Fun\u00e7\u00e3o de Bloqueio por Press\u00e3o Fi\u00e1vel com Feedback Claro<\/h3>\n<p data-start=\"2029\" data-end=\"2091\">A tampa articulada \u00e9 projetada para opera\u00e7\u00e3o simples e repet\u00edvel:<\/p>\n<ul data-start=\"2092\" data-end=\"2179\">\n<li data-start=\"2092\" data-end=\"2126\">\n<p data-start=\"2094\" data-end=\"2126\">Puxe para abrir a tampa basculante<\/p>\n<\/li>\n<li data-start=\"2127\" data-end=\"2179\">\n<p data-start=\"2129\" data-end=\"2179\">Pressione para fechar e <strong data-start=\"2153\" data-end=\"2166\">fecho de press\u00e3o<\/strong> no lugar<\/p>\n<\/li>\n<\/ul>\n<p data-start=\"2181\" data-end=\"2386\">A a\u00e7\u00e3o de fecho \u00e9 ajustada para proporcionar uma for\u00e7a de opera\u00e7\u00e3o confort\u00e1vel e um feedback claro de \u201cclique\u201d. Isto \u00e9 conseguido atrav\u00e9s do controlo dimensional, com dimens\u00f5es cr\u00edticas mantidas a <strong data-start=\"2359\" data-end=\"2370\">\u00b10,2 mm<\/strong> onde necess\u00e1rio.<\/p>\n<hr \/>\n<h2 data-start=\"527\" data-end=\"589\"><span style=\"color: #800080;\">Moldagem por Inje\u00e7\u00e3o Profissional para Capas de Pl\u00e1stico Personalizadas<\/span><\/h2>\n<p data-start=\"590\" data-end=\"856\">Como fornecedor experiente de moldagem por inje\u00e7\u00e3o, fornecemos capas de pl\u00e1stico personalizadas com apar\u00eancia consistente, fun\u00e7\u00e3o de encaixe por press\u00e3o fi\u00e1vel e qualidade superficial bem controlada. Suportamos servi\u00e7o de ponta a ponta, incluindo revis\u00e3o de DFM, ferramentaria, amostragem e produ\u00e7\u00e3o em volume.<\/p>","protected":false},"excerpt":{"rendered":"<p>Cobertura Pl\u00e1stica Personalizada com Tampa Articulada Esta cobertura pl\u00e1stica personalizada \u00e9 uma Tampa de \u00c2ncora para Cadeira Infantil Automotiva. \u00c9 um componente exterior pl\u00e1stico de duas pe\u00e7as com uma tampa articulada que abre por bascula\u00e7\u00e3o e uma grande abertura na parte inferior, permitindo acesso r\u00e1pido ao ponto de ancoragem enquanto mant\u00e9m a \u00e1rea protegida e visualmente limpa. A superf\u00edcie exterior apresenta um design personalizado...&nbsp;<a href=\"https:\/\/boyanmfg.com\/pt\/shop\/custom-plastic-shroud-with-hinged-cover\/\" rel=\"bookmark\">Ler mais \u00bb<span class=\"screen-reader-text\">Cobertura de Pl\u00e1stico Personalizada com Tampa Articulada<\/span><\/a><\/p>","protected":false},"featured_media":9961,"comment_status":"closed","ping_status":"closed","template":"","meta":{"neve_meta_sidebar":"","neve_meta_container":"","neve_meta_enable_content_width":"off","neve_meta_content_width":100,"neve_meta_title_alignment":"","neve_meta_author_avatar":"","neve_post_elements_order":"","neve_meta_disable_header":"","neve_meta_disable_footer":"","neve_meta_disable_title":"","neve_meta_reading_time":"","_themeisle_gutenberg_block_has_review":false},"product_brand":[],"product_cat":[54],"product_tag":[],"class_list":{"0":"post-9960","1":"product","2":"type-product","3":"status-publish","4":"has-post-thumbnail","6":"product_cat-plastic-injection-molding","8":"first","9":"instock","10":"shipping-taxable","11":"product-type-simple"},"acf":[],"_links":{"self":[{"href":"https:\/\/boyanmfg.com\/pt\/wp-json\/wp\/v2\/product\/9960","targetHints":{"allow":["GET"]}}],"collection":[{"href":"https:\/\/boyanmfg.com\/pt\/wp-json\/wp\/v2\/product"}],"about":[{"href":"https:\/\/boyanmfg.com\/pt\/wp-json\/wp\/v2\/types\/product"}],"replies":[{"embeddable":true,"href":"https:\/\/boyanmfg.com\/pt\/wp-json\/wp\/v2\/comments?post=9960"}],"wp:featuredmedia":[{"embeddable":true,"href":"https:\/\/boyanmfg.com\/pt\/wp-json\/wp\/v2\/media\/9961"}],"wp:attachment":[{"href":"https:\/\/boyanmfg.com\/pt\/wp-json\/wp\/v2\/media?parent=9960"}],"wp:term":[{"taxonomy":"product_brand","embeddable":true,"href":"https:\/\/boyanmfg.com\/pt\/wp-json\/wp\/v2\/product_brand?post=9960"},{"taxonomy":"product_cat","embeddable":true,"href":"https:\/\/boyanmfg.com\/pt\/wp-json\/wp\/v2\/product_cat?post=9960"},{"taxonomy":"product_tag","embeddable":true,"href":"https:\/\/boyanmfg.com\/pt\/wp-json\/wp\/v2\/product_tag?post=9960"}],"curies":[{"name":"wp","href":"https:\/\/api.w.org\/{rel}","templated":true}]}}