{"id":1495,"date":"2018-06-06T04:00:26","date_gmt":"2018-06-06T04:00:26","guid":{"rendered":"http:\/\/boyanmfg.com\/?post_type=product&#038;p=1495"},"modified":"2020-01-21T08:35:17","modified_gmt":"2020-01-21T08:35:17","slug":"steel-s355-q345-machined-hot-dip-galvanized","status":"publish","type":"product","link":"https:\/\/boyanmfg.com\/pt\/shop\/steel-s355-q345-machined-hot-dip-galvanized\/","title":{"rendered":"A\u00e7o Q345 ou S355 pe\u00e7a maquinada galvanizada por imers\u00e3o a quente"},"content":{"rendered":"<h2><span style=\"color: #993366;\">Pe\u00e7as maquinadas em a\u00e7o Q345 ou S355 e galvanizadas a quente<\/span><\/h2>\n<p>Estas pe\u00e7as s\u00e3o feitas de a\u00e7o Q345, o equivalente ao DIN S355. As pe\u00e7as s\u00e3o primeiro maquinadas e depois galvanizadas por imers\u00e3o a quente, com uma espessura de revestimento de 0,07-0,11 mm.<\/p>\n<p><img fetchpriority=\"high\" decoding=\"async\" class=\"alignnone size-full wp-image-12321\" src=\"https:\/\/boyanmfg.com\/wp-content\/uploads\/2018\/06\/MS-512.jpg\" alt=\"\" width=\"625\" height=\"587\" \/><img decoding=\"async\" class=\"alignnone wp-image-1497 size-medium\" src=\"https:\/\/boyanmfg.com\/wp-content\/uploads\/2020\/01\/MS512-300x300.jpg\" alt=\"Pe\u00e7as maquinadas em a\u00e7o Q345 ou S355 e depois galvanizadas por imers\u00e3o a quente\" width=\"300\" height=\"300\" srcset=\"https:\/\/boyanmfg.com\/wp-content\/uploads\/2020\/01\/MS512-300x300.jpg 300w, https:\/\/boyanmfg.com\/wp-content\/uploads\/2020\/01\/MS512-100x100.jpg 100w, https:\/\/boyanmfg.com\/wp-content\/uploads\/2020\/01\/MS512-600x600.jpg 600w, https:\/\/boyanmfg.com\/wp-content\/uploads\/2020\/01\/MS512-150x150.jpg 150w, https:\/\/boyanmfg.com\/wp-content\/uploads\/2020\/01\/MS512-768x768.jpg 768w, https:\/\/boyanmfg.com\/wp-content\/uploads\/2020\/01\/MS512.jpg 800w\" sizes=\"(max-width: 300px) 100vw, 300px\" \/><\/p>\n<h2><span style=\"color: #993366;\">Especifica\u00e7\u00e3o da pe\u00e7a:<\/span><\/h2>\n<div>\n<table border=\"1\" cellspacing=\"1\" cellpadding=\"1\">\n<tbody>\n<tr>\n<td>Material<\/td>\n<td>A\u00e7o Q345 (S355 DIN)<\/td>\n<\/tr>\n<tr>\n<td>Tamanho (mm)<\/td>\n<td>280x220x18<\/td>\n<\/tr>\n<tr>\n<td>Toler\u00e2ncia para a dimens\u00e3o da chave (mm)<\/td>\n<td>0\/-0,05mm<\/td>\n<\/tr>\n<tr>\n<td>Revestimento:<\/td>\n<td>Galvanizado por imers\u00e3o a quente, 0,07-0,11 mm<\/td>\n<\/tr>\n<tr>\n<td>Processos<\/td>\n<td>Corte por chama, fresagem<\/td>\n<\/tr>\n<\/tbody>\n<\/table>\n<\/div>\n<h2><span style=\"color: #993366;\">Alguns pormenores:<\/span><\/h2>\n<h3><strong>Corte direto \u00e0 forma por corte por chama para poupar custos<\/strong><\/h3>\n<p>Cort\u00e1mos as pe\u00e7as diretamente por corte por chama e n\u00e3o fizemos qualquer fresagem, uma vez que este \u00e9 o m\u00e9todo mais rent\u00e1vel. O aspeto continua a ser aceit\u00e1vel ap\u00f3s a galvaniza\u00e7\u00e3o. O nosso cliente n\u00e3o se importa que o aspeto n\u00e3o seja t\u00e3o perfeito nas extremidades e n\u00e3o causa quaisquer problemas funcionais, pelo que este m\u00e9todo de produ\u00e7\u00e3o \u00e9 o melhor entre outros m\u00e9todos poss\u00edveis.<\/p>\n<p><img decoding=\"async\" class=\"alignnone wp-image-1496 size-large\" src=\"https:\/\/boyanmfg.com\/wp-content\/uploads\/2020\/01\/MS512-2-1024x1024.jpg\" alt=\"Chapa de a\u00e7o Q345 maquinada e galvanizada por imers\u00e3o a quente\" width=\"1024\" height=\"1024\" srcset=\"https:\/\/boyanmfg.com\/wp-content\/uploads\/2020\/01\/MS512-2-1024x1024.jpg 1024w, https:\/\/boyanmfg.com\/wp-content\/uploads\/2020\/01\/MS512-2-300x300.jpg 300w, https:\/\/boyanmfg.com\/wp-content\/uploads\/2020\/01\/MS512-2-100x100.jpg 100w, https:\/\/boyanmfg.com\/wp-content\/uploads\/2020\/01\/MS512-2-600x600.jpg 600w, https:\/\/boyanmfg.com\/wp-content\/uploads\/2020\/01\/MS512-2-150x150.jpg 150w, https:\/\/boyanmfg.com\/wp-content\/uploads\/2020\/01\/MS512-2-768x768.jpg 768w, https:\/\/boyanmfg.com\/wp-content\/uploads\/2020\/01\/MS512-2.jpg 1100w\" sizes=\"(max-width: 1024px) 100vw, 1024px\" \/><\/p>\n<p>Estes s\u00e3o a mat\u00e9ria-prima:<\/p>\n<p><img loading=\"lazy\" decoding=\"async\" class=\"alignnone wp-image-1499 size-full\" src=\"https:\/\/boyanmfg.com\/wp-content\/uploads\/2020\/01\/MS512\u82f1\u65874.jpg\" alt=\"mat\u00e9ria-prima de Q345 ou S355\" width=\"850\" height=\"477\" srcset=\"https:\/\/boyanmfg.com\/wp-content\/uploads\/2020\/01\/MS512\u82f1\u65874.jpg 850w, https:\/\/boyanmfg.com\/wp-content\/uploads\/2020\/01\/MS512\u82f1\u65874-600x337.jpg 600w, https:\/\/boyanmfg.com\/wp-content\/uploads\/2020\/01\/MS512\u82f1\u65874-300x168.jpg 300w, https:\/\/boyanmfg.com\/wp-content\/uploads\/2020\/01\/MS512\u82f1\u65874-768x431.jpg 768w\" sizes=\"(max-width: 850px) 100vw, 850px\" \/> <img loading=\"lazy\" decoding=\"async\" class=\"alignnone wp-image-1500 size-full\" src=\"https:\/\/boyanmfg.com\/wp-content\/uploads\/2020\/01\/MS512\u82f1\u65873.jpg\" alt=\"Pe\u00e7as Q345 ou S355 cortadas \u00e0 medida\" width=\"850\" height=\"478\" srcset=\"https:\/\/boyanmfg.com\/wp-content\/uploads\/2020\/01\/MS512\u82f1\u65873.jpg 850w, https:\/\/boyanmfg.com\/wp-content\/uploads\/2020\/01\/MS512\u82f1\u65873-600x337.jpg 600w, https:\/\/boyanmfg.com\/wp-content\/uploads\/2020\/01\/MS512\u82f1\u65873-300x169.jpg 300w, https:\/\/boyanmfg.com\/wp-content\/uploads\/2020\/01\/MS512\u82f1\u65873-768x432.jpg 768w\" sizes=\"(max-width: 850px) 100vw, 850px\" \/><\/p>\n<p>Corte da chama e perfura\u00e7\u00e3o dos orif\u00edcios:<\/p>\n<h3><strong>Os orif\u00edcios s\u00e3o escareados ap\u00f3s a galvaniza\u00e7\u00e3o para cumprir a toler\u00e2ncia<\/strong><\/h3>\n<p>A toler\u00e2ncia para os furos \u00e9 de 0,05 mm, pelo que temos de alargar os furos ap\u00f3s a galvaniza\u00e7\u00e3o, porque a espessura do revestimento \u00e9 de 0,07-0,11 mm, o que torna imposs\u00edvel cumprir a toler\u00e2ncia sem uma segunda maquinagem ap\u00f3s o processo de galvaniza\u00e7\u00e3o.<\/p>","protected":false},"excerpt":{"rendered":"<p>Pe\u00e7as usinadas em a\u00e7o Q345 ou S355 e galvanizadas a quente Estas pe\u00e7as s\u00e3o fabricadas em a\u00e7o Q345, equivalente ao DIN S355. As pe\u00e7as s\u00e3o primeiro usinadas e depois galvanizadas a quente, com uma espessura de revestimento de 0,07-0,11 mm. Especifica\u00e7\u00e3o da pe\u00e7a: Material A\u00e7o Q345 (S355 DIN) Dimens\u00f5es (mm) 280x220x18 Toler\u00e2ncia para dimens\u00e3o-chave (mm) 0\/-0,05 mm Revestimento: Galvanizado a quente,\u2026&nbsp;<a href=\"https:\/\/boyanmfg.com\/pt\/shop\/steel-s355-q345-machined-hot-dip-galvanized\/\" rel=\"bookmark\">Ler mais \u00bb<span class=\"screen-reader-text\">A\u00e7o Q345 ou S355 pe\u00e7a maquinada galvanizada por imers\u00e3o a quente<\/span><\/a><\/p>","protected":false},"featured_media":1497,"comment_status":"closed","ping_status":"closed","template":"","meta":{"neve_meta_sidebar":"","neve_meta_container":"","neve_meta_enable_content_width":"","neve_meta_content_width":0,"neve_meta_title_alignment":"","neve_meta_author_avatar":"","neve_post_elements_order":"","neve_meta_disable_header":"","neve_meta_disable_footer":"","neve_meta_disable_title":"","neve_meta_reading_time":"","_themeisle_gutenberg_block_has_review":false},"product_brand":[],"product_cat":[58],"product_tag":[],"class_list":{"0":"post-1495","1":"product","2":"type-product","3":"status-publish","4":"has-post-thumbnail","6":"product_cat-cnc-machining","8":"first","9":"instock","10":"shipping-taxable","11":"product-type-simple"},"acf":[],"_links":{"self":[{"href":"https:\/\/boyanmfg.com\/pt\/wp-json\/wp\/v2\/product\/1495","targetHints":{"allow":["GET"]}}],"collection":[{"href":"https:\/\/boyanmfg.com\/pt\/wp-json\/wp\/v2\/product"}],"about":[{"href":"https:\/\/boyanmfg.com\/pt\/wp-json\/wp\/v2\/types\/product"}],"replies":[{"embeddable":true,"href":"https:\/\/boyanmfg.com\/pt\/wp-json\/wp\/v2\/comments?post=1495"}],"wp:featuredmedia":[{"embeddable":true,"href":"https:\/\/boyanmfg.com\/pt\/wp-json\/wp\/v2\/media\/1497"}],"wp:attachment":[{"href":"https:\/\/boyanmfg.com\/pt\/wp-json\/wp\/v2\/media?parent=1495"}],"wp:term":[{"taxonomy":"product_brand","embeddable":true,"href":"https:\/\/boyanmfg.com\/pt\/wp-json\/wp\/v2\/product_brand?post=1495"},{"taxonomy":"product_cat","embeddable":true,"href":"https:\/\/boyanmfg.com\/pt\/wp-json\/wp\/v2\/product_cat?post=1495"},{"taxonomy":"product_tag","embeddable":true,"href":"https:\/\/boyanmfg.com\/pt\/wp-json\/wp\/v2\/product_tag?post=1495"}],"curies":[{"name":"wp","href":"https:\/\/api.w.org\/{rel}","templated":true}]}}