{"id":1405,"date":"2018-07-20T13:09:09","date_gmt":"2018-07-20T13:09:09","guid":{"rendered":"http:\/\/boyanmfg.com\/?post_type=product&#038;p=1405"},"modified":"2020-01-20T13:09:55","modified_gmt":"2020-01-20T13:09:55","slug":"plastic-bellow-for-camera","status":"publish","type":"product","link":"https:\/\/boyanmfg.com\/pt\/shop\/plastic-bellow-for-camera\/","title":{"rendered":"Fole de pl\u00e1stico para a c\u00e2mara"},"content":{"rendered":"<h2><span style=\"color: #993366;\">Fole de pl\u00e1stico para a c\u00e2mara<\/span><\/h2>\n<p>Trata-se de um fole de pl\u00e1stico fabricado em NBR, de cor preta, sendo necess\u00e1rio assegurar que nenhum reflexo seja projetado na lente.<\/p>\n<h2><span style=\"color: #993366;\">Especifica\u00e7\u00e3o da pe\u00e7a<\/span><\/h2>\n<table style=\"height: 145px;\" border=\"1\" width=\"385\">\n<tbody>\n<tr>\n<td>Material<\/td>\n<td>NBR (borracha)<\/td>\n<\/tr>\n<tr>\n<td>Tamanho (polegadas)<\/td>\n<td>OD 35 x comprimento 40 mm<\/td>\n<\/tr>\n<tr>\n<td>Peso (grama)<\/td>\n<td>6,5 gramas<\/td>\n<\/tr>\n<tr>\n<td>Cor<\/td>\n<td>Preto<\/td>\n<\/tr>\n<tr>\n<td>Processo<\/td>\n<td>Sopro<\/td>\n<\/tr>\n<\/tbody>\n<\/table>","protected":false},"excerpt":{"rendered":"<p>Fole de pl\u00e1stico para c\u00e2mara Este \u00e9 um fole de pl\u00e1stico fabricado em NBR, a cor \u00e9 preta e \u00e9 necess\u00e1rio garantir que nenhum reflexo seja projetado na lente. Especifica\u00e7\u00e3o da pe\u00e7a Material NBR (borracha) Dimens\u00f5es (polegadas) Di\u00e2metro externo 35 x comprimento 40 mm Peso (gramas) 6,5 gramas Cor Preta Processo Moldagem por sopro<\/p>","protected":false},"featured_media":1406,"comment_status":"closed","ping_status":"closed","template":"","meta":{"neve_meta_sidebar":"","neve_meta_container":"","neve_meta_enable_content_width":"","neve_meta_content_width":0,"neve_meta_title_alignment":"","neve_meta_author_avatar":"","neve_post_elements_order":"","neve_meta_disable_header":"","neve_meta_disable_footer":"","neve_meta_disable_title":"","neve_meta_reading_time":"","_themeisle_gutenberg_block_has_review":false},"product_brand":[],"product_cat":[54],"product_tag":[],"class_list":{"0":"post-1405","1":"product","2":"type-product","3":"status-publish","4":"has-post-thumbnail","6":"product_cat-plastic-injection-molding","8":"first","9":"instock","10":"shipping-taxable","11":"product-type-simple"},"acf":[],"_links":{"self":[{"href":"https:\/\/boyanmfg.com\/pt\/wp-json\/wp\/v2\/product\/1405","targetHints":{"allow":["GET"]}}],"collection":[{"href":"https:\/\/boyanmfg.com\/pt\/wp-json\/wp\/v2\/product"}],"about":[{"href":"https:\/\/boyanmfg.com\/pt\/wp-json\/wp\/v2\/types\/product"}],"replies":[{"embeddable":true,"href":"https:\/\/boyanmfg.com\/pt\/wp-json\/wp\/v2\/comments?post=1405"}],"wp:featuredmedia":[{"embeddable":true,"href":"https:\/\/boyanmfg.com\/pt\/wp-json\/wp\/v2\/media\/1406"}],"wp:attachment":[{"href":"https:\/\/boyanmfg.com\/pt\/wp-json\/wp\/v2\/media?parent=1405"}],"wp:term":[{"taxonomy":"product_brand","embeddable":true,"href":"https:\/\/boyanmfg.com\/pt\/wp-json\/wp\/v2\/product_brand?post=1405"},{"taxonomy":"product_cat","embeddable":true,"href":"https:\/\/boyanmfg.com\/pt\/wp-json\/wp\/v2\/product_cat?post=1405"},{"taxonomy":"product_tag","embeddable":true,"href":"https:\/\/boyanmfg.com\/pt\/wp-json\/wp\/v2\/product_tag?post=1405"}],"curies":[{"name":"wp","href":"https:\/\/api.w.org\/{rel}","templated":true}]}}