{"id":6,"date":"2019-08-09T10:35:34","date_gmt":"2019-08-09T10:35:34","guid":{"rendered":"https:\/\/demo.themeisle.com\/neve-creative-portfolio\/?page_id=6"},"modified":"2020-01-18T03:37:30","modified_gmt":"2020-01-18T03:37:30","slug":"about-us","status":"publish","type":"page","link":"https:\/\/boyanmfg.com\/pt\/about-us\/","title":{"rendered":"Sobre"},"content":{"rendered":"<div data-elementor-type=\"wp-post\" data-elementor-id=\"6\" class=\"elementor elementor-6\">\n\t\t\t\t\t\t<section class=\"elementor-section elementor-top-section elementor-element elementor-element-692ce759 elementor-section-boxed elementor-section-height-default elementor-section-height-default\" data-id=\"692ce759\" data-element_type=\"section\" data-settings='{\"background_background\":\"classic\"}'>\n\t\t\t\t\t\t\t<div class=\"elementor-background-overlay\"><\/div>\n\t\t\t\t\t\t\t<div class=\"elementor-container elementor-column-gap-default\">\n\t\t\t\t\t<div class=\"elementor-column elementor-col-100 elementor-top-column elementor-element elementor-element-3fa9c367\" data-id=\"3fa9c367\" data-element_type=\"column\">\n\t\t\t<div class=\"elementor-widget-wrap elementor-element-populated\">\n\t\t\t\t\t\t<section class=\"elementor-section elementor-inner-section elementor-element elementor-element-38ffb895 elementor-section-boxed elementor-section-height-default elementor-section-height-default\" data-id=\"38ffb895\" data-element_type=\"section\">\n\t\t\t\t\t\t<div class=\"elementor-container elementor-column-gap-default\">\n\t\t\t\t\t<div class=\"elementor-column elementor-col-100 elementor-inner-column elementor-element elementor-element-6a5f676c\" data-id=\"6a5f676c\" data-element_type=\"column\">\n\t\t\t<div class=\"elementor-widget-wrap elementor-element-populated\">\n\t\t\t\t\t\t<div class=\"elementor-element elementor-element-20c72cf7 elementor-widget elementor-widget-heading\" data-id=\"20c72cf7\" data-element_type=\"widget\" data-widget_type=\"heading.default\">\n\t\t\t\t<div class=\"elementor-widget-container\">\n\t\t\t\t\t<h1 class=\"elementor-heading-title elementor-size-default\">Sobre n\u00f3s<\/h1>\t\t\t\t<\/div>\n\t\t\t\t<\/div>\n\t\t\t\t<div class=\"elementor-element elementor-element-38973032 elementor-widget elementor-widget-heading\" data-id=\"38973032\" data-element_type=\"widget\" data-widget_type=\"heading.default\">\n\t\t\t\t<div class=\"elementor-widget-container\">\n\t\t\t\t\t<p class=\"elementor-heading-title elementor-size-default translation-block\">Saiba mais sobre a nossa empresa<\/p>\t\t\t\t<\/div>\n\t\t\t\t<\/div>\n\t\t\t\t\t<\/div>\n\t\t<\/div>\n\t\t\t\t\t<\/div>\n\t\t<\/section>\n\t\t\t\t\t<\/div>\n\t\t<\/div>\n\t\t\t\t\t<\/div>\n\t\t<\/section>\n\t\t\t\t<section class=\"elementor-section elementor-top-section elementor-element elementor-element-22d3b27a elementor-section-boxed elementor-section-height-default elementor-section-height-default\" data-id=\"22d3b27a\" data-element_type=\"section\" data-settings='{\"background_background\":\"classic\"}'>\n\t\t\t\t\t\t<div class=\"elementor-container elementor-column-gap-default\">\n\t\t\t\t\t<div class=\"elementor-column elementor-col-50 elementor-top-column elementor-element elementor-element-7749ecde\" data-id=\"7749ecde\" data-element_type=\"column\">\n\t\t\t<div class=\"elementor-widget-wrap elementor-element-populated\">\n\t\t\t\t\t\t<div class=\"elementor-element elementor-element-d71b16b elementor-widget elementor-widget-heading\" data-id=\"d71b16b\" data-element_type=\"widget\" data-widget_type=\"heading.default\">\n\t\t\t\t<div class=\"elementor-widget-container\">\n\t\t\t\t\t<h2 class=\"elementor-heading-title elementor-size-default\">Somos um fornecedor de servi\u00e7os completos para as suas necessidades de fabrico<\/h2>\t\t\t\t<\/div>\n\t\t\t\t<\/div>\n\t\t\t\t<div class=\"elementor-element elementor-element-3e151646 elementor-widget-divider--view-line elementor-widget elementor-widget-divider\" data-id=\"3e151646\" data-element_type=\"widget\" data-widget_type=\"divider.default\">\n\t\t\t\t<div class=\"elementor-widget-container\">\n\t\t\t\t\t\t\t<div class=\"elementor-divider\">\n\t\t\t<span class=\"elementor-divider-separator\">\n\t\t\t\t\t\t<\/span>\n\t\t<\/div>\n\t\t\t\t\t\t<\/div>\n\t\t\t\t<\/div>\n\t\t\t\t<div class=\"elementor-element elementor-element-bdf4594 elementor-widget elementor-widget-text-editor\" data-id=\"bdf4594\" data-element_type=\"widget\" data-widget_type=\"text-editor.default\">\n\t\t\t\t<div class=\"elementor-widget-container\">\n\t\t\t\t\t\t\t\t\t<p class=\"translation-block\">Boyan Manufacturing Solutions \u00e9 um <strong>agente de fornecimento baseado na China<\/strong> que fornece <strong>um amplo espetro de pe\u00e7as fabricadas sob medida de metal e pl\u00e1stico.<\/strong><\/p>\n<p class=\"translation-block\">Estamos localizados na prov\u00edncia de Zhejiang, China. Os nossos fabricantes aprovados est\u00e3o localizados principalmente nas <span class=\"fusion-tooltip tooltip-shortcode\" title=\"\" data-animation=\"\" data-delay=\"0\" data-placement=\"top\" data-title=\"\" data-toggle=\"tooltip\" data-trigger=\"hover\" data-original-title=\"\">prov\u00edncias de Xangai, Jiangsu e Zhejiang<\/span>. Todos eles foram escolhidos a dedo entre centenas de fornecedores com base em quem tem o bom pre\u00e7o, grande qualidade e servi\u00e7os, e muitos deles t\u00eam sido comprovados por anos de coopera\u00e7\u00e3o connosco.<\/p>\n<p class=\"translation-block\">Poupamos aos nossos clientes tempo e dinheiro preciosos em viagens frequentes \u00e0 China, porque, com a nossa inspe\u00e7\u00e3o de qualidade e comunica\u00e7\u00e3o intensivas, <strong>os nossos clientes s\u00e3o mantidos mais actualizados e controlados, o que torna as viagens \u00e0 China praticamente desnecess\u00e1rias<\/strong>.<\/p>\n<p class=\"translation-block\">Boyan \u00e9 o seu fornecedor de confian\u00e7a<strong> desde a estampagem de metais, molas e conforma\u00e7\u00e3o de arame, at\u00e9 \u00e0 moldagem por inje\u00e7\u00e3o de pl\u00e1sticos e servi\u00e7os de maquinagem CNC de precis\u00e3o<\/strong>. Tamb\u00e9m fornecemos<strong> solu\u00e7\u00f5es diversificadas de revestimento de superf\u00edcies<\/strong> para satisfazer as suas necessidades espec\u00edficas.<\/p>\n<p class=\"translation-block\">N\u00e3o s\u00f3 ajudamos com as suas necessidades de fornecimento, mas tamb\u00e9m ajudamos no<strong> desenho CAD, sele\u00e7\u00e3o de materiais<\/strong>, e outros servi\u00e7os de engenharia. Numa palavra, fornecemos aos nossos clientes a<strong> gest\u00e3o de projectos chave-na-m\u00e3o<\/strong> que transforma as ideias em produtos finais, ao pre\u00e7o que podem pagar.<\/p>\t\t\t\t\t\t\t\t<\/div>\n\t\t\t\t<\/div>\n\t\t\t\t\t<\/div>\n\t\t<\/div>\n\t\t\t\t<div class=\"elementor-column elementor-col-50 elementor-top-column elementor-element elementor-element-4597a080\" data-id=\"4597a080\" data-element_type=\"column\">\n\t\t\t<div class=\"elementor-widget-wrap elementor-element-populated\">\n\t\t\t\t\t\t<div class=\"elementor-element elementor-element-7a029edd elementor-widget elementor-widget-image\" data-id=\"7a029edd\" data-element_type=\"widget\" data-widget_type=\"image.default\">\n\t\t\t\t<div class=\"elementor-widget-container\">\n\t\t\t\t\t\t\t\t\t\t\t\t\t\t\t<img fetchpriority=\"high\" decoding=\"async\" width=\"500\" height=\"700\" src=\"https:\/\/boyanmfg.com\/wp-content\/uploads\/2020\/01\/QC-inspection-of-CNC-machined-disk.jpg\" class=\"attachment-large size-large wp-image-1084\" alt=\"\" srcset=\"https:\/\/boyanmfg.com\/wp-content\/uploads\/2020\/01\/QC-inspection-of-CNC-machined-disk.jpg 500w, https:\/\/boyanmfg.com\/wp-content\/uploads\/2020\/01\/QC-inspection-of-CNC-machined-disk-214x300.jpg 214w\" sizes=\"(max-width: 500px) 100vw, 500px\">\t\t\t\t\t\t\t\t\t\t\t\t\t\t\t<\/div>\n\t\t\t\t<\/div>\n\t\t\t\t<div class=\"elementor-element elementor-element-b1fb73a elementor-widget elementor-widget-google_maps\" data-id=\"b1fb73a\" data-element_type=\"widget\" data-widget_type=\"google_maps.default\">\n\t\t\t\t<div class=\"elementor-widget-container\">\n\t\t\t\t\t\t\t<div class=\"elementor-custom-embed\">\n\t\t\t<iframe loading=\"lazy\" src=\"https:\/\/maps.google.com\/maps?q=%E6%B5%99%E6%B1%9F%E7%9C%81%E6%B0%B8%E5%BA%B7%E5%B8%82%E4%B8%BD%E5%B7%9E%E5%8C%97%E8%B7%AF35-37%E5%8F%B7&amp;t=m&amp;z=7&amp;output=embed&amp;iwloc=near\" title=\"\u6d59\u6c5f\u7701\u6c38\u5eb7\u5e02\u4e3d\u5dde\u5317\u8def35-37\u53f7\" aria-label=\"\u6d59\u6c5f\u7701\u6c38\u5eb7\u5e02\u4e3d\u5dde\u5317\u8def35-37\u53f7\"><\/iframe>\n\t\t<\/div>\n\t\t\t\t\t\t<\/div>\n\t\t\t\t<\/div>\n\t\t\t\t\t<\/div>\n\t\t<\/div>\n\t\t\t\t\t<\/div>\n\t\t<\/section>\n\t\t\t\t<section class=\"elementor-section elementor-top-section elementor-element elementor-element-356780a elementor-section-boxed elementor-section-height-default elementor-section-height-default\" data-id=\"356780a\" data-element_type=\"section\">\n\t\t\t\t\t\t<div class=\"elementor-container elementor-column-gap-default\">\n\t\t\t\t\t<div class=\"elementor-column elementor-col-100 elementor-top-column elementor-element elementor-element-68c56f5\" data-id=\"68c56f5\" data-element_type=\"column\">\n\t\t\t<div class=\"elementor-widget-wrap elementor-element-populated\">\n\t\t\t\t\t\t<div class=\"elementor-element elementor-element-714dc05 elementor-widget elementor-widget-image-gallery\" data-id=\"714dc05\" data-element_type=\"widget\" data-widget_type=\"image-gallery.default\">\n\t\t\t\t<div class=\"elementor-widget-container\">\n\t\t\t\t\t\t\t<div class=\"elementor-image-gallery\">\n\t\t\t<div id=\"gallery-1\" class=\"gallery galleryid-6 gallery-columns-4 gallery-size-full\"><figure class=\"gallery-item\">\n\t\t\t<div class=\"gallery-icon landscape\">\n\t\t\t\t<a data-elementor-open-lightbox=\"yes\" data-elementor-lightbox-slideshow=\"714dc05\" data-elementor-lightbox-title=\"plastic mold manufacturer 2\" data-e-action-hash=\"#elementor-action%3Aaction%3Dlightbox%26settings%3DeyJpZCI6MTA3MywidXJsIjoiaHR0cHM6XC9cL2JveWFubWZnLmNvbVwvd3AtY29udGVudFwvdXBsb2Fkc1wvMjAyMFwvMDFcL3BsYXN0aWMtbW9sZC1tYW51ZmFjdHVyZXItMi5qcGciLCJzbGlkZXNob3ciOiI3MTRkYzA1In0%3D\" href=\"https:\/\/boyanmfg.com\/wp-content\/uploads\/2020\/01\/plastic-mold-manufacturer-2.jpg\"><img decoding=\"async\" width=\"700\" height=\"500\" src=\"https:\/\/boyanmfg.com\/wp-content\/uploads\/2020\/01\/plastic-mold-manufacturer-2.jpg\" class=\"attachment-full size-full\" alt=\"\" srcset=\"https:\/\/boyanmfg.com\/wp-content\/uploads\/2020\/01\/plastic-mold-manufacturer-2.jpg 700w, https:\/\/boyanmfg.com\/wp-content\/uploads\/2020\/01\/plastic-mold-manufacturer-2-600x429.jpg 600w, https:\/\/boyanmfg.com\/wp-content\/uploads\/2020\/01\/plastic-mold-manufacturer-2-300x214.jpg 300w\" sizes=\"(max-width: 700px) 100vw, 700px\"><\/a>\n\t\t\t<\/div><\/figure><figure class=\"gallery-item\">\n\t\t\t<div class=\"gallery-icon landscape\">\n\t\t\t\t<a data-elementor-open-lightbox=\"yes\" data-elementor-lightbox-slideshow=\"714dc05\" data-elementor-lightbox-title=\"plastic mold manufacturer 5\" data-e-action-hash=\"#elementor-action%3Aaction%3Dlightbox%26settings%3DeyJpZCI6MTA3NSwidXJsIjoiaHR0cHM6XC9cL2JveWFubWZnLmNvbVwvd3AtY29udGVudFwvdXBsb2Fkc1wvMjAyMFwvMDFcL3BsYXN0aWMtbW9sZC1tYW51ZmFjdHVyZXItNS5qcGciLCJzbGlkZXNob3ciOiI3MTRkYzA1In0%3D\" href=\"https:\/\/boyanmfg.com\/wp-content\/uploads\/2020\/01\/plastic-mold-manufacturer-5.jpg\"><img decoding=\"async\" width=\"700\" height=\"500\" src=\"https:\/\/boyanmfg.com\/wp-content\/uploads\/2020\/01\/plastic-mold-manufacturer-5.jpg\" class=\"attachment-full size-full\" alt=\"\" srcset=\"https:\/\/boyanmfg.com\/wp-content\/uploads\/2020\/01\/plastic-mold-manufacturer-5.jpg 700w, https:\/\/boyanmfg.com\/wp-content\/uploads\/2020\/01\/plastic-mold-manufacturer-5-600x429.jpg 600w, https:\/\/boyanmfg.com\/wp-content\/uploads\/2020\/01\/plastic-mold-manufacturer-5-300x214.jpg 300w\" sizes=\"(max-width: 700px) 100vw, 700px\"><\/a>\n\t\t\t<\/div><\/figure><figure class=\"gallery-item\">\n\t\t\t<div class=\"gallery-icon landscape\">\n\t\t\t\t<a data-elementor-open-lightbox=\"yes\" data-elementor-lightbox-slideshow=\"714dc05\" data-elementor-lightbox-title=\"spring factory 1\" data-e-action-hash=\"#elementor-action%3Aaction%3Dlightbox%26settings%3DeyJpZCI6OTMxLCJ1cmwiOiJodHRwczpcL1wvYm95YW5tZmcuY29tXC93cC1jb250ZW50XC91cGxvYWRzXC8yMDIwXC8wMVwvc3ByaW5nLWZhY3RvcnktMS5qcGciLCJzbGlkZXNob3ciOiI3MTRkYzA1In0%3D\" href=\"https:\/\/boyanmfg.com\/wp-content\/uploads\/2020\/01\/spring-factory-1.jpg\"><img loading=\"lazy\" decoding=\"async\" width=\"700\" height=\"500\" src=\"https:\/\/boyanmfg.com\/wp-content\/uploads\/2020\/01\/spring-factory-1.jpg\" class=\"attachment-full size-full\" alt=\"\" srcset=\"https:\/\/boyanmfg.com\/wp-content\/uploads\/2020\/01\/spring-factory-1.jpg 700w, https:\/\/boyanmfg.com\/wp-content\/uploads\/2020\/01\/spring-factory-1-600x429.jpg 600w, https:\/\/boyanmfg.com\/wp-content\/uploads\/2020\/01\/spring-factory-1-300x214.jpg 300w\" sizes=\"(max-width: 700px) 100vw, 700px\"><\/a>\n\t\t\t<\/div><\/figure><figure class=\"gallery-item\">\n\t\t\t<div class=\"gallery-icon landscape\">\n\t\t\t\t<a data-elementor-open-lightbox=\"yes\" data-elementor-lightbox-slideshow=\"714dc05\" data-elementor-lightbox-title=\"plastic mold manufacturer 1\" data-e-action-hash=\"#elementor-action%3Aaction%3Dlightbox%26settings%3DeyJpZCI6MTA3MiwidXJsIjoiaHR0cHM6XC9cL2JveWFubWZnLmNvbVwvd3AtY29udGVudFwvdXBsb2Fkc1wvMjAyMFwvMDFcL3BsYXN0aWMtbW9sZC1tYW51ZmFjdHVyZXItMS5qcGciLCJzbGlkZXNob3ciOiI3MTRkYzA1In0%3D\" href=\"https:\/\/boyanmfg.com\/wp-content\/uploads\/2020\/01\/plastic-mold-manufacturer-1.jpg\"><img loading=\"lazy\" decoding=\"async\" width=\"700\" height=\"500\" src=\"https:\/\/boyanmfg.com\/wp-content\/uploads\/2020\/01\/plastic-mold-manufacturer-1.jpg\" class=\"attachment-full size-full\" alt=\"\" srcset=\"https:\/\/boyanmfg.com\/wp-content\/uploads\/2020\/01\/plastic-mold-manufacturer-1.jpg 700w, https:\/\/boyanmfg.com\/wp-content\/uploads\/2020\/01\/plastic-mold-manufacturer-1-600x429.jpg 600w, https:\/\/boyanmfg.com\/wp-content\/uploads\/2020\/01\/plastic-mold-manufacturer-1-300x214.jpg 300w\" sizes=\"(max-width: 700px) 100vw, 700px\"><\/a>\n\t\t\t<\/div><\/figure>\n\t\t<\/div>\n\t\t<\/div>\n\t\t\t\t\t\t<\/div>\n\t\t\t\t<\/div>\n\t\t\t\t\t<\/div>\n\t\t<\/div>\n\t\t\t\t\t<\/div>\n\t\t<\/section>\n\t\t\t\t<\/div>","protected":false},"excerpt":{"rendered":"<p>Sobre N\u00f3s Saiba mais sobre a nossa empresa Somos um fornecedor de servi\u00e7o completo para as suas necessidades de fabrico Boyan Manufacturing Solutions \u00e9 um agente de sourcing com sede na China que fornece uma ampla gama de pe\u00e7as personalizadas em metal e pl\u00e1stico. Estamos localizados na prov\u00edncia de Zhejiang, China. Os nossos fabricantes aprovados est\u00e3o principalmente localizados nas prov\u00edncias de Xangai, Jiangsu e Zhejiang. Todos foram cuidadosamente selecionados\u2026&nbsp;<a href=\"https:\/\/boyanmfg.com\/pt\/about-us\/\" rel=\"bookmark\">Ler mais \u00bb<span class=\"screen-reader-text\">Sobre<\/span><\/a><\/p>","protected":false},"author":1,"featured_media":0,"parent":0,"menu_order":0,"comment_status":"closed","ping_status":"closed","template":"elementor_header_footer","meta":{"neve_meta_sidebar":"","neve_meta_container":"","neve_meta_enable_content_width":"","neve_meta_content_width":0,"neve_meta_title_alignment":"","neve_meta_author_avatar":"","neve_post_elements_order":"","neve_meta_disable_header":"","neve_meta_disable_footer":"","neve_meta_disable_title":"","neve_meta_reading_time":"","_themeisle_gutenberg_block_has_review":false,"footnotes":""},"class_list":["post-6","page","type-page","status-publish","hentry"],"acf":[],"_links":{"self":[{"href":"https:\/\/boyanmfg.com\/pt\/wp-json\/wp\/v2\/pages\/6","targetHints":{"allow":["GET"]}}],"collection":[{"href":"https:\/\/boyanmfg.com\/pt\/wp-json\/wp\/v2\/pages"}],"about":[{"href":"https:\/\/boyanmfg.com\/pt\/wp-json\/wp\/v2\/types\/page"}],"author":[{"embeddable":true,"href":"https:\/\/boyanmfg.com\/pt\/wp-json\/wp\/v2\/users\/1"}],"replies":[{"embeddable":true,"href":"https:\/\/boyanmfg.com\/pt\/wp-json\/wp\/v2\/comments?post=6"}],"version-history":[{"count":0,"href":"https:\/\/boyanmfg.com\/pt\/wp-json\/wp\/v2\/pages\/6\/revisions"}],"wp:attachment":[{"href":"https:\/\/boyanmfg.com\/pt\/wp-json\/wp\/v2\/media?parent=6"}],"curies":[{"name":"wp","href":"https:\/\/api.w.org\/{rel}","templated":true}]}}