{"id":1376,"date":"2020-01-20T11:00:23","date_gmt":"2020-01-20T11:00:23","guid":{"rendered":"http:\/\/boyanmfg.com\/?post_type=product&#038;p=1376"},"modified":"2020-01-29T07:11:12","modified_gmt":"2020-01-29T07:11:12","slug":"big-custom-plastic-enclosure","status":"publish","type":"product","link":"https:\/\/boyanmfg.com\/it\/shop\/big-custom-plastic-enclosure\/","title":{"rendered":"Grande contenitore in plastica personalizzato per elettrodomestici"},"content":{"rendered":"<h2><span style=\"color: #800080;\">Un involucro in plastica personalizzato per elettrodomestici<\/span><\/h2>\n<p>Questo \u00e8 un grande involucro in plastica personalizzato utilizzato per un elettrodomestico. \u00c8 composto da 2 pezzi: la parte superiore e la base. Il materiale \u00e8 ABS.<\/p>\n<p><img fetchpriority=\"high\" decoding=\"async\" class=\"alignnone wp-image-1377 size-full\" src=\"https:\/\/boyanmfg.com\/wp-content\/uploads\/2020\/01\/custom-plastic-enclosure.jpg\" alt=\"grande involucro di plastica personalizzato\" width=\"750\" height=\"750\" srcset=\"https:\/\/boyanmfg.com\/wp-content\/uploads\/2020\/01\/custom-plastic-enclosure.jpg 750w, https:\/\/boyanmfg.com\/wp-content\/uploads\/2020\/01\/custom-plastic-enclosure-300x300.jpg 300w, https:\/\/boyanmfg.com\/wp-content\/uploads\/2020\/01\/custom-plastic-enclosure-100x100.jpg 100w, https:\/\/boyanmfg.com\/wp-content\/uploads\/2020\/01\/custom-plastic-enclosure-600x600.jpg 600w, https:\/\/boyanmfg.com\/wp-content\/uploads\/2020\/01\/custom-plastic-enclosure-150x150.jpg 150w\" sizes=\"(max-width: 750px) 100vw, 750px\" \/><\/p>\n<h2><span style=\"color: #800080;\">Specifiche del pezzo<\/span><\/h2>\n<h2><\/h2>\n<table border=\"1\">\n<tbody>\n<tr>\n<td>Materiale<\/td>\n<td>ABS<\/td>\n<\/tr>\n<tr>\n<td>Dimensione<\/td>\n<td>40*38*11,5 cm (16*15*4,6 pollici)<\/td>\n<\/tr>\n<tr>\n<td>Peso (per la parte superiore e la base)<\/td>\n<td>1,5 kg (3,3 libbre)<\/td>\n<\/tr>\n<tr>\n<td>Tolleranza per la dimensione chiave<\/td>\n<td>+\/-0,8 mm (+\/-0,03 pollici)<\/td>\n<\/tr>\n<tr>\n<td>Processi<\/td>\n<td>Stampaggio a iniezione<\/td>\n<\/tr>\n<\/tbody>\n<\/table>\n<h2><span style=\"color: #800080;\">Prezzo dello stampo<\/span><\/h2>\n<ul>\n<li>Per la parte superiore: $12.500<\/li>\n<li>Per la base: $8.000<\/li>\n<li>Numero di cavit\u00e0: 1 per ogni stampo<\/li>\n<li>Materiale stampo: P20<\/li>\n<li>Tempo di consegna: 60 giorni<\/li>\n<\/ul>\n<p><strong>Ora vediamo quali sono i requisiti critici di qualit\u00e0 per questo prodotto:<\/strong><\/p>\n<h3><span style=\"color: #800080;\">Controllo preciso delle dimensioni<\/span><\/h3>\n<p>Come puoi vedere, queste 2 parti di questo involucro in plastica personalizzato sono accoppiate insieme inserendole in una scanalatura e, a causa delle grandi dimensioni di queste 2 parti, la lunghezza della scanalatura \u00e8 piuttosto ampia. Ci\u00f2 significa che dobbiamo rispettare la tolleranza stretta, che \u00e8 di +\/-0,8 mm.<\/p>\n<p><img decoding=\"async\" class=\"alignnone wp-image-1380 size-full\" src=\"https:\/\/boyanmfg.com\/wp-content\/uploads\/2020\/01\/custom-plastic-enclosure-assembled-together.jpg\" alt=\"involucro in plastica personalizzato assemblato insieme\" width=\"750\" height=\"750\" srcset=\"https:\/\/boyanmfg.com\/wp-content\/uploads\/2020\/01\/custom-plastic-enclosure-assembled-together.jpg 750w, https:\/\/boyanmfg.com\/wp-content\/uploads\/2020\/01\/custom-plastic-enclosure-assembled-together-300x300.jpg 300w, https:\/\/boyanmfg.com\/wp-content\/uploads\/2020\/01\/custom-plastic-enclosure-assembled-together-100x100.jpg 100w, https:\/\/boyanmfg.com\/wp-content\/uploads\/2020\/01\/custom-plastic-enclosure-assembled-together-600x600.jpg 600w, https:\/\/boyanmfg.com\/wp-content\/uploads\/2020\/01\/custom-plastic-enclosure-assembled-together-150x150.jpg 150w\" sizes=\"(max-width: 750px) 100vw, 750px\" \/><\/p>\n<h2><span style=\"color: #800080;\">Prezzo dello stampo<\/span><\/h2>\n<ul>\n<li>Per la parte superiore: $12.500<\/li>\n<li>Per la base: $8.000<\/li>\n<li>Numero di cavit\u00e0: 1 per ogni stampo<\/li>\n<li>Materiale stampo: P20<\/li>\n<li>Tempo di consegna: 60 giorni<\/li>\n<\/ul>\n<p><strong>Ora vediamo quali sono i requisiti critici di qualit\u00e0 per questo prodotto:<\/strong><\/p>\n<h3><span style=\"color: #800080;\">Controllo preciso delle dimensioni<\/span><\/h3>\n<p>Come puoi vedere, queste 2 parti di questo involucro in plastica personalizzato sono accoppiate insieme inserendole in una scanalatura e, a causa delle grandi dimensioni di queste 2 parti, la lunghezza della scanalatura \u00e8 piuttosto ampia. Ci\u00f2 significa che dobbiamo rispettare la tolleranza stretta, che \u00e8 di +\/-0,8 mm.<\/p>\n<p><img decoding=\"async\" class=\"alignnone wp-image-1378 size-full\" src=\"https:\/\/boyanmfg.com\/wp-content\/uploads\/2020\/01\/2-plastic-pieces-fit-by-a-groove.jpg\" alt=\"2 pezzi in plastica assemblati tramite una scanalatura\" width=\"750\" height=\"750\" srcset=\"https:\/\/boyanmfg.com\/wp-content\/uploads\/2020\/01\/2-plastic-pieces-fit-by-a-groove.jpg 750w, https:\/\/boyanmfg.com\/wp-content\/uploads\/2020\/01\/2-plastic-pieces-fit-by-a-groove-300x300.jpg 300w, https:\/\/boyanmfg.com\/wp-content\/uploads\/2020\/01\/2-plastic-pieces-fit-by-a-groove-100x100.jpg 100w, https:\/\/boyanmfg.com\/wp-content\/uploads\/2020\/01\/2-plastic-pieces-fit-by-a-groove-600x600.jpg 600w, https:\/\/boyanmfg.com\/wp-content\/uploads\/2020\/01\/2-plastic-pieces-fit-by-a-groove-150x150.jpg 150w\" sizes=\"(max-width: 750px) 100vw, 750px\" \/><\/p>\n<h3><span style=\"color: #800080;\">Evitare linee di saldatura<\/span><\/h3>\n<p>Molti involucri in plastica personalizzati richiedono un aspetto gradevole. Poich\u00e9 ci sono molti fori sulle parti, \u00e8 facile che si formino linee di saldatura intorno ai fori. Inoltre, la base \u00e8 di colore nero, il che render\u00e0 le linee di saldatura pi\u00f9 visibili. Per minimizzare le linee di saldatura, abbiamo riscaldato la temperatura dello stampo a oltre 80\u00b0C; in questo modo, le linee di saldatura sono visibili solo guardando da molto vicino.<\/p>\n<p><img loading=\"lazy\" decoding=\"async\" class=\"alignnone wp-image-1381 size-full\" src=\"https:\/\/boyanmfg.com\/wp-content\/uploads\/2020\/01\/weld-line-around-the-hole-on-plastic-housing.jpg\" alt=\"\" width=\"750\" height=\"536\" srcset=\"https:\/\/boyanmfg.com\/wp-content\/uploads\/2020\/01\/weld-line-around-the-hole-on-plastic-housing.jpg 750w, https:\/\/boyanmfg.com\/wp-content\/uploads\/2020\/01\/weld-line-around-the-hole-on-plastic-housing-600x429.jpg 600w, https:\/\/boyanmfg.com\/wp-content\/uploads\/2020\/01\/weld-line-around-the-hole-on-plastic-housing-300x214.jpg 300w\" sizes=\"(max-width: 750px) 100vw, 750px\" \/><\/p>\n<h3><span style=\"color: #800080;\">Controllare la planarit\u00e0<\/span><\/h3>\n<p>\u00c8 fondamentale controllare la planarit\u00e0 dei pezzi in plastica piatti. Abbiamo verificato la planarit\u00e0 della parte base, che \u00e8 di circa 3-4 mm. Certamente, questo rientra in un intervallo accettabile, poich\u00e9 le parti verranno appiattite quando saranno serrate con viti.<\/p>\n<p><img loading=\"lazy\" decoding=\"async\" class=\"alignnone wp-image-1382 size-full\" src=\"https:\/\/boyanmfg.com\/wp-content\/uploads\/2020\/01\/flatness-checking-of-a-plastic-panel.jpg\" alt=\"controllo della planarit\u00e0 di un pannello in plastica\" width=\"750\" height=\"536\" srcset=\"https:\/\/boyanmfg.com\/wp-content\/uploads\/2020\/01\/flatness-checking-of-a-plastic-panel.jpg 750w, https:\/\/boyanmfg.com\/wp-content\/uploads\/2020\/01\/flatness-checking-of-a-plastic-panel-600x429.jpg 600w, https:\/\/boyanmfg.com\/wp-content\/uploads\/2020\/01\/flatness-checking-of-a-plastic-panel-300x214.jpg 300w\" sizes=\"(max-width: 750px) 100vw, 750px\" \/><img loading=\"lazy\" decoding=\"async\" class=\"alignnone wp-image-1383 size-full\" src=\"https:\/\/boyanmfg.com\/wp-content\/uploads\/2020\/01\/flatness-checking-of-a-plastic-panel-close-view.jpg\" alt=\"controllo della planarit\u00e0 di un pannello in plastica, vista ravvicinata\" width=\"750\" height=\"536\" srcset=\"https:\/\/boyanmfg.com\/wp-content\/uploads\/2020\/01\/flatness-checking-of-a-plastic-panel-close-view.jpg 750w, https:\/\/boyanmfg.com\/wp-content\/uploads\/2020\/01\/flatness-checking-of-a-plastic-panel-close-view-600x429.jpg 600w, https:\/\/boyanmfg.com\/wp-content\/uploads\/2020\/01\/flatness-checking-of-a-plastic-panel-close-view-300x214.jpg 300w\" sizes=\"(max-width: 750px) 100vw, 750px\" \/><\/p>\n<h2><span style=\"color: #800080;\">Stampaggio per inserimento con 5 inserti metallici<\/span><\/h2>\n<p>Ci sono 5 inserti filettati in ottone stampati nelle parti superiori. Si prega di guardare le immagini qui sotto:<\/p>\n<p><img loading=\"lazy\" decoding=\"async\" class=\"alignnone wp-image-1379 size-full\" src=\"https:\/\/boyanmfg.com\/wp-content\/uploads\/2020\/01\/5-metal-inserts-to-a-plastic-casing.jpg\" alt=\"5 inserti metallici in un involucro in plastica\" width=\"750\" height=\"750\" srcset=\"https:\/\/boyanmfg.com\/wp-content\/uploads\/2020\/01\/5-metal-inserts-to-a-plastic-casing.jpg 750w, https:\/\/boyanmfg.com\/wp-content\/uploads\/2020\/01\/5-metal-inserts-to-a-plastic-casing-300x300.jpg 300w, https:\/\/boyanmfg.com\/wp-content\/uploads\/2020\/01\/5-metal-inserts-to-a-plastic-casing-100x100.jpg 100w, https:\/\/boyanmfg.com\/wp-content\/uploads\/2020\/01\/5-metal-inserts-to-a-plastic-casing-600x600.jpg 600w, https:\/\/boyanmfg.com\/wp-content\/uploads\/2020\/01\/5-metal-inserts-to-a-plastic-casing-150x150.jpg 150w\" sizes=\"(max-width: 750px) 100vw, 750px\" \/> <img loading=\"lazy\" decoding=\"async\" class=\"alignnone wp-image-679 size-full\" src=\"https:\/\/boyanmfg.com\/wp-content\/uploads\/2019\/12\/brass-nut-insert-molding.jpg\" alt=\"campione di stampaggio per inserimento di dadi in ottone zigrinati\" width=\"750\" height=\"750\" srcset=\"https:\/\/boyanmfg.com\/wp-content\/uploads\/2019\/12\/brass-nut-insert-molding.jpg 750w, https:\/\/boyanmfg.com\/wp-content\/uploads\/2019\/12\/brass-nut-insert-molding-300x300.jpg 300w, https:\/\/boyanmfg.com\/wp-content\/uploads\/2019\/12\/brass-nut-insert-molding-100x100.jpg 100w, https:\/\/boyanmfg.com\/wp-content\/uploads\/2019\/12\/brass-nut-insert-molding-600x600.jpg 600w, https:\/\/boyanmfg.com\/wp-content\/uploads\/2019\/12\/brass-nut-insert-molding-150x150.jpg 150w\" sizes=\"(max-width: 750px) 100vw, 750px\" \/><\/p>","protected":false},"excerpt":{"rendered":"<p>Un involucro in plastica personalizzato per elettrodomestici Questo \u00e8 un grande involucro in plastica personalizzato utilizzato per un elettrodomestico. \u00c8 composto da 2 pezzi: la parte superiore e la base. Il materiale \u00e8 ABS. Specifiche del componente Materiale ABS Dimensioni 40*38*11,5 cm (16*15*4,6 pollici) Peso (per la parte superiore e la base) 1,5 kg (3,3 libbre) Tolleranza per\u2026&nbsp;<a href=\"https:\/\/boyanmfg.com\/it\/shop\/big-custom-plastic-enclosure\/\" rel=\"bookmark\">Continua a leggere \u00bb<span class=\"screen-reader-text\">Grande contenitore in plastica personalizzato per elettrodomestici<\/span><\/a><\/p>","protected":false},"featured_media":1377,"comment_status":"closed","ping_status":"closed","template":"","meta":{"neve_meta_sidebar":"","neve_meta_container":"","neve_meta_enable_content_width":"","neve_meta_content_width":0,"neve_meta_title_alignment":"","neve_meta_author_avatar":"","neve_post_elements_order":"","neve_meta_disable_header":"","neve_meta_disable_footer":"","neve_meta_disable_title":"","neve_meta_reading_time":"","_themeisle_gutenberg_block_has_review":false},"product_brand":[],"product_cat":[54],"product_tag":[],"class_list":{"0":"post-1376","1":"product","2":"type-product","3":"status-publish","4":"has-post-thumbnail","6":"product_cat-plastic-injection-molding","8":"first","9":"instock","10":"shipping-taxable","11":"product-type-simple"},"acf":[],"_links":{"self":[{"href":"https:\/\/boyanmfg.com\/it\/wp-json\/wp\/v2\/product\/1376","targetHints":{"allow":["GET"]}}],"collection":[{"href":"https:\/\/boyanmfg.com\/it\/wp-json\/wp\/v2\/product"}],"about":[{"href":"https:\/\/boyanmfg.com\/it\/wp-json\/wp\/v2\/types\/product"}],"replies":[{"embeddable":true,"href":"https:\/\/boyanmfg.com\/it\/wp-json\/wp\/v2\/comments?post=1376"}],"wp:featuredmedia":[{"embeddable":true,"href":"https:\/\/boyanmfg.com\/it\/wp-json\/wp\/v2\/media\/1377"}],"wp:attachment":[{"href":"https:\/\/boyanmfg.com\/it\/wp-json\/wp\/v2\/media?parent=1376"}],"wp:term":[{"taxonomy":"product_brand","embeddable":true,"href":"https:\/\/boyanmfg.com\/it\/wp-json\/wp\/v2\/product_brand?post=1376"},{"taxonomy":"product_cat","embeddable":true,"href":"https:\/\/boyanmfg.com\/it\/wp-json\/wp\/v2\/product_cat?post=1376"},{"taxonomy":"product_tag","embeddable":true,"href":"https:\/\/boyanmfg.com\/it\/wp-json\/wp\/v2\/product_tag?post=1376"}],"curies":[{"name":"wp","href":"https:\/\/api.w.org\/{rel}","templated":true}]}}