{"id":9960,"date":"2026-02-24T05:45:02","date_gmt":"2026-02-24T05:45:02","guid":{"rendered":"https:\/\/boyanmfg.com\/?post_type=product&#038;p=9960"},"modified":"2026-02-24T12:08:17","modified_gmt":"2026-02-24T12:08:17","slug":"custom-plastic-shroud-with-hinged-cover","status":"publish","type":"product","link":"https:\/\/boyanmfg.com\/fr\/shop\/custom-plastic-shroud-with-hinged-cover\/","title":{"rendered":"Capot plastique personnalis\u00e9 avec couvercle \u00e0 charni\u00e8re"},"content":{"rendered":"<h2><span style=\"color: #800080;\">Capot plastique personnalis\u00e9 avec couvercle \u00e0 charni\u00e8re<\/span><\/h2>\n<p data-start=\"43\" data-end=\"328\">Le pr\u00e9sent <strong data-start=\"48\" data-end=\"73\">cache plastique sur mesure<\/strong> est un automobile <strong data-start=\"91\" data-end=\"118\">Couvercle d'ancrage si\u00e8ge enfant<\/strong>. C'est un composant ext\u00e9rieur en plastique en deux pi\u00e8ces avec un <strong data-start=\"172\" data-end=\"198\">couvercle \u00e0 charni\u00e8re \u00e0 ouverture basculante<\/strong> et un <strong data-start=\"205\" data-end=\"232\">grande ouverture inf\u00e9rieure<\/strong>, permettant un acc\u00e8s rapide au point d'ancrage tout en prot\u00e9geant la zone et en maintenant un aspect visuel propre.<\/p>\n<p data-start=\"330\" data-end=\"677\">La surface ext\u00e9rieure pr\u00e9sente un <strong data-start=\"359\" data-end=\"385\">motif de surface sur mesure<\/strong> inspir\u00e9 d'un <strong data-start=\"400\" data-end=\"421\">motif grecque cl\u00e9<\/strong> (\u00e9galement appel\u00e9 <strong data-start=\"439\" data-end=\"458\">motif m\u00e9andre<\/strong>). Cette texture g\u00e9om\u00e9trique en relief am\u00e9liore <strong data-start=\"500\" data-end=\"516\">sensation tactile<\/strong>, ajoute <strong data-start=\"523\" data-end=\"537\">adh\u00e9rence suppl\u00e9mentaire<\/strong> lors de la manipulation et am\u00e9liore l'apparence g\u00e9n\u00e9rale. Une ic\u00f4ne moul\u00e9e d'ancrage de si\u00e8ge enfant sur le dessus permet une identification claire et instantan\u00e9e.<\/p>\n<figure id=\"attachment_9961\" aria-describedby=\"caption-attachment-9961\" style=\"width: 750px\" class=\"wp-caption alignnone\"><img fetchpriority=\"high\" decoding=\"async\" class=\"wp-image-9961 size-full\" src=\"https:\/\/boyanmfg.com\/wp-content\/uploads\/2026\/02\/Custom-Plastic-Shroud-1.jpg\" alt=\"capot plastique ABS personnalis\u00e9 avec couvercle \u00e0 charni\u00e8re \u00e0 ouverture basculante, surface textur\u00e9e cl\u00e9 grecque\/m\u00e9andre et ic\u00f4ne moul\u00e9e d&#039;ancrage de si\u00e8ge enfant.\" width=\"750\" height=\"562\" srcset=\"https:\/\/boyanmfg.com\/wp-content\/uploads\/2026\/02\/Custom-Plastic-Shroud-1.jpg 750w, https:\/\/boyanmfg.com\/wp-content\/uploads\/2026\/02\/Custom-Plastic-Shroud-1-300x225.jpg 300w, https:\/\/boyanmfg.com\/wp-content\/uploads\/2026\/02\/Custom-Plastic-Shroud-1-16x12.jpg 16w, https:\/\/boyanmfg.com\/wp-content\/uploads\/2026\/02\/Custom-Plastic-Shroud-1-600x450.jpg 600w\" sizes=\"(max-width: 750px) 100vw, 750px\" \/><figcaption id=\"caption-attachment-9961\" class=\"wp-caption-text\">Le couvercle \u00e0 charni\u00e8re en position ouverte pour un acc\u00e8s facile.<\/figcaption><\/figure>\n<h2><span style=\"color: #800080;\">Informations sur le produit<\/span><\/h2>\n<table style=\"border-collapse: collapse; width: auto;\" border=\"1\" cellspacing=\"0\" cellpadding=\"8\">\n<tbody>\n<tr>\n<th style=\"background-color: #bcbcbc; color: white; text-align: left; padding: 8px; white-space: nowrap;\">Objet<\/th>\n<th style=\"background-color: #bcbcbc; color: white; text-align: left; padding: 8px; white-space: nowrap;\">D\u00e9tails<\/th>\n<\/tr>\n<tr>\n<td style=\"background-color: #cbe5d6; padding: 8px; white-space: nowrap;\">Dimension du produit<\/td>\n<td style=\"background-color: #cbe5d6; padding: 8px; white-space: nowrap;\">320 \u00d7 190 \u00d7 120 mm<\/td>\n<\/tr>\n<tr>\n<td style=\"background-color: #cbe5d6; padding: 8px; white-space: nowrap;\">Mat\u00e9riau<\/td>\n<td style=\"background-color: #cbe5d6; padding: 8px; white-space: nowrap;\"><a href=\"https:\/\/boyanmfg.com\/abs-injection-molding-guide\/\">ABS<\/a><\/td>\n<\/tr>\n<tr>\n<td style=\"background-color: #cbe5d6; padding: 8px; white-space: nowrap;\">Poids net<\/td>\n<td style=\"background-color: #cbe5d6; padding: 8px; white-space: nowrap;\">env. 65 grammes<\/td>\n<\/tr>\n<tr>\n<td style=\"background-color: #cbe5d6; padding: 8px; white-space: nowrap;\">Moule (Capot \/ Corps principal)<\/td>\n<td style=\"background-color: #cbe5d6; padding: 8px; white-space: nowrap;\">1 empreinte, attaque lat\u00e9rale, canal froid<\/td>\n<\/tr>\n<tr>\n<td style=\"background-color: #cbe5d6; padding: 8px; white-space: nowrap;\">Moule (Couvercle \u00e0 ouverture basculante)<\/td>\n<td style=\"background-color: #cbe5d6; padding: 8px; white-space: nowrap;\">4 empreintes, attaque lat\u00e9rale, canal froid<\/td>\n<\/tr>\n<tr>\n<td style=\"background-color: #cbe5d6; padding: 8px; white-space: nowrap;\">Tol\u00e9rance dimension cl\u00e9<\/td>\n<td style=\"background-color: #cbe5d6; padding: 8px; white-space: nowrap;\">\u00b10,2 \u00e0 \u00b10,5 mm<\/td>\n<\/tr>\n<\/tbody>\n<\/table>\n<hr \/>\n<h2><span style=\"color: #800080;\">Caract\u00e9ristiques cl\u00e9s<\/span><\/h2>\n<h3 data-start=\"1005\" data-end=\"1055\">Aspect Premium pour Utilisation Int\u00e9rieure Automobile<\/h3>\n<p data-start=\"1056\" data-end=\"1138\">En tant que composant de garniture int\u00e9rieure, la pi\u00e8ce est con\u00e7ue pour r\u00e9pondre \u00e0 des normes visuelles \u00e9lev\u00e9es :<\/p>\n<ul data-start=\"1139\" data-end=\"1347\">\n<li data-start=\"1139\" data-end=\"1207\">\n<p data-start=\"1141\" data-end=\"1207\">Surface lisse et uniforme sans bosses, enfoncements ou d\u00e9formations involontaires<\/p>\n<\/li>\n<\/ul>\n<figure id=\"attachment_9962\" aria-describedby=\"caption-attachment-9962\" style=\"width: 750px\" class=\"wp-caption alignnone\"><img decoding=\"async\" class=\"wp-image-9962 size-full\" src=\"https:\/\/boyanmfg.com\/wp-content\/uploads\/2026\/02\/Custom-Plastic-Shroud-2.jpg\" alt=\"Vue de dessus alternative du capot plastique ABS personnalis\u00e9 avec couvercle \u00e0 charni\u00e8re ferm\u00e9, panneau de surface textur\u00e9e cl\u00e9 grecque\/m\u00e9andre et ic\u00f4ne moul\u00e9e d&#039;ancrage de si\u00e8ge enfant.\" width=\"750\" height=\"563\" srcset=\"https:\/\/boyanmfg.com\/wp-content\/uploads\/2026\/02\/Custom-Plastic-Shroud-2.jpg 750w, https:\/\/boyanmfg.com\/wp-content\/uploads\/2026\/02\/Custom-Plastic-Shroud-2-300x225.jpg 300w, https:\/\/boyanmfg.com\/wp-content\/uploads\/2026\/02\/Custom-Plastic-Shroud-2-16x12.jpg 16w, https:\/\/boyanmfg.com\/wp-content\/uploads\/2026\/02\/Custom-Plastic-Shroud-2-600x450.jpg 600w\" sizes=\"(max-width: 750px) 100vw, 750px\" \/><figcaption id=\"caption-attachment-9962\" class=\"wp-caption-text\">Vue de dessus du carter en plastique mettant en valeur son aspect \u00e9l\u00e9gant et sa finition de surface raffin\u00e9e. La surface est lisse et uniforme, sans bosses, enfoncements ou d\u00e9formations involontaires.<\/figcaption><\/figure>\n<ul data-start=\"1139\" data-end=\"1347\">\n<li data-start=\"1208\" data-end=\"1247\">\n<p data-start=\"1210\" data-end=\"1247\">Couleur et brillance uniformes et constantes<\/p>\n<\/li>\n<li data-start=\"1248\" data-end=\"1347\">\n<p data-start=\"1250\" data-end=\"1347\">Aspect propre sans lignes de soudure, lignes de flux, points noirs ou autres d\u00e9fauts de surface visibles<\/p>\n<\/li>\n<\/ul>\n<h3 data-start=\"1349\" data-end=\"1394\">Motif de Surface Personnalis\u00e9 Inspir\u00e9 de la Cl\u00e9 Grecque<\/h3>\n<p data-start=\"1395\" data-end=\"1539\">Le motif g\u00e9om\u00e9trique est cr\u00e9\u00e9 par <strong data-start=\"1436\" data-end=\"1457\">gravure outillage<\/strong>: Des \u00e9lectrodes r\u00e9alis\u00e9es par CNC sont utilis\u00e9es pour <strong data-start=\"1492\" data-end=\"1507\">formage EDM<\/strong> pour r\u00e9aliser le design en relief.<\/p>\n<figure id=\"attachment_9964\" aria-describedby=\"caption-attachment-9964\" style=\"width: 750px\" class=\"wp-caption alignnone\"><img decoding=\"async\" class=\"wp-image-9964 size-full\" src=\"https:\/\/boyanmfg.com\/wp-content\/uploads\/2026\/02\/greek-key-pattern-plastic.jpg\" alt=\"Gros plan du capot ABS personnalis\u00e9 montrant la surface textur\u00e9e m\u00e9andre\/cl\u00e9 grecque non perfor\u00e9e, avec un motif g\u00e9om\u00e9trique en relief moul\u00e9 pour la prise et l&#039;apparence.\" width=\"750\" height=\"563\" srcset=\"https:\/\/boyanmfg.com\/wp-content\/uploads\/2026\/02\/greek-key-pattern-plastic.jpg 750w, https:\/\/boyanmfg.com\/wp-content\/uploads\/2026\/02\/greek-key-pattern-plastic-300x225.jpg 300w, https:\/\/boyanmfg.com\/wp-content\/uploads\/2026\/02\/greek-key-pattern-plastic-16x12.jpg 16w, https:\/\/boyanmfg.com\/wp-content\/uploads\/2026\/02\/greek-key-pattern-plastic-600x450.jpg 600w\" sizes=\"(max-width: 750px) 100vw, 750px\" \/><figcaption id=\"caption-attachment-9964\" class=\"wp-caption-text\">Vue d\u00e9taill\u00e9e de la texture de cl\u00e9 grecque\/m\u00e9andre non perfor\u00e9e \u2014 moul\u00e9e en motif en relief pour une prise tactile.<\/figcaption><\/figure>\n<ul data-start=\"1540\" data-end=\"1752\">\n<li data-start=\"1540\" data-end=\"1581\">\n<p data-start=\"1542\" data-end=\"1581\">Profondeur gaufrage atteint <strong data-start=\"1563\" data-end=\"1579\">jusqu'\u00e0 1,5 mm<\/strong><\/p>\n<\/li>\n<li data-start=\"1582\" data-end=\"1670\">\n<p data-start=\"1584\" data-end=\"1670\">Les angles vifs sont redessin\u00e9s avec des rayons appropri\u00e9s pour assurer la durabilit\u00e9 et le d\u00e9moulage<\/p>\n<\/li>\n<li data-start=\"1671\" data-end=\"1752\">\n<p data-start=\"1673\" data-end=\"1752\">L'\u00e9vacuation d'air du moule est soigneusement arrang\u00e9e pour \u00e9viter l'air pi\u00e9g\u00e9 dans les zones de motifs fins<\/p>\n<\/li>\n<\/ul>\n<p data-start=\"1754\" data-end=\"1975\">Lors du moulage, les param\u00e8tres sont strictement contr\u00f4l\u00e9s pour r\u00e9duire les risques tels que les marques de retrait, les marques de soudure, les manques de mati\u00e8re, les br\u00fblures dues \u00e0 une mauvaise \u00e9vacuation d'air, la d\u00e9formation et une finition de surface irr\u00e9guli\u00e8re \u2014 particuli\u00e8rement important pour un motif profond et d\u00e9taill\u00e9.<\/p>\n<h3 data-start=\"1977\" data-end=\"2028\">Fonction de Verrouillage \u00e0 Clip Fiable avec Retour Clair<\/h3>\n<p data-start=\"2029\" data-end=\"2091\">Le couvercle \u00e0 charni\u00e8re est con\u00e7u pour une op\u00e9ration simple et r\u00e9p\u00e9table :<\/p>\n<ul data-start=\"2092\" data-end=\"2179\">\n<li data-start=\"2092\" data-end=\"2126\">\n<p data-start=\"2094\" data-end=\"2126\">Tirer pour ouvrir le rabat<\/p>\n<\/li>\n<li data-start=\"2127\" data-end=\"2179\">\n<p data-start=\"2129\" data-end=\"2179\">Appuyer pour fermer et <strong data-start=\"2153\" data-end=\"2166\">verrouillage \u00e0 encliquetage<\/strong> en place<\/p>\n<\/li>\n<\/ul>\n<p data-start=\"2181\" data-end=\"2386\">L'action de fermeture est ajust\u00e9e pour fournir une force de fonctionnement confortable et un retour clair de \u201c clic \u201d. Ceci est obtenu gr\u00e2ce au contr\u00f4le dimensionnel, avec des dimensions critiques maintenues \u00e0 <strong data-start=\"2359\" data-end=\"2370\">\u00b10,2 mm<\/strong> si n\u00e9cessaire.<\/p>\n<hr \/>\n<h2 data-start=\"527\" data-end=\"589\"><span style=\"color: #800080;\">Moulage par Injection Professionnel pour Capots Plastiques Personnalis\u00e9s<\/span><\/h2>\n<p data-start=\"590\" data-end=\"856\">En tant que fournisseur exp\u00e9riment\u00e9 en moulage par injection, nous fournissons des capots plastiques personnalis\u00e9s avec une apparence uniforme, une fonction de clip fiable et une qualit\u00e9 de surface bien ma\u00eetris\u00e9e. Nous offrons un service complet incluant la revue DFM, l'outillage, l'\u00e9chantillonnage et la production en volume.<\/p>","protected":false},"excerpt":{"rendered":"<p>Capot en plastique sur mesure avec couvercle \u00e0 charni\u00e8re Ce capot en plastique sur mesure est un couvercle de point d'ancrage de si\u00e8ge enfant pour automobile. Il s'agit d'un composant ext\u00e9rieur en plastique en deux parties, dot\u00e9 d'un couvercle \u00e0 charni\u00e8re qui s'ouvre par basculement et d'une grande ouverture sur la face inf\u00e9rieure, permettant un acc\u00e8s rapide au point d'ancrage tout en prot\u00e9geant la zone et en maintenant un aspect visuel propre. La surface ext\u00e9rieure pr\u00e9sente un design personnalis\u00e9...&nbsp;<a href=\"https:\/\/boyanmfg.com\/fr\/shop\/custom-plastic-shroud-with-hinged-cover\/\" rel=\"bookmark\">Lire plus \u00bb<span class=\"screen-reader-text\">Capot plastique personnalis\u00e9 avec couvercle \u00e0 charni\u00e8re<\/span><\/a><\/p>","protected":false},"featured_media":9961,"comment_status":"closed","ping_status":"closed","template":"","meta":{"neve_meta_sidebar":"","neve_meta_container":"","neve_meta_enable_content_width":"off","neve_meta_content_width":100,"neve_meta_title_alignment":"","neve_meta_author_avatar":"","neve_post_elements_order":"","neve_meta_disable_header":"","neve_meta_disable_footer":"","neve_meta_disable_title":"","neve_meta_reading_time":"","_themeisle_gutenberg_block_has_review":false},"product_brand":[],"product_cat":[54],"product_tag":[],"class_list":{"0":"post-9960","1":"product","2":"type-product","3":"status-publish","4":"has-post-thumbnail","6":"product_cat-plastic-injection-molding","8":"first","9":"instock","10":"shipping-taxable","11":"product-type-simple"},"acf":[],"_links":{"self":[{"href":"https:\/\/boyanmfg.com\/fr\/wp-json\/wp\/v2\/product\/9960","targetHints":{"allow":["GET"]}}],"collection":[{"href":"https:\/\/boyanmfg.com\/fr\/wp-json\/wp\/v2\/product"}],"about":[{"href":"https:\/\/boyanmfg.com\/fr\/wp-json\/wp\/v2\/types\/product"}],"replies":[{"embeddable":true,"href":"https:\/\/boyanmfg.com\/fr\/wp-json\/wp\/v2\/comments?post=9960"}],"wp:featuredmedia":[{"embeddable":true,"href":"https:\/\/boyanmfg.com\/fr\/wp-json\/wp\/v2\/media\/9961"}],"wp:attachment":[{"href":"https:\/\/boyanmfg.com\/fr\/wp-json\/wp\/v2\/media?parent=9960"}],"wp:term":[{"taxonomy":"product_brand","embeddable":true,"href":"https:\/\/boyanmfg.com\/fr\/wp-json\/wp\/v2\/product_brand?post=9960"},{"taxonomy":"product_cat","embeddable":true,"href":"https:\/\/boyanmfg.com\/fr\/wp-json\/wp\/v2\/product_cat?post=9960"},{"taxonomy":"product_tag","embeddable":true,"href":"https:\/\/boyanmfg.com\/fr\/wp-json\/wp\/v2\/product_tag?post=9960"}],"curies":[{"name":"wp","href":"https:\/\/api.w.org\/{rel}","templated":true}]}}