{"id":1535,"date":"2018-06-06T10:12:41","date_gmt":"2018-06-06T10:12:41","guid":{"rendered":"http:\/\/boyanmfg.com\/?post_type=product&#038;p=1535"},"modified":"2020-01-21T10:13:00","modified_gmt":"2020-01-21T10:13:00","slug":"steel-5120-piston-pin-hard-chrome-plated","status":"publish","type":"product","link":"https:\/\/boyanmfg.com\/fr\/shop\/steel-5120-piston-pin-hard-chrome-plated\/","title":{"rendered":"Acier 5120 Chrom\u00e9 dur Goupille de piston"},"content":{"rendered":"<h2><span style=\"color: #993366;\">Axe de piston en acier 5120 chrom\u00e9 dur<\/span><\/h2>\n<p>L'axe de piston est en acier 5120, tremp\u00e9 et revenu \u00e0 HRC 33-38, puis rev\u00eatu de chrome dur.<\/p>\n<p>Nous devons rectifier les axes de piston deux fois, avant et apr\u00e8s le chromage dur, afin de respecter la tol\u00e9rance serr\u00e9e sur le diam\u00e8tre ext\u00e9rieur.<\/p>\n<h2><span style=\"color: #993366;\">Sp\u00e9cifications des pi\u00e8ces<\/span><\/h2>\n<table border=\"1\" cellspacing=\"1\" cellpadding=\"1\">\n<tbody>\n<tr>\n<td>Mat\u00e9riau<\/td>\n<td>Acier AISI 5120 (GB Cr20)<\/td>\n<\/tr>\n<tr>\n<td>Taille (mm)<\/td>\n<td>Diam\u00e8tre ext\u00e9rieur 35 x longueur 130<\/td>\n<\/tr>\n<tr>\n<td>Tol\u00e9rance pour la dimension de la cl\u00e9 (mm)<\/td>\n<td>0\/-0.007mm sur le diam\u00e8tre ext\u00e9rieur<\/td>\n<\/tr>\n<tr>\n<td>Rugosit\u00e9<\/td>\n<td>Ra0.16-0.32 um<\/td>\n<\/tr>\n<tr>\n<td>Rev\u00eatement :<\/td>\n<td>Chromage dur d'une \u00e9paisseur de 0,08 \u00e0 0,12 mm<\/td>\n<\/tr>\n<tr>\n<td>Processus<\/td>\n<td>Tournage CNC, rectification sans centre<\/td>\n<\/tr>\n<\/tbody>\n<\/table>\n<p>&nbsp;<\/p>","protected":false},"excerpt":{"rendered":"<p>Axe de piston en acier 5120 chrom\u00e9 dur L'axe de piston est fabriqu\u00e9 en acier 5120, tremp\u00e9 et revenu \u00e0 une duret\u00e9 de 33-38 HRC, puis chrom\u00e9 dur. Nous devons rectifier les axes de piston deux fois, avant et apr\u00e8s le chromage dur, afin de respecter la tol\u00e9rance serr\u00e9e sur le diam\u00e8tre ext\u00e9rieur. Sp\u00e9cifications de la pi\u00e8ce Mat\u00e9riau Acier\u2026&nbsp;<a href=\"https:\/\/boyanmfg.com\/fr\/shop\/steel-5120-piston-pin-hard-chrome-plated\/\" rel=\"bookmark\">Lire plus \u00bb<span class=\"screen-reader-text\">Acier 5120 Chrom\u00e9 dur Goupille de piston<\/span><\/a><\/p>","protected":false},"featured_media":1536,"comment_status":"closed","ping_status":"closed","template":"","meta":{"neve_meta_sidebar":"","neve_meta_container":"","neve_meta_enable_content_width":"","neve_meta_content_width":0,"neve_meta_title_alignment":"","neve_meta_author_avatar":"","neve_post_elements_order":"","neve_meta_disable_header":"","neve_meta_disable_footer":"","neve_meta_disable_title":"","neve_meta_reading_time":"","_themeisle_gutenberg_block_has_review":false},"product_brand":[],"product_cat":[58],"product_tag":[],"class_list":{"0":"post-1535","1":"product","2":"type-product","3":"status-publish","4":"has-post-thumbnail","6":"product_cat-cnc-machining","8":"first","9":"instock","10":"shipping-taxable","11":"product-type-simple"},"acf":[],"_links":{"self":[{"href":"https:\/\/boyanmfg.com\/fr\/wp-json\/wp\/v2\/product\/1535","targetHints":{"allow":["GET"]}}],"collection":[{"href":"https:\/\/boyanmfg.com\/fr\/wp-json\/wp\/v2\/product"}],"about":[{"href":"https:\/\/boyanmfg.com\/fr\/wp-json\/wp\/v2\/types\/product"}],"replies":[{"embeddable":true,"href":"https:\/\/boyanmfg.com\/fr\/wp-json\/wp\/v2\/comments?post=1535"}],"wp:featuredmedia":[{"embeddable":true,"href":"https:\/\/boyanmfg.com\/fr\/wp-json\/wp\/v2\/media\/1536"}],"wp:attachment":[{"href":"https:\/\/boyanmfg.com\/fr\/wp-json\/wp\/v2\/media?parent=1535"}],"wp:term":[{"taxonomy":"product_brand","embeddable":true,"href":"https:\/\/boyanmfg.com\/fr\/wp-json\/wp\/v2\/product_brand?post=1535"},{"taxonomy":"product_cat","embeddable":true,"href":"https:\/\/boyanmfg.com\/fr\/wp-json\/wp\/v2\/product_cat?post=1535"},{"taxonomy":"product_tag","embeddable":true,"href":"https:\/\/boyanmfg.com\/fr\/wp-json\/wp\/v2\/product_tag?post=1535"}],"curies":[{"name":"wp","href":"https:\/\/api.w.org\/{rel}","templated":true}]}}