{"id":1405,"date":"2018-07-20T13:09:09","date_gmt":"2018-07-20T13:09:09","guid":{"rendered":"http:\/\/boyanmfg.com\/?post_type=product&#038;p=1405"},"modified":"2020-01-20T13:09:55","modified_gmt":"2020-01-20T13:09:55","slug":"plastic-bellow-for-camera","status":"publish","type":"product","link":"https:\/\/boyanmfg.com\/fr\/shop\/plastic-bellow-for-camera\/","title":{"rendered":"Soufflet en plastique pour l'appareil photo"},"content":{"rendered":"<h2><span style=\"color: #993366;\">Soufflet en plastique pour l'appareil photo<\/span><\/h2>\n<p>Il s'agit d'un soufflet en plastique fabriqu\u00e9 en NBR, de couleur noire, qui doit garantir qu'aucune lumi\u00e8re ne sera refl\u00e9t\u00e9e dans l'objectif.<\/p>\n<h2><span style=\"color: #993366;\">Sp\u00e9cification des pi\u00e8ces<\/span><\/h2>\n<table style=\"height: 145px;\" border=\"1\" width=\"385\">\n<tbody>\n<tr>\n<td>Mat\u00e9riau<\/td>\n<td>NBR (caoutchouc)<\/td>\n<\/tr>\n<tr>\n<td>Taille (pouces)<\/td>\n<td>Diam\u00e8tre ext\u00e9rieur 35 x longueur 40 mm<\/td>\n<\/tr>\n<tr>\n<td>Poids (gramme)<\/td>\n<td>6,5 grammes<\/td>\n<\/tr>\n<tr>\n<td>Couleur<\/td>\n<td>Noir<\/td>\n<\/tr>\n<tr>\n<td>Processus<\/td>\n<td>Moulage par soufflage<\/td>\n<\/tr>\n<\/tbody>\n<\/table>","protected":false},"excerpt":{"rendered":"<p>Soufflet en plastique pour cam\u00e9ra Il s'agit d'un soufflet en plastique fabriqu\u00e9 en NBR, de couleur noire, et il est n\u00e9cessaire de s'assurer qu'aucun \u00e9clat ne sera r\u00e9fl\u00e9chi dans l'objectif. Sp\u00e9cifications de la pi\u00e8ce Mat\u00e9riau NBR (caoutchouc) Dimensions (pouces) Diam\u00e8tre ext\u00e9rieur 35 x longueur 40 mm Poids (grammes) 6,5 grammes Couleur Noire Proc\u00e9d\u00e9 de fabrication Moulage par soufflage<\/p>","protected":false},"featured_media":1406,"comment_status":"closed","ping_status":"closed","template":"","meta":{"neve_meta_sidebar":"","neve_meta_container":"","neve_meta_enable_content_width":"","neve_meta_content_width":0,"neve_meta_title_alignment":"","neve_meta_author_avatar":"","neve_post_elements_order":"","neve_meta_disable_header":"","neve_meta_disable_footer":"","neve_meta_disable_title":"","neve_meta_reading_time":"","_themeisle_gutenberg_block_has_review":false},"product_brand":[],"product_cat":[54],"product_tag":[],"class_list":{"0":"post-1405","1":"product","2":"type-product","3":"status-publish","4":"has-post-thumbnail","6":"product_cat-plastic-injection-molding","8":"first","9":"instock","10":"shipping-taxable","11":"product-type-simple"},"acf":[],"_links":{"self":[{"href":"https:\/\/boyanmfg.com\/fr\/wp-json\/wp\/v2\/product\/1405","targetHints":{"allow":["GET"]}}],"collection":[{"href":"https:\/\/boyanmfg.com\/fr\/wp-json\/wp\/v2\/product"}],"about":[{"href":"https:\/\/boyanmfg.com\/fr\/wp-json\/wp\/v2\/types\/product"}],"replies":[{"embeddable":true,"href":"https:\/\/boyanmfg.com\/fr\/wp-json\/wp\/v2\/comments?post=1405"}],"wp:featuredmedia":[{"embeddable":true,"href":"https:\/\/boyanmfg.com\/fr\/wp-json\/wp\/v2\/media\/1406"}],"wp:attachment":[{"href":"https:\/\/boyanmfg.com\/fr\/wp-json\/wp\/v2\/media?parent=1405"}],"wp:term":[{"taxonomy":"product_brand","embeddable":true,"href":"https:\/\/boyanmfg.com\/fr\/wp-json\/wp\/v2\/product_brand?post=1405"},{"taxonomy":"product_cat","embeddable":true,"href":"https:\/\/boyanmfg.com\/fr\/wp-json\/wp\/v2\/product_cat?post=1405"},{"taxonomy":"product_tag","embeddable":true,"href":"https:\/\/boyanmfg.com\/fr\/wp-json\/wp\/v2\/product_tag?post=1405"}],"curies":[{"name":"wp","href":"https:\/\/api.w.org\/{rel}","templated":true}]}}