{"id":1183,"date":"2020-01-19T15:11:24","date_gmt":"2020-01-19T15:11:24","guid":{"rendered":"http:\/\/boyanmfg.com\/?post_type=product&#038;p=1183"},"modified":"2020-02-01T14:44:40","modified_gmt":"2020-02-01T14:44:40","slug":"precision-cnc-machined-aluminum-small-part","status":"publish","type":"product","link":"https:\/\/boyanmfg.com\/fr\/shop\/precision-cnc-machined-aluminum-small-part\/","title":{"rendered":"Petite pi\u00e8ce de pr\u00e9cision en aluminium usin\u00e9e en CNC"},"content":{"rendered":"<h2><span style=\"color: #993366;\">Petite pi\u00e8ce de pr\u00e9cision en aluminium usin\u00e9e en CNC<\/span><\/h2>\n<p>Il s'agit d'une petite pi\u00e8ce de pr\u00e9cision usin\u00e9e en CNC. Une tol\u00e9rance \u00e9troite est requise pour le diam\u00e8tre interne.<\/p>\n<p><img fetchpriority=\"high\" decoding=\"async\" class=\"alignnone size-medium wp-image-1184\" src=\"https:\/\/boyanmfg.com\/wp-content\/uploads\/2020\/01\/precision-cnc-machine-part-300x300.jpg\" alt=\"\" width=\"300\" height=\"300\" srcset=\"https:\/\/boyanmfg.com\/wp-content\/uploads\/2020\/01\/precision-cnc-machine-part-300x300.jpg 300w, https:\/\/boyanmfg.com\/wp-content\/uploads\/2020\/01\/precision-cnc-machine-part-100x100.jpg 100w, https:\/\/boyanmfg.com\/wp-content\/uploads\/2020\/01\/precision-cnc-machine-part-600x600.jpg 600w, https:\/\/boyanmfg.com\/wp-content\/uploads\/2020\/01\/precision-cnc-machine-part-150x150.jpg 150w, https:\/\/boyanmfg.com\/wp-content\/uploads\/2020\/01\/precision-cnc-machine-part-768x768.jpg 768w, https:\/\/boyanmfg.com\/wp-content\/uploads\/2020\/01\/precision-cnc-machine-part.jpg 800w\" sizes=\"(max-width: 300px) 100vw, 300px\" \/><\/p>\n<h2><span style=\"color: #993366;\">Sp\u00e9cification des pi\u00e8ces<\/span><\/h2>\n<table border=\"1\" cellspacing=\"1\" cellpadding=\"1\">\n<tbody>\n<tr>\n<td>Mat\u00e9riau<\/td>\n<td>Aluminium 6061-T6<\/td>\n<\/tr>\n<tr>\n<td>Taille (mm)<\/td>\n<td>L 20 x L 20 x H 15 (mm)<\/td>\n<\/tr>\n<tr>\n<td>Tol\u00e9rance pour la dimension de la cl\u00e9 (mm)<\/td>\n<td>+\/-0,025 mm<\/td>\n<\/tr>\n<tr>\n<td>Finition<\/td>\n<td>Aucun<\/td>\n<\/tr>\n<tr>\n<td>Processus<\/td>\n<td>Fraisage CNC<\/td>\n<\/tr>\n<\/tbody>\n<\/table>\n<h2><span style=\"color: #993366;\">Quelques d\u00e9tails<\/span><\/h2>\n<h3><strong>Toutes les ar\u00eates vives sont arrondies ou chanfrein\u00e9es<\/strong><\/h3>\n<p>Toutes les ar\u00eates vives ont \u00e9t\u00e9 chanfrein\u00e9es \u00e0 0,2-0,5mmX45\u00b0 et les bavures ont \u00e9t\u00e9 nettoy\u00e9es conform\u00e9ment au dessin.<\/p>\n<p><img decoding=\"async\" class=\"alignnone size-full wp-image-12328\" src=\"https:\/\/boyanmfg.com\/wp-content\/uploads\/2018\/06\/MA315\u82f1\u6587_02.jpg\" alt=\"\" width=\"750\" height=\"544\" \/><img decoding=\"async\" class=\"alignnone wp-image-1185 size-full\" src=\"https:\/\/boyanmfg.com\/wp-content\/uploads\/2020\/01\/precision-cnc-machine-part-bottom-view.jpg\" alt=\"\" width=\"800\" height=\"800\" srcset=\"https:\/\/boyanmfg.com\/wp-content\/uploads\/2020\/01\/precision-cnc-machine-part-bottom-view.jpg 800w, https:\/\/boyanmfg.com\/wp-content\/uploads\/2020\/01\/precision-cnc-machine-part-bottom-view-300x300.jpg 300w, https:\/\/boyanmfg.com\/wp-content\/uploads\/2020\/01\/precision-cnc-machine-part-bottom-view-100x100.jpg 100w, https:\/\/boyanmfg.com\/wp-content\/uploads\/2020\/01\/precision-cnc-machine-part-bottom-view-600x600.jpg 600w, https:\/\/boyanmfg.com\/wp-content\/uploads\/2020\/01\/precision-cnc-machine-part-bottom-view-150x150.jpg 150w, https:\/\/boyanmfg.com\/wp-content\/uploads\/2020\/01\/precision-cnc-machine-part-bottom-view-768x768.jpg 768w\" sizes=\"(max-width: 800px) 100vw, 800px\" \/><\/p>\n<h3><strong>Versions \u00e0 chargement multiple \u00e0 bas prix<\/strong><\/h3>\n<p>Bien qu'il s'agisse d'un petit composant, nous devons charger la pi\u00e8ce plusieurs fois, ce qui allonge le temps d'usinage. Ce n'est pas un probl\u00e8me majeur, mais le d\u00e9fi consiste \u00e0 maintenir un prix bas sans sacrifier la qualit\u00e9.<\/p>\n<p><img loading=\"lazy\" decoding=\"async\" class=\"alignnone size-full wp-image-12327\" src=\"https:\/\/boyanmfg.com\/wp-content\/uploads\/2018\/06\/MA315\u82f1\u6587_04.jpg\" alt=\"\" width=\"750\" height=\"338\" \/><\/p>\n<h3><strong>Tol\u00e9rance sur l'ID<\/strong><\/h3>\n<p>La tol\u00e9rance est requise non seulement sur le diam\u00e8tre int\u00e9rieur, mais aussi sur le diam\u00e8tre ext\u00e9rieur de la petite extrusion.<\/p>\n<h2><span style=\"color: #993366;\">Une autre petite pi\u00e8ce similaire en aluminium<\/span><\/h2>\n<p><img loading=\"lazy\" decoding=\"async\" class=\"alignnone size-medium wp-image-754\" src=\"https:\/\/boyanmfg.com\/wp-content\/uploads\/2020\/01\/small-cnc-milling-part-300x300.jpg\" alt=\"une petite pi\u00e8ce fabriqu\u00e9e par fraisage CNC\" width=\"300\" height=\"300\" srcset=\"https:\/\/boyanmfg.com\/wp-content\/uploads\/2020\/01\/small-cnc-milling-part-300x300.jpg 300w, https:\/\/boyanmfg.com\/wp-content\/uploads\/2020\/01\/small-cnc-milling-part-100x100.jpg 100w, https:\/\/boyanmfg.com\/wp-content\/uploads\/2020\/01\/small-cnc-milling-part-600x600.jpg 600w, https:\/\/boyanmfg.com\/wp-content\/uploads\/2020\/01\/small-cnc-milling-part-150x150.jpg 150w, https:\/\/boyanmfg.com\/wp-content\/uploads\/2020\/01\/small-cnc-milling-part.jpg 750w\" sizes=\"(max-width: 300px) 100vw, 300px\" \/><\/p>","protected":false},"excerpt":{"rendered":"<p>Pi\u00e8ce en aluminium de petite taille usin\u00e9e avec pr\u00e9cision par CNC. Il s'agit d'une petite pi\u00e8ce usin\u00e9e avec pr\u00e9cision par CNC. Une tol\u00e9rance serr\u00e9e est requise pour le diam\u00e8tre int\u00e9rieur. Sp\u00e9cifications de la pi\u00e8ce Mat\u00e9riau Aluminium 6061-T6 Dimensions (mm) L 20 x l 20 x H 15 (mm) Tol\u00e9rance pour la dimension cl\u00e9 (mm) +\/-0,025 mm Finition Aucune Proc\u00e9d\u00e9s Fraisage CNC Quelques d\u00e9tails Tous les bords vifs arrondis\u2026&nbsp;<a href=\"https:\/\/boyanmfg.com\/fr\/shop\/precision-cnc-machined-aluminum-small-part\/\" rel=\"bookmark\">Lire plus \u00bb<span class=\"screen-reader-text\">Petite pi\u00e8ce de pr\u00e9cision en aluminium usin\u00e9e en CNC<\/span><\/a><\/p>","protected":false},"featured_media":754,"comment_status":"closed","ping_status":"closed","template":"","meta":{"neve_meta_sidebar":"","neve_meta_container":"","neve_meta_enable_content_width":"","neve_meta_content_width":0,"neve_meta_title_alignment":"","neve_meta_author_avatar":"","neve_post_elements_order":"","neve_meta_disable_header":"","neve_meta_disable_footer":"","neve_meta_disable_title":"","neve_meta_reading_time":"","_themeisle_gutenberg_block_has_review":false},"product_brand":[],"product_cat":[58],"product_tag":[],"class_list":{"0":"post-1183","1":"product","2":"type-product","3":"status-publish","4":"has-post-thumbnail","6":"product_cat-cnc-machining","8":"first","9":"instock","10":"shipping-taxable","11":"product-type-simple"},"acf":[],"_links":{"self":[{"href":"https:\/\/boyanmfg.com\/fr\/wp-json\/wp\/v2\/product\/1183","targetHints":{"allow":["GET"]}}],"collection":[{"href":"https:\/\/boyanmfg.com\/fr\/wp-json\/wp\/v2\/product"}],"about":[{"href":"https:\/\/boyanmfg.com\/fr\/wp-json\/wp\/v2\/types\/product"}],"replies":[{"embeddable":true,"href":"https:\/\/boyanmfg.com\/fr\/wp-json\/wp\/v2\/comments?post=1183"}],"wp:featuredmedia":[{"embeddable":true,"href":"https:\/\/boyanmfg.com\/fr\/wp-json\/wp\/v2\/media\/754"}],"wp:attachment":[{"href":"https:\/\/boyanmfg.com\/fr\/wp-json\/wp\/v2\/media?parent=1183"}],"wp:term":[{"taxonomy":"product_brand","embeddable":true,"href":"https:\/\/boyanmfg.com\/fr\/wp-json\/wp\/v2\/product_brand?post=1183"},{"taxonomy":"product_cat","embeddable":true,"href":"https:\/\/boyanmfg.com\/fr\/wp-json\/wp\/v2\/product_cat?post=1183"},{"taxonomy":"product_tag","embeddable":true,"href":"https:\/\/boyanmfg.com\/fr\/wp-json\/wp\/v2\/product_tag?post=1183"}],"curies":[{"name":"wp","href":"https:\/\/api.w.org\/{rel}","templated":true}]}}