{"id":6,"date":"2019-08-09T10:35:34","date_gmt":"2019-08-09T10:35:34","guid":{"rendered":"https:\/\/demo.themeisle.com\/neve-creative-portfolio\/?page_id=6"},"modified":"2020-01-18T03:37:30","modified_gmt":"2020-01-18T03:37:30","slug":"about-us","status":"publish","type":"page","link":"https:\/\/boyanmfg.com\/fr\/about-us\/","title":{"rendered":"A propos de"},"content":{"rendered":"<div data-elementor-type=\"wp-post\" data-elementor-id=\"6\" class=\"elementor elementor-6\">\n\t\t\t\t\t\t<section class=\"elementor-section elementor-top-section elementor-element elementor-element-692ce759 elementor-section-boxed elementor-section-height-default elementor-section-height-default\" data-id=\"692ce759\" data-element_type=\"section\" data-settings='{\"background_background\":\"classic\"}'>\n\t\t\t\t\t\t\t<div class=\"elementor-background-overlay\"><\/div>\n\t\t\t\t\t\t\t<div class=\"elementor-container elementor-column-gap-default\">\n\t\t\t\t\t<div class=\"elementor-column elementor-col-100 elementor-top-column elementor-element elementor-element-3fa9c367\" data-id=\"3fa9c367\" data-element_type=\"column\">\n\t\t\t<div class=\"elementor-widget-wrap elementor-element-populated\">\n\t\t\t\t\t\t<section class=\"elementor-section elementor-inner-section elementor-element elementor-element-38ffb895 elementor-section-boxed elementor-section-height-default elementor-section-height-default\" data-id=\"38ffb895\" data-element_type=\"section\">\n\t\t\t\t\t\t<div class=\"elementor-container elementor-column-gap-default\">\n\t\t\t\t\t<div class=\"elementor-column elementor-col-100 elementor-inner-column elementor-element elementor-element-6a5f676c\" data-id=\"6a5f676c\" data-element_type=\"column\">\n\t\t\t<div class=\"elementor-widget-wrap elementor-element-populated\">\n\t\t\t\t\t\t<div class=\"elementor-element elementor-element-20c72cf7 elementor-widget elementor-widget-heading\" data-id=\"20c72cf7\" data-element_type=\"widget\" data-widget_type=\"heading.default\">\n\t\t\t\t<div class=\"elementor-widget-container\">\n\t\t\t\t\t<h1 class=\"elementor-heading-title elementor-size-default\">\u00c0 propos de nous<\/h1>\t\t\t\t<\/div>\n\t\t\t\t<\/div>\n\t\t\t\t<div class=\"elementor-element elementor-element-38973032 elementor-widget elementor-widget-heading\" data-id=\"38973032\" data-element_type=\"widget\" data-widget_type=\"heading.default\">\n\t\t\t\t<div class=\"elementor-widget-container\">\n\t\t\t\t\t<p class=\"elementor-heading-title elementor-size-default translation-block\">En savoir plus sur notre entreprise<\/p>\t\t\t\t<\/div>\n\t\t\t\t<\/div>\n\t\t\t\t\t<\/div>\n\t\t<\/div>\n\t\t\t\t\t<\/div>\n\t\t<\/section>\n\t\t\t\t\t<\/div>\n\t\t<\/div>\n\t\t\t\t\t<\/div>\n\t\t<\/section>\n\t\t\t\t<section class=\"elementor-section elementor-top-section elementor-element elementor-element-22d3b27a elementor-section-boxed elementor-section-height-default elementor-section-height-default\" data-id=\"22d3b27a\" data-element_type=\"section\" data-settings='{\"background_background\":\"classic\"}'>\n\t\t\t\t\t\t<div class=\"elementor-container elementor-column-gap-default\">\n\t\t\t\t\t<div class=\"elementor-column elementor-col-50 elementor-top-column elementor-element elementor-element-7749ecde\" data-id=\"7749ecde\" data-element_type=\"column\">\n\t\t\t<div class=\"elementor-widget-wrap elementor-element-populated\">\n\t\t\t\t\t\t<div class=\"elementor-element elementor-element-d71b16b elementor-widget elementor-widget-heading\" data-id=\"d71b16b\" data-element_type=\"widget\" data-widget_type=\"heading.default\">\n\t\t\t\t<div class=\"elementor-widget-container\">\n\t\t\t\t\t<h2 class=\"elementor-heading-title elementor-size-default\">Nous sommes un fournisseur de services complets pour vos besoins de fabrication.<\/h2>\t\t\t\t<\/div>\n\t\t\t\t<\/div>\n\t\t\t\t<div class=\"elementor-element elementor-element-3e151646 elementor-widget-divider--view-line elementor-widget elementor-widget-divider\" data-id=\"3e151646\" data-element_type=\"widget\" data-widget_type=\"divider.default\">\n\t\t\t\t<div class=\"elementor-widget-container\">\n\t\t\t\t\t\t\t<div class=\"elementor-divider\">\n\t\t\t<span class=\"elementor-divider-separator\">\n\t\t\t\t\t\t<\/span>\n\t\t<\/div>\n\t\t\t\t\t\t<\/div>\n\t\t\t\t<\/div>\n\t\t\t\t<div class=\"elementor-element elementor-element-bdf4594 elementor-widget elementor-widget-text-editor\" data-id=\"bdf4594\" data-element_type=\"widget\" data-widget_type=\"text-editor.default\">\n\t\t\t\t<div class=\"elementor-widget-container\">\n\t\t\t\t\t\t\t\t\t<p class=\"translation-block\">Boyan Manufacturing Solutions est un <strong>agent de sourcing bas\u00e9 en Chine<\/strong> qui fournit <strong>un large \u00e9ventail de pi\u00e8ces m\u00e9talliques et plastiques fabriqu\u00e9es sur mesure<\/strong>.<\/p>\n<p class=\"translation-block\">Nous sommes situ\u00e9s dans la province de Zhejiang, en Chine. Nos fabricants approuv\u00e9s sont principalement situ\u00e9s dans <span class=\"fusion-tooltip tooltip-shortcode\" title=\"\" data-animation=\"\" data-delay=\"0\" data-placement=\"top\" data-title=\"\" data-toggle=\"tooltip\" data-trigger=\"hover\" data-original-title=\"\">Shanghai, Jiangsu et Zhejiang Provinces<\/span>. Ils ont tous \u00e9t\u00e9 tri\u00e9s sur le volet parmi des centaines de fournisseurs, sur la base des meilleurs prix, de la meilleure qualit\u00e9 et des meilleurs services, et nombre d'entre eux ont fait leurs preuves au fil des ann\u00e9es de coop\u00e9ration avec nous.<\/p>\n<p class=\"translation-block\">Nous \u00e9vitons \u00e0 nos clients de perdre du temps et de l'argent \u00e0 se rendre fr\u00e9quemment en Chine, car gr\u00e2ce \u00e0 nos contr\u00f4les de qualit\u00e9 intensifs et \u00e0 notre communication, <strong>nos clients sont tenus inform\u00e9s et ma\u00eetrisent la situation, ce qui rend les d\u00e9placements en Chine pratiquement inutiles<\/strong>.<\/p>\n<p class=\"translation-block\">Boyan est votre fournisseur fiable<strong> de l'estampage des m\u00e9taux, des ressorts et du formage des fils, du moulage par injection de plastique et des services d'usinage CNC de pr\u00e9cision<\/strong>. Nous proposons \u00e9galement des<strong> solutions de rev\u00eatement de surface<\/strong> diversifi\u00e9es pour r\u00e9pondre \u00e0 vos besoins sp\u00e9cifiques.<\/p>\n<p class=\"translation-block\">Nous ne nous contentons pas de r\u00e9pondre \u00e0 vos besoins en mati\u00e8re d'approvisionnement, mais nous vous assistons \u00e9galement dans la conception CAO, la s\u00e9lection des mat\u00e9riaux et d'autres services d'ing\u00e9nierie. En un mot, nous fournissons \u00e0 nos clients la<strong>gestion de projet cl\u00e9 en main<\/strong> qui transforme les id\u00e9es en produits finaux, au prix qu'ils peuvent se permettre.<\/p>\t\t\t\t\t\t\t\t<\/div>\n\t\t\t\t<\/div>\n\t\t\t\t\t<\/div>\n\t\t<\/div>\n\t\t\t\t<div class=\"elementor-column elementor-col-50 elementor-top-column elementor-element elementor-element-4597a080\" data-id=\"4597a080\" data-element_type=\"column\">\n\t\t\t<div class=\"elementor-widget-wrap elementor-element-populated\">\n\t\t\t\t\t\t<div class=\"elementor-element elementor-element-7a029edd elementor-widget elementor-widget-image\" data-id=\"7a029edd\" data-element_type=\"widget\" data-widget_type=\"image.default\">\n\t\t\t\t<div class=\"elementor-widget-container\">\n\t\t\t\t\t\t\t\t\t\t\t\t\t\t\t<img fetchpriority=\"high\" decoding=\"async\" width=\"500\" height=\"700\" src=\"https:\/\/boyanmfg.com\/wp-content\/uploads\/2020\/01\/QC-inspection-of-CNC-machined-disk.jpg\" class=\"attachment-large size-large wp-image-1084\" alt=\"\" srcset=\"https:\/\/boyanmfg.com\/wp-content\/uploads\/2020\/01\/QC-inspection-of-CNC-machined-disk.jpg 500w, https:\/\/boyanmfg.com\/wp-content\/uploads\/2020\/01\/QC-inspection-of-CNC-machined-disk-214x300.jpg 214w\" sizes=\"(max-width: 500px) 100vw, 500px\">\t\t\t\t\t\t\t\t\t\t\t\t\t\t\t<\/div>\n\t\t\t\t<\/div>\n\t\t\t\t<div class=\"elementor-element elementor-element-b1fb73a elementor-widget elementor-widget-google_maps\" data-id=\"b1fb73a\" data-element_type=\"widget\" data-widget_type=\"google_maps.default\">\n\t\t\t\t<div class=\"elementor-widget-container\">\n\t\t\t\t\t\t\t<div class=\"elementor-custom-embed\">\n\t\t\t<iframe loading=\"lazy\" src=\"https:\/\/maps.google.com\/maps?q=%E6%B5%99%E6%B1%9F%E7%9C%81%E6%B0%B8%E5%BA%B7%E5%B8%82%E4%B8%BD%E5%B7%9E%E5%8C%97%E8%B7%AF35-37%E5%8F%B7&amp;t=m&amp;z=7&amp;output=embed&amp;iwloc=near\" title=\"\u6d59\u6c5f\u7701\u6c38\u5eb7\u5e02\u4e3d\u5dde\u5317\u8def35-37\u53f7\" aria-label=\"\u6d59\u6c5f\u7701\u6c38\u5eb7\u5e02\u4e3d\u5dde\u5317\u8def35-37\u53f7\"><\/iframe>\n\t\t<\/div>\n\t\t\t\t\t\t<\/div>\n\t\t\t\t<\/div>\n\t\t\t\t\t<\/div>\n\t\t<\/div>\n\t\t\t\t\t<\/div>\n\t\t<\/section>\n\t\t\t\t<section class=\"elementor-section elementor-top-section elementor-element elementor-element-356780a elementor-section-boxed elementor-section-height-default elementor-section-height-default\" data-id=\"356780a\" data-element_type=\"section\">\n\t\t\t\t\t\t<div class=\"elementor-container elementor-column-gap-default\">\n\t\t\t\t\t<div class=\"elementor-column elementor-col-100 elementor-top-column elementor-element elementor-element-68c56f5\" data-id=\"68c56f5\" data-element_type=\"column\">\n\t\t\t<div class=\"elementor-widget-wrap elementor-element-populated\">\n\t\t\t\t\t\t<div class=\"elementor-element elementor-element-714dc05 elementor-widget elementor-widget-image-gallery\" data-id=\"714dc05\" data-element_type=\"widget\" data-widget_type=\"image-gallery.default\">\n\t\t\t\t<div class=\"elementor-widget-container\">\n\t\t\t\t\t\t\t<div class=\"elementor-image-gallery\">\n\t\t\t<div id=\"gallery-1\" class=\"gallery galleryid-6 gallery-columns-4 gallery-size-full\"><figure class=\"gallery-item\">\n\t\t\t<div class=\"gallery-icon landscape\">\n\t\t\t\t<a data-elementor-open-lightbox=\"yes\" data-elementor-lightbox-slideshow=\"714dc05\" data-elementor-lightbox-title=\"plastic mold manufacturer 2\" data-e-action-hash=\"#elementor-action%3Aaction%3Dlightbox%26settings%3DeyJpZCI6MTA3MywidXJsIjoiaHR0cHM6XC9cL2JveWFubWZnLmNvbVwvd3AtY29udGVudFwvdXBsb2Fkc1wvMjAyMFwvMDFcL3BsYXN0aWMtbW9sZC1tYW51ZmFjdHVyZXItMi5qcGciLCJzbGlkZXNob3ciOiI3MTRkYzA1In0%3D\" href=\"https:\/\/boyanmfg.com\/wp-content\/uploads\/2020\/01\/plastic-mold-manufacturer-2.jpg\"><img decoding=\"async\" width=\"700\" height=\"500\" src=\"https:\/\/boyanmfg.com\/wp-content\/uploads\/2020\/01\/plastic-mold-manufacturer-2.jpg\" class=\"attachment-full size-full\" alt=\"\" srcset=\"https:\/\/boyanmfg.com\/wp-content\/uploads\/2020\/01\/plastic-mold-manufacturer-2.jpg 700w, https:\/\/boyanmfg.com\/wp-content\/uploads\/2020\/01\/plastic-mold-manufacturer-2-600x429.jpg 600w, https:\/\/boyanmfg.com\/wp-content\/uploads\/2020\/01\/plastic-mold-manufacturer-2-300x214.jpg 300w\" sizes=\"(max-width: 700px) 100vw, 700px\"><\/a>\n\t\t\t<\/div><\/figure><figure class=\"gallery-item\">\n\t\t\t<div class=\"gallery-icon landscape\">\n\t\t\t\t<a data-elementor-open-lightbox=\"yes\" data-elementor-lightbox-slideshow=\"714dc05\" data-elementor-lightbox-title=\"plastic mold manufacturer 5\" data-e-action-hash=\"#elementor-action%3Aaction%3Dlightbox%26settings%3DeyJpZCI6MTA3NSwidXJsIjoiaHR0cHM6XC9cL2JveWFubWZnLmNvbVwvd3AtY29udGVudFwvdXBsb2Fkc1wvMjAyMFwvMDFcL3BsYXN0aWMtbW9sZC1tYW51ZmFjdHVyZXItNS5qcGciLCJzbGlkZXNob3ciOiI3MTRkYzA1In0%3D\" href=\"https:\/\/boyanmfg.com\/wp-content\/uploads\/2020\/01\/plastic-mold-manufacturer-5.jpg\"><img decoding=\"async\" width=\"700\" height=\"500\" src=\"https:\/\/boyanmfg.com\/wp-content\/uploads\/2020\/01\/plastic-mold-manufacturer-5.jpg\" class=\"attachment-full size-full\" alt=\"\" srcset=\"https:\/\/boyanmfg.com\/wp-content\/uploads\/2020\/01\/plastic-mold-manufacturer-5.jpg 700w, https:\/\/boyanmfg.com\/wp-content\/uploads\/2020\/01\/plastic-mold-manufacturer-5-600x429.jpg 600w, https:\/\/boyanmfg.com\/wp-content\/uploads\/2020\/01\/plastic-mold-manufacturer-5-300x214.jpg 300w\" sizes=\"(max-width: 700px) 100vw, 700px\"><\/a>\n\t\t\t<\/div><\/figure><figure class=\"gallery-item\">\n\t\t\t<div class=\"gallery-icon landscape\">\n\t\t\t\t<a data-elementor-open-lightbox=\"yes\" data-elementor-lightbox-slideshow=\"714dc05\" data-elementor-lightbox-title=\"spring factory 1\" data-e-action-hash=\"#elementor-action%3Aaction%3Dlightbox%26settings%3DeyJpZCI6OTMxLCJ1cmwiOiJodHRwczpcL1wvYm95YW5tZmcuY29tXC93cC1jb250ZW50XC91cGxvYWRzXC8yMDIwXC8wMVwvc3ByaW5nLWZhY3RvcnktMS5qcGciLCJzbGlkZXNob3ciOiI3MTRkYzA1In0%3D\" href=\"https:\/\/boyanmfg.com\/wp-content\/uploads\/2020\/01\/spring-factory-1.jpg\"><img loading=\"lazy\" decoding=\"async\" width=\"700\" height=\"500\" src=\"https:\/\/boyanmfg.com\/wp-content\/uploads\/2020\/01\/spring-factory-1.jpg\" class=\"attachment-full size-full\" alt=\"\" srcset=\"https:\/\/boyanmfg.com\/wp-content\/uploads\/2020\/01\/spring-factory-1.jpg 700w, https:\/\/boyanmfg.com\/wp-content\/uploads\/2020\/01\/spring-factory-1-600x429.jpg 600w, https:\/\/boyanmfg.com\/wp-content\/uploads\/2020\/01\/spring-factory-1-300x214.jpg 300w\" sizes=\"(max-width: 700px) 100vw, 700px\"><\/a>\n\t\t\t<\/div><\/figure><figure class=\"gallery-item\">\n\t\t\t<div class=\"gallery-icon landscape\">\n\t\t\t\t<a data-elementor-open-lightbox=\"yes\" data-elementor-lightbox-slideshow=\"714dc05\" data-elementor-lightbox-title=\"plastic mold manufacturer 1\" data-e-action-hash=\"#elementor-action%3Aaction%3Dlightbox%26settings%3DeyJpZCI6MTA3MiwidXJsIjoiaHR0cHM6XC9cL2JveWFubWZnLmNvbVwvd3AtY29udGVudFwvdXBsb2Fkc1wvMjAyMFwvMDFcL3BsYXN0aWMtbW9sZC1tYW51ZmFjdHVyZXItMS5qcGciLCJzbGlkZXNob3ciOiI3MTRkYzA1In0%3D\" href=\"https:\/\/boyanmfg.com\/wp-content\/uploads\/2020\/01\/plastic-mold-manufacturer-1.jpg\"><img loading=\"lazy\" decoding=\"async\" width=\"700\" height=\"500\" src=\"https:\/\/boyanmfg.com\/wp-content\/uploads\/2020\/01\/plastic-mold-manufacturer-1.jpg\" class=\"attachment-full size-full\" alt=\"\" srcset=\"https:\/\/boyanmfg.com\/wp-content\/uploads\/2020\/01\/plastic-mold-manufacturer-1.jpg 700w, https:\/\/boyanmfg.com\/wp-content\/uploads\/2020\/01\/plastic-mold-manufacturer-1-600x429.jpg 600w, https:\/\/boyanmfg.com\/wp-content\/uploads\/2020\/01\/plastic-mold-manufacturer-1-300x214.jpg 300w\" sizes=\"(max-width: 700px) 100vw, 700px\"><\/a>\n\t\t\t<\/div><\/figure>\n\t\t<\/div>\n\t\t<\/div>\n\t\t\t\t\t\t<\/div>\n\t\t\t\t<\/div>\n\t\t\t\t\t<\/div>\n\t\t<\/div>\n\t\t\t\t\t<\/div>\n\t\t<\/section>\n\t\t\t\t<\/div>","protected":false},"excerpt":{"rendered":"<p>\u00c0 propos de nous En savoir plus sur notre entreprise Nous sommes un fournisseur de services complets pour vos besoins de fabrication. Boyan Manufacturing Solutions est un agent d'approvisionnement bas\u00e9 en Chine qui fournit un large \u00e9ventail de pi\u00e8ces m\u00e9talliques et plastiques fabriqu\u00e9es sur mesure. Nous sommes situ\u00e9s dans la province du Zhejiang, en Chine. Nos fabricants agr\u00e9\u00e9s sont principalement situ\u00e9s dans les provinces de Shanghai, Jiangsu et Zhejiang. Ils ont tous \u00e9t\u00e9 soigneusement s\u00e9lectionn\u00e9s\u2026&nbsp;<a href=\"https:\/\/boyanmfg.com\/fr\/about-us\/\" rel=\"bookmark\">Lire plus \u00bb<span class=\"screen-reader-text\">A propos de<\/span><\/a><\/p>","protected":false},"author":1,"featured_media":0,"parent":0,"menu_order":0,"comment_status":"closed","ping_status":"closed","template":"elementor_header_footer","meta":{"neve_meta_sidebar":"","neve_meta_container":"","neve_meta_enable_content_width":"","neve_meta_content_width":0,"neve_meta_title_alignment":"","neve_meta_author_avatar":"","neve_post_elements_order":"","neve_meta_disable_header":"","neve_meta_disable_footer":"","neve_meta_disable_title":"","neve_meta_reading_time":"","_themeisle_gutenberg_block_has_review":false,"footnotes":""},"class_list":["post-6","page","type-page","status-publish","hentry"],"acf":[],"_links":{"self":[{"href":"https:\/\/boyanmfg.com\/fr\/wp-json\/wp\/v2\/pages\/6","targetHints":{"allow":["GET"]}}],"collection":[{"href":"https:\/\/boyanmfg.com\/fr\/wp-json\/wp\/v2\/pages"}],"about":[{"href":"https:\/\/boyanmfg.com\/fr\/wp-json\/wp\/v2\/types\/page"}],"author":[{"embeddable":true,"href":"https:\/\/boyanmfg.com\/fr\/wp-json\/wp\/v2\/users\/1"}],"replies":[{"embeddable":true,"href":"https:\/\/boyanmfg.com\/fr\/wp-json\/wp\/v2\/comments?post=6"}],"version-history":[{"count":0,"href":"https:\/\/boyanmfg.com\/fr\/wp-json\/wp\/v2\/pages\/6\/revisions"}],"wp:attachment":[{"href":"https:\/\/boyanmfg.com\/fr\/wp-json\/wp\/v2\/media?parent=6"}],"curies":[{"name":"wp","href":"https:\/\/api.w.org\/{rel}","templated":true}]}}