{"id":9677,"date":"2025-07-09T06:19:11","date_gmt":"2025-07-09T06:19:11","guid":{"rendered":"http:\/\/boyanmfg.com\/?post_type=product&#038;p=9677"},"modified":"2025-07-10T05:39:10","modified_gmt":"2025-07-10T05:39:10","slug":"custom-plastic-speaker-cover","status":"publish","type":"product","link":"https:\/\/boyanmfg.com\/es\/shop\/custom-plastic-speaker-cover\/","title":{"rendered":"Cubiertas de pl\u00e1stico para altavoces - Varios materiales y dise\u00f1os"},"content":{"rendered":"<h1><span style=\"color: #800080;\">Descripci\u00f3n General \u2014 Cubierta de Altavoz de Pl\u00e1stico<\/span><\/h1>\n<p style=\"padding-left: 40px;\">Las cubiertas de altavoz de pl\u00e1stico son protectores con muchos agujeros peque\u00f1os o patrones de malla. Protegen el altavoz del polvo y da\u00f1os mientras permiten que el sonido pase claramente. Al mismo tiempo, tambi\u00e9n a\u00f1aden un aspecto elegante al altavoz.<\/p>\n<p style=\"padding-left: 40px;\">Estas cubiertas pueden fabricarse en varias formas, como redondas, ovaladas o dise\u00f1os m\u00e1s complejos. Debido a su estructura perforada, requieren <strong>alta precisi\u00f3n<\/strong> moldes y<strong> T\u00e9cnicas de Producci\u00f3n Avanzadas.<\/strong><\/p>\n<p style=\"padding-left: 40px;\">Aqu\u00ed, nos centraremos en presentar una cubierta destacada en detalle, junto con algunos otros dise\u00f1os. Esto le ayudar\u00e1 a comprender r\u00e1pidamente las caracter\u00edsticas clave de nuestros productos y ver nuestras s\u00f3lidas capacidades de fabricaci\u00f3n.<\/p>\n<p><img fetchpriority=\"high\" decoding=\"async\" class=\"aligncenter wp-image-9679 size-full\" src=\"https:\/\/boyanmfg.com\/wp-content\/uploads\/2025\/07\/PP-Plastic-Speaker-Cover-front-view.jpg\" alt=\"Cara frontal de una cubierta de altavoz de pl\u00e1stico redonda fabricada en PP, que muestra finos orificios perforados con bordes lisos.\" width=\"750\" height=\"562\" srcset=\"https:\/\/boyanmfg.com\/wp-content\/uploads\/2025\/07\/PP-Plastic-Speaker-Cover-front-view.jpg 750w, https:\/\/boyanmfg.com\/wp-content\/uploads\/2025\/07\/PP-Plastic-Speaker-Cover-front-view-300x225.jpg 300w, https:\/\/boyanmfg.com\/wp-content\/uploads\/2025\/07\/PP-Plastic-Speaker-Cover-front-view-600x450.jpg 600w\" sizes=\"(max-width: 750px) 100vw, 750px\" \/><\/p>\n<h2><span style=\"color: #800080;\">Informaci\u00f3n sobre el producto<\/span><\/h2>\n<table class=\"aligncenter\" style=\"border-collapse: collapse; width: auto;\" border=\"1\" cellspacing=\"0\" cellpadding=\"8\">\n<tbody>\n<tr>\n<th style=\"background-color: #bcbcbc; color: white; padding: 8px; white-space: nowrap; text-align: left;\">Art\u00edculo<\/th>\n<th style=\"background-color: #bcbcbc; color: white; padding: 8px; white-space: nowrap; text-align: left;\">Detalles<\/th>\n<\/tr>\n<tr>\n<td style=\"background-color: #cbe5d6; padding: 8px; white-space: nowrap;\">Dimensi\u00f3n del producto<\/td>\n<td style=\"background-color: #cbe5d6; padding: 8px; white-space: nowrap;\">OD 128 * Altura 26 mm<\/td>\n<\/tr>\n<tr>\n<td style=\"background-color: #cbe5d6; padding: 8px; white-space: nowrap;\">Material<\/td>\n<td style=\"background-color: #cbe5d6; padding: 8px; white-space: nowrap;\">PP<\/td>\n<\/tr>\n<tr>\n<td style=\"background-color: #cbe5d6; padding: 8px; white-space: nowrap;\">Informaci\u00f3n sobre el moho<\/td>\n<td style=\"background-color: #cbe5d6; padding: 8px; white-space: nowrap;\">2 cavidades, corredor fr\u00edo<\/td>\n<\/tr>\n<tr>\n<td style=\"background-color: #cbe5d6; padding: 8px; white-space: nowrap;\">Tipo de compuerta<\/td>\n<td style=\"background-color: #cbe5d6; padding: 8px; white-space: nowrap;\">Compuerta submarina<\/td>\n<\/tr>\n<tr>\n<td style=\"background-color: #cbe5d6; padding: 8px; white-space: nowrap;\">Tolerancia de las dimensiones clave<\/td>\n<td style=\"background-color: #cbe5d6; padding: 8px; white-space: nowrap;\">\u00b10,15 mm<\/td>\n<\/tr>\n<tr>\n<td style=\"background-color: #cbe5d6; padding: 8px; white-space: nowrap;\">Acabado superficial<\/td>\n<td style=\"background-color: #cbe5d6; padding: 8px; white-space: nowrap;\"><a href=\"https:\/\/boyanmfg.com\/injection-molding-surface-finishes-spi-vdi-finish\/#VDI\">VDI15-18<\/a><\/td>\n<\/tr>\n<\/tbody>\n<\/table>\n<h2><span style=\"color: #800080;\">Calidad Superficial y Requisitos de Detalle<\/span><\/h2>\n<p style=\"padding-left: 40px;\" data-start=\"578\" data-end=\"865\">La superficie de la cubierta de altavoz de pl\u00e1stico debe ser lisa y libre de peque\u00f1os defectos, especialmente debido a los muchos agujeros peque\u00f1os. Cada agujero en el lado frontal tiene un borde ligeramente redondeado, dando al producto un aspecto m\u00e1s limpio y refinado.<\/p>\n<figure id=\"attachment_9681\" aria-describedby=\"caption-attachment-9681\" style=\"width: 750px\" class=\"wp-caption aligncenter\"><img decoding=\"async\" class=\"wp-image-9681 size-full\" src=\"https:\/\/boyanmfg.com\/wp-content\/uploads\/2025\/07\/PP-Plastic-Speaker-Cover-close-front-view.jpg\" alt=\"Vista frontal en primer plano de la cubierta de altavoz de pl\u00e1stico PP redonda mostrando superficie lisa y bordes redondeados de los agujeros\" width=\"750\" height=\"563\" srcset=\"https:\/\/boyanmfg.com\/wp-content\/uploads\/2025\/07\/PP-Plastic-Speaker-Cover-close-front-view.jpg 750w, https:\/\/boyanmfg.com\/wp-content\/uploads\/2025\/07\/PP-Plastic-Speaker-Cover-close-front-view-300x225.jpg 300w, https:\/\/boyanmfg.com\/wp-content\/uploads\/2025\/07\/PP-Plastic-Speaker-Cover-close-front-view-600x450.jpg 600w\" sizes=\"(max-width: 750px) 100vw, 750px\" \/><figcaption id=\"caption-attachment-9681\" class=\"wp-caption-text\">Primer plano frontal de la cubierta de altavoz de pl\u00e1stico PP redonda, con acabado superficial liso y agujeros redondeados para un aspecto refinado.<\/figcaption><\/figure>\n<p style=\"padding-left: 40px;\" data-start=\"867\" data-end=\"1111\">El lado posterior no tiene estos bordes redondeados.<\/p>\n<figure id=\"attachment_9680\" aria-describedby=\"caption-attachment-9680\" style=\"width: 750px\" class=\"wp-caption aligncenter\"><img decoding=\"async\" class=\"wp-image-9680 size-full\" src=\"https:\/\/boyanmfg.com\/wp-content\/uploads\/2025\/07\/PP-Plastic-Speaker-Cover-close-back-view.jpg\" alt=\"Vista posterior en primer plano de la cubierta de altavoz de pl\u00e1stico PP redonda mostrando superficie lisa sin bordes redondeados en los agujeros\" width=\"750\" height=\"563\" srcset=\"https:\/\/boyanmfg.com\/wp-content\/uploads\/2025\/07\/PP-Plastic-Speaker-Cover-close-back-view.jpg 750w, https:\/\/boyanmfg.com\/wp-content\/uploads\/2025\/07\/PP-Plastic-Speaker-Cover-close-back-view-300x225.jpg 300w, https:\/\/boyanmfg.com\/wp-content\/uploads\/2025\/07\/PP-Plastic-Speaker-Cover-close-back-view-600x450.jpg 600w\" sizes=\"(max-width: 750px) 100vw, 750px\" \/><figcaption id=\"caption-attachment-9680\" class=\"wp-caption-text\">Primer plano posterior de la cubierta de altavoz de pl\u00e1stico PP redonda, mostrando acabado liso y agujeros sin bordes redondeados.<\/figcaption><\/figure>\n<p style=\"padding-left: 40px;\" data-start=\"867\" data-end=\"1111\">Adem\u00e1s, el producto es muy sensible a la inyecci\u00f3n <a href=\"https:\/\/boyanmfg.com\/common-injection-molding-defects\/\">defectos de moldeo<\/a>. Problemas como manchas de compuerta, l\u00edneas de soldadura, vetas plateadas, rebabas y alabeo no son aceptables.<\/p>\n<h2><span style=\"color: #800080;\">El material \u2014 <a href=\"https:\/\/boyanmfg.com\/pp-injection-molding-guide\/\">PP<\/a><\/span><\/h2>\n<p style=\"padding-left: 40px;\" data-start=\"333\" data-end=\"692\">Las cubiertas de altavoz de pl\u00e1stico suelen fabricarse con PP, ABS o PC\/ABS. Este producto en particular utiliza PP, lo que ayuda a reducir las l\u00edneas de soldadura y otros defectos de moldeo relacionados con la apariencia. Sin embargo, el PP tiene menor brillo y es m\u00e1s blando en comparaci\u00f3n con el ABS o PC\/ABS.<\/p>\n<h2><span style=\"color: #800080;\">Dise\u00f1o de compuerta \u2013 <a href=\"https:\/\/boyanmfg.com\/injection-mold-gate-types\/#Tunnel_or_Submarine_Gate\">compuerta submarina<\/a><\/span><\/h2>\n<p style=\"padding-left: 40px;\">Debido a que el producto tiene altos requisitos de apariencia, las compuertas laterales no son adecuadas, ya que pueden dejar marcas visibles a lo largo del borde, incluso despu\u00e9s del recorte. Normalmente usamos una compuerta submarina para evitar cicatrices superficiales. Sin embargo, es importante controlar las manchas de compuerta en la superficie exterior, lo cual es m\u00e1s desafiante con ABS y PC\/ABS pero menos problem\u00e1tico con PP.<\/p>\n<h2><span style=\"color: #800080;\">Evitar el alabeo<\/span><\/h2>\n<p style=\"padding-left: 40px;\" data-start=\"26\" data-end=\"199\">Debido a que los muchos agujeros reducen la rigidez del producto, puede ocurrir alabeo durante el moldeo por inyecci\u00f3n. Para prevenirlo, se requiere un an\u00e1lisis cuidadoso de <strong>n\u00famero y ubicaci\u00f3n de compuertas<\/strong> es necesario.<\/p>\n<p style=\"padding-left: 40px;\" data-start=\"201\" data-end=\"354\">En este caso, el alabeo est\u00e1 bien controlado. La ligera curvatura visible en las fotos se debe a la <strong>forma curva 3D prevista<\/strong>, no un defecto real.<\/p>\n<figure id=\"attachment_9682\" aria-describedby=\"caption-attachment-9682\" style=\"width: 750px\" class=\"wp-caption aligncenter\"><img loading=\"lazy\" decoding=\"async\" class=\"wp-image-9682 size-full\" src=\"https:\/\/boyanmfg.com\/wp-content\/uploads\/2025\/07\/PP-Plastic-Speaker-Cover-angled-front-view.jpg\" alt=\"Vista frontal en primer plano en \u00e1ngulo de la cubierta de altavoz de pl\u00e1stico PP redonda mostrando curvatura dise\u00f1ada y superficie perforada lisa\" width=\"750\" height=\"422\" srcset=\"https:\/\/boyanmfg.com\/wp-content\/uploads\/2025\/07\/PP-Plastic-Speaker-Cover-angled-front-view.jpg 750w, https:\/\/boyanmfg.com\/wp-content\/uploads\/2025\/07\/PP-Plastic-Speaker-Cover-angled-front-view-300x169.jpg 300w, https:\/\/boyanmfg.com\/wp-content\/uploads\/2025\/07\/PP-Plastic-Speaker-Cover-angled-front-view-600x338.jpg 600w\" sizes=\"(max-width: 750px) 100vw, 750px\" \/><figcaption id=\"caption-attachment-9682\" class=\"wp-caption-text\">Primer plano frontal en \u00e1ngulo de la cubierta de altavoz de pl\u00e1stico PP redonda, destacando su curvatura dise\u00f1ada y detalles superficiales finos.<\/figcaption><\/figure>\n<figure id=\"attachment_9678\" aria-describedby=\"caption-attachment-9678\" style=\"width: 750px\" class=\"wp-caption aligncenter\"><img loading=\"lazy\" decoding=\"async\" class=\"wp-image-9678 size-full\" src=\"https:\/\/boyanmfg.com\/wp-content\/uploads\/2025\/07\/PP-Plastic-Speaker-Cover-back-view.jpg\" alt=\"Lado posterior de una cubierta de altavoz de pl\u00e1stico PP redonda, mostrando el dise\u00f1o estructural sin bordes redondeados\" width=\"750\" height=\"422\" srcset=\"https:\/\/boyanmfg.com\/wp-content\/uploads\/2025\/07\/PP-Plastic-Speaker-Cover-back-view.jpg 750w, https:\/\/boyanmfg.com\/wp-content\/uploads\/2025\/07\/PP-Plastic-Speaker-Cover-back-view-300x169.jpg 300w, https:\/\/boyanmfg.com\/wp-content\/uploads\/2025\/07\/PP-Plastic-Speaker-Cover-back-view-600x338.jpg 600w\" sizes=\"(max-width: 750px) 100vw, 750px\" \/><figcaption id=\"caption-attachment-9678\" class=\"wp-caption-text\">Vista posterior de la cubierta de altavoz de pl\u00e1stico PP redonda, mostrando su curvatura dise\u00f1ada y superficie posterior lisa y precisa.<\/figcaption><\/figure>\n<p style=\"padding-left: 40px;\" data-start=\"356\" data-end=\"473\" data-is-last-node=\"\" data-is-only-node=\"\">Las curvaturas menores tambi\u00e9n pueden corregirse durante el montaje, ya que la pieza es flexible y puede ajustarse estrechamente a la superficie de acoplamiento.<\/p>\n<h2><span style=\"color: #800080;\">Uso de un Controlador de Temperatura del Molde<\/span><\/h2>\n<p style=\"padding-left: 40px;\" data-start=\"356\" data-end=\"473\" data-is-last-node=\"\" data-is-only-node=\"\">Para lograr mejor calidad superficial y evitar defectos como l\u00edneas de soldadura y vetas plateadas, usamos un controlador de temperatura de molde durante el moldeo por inyecci\u00f3n, incluso cuando se utiliza material PP.<\/p>\n<h2><span style=\"color: #800080;\">Prevenci\u00f3n de Adherencia al Molde<\/span><\/h2>\n<p style=\"padding-left: 40px;\" data-start=\"356\" data-end=\"473\" data-is-last-node=\"\" data-is-only-node=\"\">Debido a que los agujeros de malla est\u00e1n principalmente en el molde superior y el molde inferior tiene menos nervaduras, es importante evitar que la pieza se adhiera al molde superior durante la expulsi\u00f3n. Esto se logra principalmente dise\u00f1ando \u00e1ngulos de desmoldeo apropiados.<\/p>\n<h2><span style=\"color: #800080;\">Dise\u00f1o de Expulsi\u00f3n \u2014 Pasadores Expulsores + Placa Expulsora<\/span><\/h2>\n<p style=\"padding-left: 40px;\" data-start=\"356\" data-end=\"473\" data-is-last-node=\"\" data-is-only-node=\"\">La mayor\u00eda de las cubiertas de altavoz de pl\u00e1stico utilizan una combinaci\u00f3n de pasadores expulsores y una placa expulsora. Los pasadores expulsores no pueden usarse en las \u00e1reas de malla, y en este producto, los pasadores son muy peque\u00f1os (alrededor de 0.5 mm), haci\u00e9ndolos apenas visibles en las fotos.<\/p>\n<h2><span style=\"color: #800080;\">Venteo: Funci\u00f3n de los Pasadores de Expulsi\u00f3n<\/span><\/h2>\n<p style=\"padding-left: 40px;\" data-start=\"356\" data-end=\"473\" data-is-last-node=\"\" data-is-only-node=\"\">Los pasadores expulsores no solo empujan la pieza hacia afuera, sino que tambi\u00e9n ayudan con la ventilaci\u00f3n. Debido a que la cubierta tiene muchos agujeros, el proceso de llenado es complejo y el aire puede quedar atrapado <strong>cerca de los bordes o en las \u00e1reas centrales<\/strong>. Estos espacios alrededor de los pasadores expulsores proporcionan canales de ventilaci\u00f3n.<\/p>\n<hr \/>\n<h1><span style=\"color: #800080;\">Otras Cubiertas de Altavoz de Pl\u00e1stico<\/span><\/h1>\n<h2><span style=\"color: #800080;\">Cubierta de altavoz tipo malla<\/span><\/h2>\n<figure id=\"attachment_9683\" aria-describedby=\"caption-attachment-9683\" style=\"width: 750px\" class=\"wp-caption aligncenter\"><img loading=\"lazy\" decoding=\"async\" class=\"wp-image-9683 size-full\" src=\"https:\/\/boyanmfg.com\/wp-content\/uploads\/2025\/07\/PP-Mesh-Type-Plastic-Speaker-Cover-front-view.jpg\" alt=\"Lado frontal de la cubierta de altavoz de pl\u00e1stico PP con dise\u00f1o de rejilla tipo malla, mostrando detalles finos y superficie lisa\" width=\"750\" height=\"563\" srcset=\"https:\/\/boyanmfg.com\/wp-content\/uploads\/2025\/07\/PP-Mesh-Type-Plastic-Speaker-Cover-front-view.jpg 750w, https:\/\/boyanmfg.com\/wp-content\/uploads\/2025\/07\/PP-Mesh-Type-Plastic-Speaker-Cover-front-view-300x225.jpg 300w, https:\/\/boyanmfg.com\/wp-content\/uploads\/2025\/07\/PP-Mesh-Type-Plastic-Speaker-Cover-front-view-600x450.jpg 600w\" sizes=\"(max-width: 750px) 100vw, 750px\" \/><figcaption id=\"caption-attachment-9683\" class=\"wp-caption-text\">Vista frontal de la cubierta de altavoz de pl\u00e1stico PP tipo malla, mostrando su patr\u00f3n de rejilla detallado y acabado liso.<\/figcaption><\/figure>\n<figure id=\"attachment_9684\" aria-describedby=\"caption-attachment-9684\" style=\"width: 750px\" class=\"wp-caption aligncenter\"><img loading=\"lazy\" decoding=\"async\" class=\"wp-image-9684 size-full\" src=\"https:\/\/boyanmfg.com\/wp-content\/uploads\/2025\/07\/PP-Mesh-Type-Plastic-Speaker-Cover-back-view.jpg\" alt=\"Lado posterior de la cubierta de altavoz de pl\u00e1stico PP con estructura tipo malla, mostrando nervaduras de soporte y dise\u00f1o estructural\" width=\"750\" height=\"563\" srcset=\"https:\/\/boyanmfg.com\/wp-content\/uploads\/2025\/07\/PP-Mesh-Type-Plastic-Speaker-Cover-back-view.jpg 750w, https:\/\/boyanmfg.com\/wp-content\/uploads\/2025\/07\/PP-Mesh-Type-Plastic-Speaker-Cover-back-view-300x225.jpg 300w, https:\/\/boyanmfg.com\/wp-content\/uploads\/2025\/07\/PP-Mesh-Type-Plastic-Speaker-Cover-back-view-600x450.jpg 600w\" sizes=\"(max-width: 750px) 100vw, 750px\" \/><figcaption id=\"caption-attachment-9684\" class=\"wp-caption-text\">Vista posterior de la cubierta de altavoz de pl\u00e1stico PP tipo malla, mostrando su estructura de soporte y moldeo detallado.<\/figcaption><\/figure>\n<h3><span style=\"color: #800080;\">Apariencia M\u00e1s \u00danica, Costo M\u00e1s Alto<\/span><\/h3>\n<p style=\"padding-left: 40px;\" data-start=\"356\" data-end=\"473\" data-is-last-node=\"\" data-is-only-node=\"\">Las cubiertas tipo malla ofrecen un aspecto m\u00e1s distintivo, pero requieren un procesamiento de molde m\u00e1s largo y costoso en comparaci\u00f3n con los dise\u00f1os perforados simples.<\/p>\n<h3><span style=\"color: #800080;\">Evitar da\u00f1os en nervaduras del molde<\/span><\/h3>\n<p style=\"padding-left: 40px;\" data-start=\"356\" data-end=\"473\" data-is-last-node=\"\" data-is-only-node=\"\">Las nervaduras delgadas del molde utilizadas para dise\u00f1os de malla (solo 0.4\u20130.5 mm) son fr\u00e1giles y se da\u00f1an f\u00e1cilmente durante la producci\u00f3n. Cualquier da\u00f1o requiere reparaciones que consumen tiempo, incluyendo repulido y reaplicaci\u00f3n de la textura superficial, lo que aumenta significativamente el costo y el esfuerzo.<\/p>\n<h2><span style=\"color: #800080;\">Cubierta de Altavoz ABS \u2014 Producto 1<\/span><\/h2>\n<h3><span style=\"color: #800080;\">Mayor brillo, mayor dureza y mayor costo<\/span><\/h3>\n<p style=\"padding-left: 40px;\" data-start=\"356\" data-end=\"473\" data-is-last-node=\"\" data-is-only-node=\"\">En comparaci\u00f3n con el PP, el ABS ofrece mayor brillo y mayor dureza, lo que lo hace adecuado para diferentes aplicaciones. Sin embargo, tambi\u00e9n tiene costos de producci\u00f3n m\u00e1s altos y es m\u00e1s propenso a defectos superficiales durante el moldeo.<\/p>\n<figure id=\"attachment_9686\" aria-describedby=\"caption-attachment-9686\" style=\"width: 750px\" class=\"wp-caption aligncenter\"><img loading=\"lazy\" decoding=\"async\" class=\"wp-image-9686 size-full\" src=\"https:\/\/boyanmfg.com\/wp-content\/uploads\/2025\/07\/ABS-Plastic-Speaker-Cover-1-front.jpg\" alt=\"Lado frontal de la cubierta de altavoz de pl\u00e1stico ABS con superficie de alto brillo y agujeros perforados finos\" width=\"750\" height=\"563\" srcset=\"https:\/\/boyanmfg.com\/wp-content\/uploads\/2025\/07\/ABS-Plastic-Speaker-Cover-1-front.jpg 750w, https:\/\/boyanmfg.com\/wp-content\/uploads\/2025\/07\/ABS-Plastic-Speaker-Cover-1-front-300x225.jpg 300w, https:\/\/boyanmfg.com\/wp-content\/uploads\/2025\/07\/ABS-Plastic-Speaker-Cover-1-front-600x450.jpg 600w\" sizes=\"(max-width: 750px) 100vw, 750px\" \/><figcaption id=\"caption-attachment-9686\" class=\"wp-caption-text\">Vista frontal de la cubierta de altavoz de pl\u00e1stico ABS, mostrando su superficie de alto brillo y dise\u00f1o perforado preciso.<\/figcaption><\/figure>\n<h3><span style=\"color: #800080;\">Expulsi\u00f3n: Pasadores de Expulsi\u00f3n y Placa de Expulsi\u00f3n<\/span><\/h3>\n<p style=\"padding-left: 40px;\" data-start=\"356\" data-end=\"473\" data-is-last-node=\"\" data-is-only-node=\"\">Este producto utiliza pasadores eyectores m\u00e1s grandes, por lo que las marcas de los pasadores son m\u00e1s visibles. El \u00e1rea de malla en el centro se eyecta utilizando una placa eyectora.<\/p>\n<figure id=\"attachment_9687\" aria-describedby=\"caption-attachment-9687\" style=\"width: 750px\" class=\"wp-caption aligncenter\"><img loading=\"lazy\" decoding=\"async\" class=\"wp-image-9687 size-full\" src=\"https:\/\/boyanmfg.com\/wp-content\/uploads\/2025\/07\/ABS-Plastic-Speaker-Cover-1-back.jpg\" alt=\"Lado posterior de la cubierta de altavoz de pl\u00e1stico ABS mostrando nervaduras de soporte y detalles de moldeo\" width=\"750\" height=\"562\" srcset=\"https:\/\/boyanmfg.com\/wp-content\/uploads\/2025\/07\/ABS-Plastic-Speaker-Cover-1-back.jpg 750w, https:\/\/boyanmfg.com\/wp-content\/uploads\/2025\/07\/ABS-Plastic-Speaker-Cover-1-back-300x225.jpg 300w, https:\/\/boyanmfg.com\/wp-content\/uploads\/2025\/07\/ABS-Plastic-Speaker-Cover-1-back-600x450.jpg 600w\" sizes=\"(max-width: 750px) 100vw, 750px\" \/><figcaption id=\"caption-attachment-9687\" class=\"wp-caption-text\">Vista trasera de la cubierta de altavoz de pl\u00e1stico ABS, mostrando nervaduras estructurales y marcas visibles de pasadores eyectores utilizados para la liberaci\u00f3n de la pieza durante el moldeo.<\/figcaption><\/figure>\n<h2><span style=\"color: #800080;\">Cubierta de Altavoz ABS \u2014 Producto 2<\/span><\/h2>\n<h3><span style=\"color: #800080;\">Formas Complejas y Vers\u00e1tiles<\/span><\/h3>\n<p style=\"padding-left: 40px;\" data-start=\"356\" data-end=\"473\" data-is-last-node=\"\" data-is-only-node=\"\">Este producto tiene una forma irregular, mostrando que las cubiertas de altavoz pueden fabricarse en diversas formas para satisfacer diferentes necesidades de instalaci\u00f3n.<\/p>\n<p data-start=\"356\" data-end=\"473\" data-is-last-node=\"\" data-is-only-node=\"\"><img loading=\"lazy\" decoding=\"async\" class=\"aligncenter wp-image-9689 size-full\" src=\"https:\/\/boyanmfg.com\/wp-content\/uploads\/2025\/07\/ABS-Plastic-Speaker-Cover-2-front.jpg\" alt=\"Lado frontal de la cubierta de altavoz de pl\u00e1stico ABS de forma compleja con acabado de alto brillo y agujeros perforados precisos\" width=\"750\" height=\"563\" srcset=\"https:\/\/boyanmfg.com\/wp-content\/uploads\/2025\/07\/ABS-Plastic-Speaker-Cover-2-front.jpg 750w, https:\/\/boyanmfg.com\/wp-content\/uploads\/2025\/07\/ABS-Plastic-Speaker-Cover-2-front-300x225.jpg 300w, https:\/\/boyanmfg.com\/wp-content\/uploads\/2025\/07\/ABS-Plastic-Speaker-Cover-2-front-600x450.jpg 600w\" sizes=\"(max-width: 750px) 100vw, 750px\" \/><\/p>\n<p data-start=\"356\" data-end=\"473\" data-is-last-node=\"\" data-is-only-node=\"\"><img loading=\"lazy\" decoding=\"async\" class=\"aligncenter wp-image-9688 size-full\" src=\"https:\/\/boyanmfg.com\/wp-content\/uploads\/2025\/07\/ABS-Plastic-Speaker-Cover-2-back.jpg\" alt=\"Lado posterior de la cubierta de altavoz de pl\u00e1stico ABS de forma compleja mostrando nervaduras de soporte y marcas de pasadores eyectores\" width=\"750\" height=\"563\" srcset=\"https:\/\/boyanmfg.com\/wp-content\/uploads\/2025\/07\/ABS-Plastic-Speaker-Cover-2-back.jpg 750w, https:\/\/boyanmfg.com\/wp-content\/uploads\/2025\/07\/ABS-Plastic-Speaker-Cover-2-back-300x225.jpg 300w, https:\/\/boyanmfg.com\/wp-content\/uploads\/2025\/07\/ABS-Plastic-Speaker-Cover-2-back-600x450.jpg 600w\" sizes=\"(max-width: 750px) 100vw, 750px\" \/><\/p>\n<hr \/>\n<h2><span style=\"color: #800080;\">Resumen<\/span><\/h2>\n<p style=\"padding-left: 40px;\" data-start=\"356\" data-end=\"473\" data-is-last-node=\"\" data-is-only-node=\"\">Las cubiertas de altavoz de pl\u00e1stico desempe\u00f1an un papel crucial tanto en la protecci\u00f3n de los altavoces como en su integraci\u00f3n visual en diferentes entornos. La selecci\u00f3n cuidadosa del material, el dise\u00f1o preciso del molde y los procesos de fabricaci\u00f3n controlados son esenciales para lograr un rendimiento y apariencia confiables.<\/p>","protected":false},"excerpt":{"rendered":"<p>Descripci\u00f3n general \u2014 Cubierta de altavoz de pl\u00e1stico Las cubiertas de altavoz de pl\u00e1stico son protectores con muchos orificios peque\u00f1os o patrones de malla. Protegen el altavoz del polvo y da\u00f1os, permitiendo que el sonido pase claramente. Al mismo tiempo, tambi\u00e9n a\u00f1aden un aspecto elegante al altavoz. Estas cubiertas pueden fabricarse en diversas formas, como\u2026&nbsp;<a href=\"https:\/\/boyanmfg.com\/es\/shop\/custom-plastic-speaker-cover\/\" rel=\"bookmark\">Leer M\u00e1s \u00bb<span class=\"screen-reader-text\">Cubiertas de pl\u00e1stico para altavoces - Varios materiales y dise\u00f1os<\/span><\/a><\/p>","protected":false},"featured_media":9679,"comment_status":"closed","ping_status":"closed","template":"","meta":{"neve_meta_sidebar":"","neve_meta_container":"","neve_meta_enable_content_width":"off","neve_meta_content_width":100,"neve_meta_title_alignment":"","neve_meta_author_avatar":"","neve_post_elements_order":"","neve_meta_disable_header":"","neve_meta_disable_footer":"","neve_meta_disable_title":"","neve_meta_reading_time":"","_themeisle_gutenberg_block_has_review":false},"product_brand":[],"product_cat":[54],"product_tag":[],"class_list":{"0":"post-9677","1":"product","2":"type-product","3":"status-publish","4":"has-post-thumbnail","6":"product_cat-plastic-injection-molding","8":"first","9":"instock","10":"shipping-taxable","11":"product-type-simple"},"acf":[],"_links":{"self":[{"href":"https:\/\/boyanmfg.com\/es\/wp-json\/wp\/v2\/product\/9677","targetHints":{"allow":["GET"]}}],"collection":[{"href":"https:\/\/boyanmfg.com\/es\/wp-json\/wp\/v2\/product"}],"about":[{"href":"https:\/\/boyanmfg.com\/es\/wp-json\/wp\/v2\/types\/product"}],"replies":[{"embeddable":true,"href":"https:\/\/boyanmfg.com\/es\/wp-json\/wp\/v2\/comments?post=9677"}],"wp:featuredmedia":[{"embeddable":true,"href":"https:\/\/boyanmfg.com\/es\/wp-json\/wp\/v2\/media\/9679"}],"wp:attachment":[{"href":"https:\/\/boyanmfg.com\/es\/wp-json\/wp\/v2\/media?parent=9677"}],"wp:term":[{"taxonomy":"product_brand","embeddable":true,"href":"https:\/\/boyanmfg.com\/es\/wp-json\/wp\/v2\/product_brand?post=9677"},{"taxonomy":"product_cat","embeddable":true,"href":"https:\/\/boyanmfg.com\/es\/wp-json\/wp\/v2\/product_cat?post=9677"},{"taxonomy":"product_tag","embeddable":true,"href":"https:\/\/boyanmfg.com\/es\/wp-json\/wp\/v2\/product_tag?post=9677"}],"curies":[{"name":"wp","href":"https:\/\/api.w.org\/{rel}","templated":true}]}}