{"id":2723,"date":"2021-10-11T17:27:14","date_gmt":"2021-10-11T17:27:14","guid":{"rendered":"http:\/\/boyanmfg.com\/?post_type=product&#038;p=2723"},"modified":"2021-10-11T17:27:14","modified_gmt":"2021-10-11T17:27:14","slug":"custom-sheet-metal-enclosure","status":"publish","type":"product","link":"https:\/\/boyanmfg.com\/es\/shop\/custom-sheet-metal-enclosure\/","title":{"rendered":"Cerramientos de chapa a medida"},"content":{"rendered":"<h2><span style=\"color: #800080;\">Carcasa personalizada de chapa met\u00e1lica para fuente de alimentaci\u00f3n<\/span><\/h2>\n<p>Esta es una carcasa personalizada de chapa met\u00e1lica utilizada para la fuente de alimentaci\u00f3n. El material es acero galvanizado. Hay esp\u00e1rragos y tuercas PEM montados en las placas.<\/p>\n<p><img fetchpriority=\"high\" decoding=\"async\" class=\"alignnone size-medium wp-image-2724\" src=\"https:\/\/boyanmfg.com\/wp-content\/uploads\/2021\/10\/custom-sheet-metal-enclosure-left-300x300.jpg\" alt=\"caja de chapa a medida para fuente de alimentaci\u00f3n\" width=\"300\" height=\"300\" srcset=\"https:\/\/boyanmfg.com\/wp-content\/uploads\/2021\/10\/custom-sheet-metal-enclosure-left-300x300.jpg 300w, https:\/\/boyanmfg.com\/wp-content\/uploads\/2021\/10\/custom-sheet-metal-enclosure-left-100x100.jpg 100w, https:\/\/boyanmfg.com\/wp-content\/uploads\/2021\/10\/custom-sheet-metal-enclosure-left-600x600.jpg 600w, https:\/\/boyanmfg.com\/wp-content\/uploads\/2021\/10\/custom-sheet-metal-enclosure-left-150x150.jpg 150w, https:\/\/boyanmfg.com\/wp-content\/uploads\/2021\/10\/custom-sheet-metal-enclosure-left.jpg 750w\" sizes=\"(max-width: 300px) 100vw, 300px\" \/><\/p>\n<h2><span style=\"color: #800080;\">Especificaci\u00f3n de la pieza<\/span><\/h2>\n<ul>\n<li>Dimensi\u00f3n: <strong>550*490*310mm<\/strong><\/li>\n<li>Material: <strong>Acero galvanizado, 1 mm de espesor<\/strong><\/li>\n<li>Acabado: <strong>Recubrimiento en polvo, gris claro<\/strong><\/li>\n<\/ul>\n<h2><span style=\"color: #800080;\">Rasgo cr\u00edtico<\/span><\/h2>\n<p>La estructura interior es un poco complicada, lo que requiere una fabricaci\u00f3n y montaje de mayor precisi\u00f3n. Aqu\u00ed hay 2 im\u00e1genes que muestran la vista interior de la carcasa.<\/p>\n<p><img decoding=\"async\" class=\"alignnone wp-image-2729 size-full\" src=\"https:\/\/boyanmfg.com\/wp-content\/uploads\/2021\/10\/inside-detail-custom-sheet-metal-enclosure-2.jpg\" alt=\"detalle interior de una carcasa personalizada de chapa met\u00e1lica 2\" width=\"750\" height=\"563\" srcset=\"https:\/\/boyanmfg.com\/wp-content\/uploads\/2021\/10\/inside-detail-custom-sheet-metal-enclosure-2.jpg 750w, https:\/\/boyanmfg.com\/wp-content\/uploads\/2021\/10\/inside-detail-custom-sheet-metal-enclosure-2-600x450.jpg 600w, https:\/\/boyanmfg.com\/wp-content\/uploads\/2021\/10\/inside-detail-custom-sheet-metal-enclosure-2-300x225.jpg 300w\" sizes=\"(max-width: 750px) 100vw, 750px\" \/> <img decoding=\"async\" class=\"alignnone wp-image-2728 size-full\" src=\"https:\/\/boyanmfg.com\/wp-content\/uploads\/2021\/10\/inside-detail-custom-sheet-metal-enclosure-1.jpg\" alt=\"detalle interior de una carcasa personalizada de chapa met\u00e1lica 1\" width=\"750\" height=\"563\" srcset=\"https:\/\/boyanmfg.com\/wp-content\/uploads\/2021\/10\/inside-detail-custom-sheet-metal-enclosure-1.jpg 750w, https:\/\/boyanmfg.com\/wp-content\/uploads\/2021\/10\/inside-detail-custom-sheet-metal-enclosure-1-600x450.jpg 600w, https:\/\/boyanmfg.com\/wp-content\/uploads\/2021\/10\/inside-detail-custom-sheet-metal-enclosure-1-300x225.jpg 300w\" sizes=\"(max-width: 750px) 100vw, 750px\" \/><\/p>\n<p>Hay tuercas y esp\u00e1rragos PEM instalados en la placa de montaje. La placa PCB se montar\u00e1 en esta placa de montaje.<\/p>\n<p><img loading=\"lazy\" decoding=\"async\" class=\"alignnone wp-image-2730 size-full\" src=\"https:\/\/boyanmfg.com\/wp-content\/uploads\/2021\/10\/PEM-studs-and-nuts-on-the-mounting-plate.jpg\" alt=\"Pernos y tuercas PEM en la placa de montaje\" width=\"750\" height=\"563\" srcset=\"https:\/\/boyanmfg.com\/wp-content\/uploads\/2021\/10\/PEM-studs-and-nuts-on-the-mounting-plate.jpg 750w, https:\/\/boyanmfg.com\/wp-content\/uploads\/2021\/10\/PEM-studs-and-nuts-on-the-mounting-plate-600x450.jpg 600w, https:\/\/boyanmfg.com\/wp-content\/uploads\/2021\/10\/PEM-studs-and-nuts-on-the-mounting-plate-300x225.jpg 300w\" sizes=\"(max-width: 750px) 100vw, 750px\" \/><\/p>","protected":false},"excerpt":{"rendered":"<p>Carcasa de chapa personalizada para fuente de alimentaci\u00f3n Esta es una carcasa de chapa personalizada utilizada para la fuente de alimentaci\u00f3n. El material es acero galvanizado. Hay esp\u00e1rragos y tuercas PEM montados en las placas. Especificaci\u00f3n de la pieza Dimensi\u00f3n: 550*490*310 mm Material: Acero galvanizado, 1 mm de espesor Acabado: Pintura en polvo, gris claro Caracter\u00edstica cr\u00edtica La estructura interior es una...&nbsp;<a href=\"https:\/\/boyanmfg.com\/es\/shop\/custom-sheet-metal-enclosure\/\" rel=\"bookmark\">Leer M\u00e1s \u00bb<span class=\"screen-reader-text\">Cerramientos de chapa a medida<\/span><\/a><\/p>","protected":false},"featured_media":2724,"comment_status":"closed","ping_status":"closed","template":"","meta":{"neve_meta_sidebar":"","neve_meta_container":"","neve_meta_enable_content_width":"off","neve_meta_content_width":0,"neve_meta_title_alignment":"","neve_meta_author_avatar":"","neve_post_elements_order":"","neve_meta_disable_header":"","neve_meta_disable_footer":"","neve_meta_disable_title":"","neve_meta_reading_time":"","_themeisle_gutenberg_block_has_review":false},"product_brand":[],"product_cat":[61],"product_tag":[],"class_list":{"0":"post-2723","1":"product","2":"type-product","3":"status-publish","4":"has-post-thumbnail","6":"product_cat-sheet-metal","8":"first","9":"instock","10":"shipping-taxable","11":"product-type-simple"},"acf":[],"_links":{"self":[{"href":"https:\/\/boyanmfg.com\/es\/wp-json\/wp\/v2\/product\/2723","targetHints":{"allow":["GET"]}}],"collection":[{"href":"https:\/\/boyanmfg.com\/es\/wp-json\/wp\/v2\/product"}],"about":[{"href":"https:\/\/boyanmfg.com\/es\/wp-json\/wp\/v2\/types\/product"}],"replies":[{"embeddable":true,"href":"https:\/\/boyanmfg.com\/es\/wp-json\/wp\/v2\/comments?post=2723"}],"wp:featuredmedia":[{"embeddable":true,"href":"https:\/\/boyanmfg.com\/es\/wp-json\/wp\/v2\/media\/2724"}],"wp:attachment":[{"href":"https:\/\/boyanmfg.com\/es\/wp-json\/wp\/v2\/media?parent=2723"}],"wp:term":[{"taxonomy":"product_brand","embeddable":true,"href":"https:\/\/boyanmfg.com\/es\/wp-json\/wp\/v2\/product_brand?post=2723"},{"taxonomy":"product_cat","embeddable":true,"href":"https:\/\/boyanmfg.com\/es\/wp-json\/wp\/v2\/product_cat?post=2723"},{"taxonomy":"product_tag","embeddable":true,"href":"https:\/\/boyanmfg.com\/es\/wp-json\/wp\/v2\/product_tag?post=2723"}],"curies":[{"name":"wp","href":"https:\/\/api.w.org\/{rel}","templated":true}]}}