{"id":1434,"date":"2018-07-20T14:42:03","date_gmt":"2018-07-20T14:42:03","guid":{"rendered":"http:\/\/boyanmfg.com\/?post_type=product&#038;p=1434"},"modified":"2020-01-20T15:11:38","modified_gmt":"2020-01-20T15:11:38","slug":"plastic-storage-container-with-handle","status":"publish","type":"product","link":"https:\/\/boyanmfg.com\/es\/shop\/plastic-storage-container-with-handle\/","title":{"rendered":"Contenedor de pl\u00e1stico de 15 litros con asa"},"content":{"rendered":"<h2><span style=\"color: #993366;\">Contenedor de pl\u00e1stico de 15 litros con asa<\/span><\/h2>\n<p>Este es un contenedor de almacenamiento de pl\u00e1stico con asa, el material es PP, que es el material m\u00e1s utilizado para contenedores.<\/p>\n<h2><span style=\"color: #993366;\">Especificaciones de las piezas<\/span><\/h2>\n<table border=\"1\">\n<tbody>\n<tr>\n<td>Material<\/td>\n<td>PP<\/td>\n<\/tr>\n<tr>\n<td>Tama\u00f1o (pulgadas)<\/td>\n<td>33*23*20 cm<\/td>\n<\/tr>\n<tr>\n<td>Peso (gramos)<\/td>\n<td>0.16 kg<\/td>\n<\/tr>\n<tr>\n<td>Tolerancia para la dimensi\u00f3n clave (pulgadas)<\/td>\n<td>+\/-2 mm<\/td>\n<\/tr>\n<tr>\n<td>Procesos<\/td>\n<td>Moldeo por inyecci\u00f3n<\/td>\n<\/tr>\n<\/tbody>\n<\/table>","protected":false},"excerpt":{"rendered":"<p>Contenedor de almacenamiento pl\u00e1stico con asa de 15 litros. Este es un contenedor de almacenamiento pl\u00e1stico con asa, el material es PP, que es el material m\u00e1s utilizado para contenedores. Especificaciones de la pieza: Material PP, Tama\u00f1o (pulgadas) 33*23*20 cm, Peso (gramos) 0.16 kg, Tolerancia para dimensi\u00f3n clave (pulgadas) +\/-2 mm, Procesos Moldeo por inyecci\u00f3n.<\/p>","protected":false},"featured_media":1436,"comment_status":"closed","ping_status":"closed","template":"","meta":{"neve_meta_sidebar":"","neve_meta_container":"","neve_meta_enable_content_width":"","neve_meta_content_width":0,"neve_meta_title_alignment":"","neve_meta_author_avatar":"","neve_post_elements_order":"","neve_meta_disable_header":"","neve_meta_disable_footer":"","neve_meta_disable_title":"","neve_meta_reading_time":"","_themeisle_gutenberg_block_has_review":false},"product_brand":[],"product_cat":[54],"product_tag":[],"class_list":{"0":"post-1434","1":"product","2":"type-product","3":"status-publish","4":"has-post-thumbnail","6":"product_cat-plastic-injection-molding","8":"first","9":"instock","10":"shipping-taxable","11":"product-type-simple"},"acf":[],"_links":{"self":[{"href":"https:\/\/boyanmfg.com\/es\/wp-json\/wp\/v2\/product\/1434","targetHints":{"allow":["GET"]}}],"collection":[{"href":"https:\/\/boyanmfg.com\/es\/wp-json\/wp\/v2\/product"}],"about":[{"href":"https:\/\/boyanmfg.com\/es\/wp-json\/wp\/v2\/types\/product"}],"replies":[{"embeddable":true,"href":"https:\/\/boyanmfg.com\/es\/wp-json\/wp\/v2\/comments?post=1434"}],"wp:featuredmedia":[{"embeddable":true,"href":"https:\/\/boyanmfg.com\/es\/wp-json\/wp\/v2\/media\/1436"}],"wp:attachment":[{"href":"https:\/\/boyanmfg.com\/es\/wp-json\/wp\/v2\/media?parent=1434"}],"wp:term":[{"taxonomy":"product_brand","embeddable":true,"href":"https:\/\/boyanmfg.com\/es\/wp-json\/wp\/v2\/product_brand?post=1434"},{"taxonomy":"product_cat","embeddable":true,"href":"https:\/\/boyanmfg.com\/es\/wp-json\/wp\/v2\/product_cat?post=1434"},{"taxonomy":"product_tag","embeddable":true,"href":"https:\/\/boyanmfg.com\/es\/wp-json\/wp\/v2\/product_tag?post=1434"}],"curies":[{"name":"wp","href":"https:\/\/api.w.org\/{rel}","templated":true}]}}