{"id":1376,"date":"2020-01-20T11:00:23","date_gmt":"2020-01-20T11:00:23","guid":{"rendered":"http:\/\/boyanmfg.com\/?post_type=product&#038;p=1376"},"modified":"2020-01-29T07:11:12","modified_gmt":"2020-01-29T07:11:12","slug":"big-custom-plastic-enclosure","status":"publish","type":"product","link":"https:\/\/boyanmfg.com\/es\/shop\/big-custom-plastic-enclosure\/","title":{"rendered":"Gran caja de pl\u00e1stico a medida para electrodom\u00e9sticos"},"content":{"rendered":"<h2><span style=\"color: #800080;\">Una caja de pl\u00e1stico a medida para electrodom\u00e9sticos<\/span><\/h2>\n<p>Se trata de una gran caja de pl\u00e1stico a medida utilizada para un electrodom\u00e9stico. Consta de 2 piezas: la parte superior y la base. El material es ABS.<\/p>\n<p><img fetchpriority=\"high\" decoding=\"async\" class=\"alignnone wp-image-1377 size-full\" src=\"https:\/\/boyanmfg.com\/wp-content\/uploads\/2020\/01\/custom-plastic-enclosure.jpg\" alt=\"caja grande de pl\u00e1stico a medida\" width=\"750\" height=\"750\" srcset=\"https:\/\/boyanmfg.com\/wp-content\/uploads\/2020\/01\/custom-plastic-enclosure.jpg 750w, https:\/\/boyanmfg.com\/wp-content\/uploads\/2020\/01\/custom-plastic-enclosure-300x300.jpg 300w, https:\/\/boyanmfg.com\/wp-content\/uploads\/2020\/01\/custom-plastic-enclosure-100x100.jpg 100w, https:\/\/boyanmfg.com\/wp-content\/uploads\/2020\/01\/custom-plastic-enclosure-600x600.jpg 600w, https:\/\/boyanmfg.com\/wp-content\/uploads\/2020\/01\/custom-plastic-enclosure-150x150.jpg 150w\" sizes=\"(max-width: 750px) 100vw, 750px\" \/><\/p>\n<h2><span style=\"color: #800080;\">Especificaciones de las piezas<\/span><\/h2>\n<h2><\/h2>\n<table border=\"1\">\n<tbody>\n<tr>\n<td>Material<\/td>\n<td>ABS<\/td>\n<\/tr>\n<tr>\n<td>Talla<\/td>\n<td>40*38*11,5 cm (16*15*4,6 pulgadas)<\/td>\n<\/tr>\n<tr>\n<td>Peso (para la parte superior y la base)<\/td>\n<td>1,5 kg (3,3 libras)<\/td>\n<\/tr>\n<tr>\n<td>Tolerancia para la dimensi\u00f3n clave<\/td>\n<td>+\/-0,8 mm (+\/-0,03 pulgadas)<\/td>\n<\/tr>\n<tr>\n<td>Procesos<\/td>\n<td>Moldeo por inyecci\u00f3n<\/td>\n<\/tr>\n<\/tbody>\n<\/table>\n<h2><span style=\"color: #800080;\">Precio del molde<\/span><\/h2>\n<ul>\n<li>Para la pieza superior: $12,500<\/li>\n<li>Para la pieza base: $8,000<\/li>\n<li>N\u00famero de cavidades: 1 para cada molde<\/li>\n<li>Material del molde: P20<\/li>\n<li>Plazo de entrega: 60 d\u00edas<\/li>\n<\/ul>\n<p><strong>Veamos ahora cu\u00e1les son los requisitos cr\u00edticos de calidad de este producto:<\/strong><\/p>\n<h3><span style=\"color: #800080;\">Control preciso de las dimensiones<\/span><\/h3>\n<p>Como se puede ver estas 2 partes de esta caja de pl\u00e1stico a medida se emparejan mediante la inserci\u00f3n en una ranura, y debido al gran tama\u00f1o de estas 2 partes, el lapso de la ranura es bastante grande. Esto significa que tenemos que cumplir con la tolerancia ajustada, que es de +\/-0,8 mm.<\/p>\n<p><img decoding=\"async\" class=\"alignnone wp-image-1380 size-full\" src=\"https:\/\/boyanmfg.com\/wp-content\/uploads\/2020\/01\/custom-plastic-enclosure-assembled-together.jpg\" alt=\"caja de pl\u00e1stico a medida ensamblada\" width=\"750\" height=\"750\" srcset=\"https:\/\/boyanmfg.com\/wp-content\/uploads\/2020\/01\/custom-plastic-enclosure-assembled-together.jpg 750w, https:\/\/boyanmfg.com\/wp-content\/uploads\/2020\/01\/custom-plastic-enclosure-assembled-together-300x300.jpg 300w, https:\/\/boyanmfg.com\/wp-content\/uploads\/2020\/01\/custom-plastic-enclosure-assembled-together-100x100.jpg 100w, https:\/\/boyanmfg.com\/wp-content\/uploads\/2020\/01\/custom-plastic-enclosure-assembled-together-600x600.jpg 600w, https:\/\/boyanmfg.com\/wp-content\/uploads\/2020\/01\/custom-plastic-enclosure-assembled-together-150x150.jpg 150w\" sizes=\"(max-width: 750px) 100vw, 750px\" \/><\/p>\n<h2><span style=\"color: #800080;\">Precio del molde<\/span><\/h2>\n<ul>\n<li>Para la pieza superior: $12,500<\/li>\n<li>Para la pieza base: $8,000<\/li>\n<li>N\u00famero de cavidades: 1 para cada molde<\/li>\n<li>Material del molde: P20<\/li>\n<li>Plazo de entrega: 60 d\u00edas<\/li>\n<\/ul>\n<p><strong>Veamos ahora cu\u00e1les son los requisitos cr\u00edticos de calidad de este producto:<\/strong><\/p>\n<h3><span style=\"color: #800080;\">Control preciso de las dimensiones<\/span><\/h3>\n<p>Como se puede ver estas 2 partes de esta caja de pl\u00e1stico a medida se emparejan mediante la inserci\u00f3n en una ranura, y debido al gran tama\u00f1o de estas 2 partes, el lapso de la ranura es bastante grande. Esto significa que tenemos que cumplir con la tolerancia ajustada, que es de +\/-0,8 mm.<\/p>\n<p><img decoding=\"async\" class=\"alignnone wp-image-1378 size-full\" src=\"https:\/\/boyanmfg.com\/wp-content\/uploads\/2020\/01\/2-plastic-pieces-fit-by-a-groove.jpg\" alt=\"2 piezas de pl\u00e1stico encajadas por una ranura\" width=\"750\" height=\"750\" srcset=\"https:\/\/boyanmfg.com\/wp-content\/uploads\/2020\/01\/2-plastic-pieces-fit-by-a-groove.jpg 750w, https:\/\/boyanmfg.com\/wp-content\/uploads\/2020\/01\/2-plastic-pieces-fit-by-a-groove-300x300.jpg 300w, https:\/\/boyanmfg.com\/wp-content\/uploads\/2020\/01\/2-plastic-pieces-fit-by-a-groove-100x100.jpg 100w, https:\/\/boyanmfg.com\/wp-content\/uploads\/2020\/01\/2-plastic-pieces-fit-by-a-groove-600x600.jpg 600w, https:\/\/boyanmfg.com\/wp-content\/uploads\/2020\/01\/2-plastic-pieces-fit-by-a-groove-150x150.jpg 150w\" sizes=\"(max-width: 750px) 100vw, 750px\" \/><\/p>\n<h3><span style=\"color: #800080;\">Evitar las l\u00edneas de soldadura<\/span><\/h3>\n<p>Muchos recintos de pl\u00e1stico personalizados requieren un aspecto agradable. Como hay muchos agujeros en las piezas, es f\u00e1cil tener l\u00edneas de soldadura alrededor de los agujeros. Adem\u00e1s, la base es de color negro, lo que har\u00e1 que las l\u00edneas de soldadura sean m\u00e1s visibles. Para minimizar las lineas de soldadura, calentamos la temperatura del molde a mas de 80\u2103, haciendo esto, las lineas de soldadura solo pueden ser vistas cuando se mira muy de cerca.<\/p>\n<p><img loading=\"lazy\" decoding=\"async\" class=\"alignnone wp-image-1381 size-full\" src=\"https:\/\/boyanmfg.com\/wp-content\/uploads\/2020\/01\/weld-line-around-the-hole-on-plastic-housing.jpg\" alt=\"\" width=\"750\" height=\"536\" srcset=\"https:\/\/boyanmfg.com\/wp-content\/uploads\/2020\/01\/weld-line-around-the-hole-on-plastic-housing.jpg 750w, https:\/\/boyanmfg.com\/wp-content\/uploads\/2020\/01\/weld-line-around-the-hole-on-plastic-housing-600x429.jpg 600w, https:\/\/boyanmfg.com\/wp-content\/uploads\/2020\/01\/weld-line-around-the-hole-on-plastic-housing-300x214.jpg 300w\" sizes=\"(max-width: 750px) 100vw, 750px\" \/><\/p>\n<h3><span style=\"color: #800080;\">Controlar la planitud<\/span><\/h3>\n<p>Es fundamental controlar la planitud de las piezas planas de pl\u00e1stico. Hemos comprobado la planitud de la pieza base, es de unos 3-4mm. Ciertamente, esto est\u00e1 dentro de un rango aceptable, ya que las piezas se aplanar\u00e1n cuando se aprieten con tornillos.<\/p>\n<p><img loading=\"lazy\" decoding=\"async\" class=\"alignnone wp-image-1382 size-full\" src=\"https:\/\/boyanmfg.com\/wp-content\/uploads\/2020\/01\/flatness-checking-of-a-plastic-panel.jpg\" alt=\"comprobaci\u00f3n de la planitud de un panel de pl\u00e1stico\" width=\"750\" height=\"536\" srcset=\"https:\/\/boyanmfg.com\/wp-content\/uploads\/2020\/01\/flatness-checking-of-a-plastic-panel.jpg 750w, https:\/\/boyanmfg.com\/wp-content\/uploads\/2020\/01\/flatness-checking-of-a-plastic-panel-600x429.jpg 600w, https:\/\/boyanmfg.com\/wp-content\/uploads\/2020\/01\/flatness-checking-of-a-plastic-panel-300x214.jpg 300w\" sizes=\"(max-width: 750px) 100vw, 750px\" \/><img loading=\"lazy\" decoding=\"async\" class=\"alignnone wp-image-1383 size-full\" src=\"https:\/\/boyanmfg.com\/wp-content\/uploads\/2020\/01\/flatness-checking-of-a-plastic-panel-close-view.jpg\" alt=\"comprobaci\u00f3n de la planitud de un panel de pl\u00e1stico vista de cerca\" width=\"750\" height=\"536\" srcset=\"https:\/\/boyanmfg.com\/wp-content\/uploads\/2020\/01\/flatness-checking-of-a-plastic-panel-close-view.jpg 750w, https:\/\/boyanmfg.com\/wp-content\/uploads\/2020\/01\/flatness-checking-of-a-plastic-panel-close-view-600x429.jpg 600w, https:\/\/boyanmfg.com\/wp-content\/uploads\/2020\/01\/flatness-checking-of-a-plastic-panel-close-view-300x214.jpg 300w\" sizes=\"(max-width: 750px) 100vw, 750px\" \/><\/p>\n<h2><span style=\"color: #800080;\">Moldura de inserci\u00f3n con 5 insertos met\u00e1licos<\/span><\/h2>\n<p>Hay 5 piezas de insertos de lat\u00f3n roscados moldeados en las piezas superiores. Por favor, mire las fotos de abajo:<\/p>\n<p><img loading=\"lazy\" decoding=\"async\" class=\"alignnone wp-image-1379 size-full\" src=\"https:\/\/boyanmfg.com\/wp-content\/uploads\/2020\/01\/5-metal-inserts-to-a-plastic-casing.jpg\" alt=\"5 insertos met\u00e1licos en una carcasa de pl\u00e1stico\" width=\"750\" height=\"750\" srcset=\"https:\/\/boyanmfg.com\/wp-content\/uploads\/2020\/01\/5-metal-inserts-to-a-plastic-casing.jpg 750w, https:\/\/boyanmfg.com\/wp-content\/uploads\/2020\/01\/5-metal-inserts-to-a-plastic-casing-300x300.jpg 300w, https:\/\/boyanmfg.com\/wp-content\/uploads\/2020\/01\/5-metal-inserts-to-a-plastic-casing-100x100.jpg 100w, https:\/\/boyanmfg.com\/wp-content\/uploads\/2020\/01\/5-metal-inserts-to-a-plastic-casing-600x600.jpg 600w, https:\/\/boyanmfg.com\/wp-content\/uploads\/2020\/01\/5-metal-inserts-to-a-plastic-casing-150x150.jpg 150w\" sizes=\"(max-width: 750px) 100vw, 750px\" \/> <img loading=\"lazy\" decoding=\"async\" class=\"alignnone wp-image-679 size-full\" src=\"https:\/\/boyanmfg.com\/wp-content\/uploads\/2019\/12\/brass-nut-insert-molding.jpg\" alt=\"tuercas moleteadas de lat\u00f3n muestra de moldeo por inserci\u00f3n\" width=\"750\" height=\"750\" srcset=\"https:\/\/boyanmfg.com\/wp-content\/uploads\/2019\/12\/brass-nut-insert-molding.jpg 750w, https:\/\/boyanmfg.com\/wp-content\/uploads\/2019\/12\/brass-nut-insert-molding-300x300.jpg 300w, https:\/\/boyanmfg.com\/wp-content\/uploads\/2019\/12\/brass-nut-insert-molding-100x100.jpg 100w, https:\/\/boyanmfg.com\/wp-content\/uploads\/2019\/12\/brass-nut-insert-molding-600x600.jpg 600w, https:\/\/boyanmfg.com\/wp-content\/uploads\/2019\/12\/brass-nut-insert-molding-150x150.jpg 150w\" sizes=\"(max-width: 750px) 100vw, 750px\" \/><\/p>","protected":false},"excerpt":{"rendered":"<p>Una carcasa de pl\u00e1stico personalizada para electrodom\u00e9sticos. Esta es una carcasa de pl\u00e1stico personalizada de gran tama\u00f1o utilizada para un electrodom\u00e9stico. Consta de 2 piezas: la tapa y la base. El material es ABS. Especificaciones de la pieza: Material ABS, Tama\u00f1o 40*38*11,5 cm (16*15*4,6 pulgadas), Peso (para la tapa y la base) 1,5 kg (3,3 libras), Tolerancia para...&nbsp;<a href=\"https:\/\/boyanmfg.com\/es\/shop\/big-custom-plastic-enclosure\/\" rel=\"bookmark\">Leer M\u00e1s \u00bb<span class=\"screen-reader-text\">Gran caja de pl\u00e1stico a medida para electrodom\u00e9sticos<\/span><\/a><\/p>","protected":false},"featured_media":1377,"comment_status":"closed","ping_status":"closed","template":"","meta":{"neve_meta_sidebar":"","neve_meta_container":"","neve_meta_enable_content_width":"","neve_meta_content_width":0,"neve_meta_title_alignment":"","neve_meta_author_avatar":"","neve_post_elements_order":"","neve_meta_disable_header":"","neve_meta_disable_footer":"","neve_meta_disable_title":"","neve_meta_reading_time":"","_themeisle_gutenberg_block_has_review":false},"product_brand":[],"product_cat":[54],"product_tag":[],"class_list":{"0":"post-1376","1":"product","2":"type-product","3":"status-publish","4":"has-post-thumbnail","6":"product_cat-plastic-injection-molding","8":"first","9":"instock","10":"shipping-taxable","11":"product-type-simple"},"acf":[],"_links":{"self":[{"href":"https:\/\/boyanmfg.com\/es\/wp-json\/wp\/v2\/product\/1376","targetHints":{"allow":["GET"]}}],"collection":[{"href":"https:\/\/boyanmfg.com\/es\/wp-json\/wp\/v2\/product"}],"about":[{"href":"https:\/\/boyanmfg.com\/es\/wp-json\/wp\/v2\/types\/product"}],"replies":[{"embeddable":true,"href":"https:\/\/boyanmfg.com\/es\/wp-json\/wp\/v2\/comments?post=1376"}],"wp:featuredmedia":[{"embeddable":true,"href":"https:\/\/boyanmfg.com\/es\/wp-json\/wp\/v2\/media\/1377"}],"wp:attachment":[{"href":"https:\/\/boyanmfg.com\/es\/wp-json\/wp\/v2\/media?parent=1376"}],"wp:term":[{"taxonomy":"product_brand","embeddable":true,"href":"https:\/\/boyanmfg.com\/es\/wp-json\/wp\/v2\/product_brand?post=1376"},{"taxonomy":"product_cat","embeddable":true,"href":"https:\/\/boyanmfg.com\/es\/wp-json\/wp\/v2\/product_cat?post=1376"},{"taxonomy":"product_tag","embeddable":true,"href":"https:\/\/boyanmfg.com\/es\/wp-json\/wp\/v2\/product_tag?post=1376"}],"curies":[{"name":"wp","href":"https:\/\/api.w.org\/{rel}","templated":true}]}}