{"id":1295,"date":"2020-01-20T05:51:12","date_gmt":"2020-01-20T05:51:12","guid":{"rendered":"http:\/\/boyanmfg.com\/?post_type=product&#038;p=1295"},"modified":"2023-06-02T05:45:52","modified_gmt":"2023-06-02T05:45:52","slug":"electrical-socket-cover","status":"publish","type":"product","link":"https:\/\/boyanmfg.com\/es\/shop\/electrical-socket-cover\/","title":{"rendered":"tapa de la toma de corriente"},"content":{"rendered":"<h2><span style=\"color: #993366;\">Tapa de enchufe el\u00e9ctrico<\/span><\/h2>\n<p>Esta es una cubierta para enchufe el\u00e9ctrico fabricada en ABS.<\/p>\n<p>&nbsp;<\/p>\n<p>Especificaci\u00f3n de la pieza:<\/p>\n<table border=\"1\">\n<tbody>\n<tr>\n<td>Material<\/td>\n<td>ABS<\/td>\n<\/tr>\n<tr>\n<td>Tama\u00f1o (mm)<\/td>\n<td>80*40*40mm<\/td>\n<\/tr>\n<tr>\n<td>Peso (gramos)<\/td>\n<td>15<\/td>\n<\/tr>\n<tr>\n<td>Tolerancia para la dimensi\u00f3n clave (pulgadas)<\/td>\n<td>+\/-0.4 mm<\/td>\n<\/tr>\n<tr>\n<td>Procesos<\/td>\n<td>Moldeo por inyecci\u00f3n<\/td>\n<\/tr>\n<\/tbody>\n<\/table>\n<h2><span style=\"color: #993366;\">Costo de molde: $1,960<\/span><\/h2>\n<p>Molde familiar: 1+1 cavidades<\/p>","protected":false},"excerpt":{"rendered":"<p>Cubierta de enchufe el\u00e9ctrico Esta es una cubierta de enchufe el\u00e9ctrico fabricada en ABS. Especificaci\u00f3n de la pieza: Material ABS Dimensiones (mm) 80*40*40mm Peso (gramos) 15 Tolerancia para dimensi\u00f3n clave (pulgada) +\/-0,4 mm Procesos Moldeo por inyecci\u00f3n Coste de molde: $1,960 Molde familiar: 1+1 cavidades<\/p>","protected":false},"featured_media":1296,"comment_status":"closed","ping_status":"closed","template":"","meta":{"neve_meta_sidebar":"","neve_meta_container":"","neve_meta_enable_content_width":"off","neve_meta_content_width":0,"neve_meta_title_alignment":"","neve_meta_author_avatar":"","neve_post_elements_order":"","neve_meta_disable_header":"","neve_meta_disable_footer":"","neve_meta_disable_title":"","neve_meta_reading_time":"","_themeisle_gutenberg_block_has_review":false},"product_brand":[],"product_cat":[54],"product_tag":[],"class_list":{"0":"post-1295","1":"product","2":"type-product","3":"status-publish","4":"has-post-thumbnail","6":"product_cat-plastic-injection-molding","8":"first","9":"instock","10":"shipping-taxable","11":"product-type-simple"},"acf":[],"_links":{"self":[{"href":"https:\/\/boyanmfg.com\/es\/wp-json\/wp\/v2\/product\/1295","targetHints":{"allow":["GET"]}}],"collection":[{"href":"https:\/\/boyanmfg.com\/es\/wp-json\/wp\/v2\/product"}],"about":[{"href":"https:\/\/boyanmfg.com\/es\/wp-json\/wp\/v2\/types\/product"}],"replies":[{"embeddable":true,"href":"https:\/\/boyanmfg.com\/es\/wp-json\/wp\/v2\/comments?post=1295"}],"wp:featuredmedia":[{"embeddable":true,"href":"https:\/\/boyanmfg.com\/es\/wp-json\/wp\/v2\/media\/1296"}],"wp:attachment":[{"href":"https:\/\/boyanmfg.com\/es\/wp-json\/wp\/v2\/media?parent=1295"}],"wp:term":[{"taxonomy":"product_brand","embeddable":true,"href":"https:\/\/boyanmfg.com\/es\/wp-json\/wp\/v2\/product_brand?post=1295"},{"taxonomy":"product_cat","embeddable":true,"href":"https:\/\/boyanmfg.com\/es\/wp-json\/wp\/v2\/product_cat?post=1295"},{"taxonomy":"product_tag","embeddable":true,"href":"https:\/\/boyanmfg.com\/es\/wp-json\/wp\/v2\/product_tag?post=1295"}],"curies":[{"name":"wp","href":"https:\/\/api.w.org\/{rel}","templated":true}]}}