{"id":1883,"date":"2020-02-16T16:34:29","date_gmt":"2020-02-16T16:34:29","guid":{"rendered":"http:\/\/boyanmfg.com\/?page_id=1883"},"modified":"2020-02-22T11:15:12","modified_gmt":"2020-02-22T11:15:12","slug":"inquiry-mold-cost-calculator","status":"publish","type":"page","link":"https:\/\/boyanmfg.com\/es\/inquiry-mold-cost-calculator\/","title":{"rendered":"Calculadora de costos de molde de consulta"},"content":{"rendered":"<div data-elementor-type=\"wp-page\" data-elementor-id=\"1883\" class=\"elementor elementor-1883\">\n\t\t\t\t\t\t<section class=\"elementor-section elementor-top-section elementor-element elementor-element-86b9853 elementor-section-boxed elementor-section-height-default elementor-section-height-default\" data-id=\"86b9853\" data-element_type=\"section\" data-settings='{\"background_background\":\"classic\"}'>\n\t\t\t\t\t\t\t<div class=\"elementor-background-overlay\"><\/div>\n\t\t\t\t\t\t\t<div class=\"elementor-container elementor-column-gap-default\">\n\t\t\t\t\t<div class=\"elementor-column elementor-col-100 elementor-top-column elementor-element elementor-element-fee1224\" data-id=\"fee1224\" data-element_type=\"column\">\n\t\t\t<div class=\"elementor-widget-wrap elementor-element-populated\">\n\t\t\t\t\t\t<section class=\"elementor-section elementor-inner-section elementor-element elementor-element-ae265da elementor-section-boxed elementor-section-height-default elementor-section-height-default\" data-id=\"ae265da\" data-element_type=\"section\">\n\t\t\t\t\t\t<div class=\"elementor-container elementor-column-gap-default\">\n\t\t\t\t\t<div class=\"elementor-column elementor-col-100 elementor-inner-column elementor-element elementor-element-e400e76\" data-id=\"e400e76\" data-element_type=\"column\">\n\t\t\t<div class=\"elementor-widget-wrap elementor-element-populated\">\n\t\t\t\t\t\t<div class=\"elementor-element elementor-element-2d4f0ec elementor-widget elementor-widget-heading\" data-id=\"2d4f0ec\" data-element_type=\"widget\" data-widget_type=\"heading.default\">\n\t\t\t\t<div class=\"elementor-widget-container\">\n\t\t\t\t\t<h1 class=\"elementor-heading-title elementor-size-default\">Formulario de consulta - Estimaci\u00f3n r\u00e1pida de costes de molde<\/h1>\t\t\t\t<\/div>\n\t\t\t\t<\/div>\n\t\t\t\t<div class=\"elementor-element elementor-element-2e754fc elementor-widget elementor-widget-text-editor\" data-id=\"2e754fc\" data-element_type=\"widget\" data-widget_type=\"text-editor.default\">\n\t\t\t\t<div class=\"elementor-widget-container\">\n\t\t\t\t\t\t\t\t\t<p class=\"translation-block\"><strong>Tenga en cuenta que esta estimaci\u00f3n r\u00e1pida de costos se realiza mediante una calculadora de costos de moldes. La precisi\u00f3n suele estar dentro de +\/-15%, pero no hay garant\u00eda de ello.<\/strong><\/p><p class=\"translation-block\"><strong>Si desea un precio de molde m\u00e1s preciso, por favor <a href=\"http:\/\/boyanmfg.com\/enquiry-plastic-injection-molding\/\">env\u00ede una consulta<\/a>. <\/strong><\/p>\t\t\t\t\t\t\t\t<\/div>\n\t\t\t\t<\/div>\n\t\t\t\t\t<\/div>\n\t\t<\/div>\n\t\t\t\t\t<\/div>\n\t\t<\/section>\n\t\t\t\t\t<\/div>\n\t\t<\/div>\n\t\t\t\t\t<\/div>\n\t\t<\/section>\n\t\t\t\t<section class=\"elementor-section elementor-top-section elementor-element elementor-element-8f16987 elementor-section-boxed elementor-section-height-default elementor-section-height-default\" data-id=\"8f16987\" data-element_type=\"section\" data-settings='{\"background_background\":\"classic\"}'>\n\t\t\t\t\t\t<div class=\"elementor-container elementor-column-gap-default\">\n\t\t\t\t\t<div class=\"elementor-column elementor-col-100 elementor-top-column elementor-element elementor-element-36a1e17\" data-id=\"36a1e17\" data-element_type=\"column\">\n\t\t\t<div class=\"elementor-widget-wrap elementor-element-populated\">\n\t\t\t\t\t\t<section class=\"elementor-section elementor-inner-section elementor-element elementor-element-98c933a elementor-section-boxed elementor-section-height-default elementor-section-height-default\" data-id=\"98c933a\" data-element_type=\"section\" data-settings='{\"background_background\":\"classic\"}'>\n\t\t\t\t\t\t<div class=\"elementor-container elementor-column-gap-default\">\n\t\t\t\t\t<div class=\"elementor-column elementor-col-100 elementor-inner-column elementor-element elementor-element-2ccb6ad\" data-id=\"2ccb6ad\" data-element_type=\"column\">\n\t\t\t<div class=\"elementor-widget-wrap elementor-element-populated\">\n\t\t\t\t\t\t<div class=\"elementor-element elementor-element-40e22df elementor-widget elementor-widget-heading\" data-id=\"40e22df\" data-element_type=\"widget\" data-widget_type=\"heading.default\">\n\t\t\t\t<div class=\"elementor-widget-container\">\n\t\t\t\t\t<h3 class=\"elementor-heading-title elementor-size-default\">\u00bfCu\u00e1ndo necesita una estimaci\u00f3n de costos menos precisa?<\/h3>\t\t\t\t<\/div>\n\t\t\t\t<\/div>\n\t\t\t\t<div class=\"elementor-element elementor-element-d6a65d4 elementor-widget elementor-widget-text-editor\" data-id=\"d6a65d4\" data-element_type=\"widget\" data-widget_type=\"text-editor.default\">\n\t\t\t\t<div class=\"elementor-widget-container\">\n\t\t\t\t\t\t\t\t\t<p class=\"translation-block\">Podemos hacer cotizaciones gratuitas para usted, pero el proceso no es gratuito para nosotros. Por lo general, nos lleva de media a una hora cotizar un molde. Hay ocasiones en las que no necesita una cotizaci\u00f3n precisa para su molde, <strong>como en las primeras etapas del desarrollo de su proyecto,<\/strong> entonces es una buena idea que estimemos el precio del molde con nuestra calculadora de costos de moldes, <strong>para que no tenga que esperar demasiado.<\/strong><br>Con esta calculadora de costos de moldes, podemos <strong>estimar bastante bien el costo del material<\/strong>, pero <strong>los otros costos son menos precisos<\/strong> que la estimaci\u00f3n y c\u00e1lculo humanos.<\/p>\t\t\t\t\t\t\t\t<\/div>\n\t\t\t\t<\/div>\n\t\t\t\t\t<\/div>\n\t\t<\/div>\n\t\t\t\t\t<\/div>\n\t\t<\/section>\n\t\t\t\t<section class=\"elementor-section elementor-inner-section elementor-element elementor-element-6332fbe elementor-section-boxed elementor-section-height-default elementor-section-height-default\" data-id=\"6332fbe\" data-element_type=\"section\">\n\t\t\t\t\t\t<div class=\"elementor-container elementor-column-gap-default\">\n\t\t\t\t\t<div class=\"elementor-column elementor-col-50 elementor-inner-column elementor-element elementor-element-598b97d\" data-id=\"598b97d\" data-element_type=\"column\">\n\t\t\t<div class=\"elementor-widget-wrap elementor-element-populated\">\n\t\t\t\t\t\t<div class=\"elementor-element elementor-element-0dd6f66 elementor-widget elementor-widget-text-editor\" data-id=\"0dd6f66\" data-element_type=\"widget\" data-widget_type=\"text-editor.default\">\n\t\t\t\t<div class=\"elementor-widget-container\">\n\t\t\t\t\t\t\t\t\t<p class=\"translation-block\">Si este es su caso, por favor proceda a completar el formulario a continuaci\u00f3n y cargue el dibujo (o una imagen). Si desea un presupuesto m\u00e1s preciso, haga clic en el bot\u00f3n de la derecha.<\/p>\t\t\t\t\t\t\t\t<\/div>\n\t\t\t\t<\/div>\n\t\t\t\t\t<\/div>\n\t\t<\/div>\n\t\t\t\t<div class=\"elementor-column elementor-col-50 elementor-inner-column elementor-element elementor-element-c2a31f2\" data-id=\"c2a31f2\" data-element_type=\"column\">\n\t\t\t<div class=\"elementor-widget-wrap elementor-element-populated\">\n\t\t\t\t\t\t<div class=\"elementor-element elementor-element-a0814cd elementor-align-center elementor-mobile-align-justify elementor-widget elementor-widget-button\" data-id=\"a0814cd\" data-element_type=\"widget\" data-widget_type=\"button.default\">\n\t\t\t\t<div class=\"elementor-widget-container\">\n\t\t\t\t\t\t\t\t\t<div class=\"elementor-button-wrapper\">\n\t\t\t\t\t<a class=\"elementor-button elementor-button-link elementor-size-xl\" href=\"http:\/\/boyanmfg.com\/enquiry-plastic-injection-molding\">\n\t\t\t\t\t\t<span class=\"elementor-button-content-wrapper\">\n\t\t\t\t\t\t\t\t\t<span class=\"elementor-button-text\">Enviar una solicitud<\/span>\n\t\t\t\t\t<\/span>\n\t\t\t\t\t<\/a>\n\t\t\t\t<\/div>\n\t\t\t\t\t\t\t\t<\/div>\n\t\t\t\t<\/div>\n\t\t\t\t\t<\/div>\n\t\t<\/div>\n\t\t\t\t\t<\/div>\n\t\t<\/section>\n\t\t\t\t\t<\/div>\n\t\t<\/div>\n\t\t\t\t\t<\/div>\n\t\t<\/section>\n\t\t\t\t<section class=\"elementor-section elementor-top-section elementor-element elementor-element-04a7c33 elementor-section-boxed elementor-section-height-default elementor-section-height-default\" data-id=\"04a7c33\" data-element_type=\"section\">\n\t\t\t\t\t\t<div class=\"elementor-container elementor-column-gap-default\">\n\t\t\t\t\t<div class=\"elementor-column elementor-col-100 elementor-top-column elementor-element elementor-element-2d4d59e\" data-id=\"2d4d59e\" data-element_type=\"column\">\n\t\t\t<div class=\"elementor-widget-wrap elementor-element-populated\">\n\t\t\t\t\t\t<div class=\"elementor-element elementor-element-548726d elementor-widget-divider--view-line elementor-widget elementor-widget-divider\" data-id=\"548726d\" data-element_type=\"widget\" data-widget_type=\"divider.default\">\n\t\t\t\t<div class=\"elementor-widget-container\">\n\t\t\t\t\t\t\t<div class=\"elementor-divider\">\n\t\t\t<span class=\"elementor-divider-separator\">\n\t\t\t\t\t\t<\/span>\n\t\t<\/div>\n\t\t\t\t\t\t<\/div>\n\t\t\t\t<\/div>\n\t\t\t\t<div class=\"elementor-element elementor-element-b525b33 elementor-widget elementor-widget-shortcode\" data-id=\"b525b33\" data-element_type=\"widget\" data-widget_type=\"shortcode.default\">\n\t\t\t\t<div class=\"elementor-widget-container\">\n\t\t\t\t\t\t\t<div class=\"elementor-shortcode\">\n<div class=\"wpcf7 no-js\" id=\"wpcf7-f1882-o1\" lang=\"en-US\" dir=\"ltr\" data-wpcf7-id=\"1882\">\n<div class=\"screen-reader-response\"><p role=\"status\" aria-live=\"polite\" aria-atomic=\"true\" class=\"translation-block\"><\/p> <ul><\/ul><\/div>\n<form action=\"\/es\/wp-json\/wp\/v2\/pages\/1883#wpcf7-f1882-o1\" method=\"post\" class=\"wpcf7-form init\" aria-label=\"Formulario de contacto\" enctype=\"multipart\/form-data\" novalidate=\"novalidate\" data-status=\"init\" data-trp-original-action=\"\/es\/wp-json\/wp\/v2\/pages\/1883#wpcf7-f1882-o1\">\n<fieldset class=\"hidden-fields-container\"><input type=\"hidden\" name=\"_wpcf7\" value=\"1882\"><input type=\"hidden\" name=\"_wpcf7_version\" value=\"6.1.4\"><input type=\"hidden\" name=\"_wpcf7_locale\" value=\"en_US\"><input type=\"hidden\" name=\"_wpcf7_unit_tag\" value=\"wpcf7-f1882-o1\"><input type=\"hidden\" name=\"_wpcf7_container_post\" value=\"0\"><input type=\"hidden\" name=\"_wpcf7_posted_data_hash\" value=\"\">\n<\/fieldset>\n<p class=\"translation-block\"><label> Su nombre (obligatorio)<br>\n<span class=\"wpcf7-form-control-wrap\" data-name=\"tu-nombre\"><input class=\"wpcf7-form-control wpcf7-text wpcf7-validates-as-required\" type=\"text\" name=\"tu-nombre\"><\/span> <\/label>\n<\/p>\n<p class=\"translation-block\"><label> Su correo electr\u00f3nico (obligatorio)<br>\n<span class=\"wpcf7-form-control-wrap\" data-name=\"tu-correo\"><input class=\"wpcf7-form-control wpcf7-email wpcf7-validates-as-required wpcf7-text wpcf7-validates-as-emailas-required wpcf7-text wpcf7-validates-as-email\" type=\"email\" name=\"your-email\"><\/span> <\/label>\n<\/p>\n<p class=\"translation-block\"><label> Asunto<br>\n<span class=\"wpcf7-form-control-wrap\" data-name=\"tu-asunto\"><input class=\"wpcf7-form-control wpcf7-text\" type=\"text\" name=\"tu-asunto\"><\/span> <\/label>\n<\/p>\n<p class=\"translation-block\">(La siguiente informaci\u00f3n es opcional pero definitivamente \u00fatil)<br>\nDimensiones de la pieza (en mm por favor):<br>\nLongitud<span class=\"wpcf7-form-control-wrap\" data-name=\"number-839\"><input class=\"wpcf7-form-control wpcf7-number wpcf7-validates-as-number\" type=\"number\" name=\"number-839\"><\/span> Ancho<span class=\"wpcf7-form-control-wrap\" data-name=\"number-840\"><input class=\"wpcf7-form-control wpcf7-number wpcf7-validates-as-number\" type=\"number\" name=\"number-840\"><\/span> Altura<span class=\"wpcf7-form-control-wrap\" data-name=\"number-841\"><input class=\"wpcf7-form-control wpcf7-number wpcf7-validates-as-number\" type=\"number\" name=\"number-841\"><\/span>\n<\/p>\n<p class=\"translation-block\">\u00bfCu\u00e1l es la cantidad anual estimada (EAU)?<br>\n<span class=\"wpcf7-form-control-wrap\" data-name=\"checkbox-733\"><span class=\"wpcf7-form-control wpcf7-checkbox wpcf7-exclusive-checkbox\"><span class=\"wpcf7-list-item first\"><input type=\"checkbox\" name=\"checkbox-733\"><span class=\"wpcf7-list-item-label\">Menos de 3,000<\/span><\/span><span class=\"wpcf7-list-item\"><input type=\"checkbox\" name=\"checkbox-733\"><span class=\"wpcf7-list-item-label\">3,000 a 10,000<\/span><\/span><span class=\"wpcf7-list-item\"><input type=\"checkbox\" name=\"checkbox-733\"><span class=\"wpcf7-list-item-label\">10,000 a 50,000<\/span><\/span><span class=\"wpcf7-list-item last\"><input type=\"checkbox\" name=\"checkbox-733\"><span class=\"wpcf7-list-item-label\">M\u00e1s de 50,000<\/span><\/span><\/span><\/span>\n<\/p>\n<p class=\"translation-block\">\u00bfCu\u00e1l es el material de su producto?<br>\n<span class=\"wpcf7-form-control-wrap\" data-name=\"checkbox-567\"><span class=\"wpcf7-form-control wpcf7-checkbox\"><span class=\"wpcf7-list-item first\"><input type=\"checkbox\" name=\"checkbox-567[]\"><span class=\"wpcf7-list-item-label\">PP<\/span><\/span><span class=\"wpcf7-list-item\"><input type=\"checkbox\" name=\"checkbox-567[]\"><span class=\"wpcf7-list-item-label\">ABS<\/span><\/span><span class=\"wpcf7-list-item\"><input type=\"checkbox\" name=\"checkbox-567[]\"><span class=\"wpcf7-list-item-label\">PA+GF<\/span><\/span><span class=\"wpcf7-list-item\"><input type=\"checkbox\" name=\"checkbox-567[]\"><span class=\"wpcf7-list-item-label\">PC<\/span><\/span><span class=\"wpcf7-list-item\"><input type=\"checkbox\" name=\"checkbox-567[]\"><span class=\"wpcf7-list-item-label\">PC\/ABS<\/span><\/span><span class=\"wpcf7-list-item\"><input type=\"checkbox\" name=\"checkbox-567[]\"><span class=\"wpcf7-list-item-label\">Otros<\/span><\/span><span class=\"wpcf7-list-item last\"><input type=\"checkbox\" name=\"checkbox-567[]\"><span class=\"wpcf7-list-item-label\">Necesito asesoramiento<\/span><\/span><\/span><\/span>\n<\/p>\n<p class=\"translation-block\">\u00bfSu pieza requiere tolerancias dimensionales o geom\u00e9tricas ajustadas?<br>\n<span class=\"wpcf7-form-control-wrap\" data-name=\"checkbox-183\"><span class=\"wpcf7-form-control wpcf7-checkbox\"><span class=\"wpcf7-list-item first\"><input type=\"checkbox\" name=\"checkbox-183[]\"><span class=\"wpcf7-list-item-label\">S\u00ed, tolerancia ajustada<\/span><\/span><span class=\"wpcf7-list-item last\"><input type=\"checkbox\" name=\"checkbox-183[]\"><span class=\"wpcf7-list-item-label\">No<\/span><\/span><\/span><\/span>\n<\/p>\n<p class=\"translation-block\">\u00bfSu pieza tiene requisitos est\u00e9ticos?<br>\n<span class=\"wpcf7-form-control-wrap\" data-name=\"checkbox-566\"><span class=\"wpcf7-form-control wpcf7-checkbox wpcf7-exclusive-checkbox\"><span class=\"wpcf7-list-item first\"><input type=\"checkbox\" name=\"checkbox-566\"><span class=\"wpcf7-list-item-label\">No es una gran preocupaci\u00f3n<\/span><\/span><span class=\"wpcf7-list-item\"><input type=\"checkbox\" name=\"checkbox-566\"><span class=\"wpcf7-list-item-label\">Requisitos est\u00e9ticos medios<\/span><\/span><span class=\"wpcf7-list-item last\"><input type=\"checkbox\" name=\"checkbox-566\"><span class=\"wpcf7-list-item-label\">Requisitos est\u00e9ticos muy altos<\/span><\/span><\/span><\/span>\n<\/p>\n<p class=\"translation-block\"><label> Su mensaje<br>\n<span class=\"wpcf7-form-control-wrap\" data-name=\"tu-mensaje\"><textarea cols=\"40\" rows=\"10\" class=\"wpcf7-form-control wpcf7-textarea\" name=\"tu-mensaje\"><\/textarea><\/span> <\/label>\n<\/p>\n<p class=\"translation-block\"><label> Subir archivo (se recomienda enviar los archivos por correo electr\u00f3nico)<br>\n<span class=\"wpcf7-form-control-wrap\" data-name=\"file-4\"><input class=\"wpcf7-form-control wpcf7-file\" type=\"file\" name=\"file-4\"><\/span><\/label>\n<\/p>\n<p class=\"translation-block\">Input this code: <input type=\"hidden\" name=\"_wpcf7_captcha_challenge_captcha-778\" value=\"2344920628\"><img decoding=\"async\" class=\"wpcf7-form-control wpcf7-captchac wpcf7-captcha-captcha-778\" width=\"60\" height=\"20\" alt=\"captcha\" src=\"https:\/\/boyanmfg.com\/wp-content\/uploads\/wpcf7_captcha\/2344920628.png\"><br>\n<span class=\"wpcf7-form-control-wrap\" data-name=\"captcha-778\"><input size=\"4\" maxlength=\"4\" class=\"wpcf7-form-control wpcf7-captchar\" autocomplete=\"off\" aria-invalid=\"false\" value=\"\" type=\"text\" name=\"captcha-778\"><\/span>\n<\/p>\n<p class=\"translation-block\"><input class=\"wpcf7-form-control wpcf7-submit has-spinner\" type=\"submit\" value=\"Send\">\n<\/p><p style=\"display: none !important;\" class=\"akismet-fields-container translation-block\" data-prefix=\"_wpcf7_ak_\"><label>\u0394<textarea name=\"_wpcf7_ak_hp_textarea\" cols=\"45\" rows=\"8\" maxlength=\"100\"><\/textarea><\/label><input type=\"hidden\" id=\"ak_js_1\" name=\"_wpcf7_ak_js\" value=\"124\"><script>document.getElementById( \"ak_js_1\" ).setAttribute( \"value\", ( new Date() ).getTime() );<\/script><\/p><div class=\"wpcf7-response-output\" aria-hidden=\"true\"><\/div>\n<input type=\"hidden\" name=\"trp-form-language\" value=\"es\"\/><\/form>\n<\/div>\n<\/div>\n\t\t\t\t\t\t<\/div>\n\t\t\t\t<\/div>\n\t\t\t\t\t<\/div>\n\t\t<\/div>\n\t\t\t\t\t<\/div>\n\t\t<\/section>\n\t\t\t\t<section class=\"elementor-section elementor-top-section elementor-element elementor-element-bc0a8e3 elementor-section-boxed elementor-section-height-default elementor-section-height-default\" data-id=\"bc0a8e3\" data-element_type=\"section\">\n\t\t\t\t\t\t<div class=\"elementor-container elementor-column-gap-default\">\n\t\t\t\t\t<div class=\"elementor-column elementor-col-100 elementor-top-column elementor-element elementor-element-ff7002a\" data-id=\"ff7002a\" data-element_type=\"column\">\n\t\t\t<div class=\"elementor-widget-wrap elementor-element-populated\">\n\t\t\t\t\t\t<div class=\"elementor-element elementor-element-44fe4dd elementor-widget-divider--view-line elementor-widget elementor-widget-divider\" data-id=\"44fe4dd\" data-element_type=\"widget\" data-widget_type=\"divider.default\">\n\t\t\t\t<div class=\"elementor-widget-container\">\n\t\t\t\t\t\t\t<div class=\"elementor-divider\">\n\t\t\t<span class=\"elementor-divider-separator\">\n\t\t\t\t\t\t<\/span>\n\t\t<\/div>\n\t\t\t\t\t\t<\/div>\n\t\t\t\t<\/div>\n\t\t\t\t<div class=\"elementor-element elementor-element-e62a981 elementor-widget elementor-widget-heading\" data-id=\"e62a981\" data-element_type=\"widget\" data-widget_type=\"heading.default\">\n\t\t\t\t<div class=\"elementor-widget-container\">\n\t\t\t\t\t<h3 class=\"elementor-heading-title elementor-size-default\">Ejemplos de informes de estimaci\u00f3n de costes de molde<\/h3>\t\t\t\t<\/div>\n\t\t\t\t<\/div>\n\t\t\t\t<section class=\"elementor-section elementor-inner-section elementor-element elementor-element-be82ece elementor-section-boxed elementor-section-height-default elementor-section-height-default\" data-id=\"be82ece\" data-element_type=\"section\">\n\t\t\t\t\t\t<div class=\"elementor-container elementor-column-gap-default\">\n\t\t\t\t\t<div class=\"elementor-column elementor-col-50 elementor-inner-column elementor-element elementor-element-dbebb4a\" data-id=\"dbebb4a\" data-element_type=\"column\">\n\t\t\t<div class=\"elementor-widget-wrap elementor-element-populated\">\n\t\t\t\t\t\t<div class=\"elementor-element elementor-element-4c32785 elementor-widget elementor-widget-heading\" data-id=\"4c32785\" data-element_type=\"widget\" data-widget_type=\"heading.default\">\n\t\t\t\t<div class=\"elementor-widget-container\">\n\t\t\t\t\t<h3 class=\"elementor-heading-title elementor-size-default\">Ejemplo 1<\/h3>\t\t\t\t<\/div>\n\t\t\t\t<\/div>\n\t\t\t\t<div class=\"elementor-element elementor-element-d6066c8 elementor-widget elementor-widget-image\" data-id=\"d6066c8\" data-element_type=\"widget\" data-widget_type=\"image.default\">\n\t\t\t\t<div class=\"elementor-widget-container\">\n\t\t\t\t\t\t\t\t\t\t\t\t\t\t\t<img fetchpriority=\"high\" decoding=\"async\" width=\"400\" height=\"176\" src=\"https:\/\/boyanmfg.com\/wp-content\/uploads\/2020\/01\/mold-cost-calculation-sample-1.jpg\" class=\"attachment-large size-large wp-image-1893\" alt=\"muestra 1 utilizada para el c\u00e1lculo del coste del molde\" srcset=\"https:\/\/boyanmfg.com\/wp-content\/uploads\/2020\/01\/mold-cost-calculation-sample-1.jpg 400w, https:\/\/boyanmfg.com\/wp-content\/uploads\/2020\/01\/mold-cost-calculation-sample-1-300x132.jpg 300w\" sizes=\"(max-width: 400px) 100vw, 400px\">\t\t\t\t\t\t\t\t\t\t\t\t\t\t\t<\/div>\n\t\t\t\t<\/div>\n\t\t\t\t<div class=\"elementor-element elementor-element-f26252d elementor-widget elementor-widget-image\" data-id=\"f26252d\" data-element_type=\"widget\" data-widget_type=\"image.default\">\n\t\t\t\t<div class=\"elementor-widget-container\">\n\t\t\t\t\t\t\t\t\t\t\t\t\t\t\t<img decoding=\"async\" width=\"400\" height=\"467\" src=\"https:\/\/boyanmfg.com\/wp-content\/uploads\/2020\/01\/mold-cost-calculator-result-example-2.jpg\" class=\"attachment-large size-large wp-image-1898\" alt=\"ejemplo 2 de resultado de la calculadora de costes de molde\" srcset=\"https:\/\/boyanmfg.com\/wp-content\/uploads\/2020\/01\/mold-cost-calculator-result-example-2.jpg 400w, https:\/\/boyanmfg.com\/wp-content\/uploads\/2020\/01\/mold-cost-calculator-result-example-2-257x300.jpg 257w\" sizes=\"(max-width: 400px) 100vw, 400px\">\t\t\t\t\t\t\t\t\t\t\t\t\t\t\t<\/div>\n\t\t\t\t<\/div>\n\t\t\t\t\t<\/div>\n\t\t<\/div>\n\t\t\t\t<div class=\"elementor-column elementor-col-50 elementor-inner-column elementor-element elementor-element-c44151c\" data-id=\"c44151c\" data-element_type=\"column\">\n\t\t\t<div class=\"elementor-widget-wrap elementor-element-populated\">\n\t\t\t\t\t\t<div class=\"elementor-element elementor-element-64a148a elementor-widget elementor-widget-heading\" data-id=\"64a148a\" data-element_type=\"widget\" data-widget_type=\"heading.default\">\n\t\t\t\t<div class=\"elementor-widget-container\">\n\t\t\t\t\t<h3 class=\"elementor-heading-title elementor-size-default\">Ejemplo 2<\/h3>\t\t\t\t<\/div>\n\t\t\t\t<\/div>\n\t\t\t\t<div class=\"elementor-element elementor-element-a0944e0 elementor-widget elementor-widget-image\" data-id=\"a0944e0\" data-element_type=\"widget\" data-widget_type=\"image.default\">\n\t\t\t\t<div class=\"elementor-widget-container\">\n\t\t\t\t\t\t\t\t\t\t\t\t\t\t\t<img loading=\"lazy\" decoding=\"async\" width=\"400\" height=\"230\" src=\"https:\/\/boyanmfg.com\/wp-content\/uploads\/2020\/01\/mold-cost-calculation-sample-2.jpg\" class=\"attachment-large size-large wp-image-1894\" alt=\"muestra 2 utilizada para el c\u00e1lculo del coste del molde\" srcset=\"https:\/\/boyanmfg.com\/wp-content\/uploads\/2020\/01\/mold-cost-calculation-sample-2.jpg 400w, https:\/\/boyanmfg.com\/wp-content\/uploads\/2020\/01\/mold-cost-calculation-sample-2-300x173.jpg 300w\" sizes=\"(max-width: 400px) 100vw, 400px\">\t\t\t\t\t\t\t\t\t\t\t\t\t\t\t<\/div>\n\t\t\t\t<\/div>\n\t\t\t\t<div class=\"elementor-element elementor-element-4c129f1 elementor-widget elementor-widget-image\" data-id=\"4c129f1\" data-element_type=\"widget\" data-widget_type=\"image.default\">\n\t\t\t\t<div class=\"elementor-widget-container\">\n\t\t\t\t\t\t\t\t\t\t\t\t\t\t\t<img loading=\"lazy\" decoding=\"async\" width=\"400\" height=\"467\" src=\"https:\/\/boyanmfg.com\/wp-content\/uploads\/2020\/01\/mold-cost-calculator-result-example-1.jpg\" class=\"attachment-large size-large wp-image-1899\" alt=\"ejemplo 1 de resultado de la calculadora de costes de molde\" srcset=\"https:\/\/boyanmfg.com\/wp-content\/uploads\/2020\/01\/mold-cost-calculator-result-example-1.jpg 400w, https:\/\/boyanmfg.com\/wp-content\/uploads\/2020\/01\/mold-cost-calculator-result-example-1-257x300.jpg 257w\" sizes=\"(max-width: 400px) 100vw, 400px\">\t\t\t\t\t\t\t\t\t\t\t\t\t\t\t<\/div>\n\t\t\t\t<\/div>\n\t\t\t\t\t<\/div>\n\t\t<\/div>\n\t\t\t\t\t<\/div>\n\t\t<\/section>\n\t\t\t\t\t<\/div>\n\t\t<\/div>\n\t\t\t\t\t<\/div>\n\t\t<\/section>\n\t\t\t\t<\/div>","protected":false},"excerpt":{"rendered":"<p>Formulario de consulta: estimaci\u00f3n r\u00e1pida de costos de moldes. Tenga en cuenta que esta estimaci\u00f3n r\u00e1pida de costos se realiza mediante una calculadora de costos de moldes. La precisi\u00f3n suele estar dentro de +\/-15%, pero no hay garant\u00eda de ello. Si desea un precio de molde m\u00e1s preciso, env\u00ede una consulta. \u00bfCu\u00e1ndo necesita una estimaci\u00f3n de costos menos precisa? Podemos hacer...&nbsp;<a href=\"https:\/\/boyanmfg.com\/es\/inquiry-mold-cost-calculator\/\" rel=\"bookmark\">Leer M\u00e1s \u00bb<span class=\"screen-reader-text\">Calculadora de costos de molde de consulta<\/span><\/a><\/p>","protected":false},"author":1,"featured_media":0,"parent":0,"menu_order":0,"comment_status":"closed","ping_status":"closed","template":"page-templates\/template-pagebuilder-full-width.php","meta":{"neve_meta_sidebar":"full-width","neve_meta_container":"","neve_meta_enable_content_width":"on","neve_meta_content_width":100,"neve_meta_title_alignment":"","neve_meta_author_avatar":"","neve_post_elements_order":"","neve_meta_disable_header":"","neve_meta_disable_footer":"","neve_meta_disable_title":"","neve_meta_reading_time":"","_themeisle_gutenberg_block_has_review":false,"footnotes":""},"class_list":["post-1883","page","type-page","status-publish","hentry"],"acf":[],"_links":{"self":[{"href":"https:\/\/boyanmfg.com\/es\/wp-json\/wp\/v2\/pages\/1883","targetHints":{"allow":["GET"]}}],"collection":[{"href":"https:\/\/boyanmfg.com\/es\/wp-json\/wp\/v2\/pages"}],"about":[{"href":"https:\/\/boyanmfg.com\/es\/wp-json\/wp\/v2\/types\/page"}],"author":[{"embeddable":true,"href":"https:\/\/boyanmfg.com\/es\/wp-json\/wp\/v2\/users\/1"}],"replies":[{"embeddable":true,"href":"https:\/\/boyanmfg.com\/es\/wp-json\/wp\/v2\/comments?post=1883"}],"version-history":[{"count":0,"href":"https:\/\/boyanmfg.com\/es\/wp-json\/wp\/v2\/pages\/1883\/revisions"}],"wp:attachment":[{"href":"https:\/\/boyanmfg.com\/es\/wp-json\/wp\/v2\/media?parent=1883"}],"curies":[{"name":"wp","href":"https:\/\/api.w.org\/{rel}","templated":true}]}}