{"id":1277,"date":"2020-01-20T03:34:10","date_gmt":"2020-01-20T03:34:10","guid":{"rendered":"http:\/\/boyanmfg.com\/?page_id=1277"},"modified":"2023-09-22T02:19:09","modified_gmt":"2023-09-22T02:19:09","slug":"enquiry-plastic-injection-molding","status":"publish","type":"page","link":"https:\/\/boyanmfg.com\/es\/enquiry-plastic-injection-molding\/","title":{"rendered":"Consulta - moldeo por inyecci\u00f3n de pl\u00e1stico"},"content":{"rendered":"<div data-elementor-type=\"wp-page\" data-elementor-id=\"1277\" class=\"elementor elementor-1277\">\n\t\t\t\t\t\t<section class=\"elementor-section elementor-top-section elementor-element elementor-element-3d22583 elementor-section-boxed elementor-section-height-default elementor-section-height-default\" data-id=\"3d22583\" data-element_type=\"section\" data-settings='{\"background_background\":\"classic\"}'>\n\t\t\t\t\t\t\t<div class=\"elementor-background-overlay\"><\/div>\n\t\t\t\t\t\t\t<div class=\"elementor-container elementor-column-gap-default\">\n\t\t\t\t\t<div class=\"elementor-column elementor-col-100 elementor-top-column elementor-element elementor-element-65c3348\" data-id=\"65c3348\" data-element_type=\"column\" data-settings='{\"background_background\":\"classic\"}'>\n\t\t\t<div class=\"elementor-widget-wrap elementor-element-populated\">\n\t\t\t\t\t\t<section class=\"elementor-section elementor-inner-section elementor-element elementor-element-4fd38aa elementor-section-boxed elementor-section-height-default elementor-section-height-default\" data-id=\"4fd38aa\" data-element_type=\"section\">\n\t\t\t\t\t\t<div class=\"elementor-container elementor-column-gap-default\">\n\t\t\t\t\t<div class=\"elementor-column elementor-col-50 elementor-inner-column elementor-element elementor-element-ea82e31\" data-id=\"ea82e31\" data-element_type=\"column\">\n\t\t\t<div class=\"elementor-widget-wrap elementor-element-populated\">\n\t\t\t\t\t\t<div class=\"elementor-element elementor-element-c472f27 elementor-widget elementor-widget-heading\" data-id=\"c472f27\" data-element_type=\"widget\" data-widget_type=\"heading.default\">\n\t\t\t\t<div class=\"elementor-widget-container\">\n\t\t\t\t\t<h1 class=\"elementor-heading-title elementor-size-default\">Formulario de Consulta - Moldeo Pl\u00e1stico<\/h1>\t\t\t\t<\/div>\n\t\t\t\t<\/div>\n\t\t\t\t<div class=\"elementor-element elementor-element-0058e15 elementor-widget elementor-widget-text-editor\" data-id=\"0058e15\" data-element_type=\"widget\" data-widget_type=\"text-editor.default\">\n\t\t\t\t<div class=\"elementor-widget-container\">\n\t\t\t\t\t\t\t\t\t<p class=\"translation-block\">Por favor, complete el formulario y proporci\u00f3nenos la mayor cantidad de informaci\u00f3n posible.<\/p><p class=\"translation-block\">Tenga en cuenta: solo puede cargar un archivo con este formulario de contacto. Si tiene varios archivos para enviar, por favor <a href=\"mailto:info1@boyanmfg.com\">env\u00ede un correo electr\u00f3nico <\/a>en su lugar, asegur\u00e1ndose de incluir la informaci\u00f3n necesaria que se detalla a continuaci\u00f3n.<\/p>\t\t\t\t\t\t\t\t<\/div>\n\t\t\t\t<\/div>\n\t\t\t\t\t<\/div>\n\t\t<\/div>\n\t\t\t\t<div class=\"elementor-column elementor-col-50 elementor-inner-column elementor-element elementor-element-6dc112f\" data-id=\"6dc112f\" data-element_type=\"column\">\n\t\t\t<div class=\"elementor-widget-wrap elementor-element-populated\">\n\t\t\t\t\t\t<div class=\"elementor-element elementor-element-aa6d324 elementor-align-right elementor-widget elementor-widget-button\" data-id=\"aa6d324\" data-element_type=\"widget\" data-widget_type=\"button.default\">\n\t\t\t\t<div class=\"elementor-widget-container\">\n\t\t\t\t\t\t\t\t\t<div class=\"elementor-button-wrapper\">\n\t\t\t\t\t<a class=\"elementor-button elementor-button-link elementor-size-md\" href=\"mailto:info1@boyanmfg.com\">\n\t\t\t\t\t\t<span class=\"elementor-button-content-wrapper\">\n\t\t\t\t\t\t<span class=\"elementor-button-icon\">\n\t\t\t\t<i aria-hidden=\"true\" class=\"far fa-envelope\"><\/i>\t\t\t<\/span>\n\t\t\t\t\t\t\t\t\t<span class=\"elementor-button-text\">Env\u00edenos un correo electr\u00f3nico<\/span>\n\t\t\t\t\t<\/span>\n\t\t\t\t\t<\/a>\n\t\t\t\t<\/div>\n\t\t\t\t\t\t\t\t<\/div>\n\t\t\t\t<\/div>\n\t\t\t\t\t<\/div>\n\t\t<\/div>\n\t\t\t\t\t<\/div>\n\t\t<\/section>\n\t\t\t\t\t<\/div>\n\t\t<\/div>\n\t\t\t\t\t<\/div>\n\t\t<\/section>\n\t\t\t\t<section class=\"elementor-section elementor-top-section elementor-element elementor-element-b403c00 elementor-section-boxed elementor-section-height-default elementor-section-height-default\" data-id=\"b403c00\" data-element_type=\"section\" data-settings='{\"background_background\":\"classic\"}'>\n\t\t\t\t\t\t\t<div class=\"elementor-background-overlay\"><\/div>\n\t\t\t\t\t\t\t<div class=\"elementor-container elementor-column-gap-default\">\n\t\t\t\t\t<div class=\"elementor-column elementor-col-100 elementor-top-column elementor-element elementor-element-8036fff\" data-id=\"8036fff\" data-element_type=\"column\">\n\t\t\t<div class=\"elementor-widget-wrap elementor-element-populated\">\n\t\t\t\t\t\t<div class=\"elementor-element elementor-element-96b5bc4 elementor-widget elementor-widget-shortcode\" data-id=\"96b5bc4\" data-element_type=\"widget\" data-widget_type=\"shortcode.default\">\n\t\t\t\t<div class=\"elementor-widget-container\">\n\t\t\t\t\t\t\t<div class=\"elementor-shortcode\">\n<div class=\"wpcf7 no-js\" id=\"wpcf7-f4163-o1\" lang=\"en-US\" dir=\"ltr\" data-wpcf7-id=\"4163\">\n<div class=\"screen-reader-response\"><p role=\"status\" aria-live=\"polite\" aria-atomic=\"true\" class=\"translation-block\"><\/p> <ul><\/ul><\/div>\n<form action=\"\/es\/wp-json\/wp\/v2\/pages\/1277#wpcf7-f4163-o1\" method=\"post\" class=\"wpcf7-form init\" aria-label=\"Formulario de contacto\" enctype=\"multipart\/form-data\" novalidate=\"novalidate\" data-status=\"init\" data-trp-original-action=\"\/es\/wp-json\/wp\/v2\/pages\/1277#wpcf7-f4163-o1\">\n<fieldset class=\"hidden-fields-container\"><input type=\"hidden\" name=\"_wpcf7\" value=\"4163\"><input type=\"hidden\" name=\"_wpcf7_version\" value=\"6.1.4\"><input type=\"hidden\" name=\"_wpcf7_locale\" value=\"en_US\"><input type=\"hidden\" name=\"_wpcf7_unit_tag\" value=\"wpcf7-f4163-o1\"><input type=\"hidden\" name=\"_wpcf7_container_post\" value=\"0\"><input type=\"hidden\" name=\"_wpcf7_posted_data_hash\" value=\"\">\n<\/fieldset>\n<p class=\"translation-block\"><label> Su nombre (obligatorio)<br>\n<span class=\"wpcf7-form-control-wrap\" data-name=\"tu-nombre\"><input class=\"wpcf7-form-control wpcf7-text wpcf7-validates-as-required\" type=\"text\" name=\"tu-nombre\"><\/span> <\/label>\n<\/p>\n<p class=\"translation-block\"><label> Su correo electr\u00f3nico (obligatorio)<br>\n<span class=\"wpcf7-form-control-wrap\" data-name=\"tu-correo\"><input class=\"wpcf7-form-control wpcf7-email wpcf7-validates-as-required wpcf7-text wpcf7-validates-as-emailas-required wpcf7-text wpcf7-validates-as-email\" type=\"email\" name=\"your-email\"><\/span> <\/label>\n<\/p>\n<p class=\"translation-block\"><label> Asunto<br>\n<span class=\"wpcf7-form-control-wrap\" data-name=\"tu-asunto\"><input class=\"wpcf7-form-control wpcf7-text\" type=\"text\" name=\"tu-asunto\"><\/span> <\/label>\n<\/p>\n<p class=\"translation-block\">(La informaci\u00f3n que figura a continuaci\u00f3n es opcional, pero sin duda \u00fatil)\n<\/p>\n<p class=\"translation-block\">Cantidad estimada para el primer pedido de producci\u00f3n<br>\n<span class=\"wpcf7-form-control-wrap\" data-name=\"checkbox-508\"><span class=\"wpcf7-form-control wpcf7-checkbox wpcf7-exclusive-checkbox\"><span class=\"wpcf7-list-item first\"><input type=\"checkbox\" name=\"checkbox-508\"><span class=\"wpcf7-list-item-label\">Menos de 1.000<\/span><\/span><span class=\"wpcf7-list-item\"><input type=\"checkbox\" name=\"checkbox-508\"><span class=\"wpcf7-list-item-label\">1.000 a 5.000<\/span><\/span><span class=\"wpcf7-list-item last\"><input type=\"checkbox\" name=\"checkbox-508\"><span class=\"wpcf7-list-item-label\">M\u00e1s de 5.000<\/span><\/span><\/span><\/span>\n<\/p>\n<p class=\"translation-block\">\u00bfCantidad anual estimada (EAU)?<br>\n<span class=\"wpcf7-form-control-wrap\" data-name=\"checkbox-733\"><span class=\"wpcf7-form-control wpcf7-checkbox wpcf7-exclusive-checkbox\"><span class=\"wpcf7-list-item first\"><input type=\"checkbox\" name=\"checkbox-733\"><span class=\"wpcf7-list-item-label\">Menos de 3.000<\/span><\/span><span class=\"wpcf7-list-item\"><input type=\"checkbox\" name=\"checkbox-733\"><span class=\"wpcf7-list-item-label\">3.000 a 10.000<\/span><\/span><span class=\"wpcf7-list-item\"><input type=\"checkbox\" name=\"checkbox-733\"><span class=\"wpcf7-list-item-label\">10.000 a 50.000<\/span><\/span><span class=\"wpcf7-list-item last\"><input type=\"checkbox\" name=\"checkbox-733\"><span class=\"wpcf7-list-item-label\">M\u00e1s de 50.000<\/span><\/span><\/span><\/span>\n<\/p>\n<p class=\"translation-block\">\u00bfDesea piezas de pl\u00e1stico o el molde de inyecci\u00f3n?<br>\n<span class=\"wpcf7-form-control-wrap\" data-name=\"checkbox-162\"><span class=\"wpcf7-form-control wpcf7-checkbox wpcf7-exclusive-checkbox\"><span class=\"wpcf7-list-item first\"><input type=\"checkbox\" name=\"checkbox-162\"><span class=\"wpcf7-list-item-label\">Quiero las piezas de pl\u00e1stico<\/span><\/span><span class=\"wpcf7-list-item last\"><input type=\"checkbox\" name=\"checkbox-162\"><span class=\"wpcf7-list-item-label\">Quiero que me env\u00ede el molde de pl\u00e1stico<\/span><\/span><\/span><\/span>\n<\/p>\n<p class=\"translation-block\">\u00bfCu\u00e1l es el material de su producto?<br>\n<span class=\"wpcf7-form-control-wrap\" data-name=\"checkbox-567\"><span class=\"wpcf7-form-control wpcf7-checkbox wpcf7-exclusive-checkbox\"><span class=\"wpcf7-list-item first\"><input type=\"checkbox\" name=\"checkbox-567\"><span class=\"wpcf7-list-item-label\">PP<\/span><\/span><span class=\"wpcf7-list-item\"><input type=\"checkbox\" name=\"checkbox-567\"><span class=\"wpcf7-list-item-label\">ABS<\/span><\/span><span class=\"wpcf7-list-item\"><input type=\"checkbox\" name=\"checkbox-567\"><span class=\"wpcf7-list-item-label\">PA+GF<\/span><\/span><span class=\"wpcf7-list-item\"><input type=\"checkbox\" name=\"checkbox-567\"><span class=\"wpcf7-list-item-label\">PC<\/span><\/span><span class=\"wpcf7-list-item\"><input type=\"checkbox\" name=\"checkbox-567\"><span class=\"wpcf7-list-item-label\">PC\/ABS<\/span><\/span><span class=\"wpcf7-list-item\"><input type=\"checkbox\" name=\"checkbox-567\"><span class=\"wpcf7-list-item-label\">Otros<\/span><\/span><span class=\"wpcf7-list-item last\"><input type=\"checkbox\" name=\"checkbox-567\"><span class=\"wpcf7-list-item-label\">Necesito asesoramiento<\/span><\/span><\/span><\/span>\n<\/p>\n<p class=\"translation-block\">\u00bfDebe el material ser apto para alimentos?<br>\n<span class=\"wpcf7-form-control-wrap\" data-name=\"checkbox-919\"><span class=\"wpcf7-form-control wpcf7-checkbox wpcf7-exclusive-checkbox\"><span class=\"wpcf7-list-item first\"><input type=\"checkbox\" name=\"checkbox-919\"><span class=\"wpcf7-list-item-label\">S\u00ed<\/span><\/span><span class=\"wpcf7-list-item\"><input type=\"checkbox\" name=\"checkbox-919\"><span class=\"wpcf7-list-item-label\">No<\/span><\/span><span class=\"wpcf7-list-item last\"><input type=\"checkbox\" name=\"checkbox-919\"><span class=\"wpcf7-list-item-label\">No estoy seguro<\/span><\/span><\/span><\/span>\n<\/p>\n<p class=\"translation-block\">\u00bfDebe el material ser resistente a los rayos UV (sol)?<br>\n<span class=\"wpcf7-form-control-wrap\" data-name=\"checkbox-929\"><span class=\"wpcf7-form-control wpcf7-checkbox wpcf7-exclusive-checkbox\"><span class=\"wpcf7-list-item first\"><input type=\"checkbox\" name=\"checkbox-929\"><span class=\"wpcf7-list-item-label\">S\u00ed<\/span><\/span><span class=\"wpcf7-list-item last\"><input type=\"checkbox\" name=\"checkbox-929\"><span class=\"wpcf7-list-item-label\">No<\/span><\/span><\/span><\/span>\n<\/p>\n<p class=\"translation-block\">\u00bfDebe el material ser ign\u00edfugo (clasificaci\u00f3n UL-94)?<br>\n<span class=\"wpcf7-form-control-wrap\" data-name=\"checkbox-882\"><span class=\"wpcf7-form-control wpcf7-checkbox wpcf7-exclusive-checkbox\"><span class=\"wpcf7-list-item first\"><input type=\"checkbox\" name=\"checkbox-882\"><span class=\"wpcf7-list-item-label\">V-0<\/span><\/span><span class=\"wpcf7-list-item\"><input type=\"checkbox\" name=\"checkbox-882\"><span class=\"wpcf7-list-item-label\">V-1<\/span><\/span><span class=\"wpcf7-list-item\"><input type=\"checkbox\" name=\"checkbox-882\"><span class=\"wpcf7-list-item-label\">V-2<\/span><\/span><span class=\"wpcf7-list-item\"><input type=\"checkbox\" name=\"checkbox-882\"><span class=\"wpcf7-list-item-label\">H-B<\/span><\/span><span class=\"wpcf7-list-item\"><input type=\"checkbox\" name=\"checkbox-882\"><span class=\"wpcf7-list-item-label\">No requerido<\/span><\/span><span class=\"wpcf7-list-item last\"><input type=\"checkbox\" name=\"checkbox-882\"><span class=\"wpcf7-list-item-label\">Otras clasificaciones (especifique)<\/span><\/span><\/span><\/span>\n<\/p>\n<p class=\"translation-block\">\u00bfDebe el material resistir temperaturas muy bajas (70\u2103)?<br>\n<span class=\"wpcf7-form-control-wrap\" data-name=\"checkbox-690\"><span class=\"wpcf7-form-control wpcf7-checkbox wpcf7-exclusive-checkbox\"><span class=\"wpcf7-list-item first\"><input type=\"checkbox\" name=\"checkbox-690\"><span class=\"wpcf7-list-item-label\">Temperatura muy baja<\/span><\/span><span class=\"wpcf7-list-item\"><input type=\"checkbox\" name=\"checkbox-690\"><span class=\"wpcf7-list-item-label\">Temperatura muy alta<\/span><\/span><span class=\"wpcf7-list-item\"><input type=\"checkbox\" name=\"checkbox-690\"><span class=\"wpcf7-list-item-label\">Ambas<\/span><\/span><span class=\"wpcf7-list-item last\"><input type=\"checkbox\" name=\"checkbox-690\"><span class=\"wpcf7-list-item-label\">Ninguna, solo temperatura ambiente<\/span><\/span><\/span><\/span>\n<\/p>\n<p class=\"translation-block\">\u00bfEl material para su pieza necesita ser fuerte?<br>\n<span class=\"wpcf7-form-control-wrap\" data-name=\"checkbox-939\"><span class=\"wpcf7-form-control wpcf7-checkbox wpcf7-exclusive-checkbox\"><span class=\"wpcf7-list-item first\"><input type=\"checkbox\" name=\"checkbox-939\"><span class=\"wpcf7-list-item-label\">S\u00ed, est\u00e1 sujeto a fuerza<\/span><\/span><span class=\"wpcf7-list-item last\"><input type=\"checkbox\" name=\"checkbox-939\"><span class=\"wpcf7-list-item-label\">No<\/span><\/span><\/span><\/span>\n<\/p>\n<p class=\"translation-block\">\u00bfRequiere la pieza de pl\u00e1stico tolerancias dimensionales o geom\u00e9tricas estrechas?<br>\n<span class=\"wpcf7-form-control-wrap\" data-name=\"checkbox-183\"><span class=\"wpcf7-form-control wpcf7-checkbox wpcf7-exclusive-checkbox\"><span class=\"wpcf7-list-item first\"><input type=\"checkbox\" name=\"checkbox-183\"><span class=\"wpcf7-list-item-label\">S\u00ed, tolerancia estrecha<\/span><\/span><span class=\"wpcf7-list-item last\"><input type=\"checkbox\" name=\"checkbox-183\"><span class=\"wpcf7-list-item-label\">No<\/span><\/span><\/span><\/span>\n<\/p>\n<p class=\"translation-block\">\u00bfSu pieza tiene requisitos est\u00e9ticos?<br>\n<span class=\"wpcf7-form-control-wrap\" data-name=\"checkbox-566\"><span class=\"wpcf7-form-control wpcf7-checkbox wpcf7-exclusive-checkbox\"><span class=\"wpcf7-list-item first\"><input type=\"checkbox\" name=\"checkbox-566\"><span class=\"wpcf7-list-item-label\">No es una gran preocupaci\u00f3n<\/span><\/span><span class=\"wpcf7-list-item\"><input type=\"checkbox\" name=\"checkbox-566\"><span class=\"wpcf7-list-item-label\">Requisitos est\u00e9ticos medios<\/span><\/span><span class=\"wpcf7-list-item last\"><input type=\"checkbox\" name=\"checkbox-566\"><span class=\"wpcf7-list-item-label\">Requisitos est\u00e9ticos muy altos<\/span><\/span><\/span><\/span>\n<\/p>\n<p class=\"translation-block\"><label> Su mensaje<br>\n<span class=\"wpcf7-form-control-wrap\" data-name=\"tu-mensaje\"><textarea cols=\"40\" rows=\"10\" class=\"wpcf7-form-control wpcf7-textarea\" name=\"tu-mensaje\"><\/textarea><\/span> <\/label>\n<\/p>\n<p class=\"translation-block\"><label> Subir archivo (se recomienda <a href=\"mailto:info1@boyanmfg.com\"> enviar m\u00faltiples archivos por correo electr\u00f3nico<\/a>)<br>\n<span class=\"wpcf7-form-control-wrap\" data-name=\"file-4\"><input class=\"wpcf7-form-control wpcf7-file\" type=\"file\" name=\"file-4\"><\/span><\/label>\n<\/p>\n<p class=\"translation-block\">Input this code: <input type=\"hidden\" name=\"_wpcf7_captcha_challenge_captcha-778\" value=\"3805743349\"><img decoding=\"async\" class=\"wpcf7-form-control wpcf7-captchac wpcf7-captcha-captcha-778\" width=\"60\" height=\"20\" alt=\"captcha\" src=\"https:\/\/boyanmfg.com\/wp-content\/uploads\/wpcf7_captcha\/3805743349.png\"><br>\n<span class=\"wpcf7-form-control-wrap\" data-name=\"captcha-778\"><input size=\"4\" maxlength=\"4\" class=\"wpcf7-form-control wpcf7-captchar\" autocomplete=\"off\" aria-invalid=\"false\" value=\"\" type=\"text\" name=\"captcha-778\"><\/span>\n<\/p>\n<p class=\"translation-block\"><input class=\"wpcf7-form-control wpcf7-submit has-spinner\" type=\"submit\" value=\"Send\">\n<\/p><p style=\"display: none !important;\" class=\"akismet-fields-container translation-block\" data-prefix=\"_wpcf7_ak_\"><label>\u0394<textarea name=\"_wpcf7_ak_hp_textarea\" cols=\"45\" rows=\"8\" maxlength=\"100\"><\/textarea><\/label><input type=\"hidden\" id=\"ak_js_1\" name=\"_wpcf7_ak_js\" value=\"52\"><script>document.getElementById( \"ak_js_1\" ).setAttribute( \"value\", ( new Date() ).getTime() );<\/script><\/p><div class=\"wpcf7-response-output\" aria-hidden=\"true\"><\/div>\n<input type=\"hidden\" name=\"trp-form-language\" value=\"es\"\/><\/form>\n<\/div>\n<\/div>\n\t\t\t\t\t\t<\/div>\n\t\t\t\t<\/div>\n\t\t\t\t\t<\/div>\n\t\t<\/div>\n\t\t\t\t\t<\/div>\n\t\t<\/section>\n\t\t\t\t<section class=\"elementor-section elementor-top-section elementor-element elementor-element-210ddf0 elementor-section-boxed elementor-section-height-default elementor-section-height-default\" data-id=\"210ddf0\" data-element_type=\"section\">\n\t\t\t\t\t\t<div class=\"elementor-container elementor-column-gap-default\">\n\t\t\t\t\t<div class=\"elementor-column elementor-col-100 elementor-top-column elementor-element elementor-element-922a5b7\" data-id=\"922a5b7\" data-element_type=\"column\">\n\t\t\t<div class=\"elementor-widget-wrap elementor-element-populated\">\n\t\t\t\t\t\t<div class=\"elementor-element elementor-element-f646428 elementor-widget-divider--view-line elementor-widget elementor-widget-divider\" data-id=\"f646428\" data-element_type=\"widget\" data-widget_type=\"divider.default\">\n\t\t\t\t<div class=\"elementor-widget-container\">\n\t\t\t\t\t\t\t<div class=\"elementor-divider\">\n\t\t\t<span class=\"elementor-divider-separator\">\n\t\t\t\t\t\t<\/span>\n\t\t<\/div>\n\t\t\t\t\t\t<\/div>\n\t\t\t\t<\/div>\n\t\t\t\t\t<\/div>\n\t\t<\/div>\n\t\t\t\t\t<\/div>\n\t\t<\/section>\n\t\t\t\t<section class=\"elementor-section elementor-top-section elementor-element elementor-element-437c779 elementor-section-boxed elementor-section-height-default elementor-section-height-default\" data-id=\"437c779\" data-element_type=\"section\" data-settings='{\"background_background\":\"classic\"}'>\n\t\t\t\t\t\t<div class=\"elementor-container elementor-column-gap-default\">\n\t\t\t\t\t<div class=\"elementor-column elementor-col-100 elementor-top-column elementor-element elementor-element-c316323\" data-id=\"c316323\" data-element_type=\"column\">\n\t\t\t<div class=\"elementor-widget-wrap elementor-element-populated\">\n\t\t\t\t\t\t<section class=\"elementor-section elementor-inner-section elementor-element elementor-element-1f1540e elementor-section-boxed elementor-section-height-default elementor-section-height-default\" data-id=\"1f1540e\" data-element_type=\"section\">\n\t\t\t\t\t\t<div class=\"elementor-container elementor-column-gap-default\">\n\t\t\t\t\t<div class=\"elementor-column elementor-col-50 elementor-inner-column elementor-element elementor-element-c890eef\" data-id=\"c890eef\" data-element_type=\"column\">\n\t\t\t<div class=\"elementor-widget-wrap elementor-element-populated\">\n\t\t\t\t\t\t<div class=\"elementor-element elementor-element-a813505 elementor-widget elementor-widget-heading\" data-id=\"a813505\" data-element_type=\"widget\" data-widget_type=\"heading.default\">\n\t\t\t\t<div class=\"elementor-widget-container\">\n\t\t\t\t\t<h3 class=\"elementor-heading-title elementor-size-default\">Nuestra calculadora de costes de moho en l\u00ednea<\/h3>\t\t\t\t<\/div>\n\t\t\t\t<\/div>\n\t\t\t\t<div class=\"elementor-element elementor-element-4674132 elementor-widget elementor-widget-text-editor\" data-id=\"4674132\" data-element_type=\"widget\" data-widget_type=\"text-editor.default\">\n\t\t\t\t<div class=\"elementor-widget-container\">\n\t\t\t\t\t\t\t\t\t<p class=\"translation-block\">Durante las fases iniciales del desarrollo de su proyecto, es posible que no necesite una cotizaci\u00f3n exacta del molde.<\/p><p class=\"translation-block\">En tales casos, es recomendable probar nuestra <a href=\"http:\/\/boyanmfg.com\/injection-mold-cost-in-china\/#mold_calculator\">calculadora de costos de moldes en l\u00ednea<\/a>, que puede proporcionarle una <strong>estimaci\u00f3n de costo instant\u00e1nea<\/strong>.<\/p>\t\t\t\t\t\t\t\t<\/div>\n\t\t\t\t<\/div>\n\t\t\t\t\t<\/div>\n\t\t<\/div>\n\t\t\t\t<div class=\"elementor-column elementor-col-50 elementor-inner-column elementor-element elementor-element-8111e41\" data-id=\"8111e41\" data-element_type=\"column\">\n\t\t\t<div class=\"elementor-widget-wrap elementor-element-populated\">\n\t\t\t\t\t\t<div class=\"elementor-element elementor-element-33594be elementor-widget elementor-widget-image\" data-id=\"33594be\" data-element_type=\"widget\" data-widget_type=\"image.default\">\n\t\t\t\t<div class=\"elementor-widget-container\">\n\t\t\t\t\t\t\t\t\t\t\t\t\t\t\t\t<a href=\"http:\/\/boyanmfg.com\/injection-mold-cost-in-china\/#mold_calculator\">\n\t\t\t\t\t\t\t<img fetchpriority=\"high\" decoding=\"async\" width=\"700\" height=\"398\" src=\"https:\/\/boyanmfg.com\/wp-content\/uploads\/2023\/07\/online-mold-cost-calculator.jpg\" class=\"elementor-animation-grow attachment-large size-large wp-image-5349\" alt=\"calculadora en l\u00ednea del coste del moho\" srcset=\"https:\/\/boyanmfg.com\/wp-content\/uploads\/2023\/07\/online-mold-cost-calculator.jpg 700w, https:\/\/boyanmfg.com\/wp-content\/uploads\/2023\/07\/online-mold-cost-calculator-600x341.jpg 600w, https:\/\/boyanmfg.com\/wp-content\/uploads\/2023\/07\/online-mold-cost-calculator-300x171.jpg 300w\" sizes=\"(max-width: 700px) 100vw, 700px\">\t\t\t\t\t\t\t\t<\/a>\n\t\t\t\t\t\t\t\t\t\t\t\t\t\t\t<\/div>\n\t\t\t\t<\/div>\n\t\t\t\t\t<\/div>\n\t\t<\/div>\n\t\t\t\t\t<\/div>\n\t\t<\/section>\n\t\t\t\t\t<\/div>\n\t\t<\/div>\n\t\t\t\t\t<\/div>\n\t\t<\/section>\n\t\t\t\t<\/div>","protected":false},"excerpt":{"rendered":"<p>Formulario de Consulta - Moldeo de Pl\u00e1stico Por favor, complete el formulario y proporci\u00f3nenos la mayor cantidad de informaci\u00f3n posible. Tenga en cuenta: solo puede cargar un archivo con este formulario de contacto. Si tiene varios archivos para enviar, env\u00ede un correo electr\u00f3nico en su lugar, asegur\u00e1ndose de incluir la informaci\u00f3n necesaria descrita a continuaci\u00f3n. Escr\u00edbanos a Nuestro costo de molde en l\u00ednea\u2026&nbsp;<a href=\"https:\/\/boyanmfg.com\/es\/enquiry-plastic-injection-molding\/\" rel=\"bookmark\">Leer M\u00e1s \u00bb<span class=\"screen-reader-text\">Consulta - moldeo por inyecci\u00f3n de pl\u00e1stico<\/span><\/a><\/p>","protected":false},"author":1,"featured_media":0,"parent":0,"menu_order":0,"comment_status":"closed","ping_status":"closed","template":"","meta":{"neve_meta_sidebar":"full-width","neve_meta_container":"","neve_meta_enable_content_width":"on","neve_meta_content_width":100,"neve_meta_title_alignment":"","neve_meta_author_avatar":"","neve_post_elements_order":"","neve_meta_disable_header":"","neve_meta_disable_footer":"","neve_meta_disable_title":"on","neve_meta_reading_time":"","_themeisle_gutenberg_block_has_review":false,"footnotes":""},"class_list":["post-1277","page","type-page","status-publish","hentry"],"acf":[],"_links":{"self":[{"href":"https:\/\/boyanmfg.com\/es\/wp-json\/wp\/v2\/pages\/1277","targetHints":{"allow":["GET"]}}],"collection":[{"href":"https:\/\/boyanmfg.com\/es\/wp-json\/wp\/v2\/pages"}],"about":[{"href":"https:\/\/boyanmfg.com\/es\/wp-json\/wp\/v2\/types\/page"}],"author":[{"embeddable":true,"href":"https:\/\/boyanmfg.com\/es\/wp-json\/wp\/v2\/users\/1"}],"replies":[{"embeddable":true,"href":"https:\/\/boyanmfg.com\/es\/wp-json\/wp\/v2\/comments?post=1277"}],"version-history":[{"count":0,"href":"https:\/\/boyanmfg.com\/es\/wp-json\/wp\/v2\/pages\/1277\/revisions"}],"wp:attachment":[{"href":"https:\/\/boyanmfg.com\/es\/wp-json\/wp\/v2\/media?parent=1277"}],"curies":[{"name":"wp","href":"https:\/\/api.w.org\/{rel}","templated":true}]}}