{"id":9960,"date":"2026-02-24T05:45:02","date_gmt":"2026-02-24T05:45:02","guid":{"rendered":"https:\/\/boyanmfg.com\/?post_type=product&#038;p=9960"},"modified":"2026-02-24T12:08:17","modified_gmt":"2026-02-24T12:08:17","slug":"custom-plastic-shroud-with-hinged-cover","status":"publish","type":"product","link":"https:\/\/boyanmfg.com\/de\/shop\/custom-plastic-shroud-with-hinged-cover\/","title":{"rendered":"Kunststoffabdeckung mit Scharnierdeckel nach Ma\u00df"},"content":{"rendered":"<h2><span style=\"color: #800080;\">Kunststoffabdeckung mit Scharnierdeckel nach Ma\u00df<\/span><\/h2>\n<p data-start=\"43\" data-end=\"328\">Diese <strong data-start=\"48\" data-end=\"73\">kundenspezifische Kunststoffabdeckung<\/strong> ist ein Automobil <strong data-start=\"91\" data-end=\"118\">Kindersitzankerabdeckung<\/strong>. Es handelt sich um ein zweiteiliges Kunststoff-Au\u00dfenteil mit einem <strong data-start=\"172\" data-end=\"198\">aufklappbare Scharnierabdeckung<\/strong> und ein <strong data-start=\"205\" data-end=\"232\">gro\u00dfe Unterseiten\u00f6ffnung<\/strong>, das einen schnellen Zugang zum Verankerungspunkt erm\u00f6glicht, w\u00e4hrend der Bereich gesch\u00fctzt und optisch sauber bleibt.<\/p>\n<p data-start=\"330\" data-end=\"677\">Die Au\u00dfenfl\u00e4che weist eine <strong data-start=\"359\" data-end=\"385\">kundenspezifisches Oberfl\u00e4chenmuster<\/strong> inspiriert von einem <strong data-start=\"400\" data-end=\"421\">griechisches M\u00e4andermuster<\/strong> (auch bekannt als <strong data-start=\"439\" data-end=\"458\">M\u00e4andermuster<\/strong>). Diese erhabene geometrische Textur verbessert <strong data-start=\"500\" data-end=\"516\">taktiles Gef\u00fchl<\/strong>, f\u00fcgt <strong data-start=\"523\" data-end=\"537\">zus\u00e4tzlichen Griff<\/strong> bei der Handhabung und steigert das Gesamterscheinungsbild. Ein eingespritztes Kindersitz-Verankerungssymbol auf der Oberseite erm\u00f6glicht eine klare und sofortige Identifikation.<\/p>\n<figure id=\"attachment_9961\" aria-describedby=\"caption-attachment-9961\" style=\"width: 750px\" class=\"wp-caption alignnone\"><img fetchpriority=\"high\" decoding=\"async\" class=\"wp-image-9961 size-full\" src=\"https:\/\/boyanmfg.com\/wp-content\/uploads\/2026\/02\/Custom-Plastic-Shroud-1.jpg\" alt=\"kundenspezifische ABS-Kunststoffabdeckung mit aufklappbarem Scharnierdeckel, griechischer M\u00e4ander-Texturoberfl\u00e4che und eingespritztem Kindersitz-Verankerungssymbol.\" width=\"750\" height=\"562\" srcset=\"https:\/\/boyanmfg.com\/wp-content\/uploads\/2026\/02\/Custom-Plastic-Shroud-1.jpg 750w, https:\/\/boyanmfg.com\/wp-content\/uploads\/2026\/02\/Custom-Plastic-Shroud-1-300x225.jpg 300w, https:\/\/boyanmfg.com\/wp-content\/uploads\/2026\/02\/Custom-Plastic-Shroud-1-16x12.jpg 16w, https:\/\/boyanmfg.com\/wp-content\/uploads\/2026\/02\/Custom-Plastic-Shroud-1-600x450.jpg 600w\" sizes=\"(max-width: 750px) 100vw, 750px\" \/><figcaption id=\"caption-attachment-9961\" class=\"wp-caption-text\">Der klappbare Deckel in ge\u00f6ffneter Position f\u00fcr einfachen Zugang.<\/figcaption><\/figure>\n<h2><span style=\"color: #800080;\">Informationen zum Produkt<\/span><\/h2>\n<table style=\"border-collapse: collapse; width: auto;\" border=\"1\" cellspacing=\"0\" cellpadding=\"8\">\n<tbody>\n<tr>\n<th style=\"background-color: #bcbcbc; color: white; text-align: left; padding: 8px; white-space: nowrap;\">Artikel<\/th>\n<th style=\"background-color: #bcbcbc; color: white; text-align: left; padding: 8px; white-space: nowrap;\">Einzelheiten<\/th>\n<\/tr>\n<tr>\n<td style=\"background-color: #cbe5d6; padding: 8px; white-space: nowrap;\">Dimension des Produkts<\/td>\n<td style=\"background-color: #cbe5d6; padding: 8px; white-space: nowrap;\">320 \u00d7 190 \u00d7 120 mm<\/td>\n<\/tr>\n<tr>\n<td style=\"background-color: #cbe5d6; padding: 8px; white-space: nowrap;\">Material<\/td>\n<td style=\"background-color: #cbe5d6; padding: 8px; white-space: nowrap;\"><a href=\"https:\/\/boyanmfg.com\/abs-injection-molding-guide\/\">ABS<\/a><\/td>\n<\/tr>\n<tr>\n<td style=\"background-color: #cbe5d6; padding: 8px; white-space: nowrap;\">Nettogewicht<\/td>\n<td style=\"background-color: #cbe5d6; padding: 8px; white-space: nowrap;\">ca. 65 Gramm<\/td>\n<\/tr>\n<tr>\n<td style=\"background-color: #cbe5d6; padding: 8px; white-space: nowrap;\">Form (Abdeckung \/ Hauptk\u00f6rper)<\/td>\n<td style=\"background-color: #cbe5d6; padding: 8px; white-space: nowrap;\">1 Kavit\u00e4t, Randanguss, Kaltkanal<\/td>\n<\/tr>\n<tr>\n<td style=\"background-color: #cbe5d6; padding: 8px; white-space: nowrap;\">Werkzeug (Aufklappbare Abdeckung)<\/td>\n<td style=\"background-color: #cbe5d6; padding: 8px; white-space: nowrap;\">4 Kavit\u00e4ten, Randanguss, Kaltkanal<\/td>\n<\/tr>\n<tr>\n<td style=\"background-color: #cbe5d6; padding: 8px; white-space: nowrap;\">Schl\u00fcsselma\u00dftoleranz<\/td>\n<td style=\"background-color: #cbe5d6; padding: 8px; white-space: nowrap;\">\u00b10,2 bis \u00b10,5 mm<\/td>\n<\/tr>\n<\/tbody>\n<\/table>\n<hr \/>\n<h2><span style=\"color: #800080;\">Wesentliche Merkmale<\/span><\/h2>\n<h3 data-start=\"1005\" data-end=\"1055\">Premium-Erscheinungsbild f\u00fcr den Einsatz im Automobilinnenraum<\/h3>\n<p data-start=\"1056\" data-end=\"1138\">Als Innenverkleidungsteil ist das Bauteil f\u00fcr hohe optische Anspr\u00fcche ausgelegt:<\/p>\n<ul data-start=\"1139\" data-end=\"1347\">\n<li data-start=\"1139\" data-end=\"1207\">\n<p data-start=\"1141\" data-end=\"1207\">Glatte, gleichm\u00e4\u00dfige Oberfl\u00e4che ohne unbeabsichtigte Dellen, Beulen oder Verzug<\/p>\n<\/li>\n<\/ul>\n<figure id=\"attachment_9962\" aria-describedby=\"caption-attachment-9962\" style=\"width: 750px\" class=\"wp-caption alignnone\"><img decoding=\"async\" class=\"wp-image-9962 size-full\" src=\"https:\/\/boyanmfg.com\/wp-content\/uploads\/2026\/02\/Custom-Plastic-Shroud-2.jpg\" alt=\"Alternative Draufsicht der kundenspezifischen ABS-Kunststoffabdeckung mit geschlossenem Scharnierdeckel, griechischer M\u00e4ander-Texturoberfl\u00e4che und eingespritztem Kindersitz-Verankerungssymbol.\" width=\"750\" height=\"563\" srcset=\"https:\/\/boyanmfg.com\/wp-content\/uploads\/2026\/02\/Custom-Plastic-Shroud-2.jpg 750w, https:\/\/boyanmfg.com\/wp-content\/uploads\/2026\/02\/Custom-Plastic-Shroud-2-300x225.jpg 300w, https:\/\/boyanmfg.com\/wp-content\/uploads\/2026\/02\/Custom-Plastic-Shroud-2-16x12.jpg 16w, https:\/\/boyanmfg.com\/wp-content\/uploads\/2026\/02\/Custom-Plastic-Shroud-2-600x450.jpg 600w\" sizes=\"(max-width: 750px) 100vw, 750px\" \/><figcaption id=\"caption-attachment-9962\" class=\"wp-caption-text\">Draufsicht der Kunststoffabdeckung, die ihr elegantes Erscheinungsbild und die hochwertige Oberfl\u00e4chenveredelung hervorhebt. Die Oberfl\u00e4che ist glatt und ebenm\u00e4\u00dfig, ohne unbeabsichtigte Dellen, Beulen oder Verzug.<\/figcaption><\/figure>\n<ul data-start=\"1139\" data-end=\"1347\">\n<li data-start=\"1208\" data-end=\"1247\">\n<p data-start=\"1210\" data-end=\"1247\">Gleichm\u00e4\u00dfige, einheitliche Farbe und Glanz<\/p>\n<\/li>\n<li data-start=\"1248\" data-end=\"1347\">\n<p data-start=\"1250\" data-end=\"1347\">Sauberes Erscheinungsbild ohne sichtbare Schwei\u00dfn\u00e4hte, Flie\u00dflinien, schwarze Punkte oder andere Oberfl\u00e4chendefekte<\/p>\n<\/li>\n<\/ul>\n<h3 data-start=\"1349\" data-end=\"1394\">Benutzerdefiniertes, von griechischen M\u00e4andern inspiriertes Oberfl\u00e4chenmuster<\/h3>\n<p data-start=\"1395\" data-end=\"1539\">Das geometrische Muster wird durch <strong data-start=\"1436\" data-end=\"1457\">Werkzeuggravur<\/strong>: CNC-gefertigte Elektroden werden f\u00fcr <strong data-start=\"1492\" data-end=\"1507\">EDM-Formung<\/strong> zur Erzielung des gepr\u00e4gten Designs.<\/p>\n<figure id=\"attachment_9964\" aria-describedby=\"caption-attachment-9964\" style=\"width: 750px\" class=\"wp-caption alignnone\"><img decoding=\"async\" class=\"wp-image-9964 size-full\" src=\"https:\/\/boyanmfg.com\/wp-content\/uploads\/2026\/02\/greek-key-pattern-plastic.jpg\" alt=\"Nahaufnahme der kundenspezifischen ABS-Abdeckung, die die nicht perforierte M\u00e4ander-\/griechische M\u00e4ander-Texturoberfl\u00e4che zeigt, mit erhabenem geometrischem Muster f\u00fcr Griffigkeit und Aussehen eingespritzt.\" width=\"750\" height=\"563\" srcset=\"https:\/\/boyanmfg.com\/wp-content\/uploads\/2026\/02\/greek-key-pattern-plastic.jpg 750w, https:\/\/boyanmfg.com\/wp-content\/uploads\/2026\/02\/greek-key-pattern-plastic-300x225.jpg 300w, https:\/\/boyanmfg.com\/wp-content\/uploads\/2026\/02\/greek-key-pattern-plastic-16x12.jpg 16w, https:\/\/boyanmfg.com\/wp-content\/uploads\/2026\/02\/greek-key-pattern-plastic-600x450.jpg 600w\" sizes=\"(max-width: 750px) 100vw, 750px\" \/><figcaption id=\"caption-attachment-9964\" class=\"wp-caption-text\">Detailansicht der nicht perforierten griechischen M\u00e4ander-Textur \u2013 als erhabenes Muster f\u00fcr Griffigkeit eingespritzt.<\/figcaption><\/figure>\n<ul data-start=\"1540\" data-end=\"1752\">\n<li data-start=\"1540\" data-end=\"1581\">\n<p data-start=\"1542\" data-end=\"1581\">Pr\u00e4getiefe erreicht <strong data-start=\"1563\" data-end=\"1579\">bis zu 1,5 mm<\/strong><\/p>\n<\/li>\n<li data-start=\"1582\" data-end=\"1670\">\n<p data-start=\"1584\" data-end=\"1670\">Scharfe Ecken wurden mit geeigneten Radien neu gestaltet, um Haltbarkeit und Entformbarkeit zu gew\u00e4hrleisten<\/p>\n<\/li>\n<li data-start=\"1671\" data-end=\"1752\">\n<p data-start=\"1673\" data-end=\"1752\">Die Formentl\u00fcftung ist sorgf\u00e4ltig angeordnet, um Lufteinschl\u00fcsse in feinen Musterbereichen zu vermeiden<\/p>\n<\/li>\n<\/ul>\n<p data-start=\"1754\" data-end=\"1975\">Beim Spritzgie\u00dfen werden die Parameter streng kontrolliert, um Risiken wie Einfallstellen, Schwei\u00dfn\u00e4hte, Kurzschuss, Entl\u00fcftungsbrand, Verzug und ungleichm\u00e4\u00dfige Oberfl\u00e4cheng\u00fcte zu reduzieren \u2013 besonders wichtig f\u00fcr ein tiefes, detailliertes Muster.<\/p>\n<h3 data-start=\"1977\" data-end=\"2028\">Zuverl\u00e4ssige Schnappverschluss-Funktion mit klarem Feedback<\/h3>\n<p data-start=\"2029\" data-end=\"2091\">Der klappbare Deckel ist f\u00fcr einfache, wiederholbare Bedienung ausgelegt:<\/p>\n<ul data-start=\"2092\" data-end=\"2179\">\n<li data-start=\"2092\" data-end=\"2126\">\n<p data-start=\"2094\" data-end=\"2126\">Zum \u00d6ffnen des Klappdeckels hochziehen<\/p>\n<\/li>\n<li data-start=\"2127\" data-end=\"2179\">\n<p data-start=\"2129\" data-end=\"2179\">Zum Schlie\u00dfen herunterdr\u00fccken und <strong data-start=\"2153\" data-end=\"2166\">Schnappverschluss<\/strong> an Ort und Stelle<\/p>\n<\/li>\n<\/ul>\n<p data-start=\"2181\" data-end=\"2386\">Die Schlie\u00dfbewegung ist auf eine komfortable Bedienkraft und ein klares \u201cKlick\u201d-Feedback abgestimmt. Dies wird durch Ma\u00dfhaltigkeit erreicht, wobei kritische Ma\u00dfe auf <strong data-start=\"2359\" data-end=\"2370\">\u00b10,2 mm<\/strong> wo erforderlich.<\/p>\n<hr \/>\n<h2 data-start=\"527\" data-end=\"589\"><span style=\"color: #800080;\">Professionelles Spritzgie\u00dfen f\u00fcr kundenspezifische Kunststoffabdeckungen<\/span><\/h2>\n<p data-start=\"590\" data-end=\"856\">Als erfahrener Spritzgie\u00dflieferant liefern wir kundenspezifische Kunststoffabdeckungen mit konsistentem Erscheinungsbild, zuverl\u00e4ssiger Schnappverschluss-Funktion und gut kontrollierter Oberfl\u00e4chenqualit\u00e4t. Wir unterst\u00fctzen End-to-End-Service einschlie\u00dflich DFM-Pr\u00fcfung, Werkzeugbau, Musterfertigung und Serienproduktion.<\/p>","protected":false},"excerpt":{"rendered":"<p>Kunststoffabdeckung mit Scharnierdeckel Diese ma\u00dfgefertigte Kunststoffabdeckung ist eine Kindersitzbefestigungsabdeckung f\u00fcr Automobile. Es handelt sich um ein zweiteiliges Kunststoff-Au\u00dfenteil mit einem aufklappbaren Scharnierdeckel und einer gro\u00dfen \u00d6ffnung an der Unterseite, die einen schnellen Zugang zum Befestigungspunkt erm\u00f6glicht, w\u00e4hrend der Bereich gesch\u00fctzt und optisch sauber bleibt. Die Au\u00dfenfl\u00e4che verf\u00fcgt \u00fcber eine ma\u00dfgefertigte\u2026&nbsp;<a href=\"https:\/\/boyanmfg.com\/de\/shop\/custom-plastic-shroud-with-hinged-cover\/\" rel=\"bookmark\">Weiterlesen \u00bb<span class=\"screen-reader-text\">Kunststoffabdeckung mit Scharnierdeckel nach Ma\u00df<\/span><\/a><\/p>","protected":false},"featured_media":9961,"comment_status":"closed","ping_status":"closed","template":"","meta":{"neve_meta_sidebar":"","neve_meta_container":"","neve_meta_enable_content_width":"off","neve_meta_content_width":100,"neve_meta_title_alignment":"","neve_meta_author_avatar":"","neve_post_elements_order":"","neve_meta_disable_header":"","neve_meta_disable_footer":"","neve_meta_disable_title":"","neve_meta_reading_time":"","_themeisle_gutenberg_block_has_review":false},"product_brand":[],"product_cat":[54],"product_tag":[],"class_list":{"0":"post-9960","1":"product","2":"type-product","3":"status-publish","4":"has-post-thumbnail","6":"product_cat-plastic-injection-molding","8":"first","9":"instock","10":"shipping-taxable","11":"product-type-simple"},"acf":[],"_links":{"self":[{"href":"https:\/\/boyanmfg.com\/de\/wp-json\/wp\/v2\/product\/9960","targetHints":{"allow":["GET"]}}],"collection":[{"href":"https:\/\/boyanmfg.com\/de\/wp-json\/wp\/v2\/product"}],"about":[{"href":"https:\/\/boyanmfg.com\/de\/wp-json\/wp\/v2\/types\/product"}],"replies":[{"embeddable":true,"href":"https:\/\/boyanmfg.com\/de\/wp-json\/wp\/v2\/comments?post=9960"}],"wp:featuredmedia":[{"embeddable":true,"href":"https:\/\/boyanmfg.com\/de\/wp-json\/wp\/v2\/media\/9961"}],"wp:attachment":[{"href":"https:\/\/boyanmfg.com\/de\/wp-json\/wp\/v2\/media?parent=9960"}],"wp:term":[{"taxonomy":"product_brand","embeddable":true,"href":"https:\/\/boyanmfg.com\/de\/wp-json\/wp\/v2\/product_brand?post=9960"},{"taxonomy":"product_cat","embeddable":true,"href":"https:\/\/boyanmfg.com\/de\/wp-json\/wp\/v2\/product_cat?post=9960"},{"taxonomy":"product_tag","embeddable":true,"href":"https:\/\/boyanmfg.com\/de\/wp-json\/wp\/v2\/product_tag?post=9960"}],"curies":[{"name":"wp","href":"https:\/\/api.w.org\/{rel}","templated":true}]}}