{"id":9884,"date":"2025-11-30T05:41:45","date_gmt":"2025-11-30T05:41:45","guid":{"rendered":"https:\/\/boyanmfg.com\/?post_type=product&#038;p=9884"},"modified":"2026-01-04T13:46:55","modified_gmt":"2026-01-04T13:46:55","slug":"stainless-steel-stamping-with-self-clinching-nuts","status":"publish","type":"product","link":"https:\/\/boyanmfg.com\/de\/shop\/stainless-steel-stamping-with-self-clinching-nuts\/","title":{"rendered":"Edelstahlstempel mit selbstklemmenden Muttern"},"content":{"rendered":"<h2><span style=\"color: #800080;\"><strong>Edelstahlstempel mit selbstklemmenden Muttern<\/strong><\/span><\/h2>\n<p>Dieses Edelstahl-Pr\u00e4geteil ist auf einer Seite mit hohen \u00e4sthetischen Anspr\u00fcchen gestaltet und umfasst zwei <strong data-start=\"295\" data-end=\"319\">Schwimmende Muttern-Eins\u00e4tze<\/strong>. Die Basis-Seite weist mehrere Biegungen auf, die sowohl durch <strong data-start=\"382\" data-end=\"394\">Stanzung<\/strong> und <strong data-start=\"399\" data-end=\"414\">Abkantpresse<\/strong> Prozesse.<\/p>\n<figure id=\"attachment_9886\" aria-describedby=\"caption-attachment-9886\" style=\"width: 900px\" class=\"wp-caption alignnone\"><img fetchpriority=\"high\" decoding=\"async\" class=\"wp-image-9886 size-full\" src=\"https:\/\/boyanmfg.com\/wp-content\/uploads\/2025\/11\/Stainless-Steel-Stamping-Front.jpg\" alt=\"Vorderseite des Edelstahl-Stanzteils mit Schwimm-Muttern-Eins\u00e4tzen, zeigt Schutzfolie und hochwertige Oberfl\u00e4cheng\u00fcte.\" width=\"900\" height=\"506\" srcset=\"https:\/\/boyanmfg.com\/wp-content\/uploads\/2025\/11\/Stainless-Steel-Stamping-Front.jpg 900w, https:\/\/boyanmfg.com\/wp-content\/uploads\/2025\/11\/Stainless-Steel-Stamping-Front-300x169.jpg 300w, https:\/\/boyanmfg.com\/wp-content\/uploads\/2025\/11\/Stainless-Steel-Stamping-Front-768x432.jpg 768w, https:\/\/boyanmfg.com\/wp-content\/uploads\/2025\/11\/Stainless-Steel-Stamping-Front-600x337.jpg 600w\" sizes=\"(max-width: 900px) 100vw, 900px\" \/><figcaption id=\"caption-attachment-9886\" class=\"wp-caption-text\">Frontansicht des Edelstahl-Pr\u00e4geteils mit selbstverankernden Muttern, die die saubere Oberfl\u00e4che nach Entfernung der Schutzfolie zeigt und eine hochwertige Oberfl\u00e4chenqualit\u00e4t gew\u00e4hrleistet.<\/figcaption><\/figure>\n<figure id=\"attachment_9889\" aria-describedby=\"caption-attachment-9889\" style=\"width: 750px\" class=\"wp-caption alignnone\"><img decoding=\"async\" class=\"wp-image-9889 size-full\" src=\"https:\/\/boyanmfg.com\/wp-content\/uploads\/2025\/11\/Stainless-Steel-Stamping-Side.jpg\" alt=\"Seitenansicht der R\u00fcckseite eines Edelstahl-Pr\u00e4geteils, die die Oberfl\u00e4che nach Entfernung der Schutzfolie zeigt und einen alternativen Betrachtungswinkel bietet.\" width=\"750\" height=\"750\" srcset=\"https:\/\/boyanmfg.com\/wp-content\/uploads\/2025\/11\/Stainless-Steel-Stamping-Side.jpg 750w, https:\/\/boyanmfg.com\/wp-content\/uploads\/2025\/11\/Stainless-Steel-Stamping-Side-300x300.jpg 300w, https:\/\/boyanmfg.com\/wp-content\/uploads\/2025\/11\/Stainless-Steel-Stamping-Side-150x150.jpg 150w, https:\/\/boyanmfg.com\/wp-content\/uploads\/2025\/11\/Stainless-Steel-Stamping-Side-600x600.jpg 600w, https:\/\/boyanmfg.com\/wp-content\/uploads\/2025\/11\/Stainless-Steel-Stamping-Side-100x100.jpg 100w\" sizes=\"(max-width: 750px) 100vw, 750px\" \/><figcaption id=\"caption-attachment-9889\" class=\"wp-caption-text\">Seitenansicht des Edelstahl-Pr\u00e4geteils mit selbstverankernden Muttern, die die Vorderseite nach Entfernung der Schutzfolie zeigt und einen alternativen Betrachtungswinkel der sauberen Oberfl\u00e4che bietet.<\/figcaption><\/figure>\n<h2><span style=\"color: #800080;\">Teilspezifikation<\/span><\/h2>\n<ul>\n<li data-start=\"456\" data-end=\"493\">\n<p data-start=\"458\" data-end=\"493\"><strong data-start=\"458\" data-end=\"472\">Abmessungen<\/strong>: 230 x 126 x 53 mm<\/p>\n<\/li>\n<li data-start=\"494\" data-end=\"549\">\n<p data-start=\"496\" data-end=\"549\"><strong data-start=\"496\" data-end=\"508\">Material<\/strong>: Edelstahl 304, 1,5 mm Dicke<\/p>\n<\/li>\n<li data-start=\"477\" data-end=\"508\">\n<p data-start=\"479\" data-end=\"508\"><strong data-start=\"479\" data-end=\"500\">Oberfl\u00e4chenbehandlung<\/strong>: Keine<\/p>\n<\/li>\n<\/ul>\n<h2><span style=\"color: #800080;\">Kritisches Merkmal<\/span><\/h2>\n<h3><a href=\"https:\/\/boyanmfg.com\/sheet-metal-bending-tolerances\/\"><span style=\"color: #800080;\">Ma\u00dftoleranzen<\/span><\/a><\/h3>\n<ul>\n<li data-start=\"640\" data-end=\"893\">\n<p data-start=\"642\" data-end=\"893\"><strong data-start=\"642\" data-end=\"660\">Lochtoleranz<\/strong>: \u00b10,02 mm<br data-start=\"670\" data-end=\"673\" \/>Zwei der L\u00f6cher sind f\u00fcr das Einpressen der Schwimm-Mutter-Eins\u00e4tze ausgelegt, weshalb hier hohe Pr\u00e4zision erforderlich ist. Die anderen L\u00f6cher dienen haupts\u00e4chlich der Aufnahme elektronischer Steckverbinder, wo etwas gr\u00f6\u00dfere Toleranzen akzeptabel sind.<\/p>\n<\/li>\n<\/ul>\n<figure id=\"attachment_9888\" aria-describedby=\"caption-attachment-9888\" style=\"width: 900px\" class=\"wp-caption alignnone\"><img decoding=\"async\" class=\"wp-image-9888 size-full\" src=\"https:\/\/boyanmfg.com\/wp-content\/uploads\/2025\/11\/Stainless-Steel-Stamping-Back-Close2.jpg\" alt=\"Nahaufnahme der R\u00fcckseite eines Edelstahl-Stanzteils, zeigt polierte Oberfl\u00e4che mit zuf\u00e4lliger K\u00f6rnung und L\u00f6cher f\u00fcr elektronische Steckverbinder.\" width=\"900\" height=\"507\" srcset=\"https:\/\/boyanmfg.com\/wp-content\/uploads\/2025\/11\/Stainless-Steel-Stamping-Back-Close2.jpg 900w, https:\/\/boyanmfg.com\/wp-content\/uploads\/2025\/11\/Stainless-Steel-Stamping-Back-Close2-300x169.jpg 300w, https:\/\/boyanmfg.com\/wp-content\/uploads\/2025\/11\/Stainless-Steel-Stamping-Back-Close2-768x433.jpg 768w, https:\/\/boyanmfg.com\/wp-content\/uploads\/2025\/11\/Stainless-Steel-Stamping-Back-Close2-600x338.jpg 600w\" sizes=\"(max-width: 900px) 100vw, 900px\" \/><figcaption id=\"caption-attachment-9888\" class=\"wp-caption-text\">Nahaufnahme der R\u00fcckseite des Edelstahl-Pr\u00e4geteils, die das polierte, unregelm\u00e4\u00dfige Kornmuster und die f\u00fcr elektronische Steckverbinder ausgelegten L\u00f6cher zeigt.<\/figcaption><\/figure>\n<ul>\n<li data-start=\"895\" data-end=\"1154\">\n<p data-start=\"897\" data-end=\"1154\"><strong data-start=\"897\" data-end=\"919\">Ausschneidetoleranz<\/strong>: \u00b10,05 mm<br data-start=\"929\" data-end=\"932\" \/>Der Ausstanzprozess erfolgt \u00fcber <strong data-start=\"974\" data-end=\"986\">Stanzung<\/strong> anstatt Laserschneiden, was aufgrund der hohen Lochzahl die Kosten in der Serienfertigung senkt. Zus\u00e4tzlich, <strong data-start=\"1104\" data-end=\"1116\">Stanzung<\/strong> bietet bessere Ma\u00dfhaltigkeit.<\/p>\n<\/li>\n<li data-start=\"1156\" data-end=\"1393\">\n<p data-start=\"1158\" data-end=\"1393\"><strong data-start=\"1158\" data-end=\"1179\">Biegetoleranz<\/strong>: \u00b10,30 mm<br data-start=\"1189\" data-end=\"1192\" \/>Die vier Kantenbiegungen werden mit einer Abkantpresse durchgef\u00fchrt, anstatt mit Stanzwerkzeugen. Eine der Z-f\u00f6rmigen Biegungen (die zwei separate Biegungen umfasst) wird jedoch \u00fcber den <strong data-start=\"1372\" data-end=\"1384\">Stanzung<\/strong> Prozess.<\/p>\n<\/li>\n<\/ul>\n<h3 data-start=\"1698\" data-end=\"1754\"><span style=\"color: #800080;\"><strong data-start=\"1702\" data-end=\"1754\">Material: Edelstahl 304, geb\u00fcrstete Oberfl\u00e4che<\/strong><\/span><\/h3>\n<p>Das f\u00fcr dieses Pr\u00e4geteil verwendete Material ist <strong data-start=\"1499\" data-end=\"1522\">304 Edelstahl<\/strong>, mit einem <strong data-start=\"1531\" data-end=\"1555\">Nr. 4 geb\u00fcrstetem Finish<\/strong>. Diese Oberfl\u00e4che bietet eine gleichm\u00e4\u00dfige, lineare Textur mit einem sanften Glanz, die modern, elegant und unempfindlich gegen Verschmutzungen wirkt. Die geb\u00fcrstete Oberfl\u00e4che hilft auch, kleinere Kratzer zu kaschieren, und bietet so sowohl Haltbarkeit als auch \u00e4sthetischen Reiz.<\/p>\n<h3 data-start=\"1698\" data-end=\"1754\"><span style=\"color: #800080;\"><strong data-start=\"1702\" data-end=\"1754\">Wie die Oberfl\u00e4che vor Kratzern gesch\u00fctzt werden kann<\/strong><\/span><\/h3>\n<p>W\u00e4hrend des <strong data-start=\"1847\" data-end=\"1859\">Stanzung<\/strong> Prozess kann es schwierig sein, kleinere Kratzer zu vermeiden, wenn nicht sorgf\u00e4ltig vorgegangen wird. Bei diesem Teil erfordert eine Seite ein h\u00f6heres \u00e4sthetisches Niveau, daher wird w\u00e4hrend des <strong data-start=\"2049\" data-end=\"2061\">Stanzung<\/strong> und <strong data-start=\"2066\" data-end=\"2077\">Biegens<\/strong>. Die Folie wird erst nach dem <strong data-start=\"2114\" data-end=\"2138\">Schwimmende Muttern-Eins\u00e4tze<\/strong> installiert sind, was hilft, die meisten leichten Kratzer w\u00e4hrend der Fertigung zu verhindern.<\/p>\n<figure id=\"attachment_9890\" aria-describedby=\"caption-attachment-9890\" style=\"width: 800px\" class=\"wp-caption alignnone\"><img loading=\"lazy\" decoding=\"async\" class=\"wp-image-9890 size-full\" src=\"https:\/\/boyanmfg.com\/wp-content\/uploads\/2025\/11\/Stainless-Steel-Stamping-Protective-film.jpg\" alt=\"Vorderseite des Edelstahl-Stanzteils mit noch anhaftender Schutzfolie, zeigt fertige Biegungen und eingebaute Schwimm-Muttern-Eins\u00e4tze.\" width=\"800\" height=\"450\" srcset=\"https:\/\/boyanmfg.com\/wp-content\/uploads\/2025\/11\/Stainless-Steel-Stamping-Protective-film.jpg 800w, https:\/\/boyanmfg.com\/wp-content\/uploads\/2025\/11\/Stainless-Steel-Stamping-Protective-film-300x169.jpg 300w, https:\/\/boyanmfg.com\/wp-content\/uploads\/2025\/11\/Stainless-Steel-Stamping-Protective-film-768x432.jpg 768w, https:\/\/boyanmfg.com\/wp-content\/uploads\/2025\/11\/Stainless-Steel-Stamping-Protective-film-600x338.jpg 600w\" sizes=\"(max-width: 800px) 100vw, 800px\" \/><figcaption id=\"caption-attachment-9890\" class=\"wp-caption-text\">Frontansicht des Edelstahl-Pr\u00e4geteils mit selbstverankernden Muttern, die die fertigen Biegungen und installierten Schwimm-Mutter-Eins\u00e4tze zeigt, wobei die Schutzfolie noch angebracht ist.<\/figcaption><\/figure>\n<h4 data-start=\"1698\" data-end=\"1754\"><span style=\"color: #800080;\"><strong data-start=\"1702\" data-end=\"1754\">Polierte Oberfl\u00e4che mit unregelm\u00e4\u00dfigen Kornmustern<\/strong><\/span><\/h4>\n<p>Auf der anderen Seite des Teils befindet sich ein <strong data-start=\"2308\" data-end=\"2327\">poliertem Finish<\/strong> wird aufgebracht, mit unregelm\u00e4\u00dfigen Kornmustern. Das Polieren entfernt feine Gratspuren, die nach dem <strong data-start=\"2432\" data-end=\"2444\">Stanzung<\/strong>, entstehen k\u00f6nnen, insbesondere auf der Unterseite. Das unregelm\u00e4\u00dfige Kornmuster hilft auch, kleine Kratzer zu verbergen und so Qualit\u00e4t mit Kosteneffizienz in Einklang zu bringen.<\/p>\n<h3 data-start=\"1698\" data-end=\"1754\"><span style=\"color: #800080;\"><strong data-start=\"1702\" data-end=\"1754\">Schwimmender Muttern-Einsatz<\/strong><\/span><\/h3>\n<p data-start=\"2138\" data-end=\"2227\">Dieses Teil verf\u00fcgt \u00fcber einen <strong data-start=\"2642\" data-end=\"2665\">schwimmenden Muttern-Einsatz<\/strong> Design, bei dem der Gewindeteil sich leicht innerhalb des festen Geh\u00e4uses bewegen kann. Diese Flexibilit\u00e4t erm\u00f6glicht eine bessere Ausrichtung und Toleranzanpassung w\u00e4hrend der Montage, was das Einbauen und Sichern von Schrauben erleichtert. <strong data-start=\"2889\" data-end=\"2906\">Schwimmende Muttern<\/strong> werden typischerweise in Anwendungen eingesetzt, bei denen feine Einstellungen oder Ausrichtungen erforderlich sind.<\/p>\n<figure id=\"attachment_9891\" aria-describedby=\"caption-attachment-9891\" style=\"width: 900px\" class=\"wp-caption alignnone\"><img loading=\"lazy\" decoding=\"async\" class=\"wp-image-9891 size-full\" src=\"https:\/\/boyanmfg.com\/wp-content\/uploads\/2025\/11\/Floating-Nut-Insert-Back.jpg\" alt=\"Nahaufnahme der R\u00fcckansicht eines Schwimm-Muttern-Einsatzes auf Edelstahl-Stanzteil, zeigt den erh\u00f6hten Bereich um den Einsatz f\u00fcr sichere selbstclinchende Befestigung.\" width=\"900\" height=\"506\" srcset=\"https:\/\/boyanmfg.com\/wp-content\/uploads\/2025\/11\/Floating-Nut-Insert-Back.jpg 900w, https:\/\/boyanmfg.com\/wp-content\/uploads\/2025\/11\/Floating-Nut-Insert-Back-300x169.jpg 300w, https:\/\/boyanmfg.com\/wp-content\/uploads\/2025\/11\/Floating-Nut-Insert-Back-768x432.jpg 768w, https:\/\/boyanmfg.com\/wp-content\/uploads\/2025\/11\/Floating-Nut-Insert-Back-600x337.jpg 600w\" sizes=\"(max-width: 900px) 100vw, 900px\" \/><figcaption id=\"caption-attachment-9891\" class=\"wp-caption-text\">R\u00fcckseitige Nahaufnahme des Schwimm-Mutter-Einsatzes am Edelstahl-Pr\u00e4geteil, die die selbstverankernde Funktion zeigt, die die Mutter sichert.<\/figcaption><\/figure>\n<p>&nbsp;<\/p>\n<figure id=\"attachment_9892\" aria-describedby=\"caption-attachment-9892\" style=\"width: 900px\" class=\"wp-caption alignnone\"><img loading=\"lazy\" decoding=\"async\" class=\"wp-image-9892 size-full\" src=\"https:\/\/boyanmfg.com\/wp-content\/uploads\/2025\/11\/Floating-Nut-Insert-Front.jpg\" alt=\"Nahaufnahme der Vorderansicht eines Schwimm-Muttern-Einsatzes auf Edelstahl-Stanzteil, zeigt die quadratische Schwimm-Mutter, die zur Verhinderung von Rotation ausgelegt ist.\" width=\"900\" height=\"506\" srcset=\"https:\/\/boyanmfg.com\/wp-content\/uploads\/2025\/11\/Floating-Nut-Insert-Front.jpg 900w, https:\/\/boyanmfg.com\/wp-content\/uploads\/2025\/11\/Floating-Nut-Insert-Front-300x169.jpg 300w, https:\/\/boyanmfg.com\/wp-content\/uploads\/2025\/11\/Floating-Nut-Insert-Front-768x432.jpg 768w, https:\/\/boyanmfg.com\/wp-content\/uploads\/2025\/11\/Floating-Nut-Insert-Front-600x337.jpg 600w\" sizes=\"(max-width: 900px) 100vw, 900px\" \/><figcaption id=\"caption-attachment-9892\" class=\"wp-caption-text\">Frontale Nahaufnahme des Schwimm-Mutter-Einsatzes am Edelstahl-Pr\u00e4geteil, die die quadratische Mutter zeigt, die zur Verhinderung von Rotation ausgelegt ist.<\/figcaption><\/figure>\n<figure id=\"attachment_9950\" aria-describedby=\"caption-attachment-9950\" style=\"width: 720px\" class=\"wp-caption alignnone\"><img loading=\"lazy\" decoding=\"async\" class=\"wp-image-9950 size-full\" src=\"https:\/\/boyanmfg.com\/wp-content\/uploads\/2025\/11\/Floating-Nut-Movement-Demo.gif\" alt=\"Draht, der die innere schwebende Mutter in einem Floating Nut Insert anst\u00f6\u00dft, zeigt den zentralen Abschnitt, der sich im Geh\u00e4use bewegt.\" width=\"720\" height=\"405\" \/><figcaption id=\"caption-attachment-9950\" class=\"wp-caption-text\">Drahtber\u00fchrungsdemonstration, die die schwebende Bewegung der zentralen Mutternbaugruppe zeigt.<\/figcaption><\/figure>\n<h4 data-start=\"1698\" data-end=\"1754\"><span style=\"color: #800080;\"><strong data-start=\"1702\" data-end=\"1754\">Besondere Anforderungen f\u00fcr das Einf\u00fcgen von Schwimm-Muttern<\/strong><\/span><\/h4>\n<p data-start=\"3056\" data-end=\"3179\">Aufgrund der internen Schwimmfunktion der Mutter muss der <strong data-start=\"3109\" data-end=\"3132\">schwimmenden Muttern-Einsatz<\/strong> erfordert pr\u00e4zisere <strong data-start=\"3155\" data-end=\"3167\">Stanzung<\/strong> Bedingungen:<\/p>\n<ol data-start=\"3181\" data-end=\"3627\">\n<li data-start=\"3181\" data-end=\"3329\">\n<p data-start=\"3184\" data-end=\"3329\"><strong data-start=\"3184\" data-end=\"3223\">Druck auf das Gewindeteil vermeiden<\/strong>: Nur das \u00e4u\u00dfere Geh\u00e4use sollte komprimiert werden, um Sch\u00e4den am internen Mechanismus der Schwimm-Mutter zu vermeiden.<\/p>\n<\/li>\n<li data-start=\"3334\" data-end=\"3478\">\n<p data-start=\"3337\" data-end=\"3478\"><strong data-start=\"3337\" data-end=\"3378\">Genauere Einf\u00fcgetiefe und Druck<\/strong>: \u00dcber- oder Unterpressen kann zu unsachgem\u00e4\u00dfer Montage der Mutter oder zum Versagen des Schwimmmechanismus f\u00fchren.<\/p>\n<\/li>\n<li data-start=\"3483\" data-end=\"3627\">\n<p data-start=\"3486\" data-end=\"3627\"><strong data-start=\"3486\" data-end=\"3517\">Vertikale Ausrichtung beibehalten<\/strong>: Das Stanzwerkzeug und die Materialoberfl\u00e4che m\u00fcssen w\u00e4hrend des Einf\u00fcgens senkrecht bleiben, um Fehlausrichtungen zu vermeiden.<\/p>\n<\/li>\n<\/ol>\n<hr data-start=\"2327\" data-end=\"2330\" \/>\n<h3 data-start=\"2033\" data-end=\"2082\"><span style=\"color: #800080;\"><strong data-start=\"2037\" data-end=\"2082\">Kontaktieren Sie uns f\u00fcr kundenspezifische Stanzteile<\/strong><\/span><\/h3>\n<p data-start=\"2332\" data-end=\"2478\">Mit jahrelanger Erfahrung in <strong data-start=\"3707\" data-end=\"3725\">Metallpr\u00e4gung<\/strong> und verwandte Prozesse sind wir gut ausgestattet, um Ihre individuellen <strong data-start=\"3792\" data-end=\"3804\">Stanzung<\/strong> Anforderungen zu erf\u00fcllen. Wenn Sie spezifische Anforderungen f\u00fcr <strong data-start=\"3850\" data-end=\"3876\">kundenspezifische Metallstanzungen<\/strong>, <strong data-start=\"3878\" data-end=\"3901\">gestanzte Metallteile<\/strong>, oder <strong data-start=\"3906\" data-end=\"3934\">Edelstahlstanzung<\/strong>, z\u00f6gern Sie bitte nicht, uns zu kontaktieren.<\/p>","protected":false},"excerpt":{"rendered":"<p>Edelstahl-Pr\u00e4geteil mit selbstverankernden Muttern Dieses Edelstahl-Pr\u00e4geteil ist auf einer Seite mit hohen \u00e4sthetischen Anspr\u00fcchen gestaltet und enth\u00e4lt zwei schwimmende Muttern-Eins\u00e4tze. Die Basis-Seite weist mehrere Biegungen auf, die sowohl durch Pr\u00e4gen als auch durch Abkanten realisiert wurden. Teilespezifikation Abmessungen: 230 x 126 x 53 mm Material: 304 Edelstahl, 1,5 mm\u2026&nbsp;<a href=\"https:\/\/boyanmfg.com\/de\/shop\/stainless-steel-stamping-with-self-clinching-nuts\/\" rel=\"bookmark\">Weiterlesen \u00bb<span class=\"screen-reader-text\">Edelstahlstempel mit selbstklemmenden Muttern<\/span><\/a><\/p>","protected":false},"featured_media":9886,"comment_status":"closed","ping_status":"closed","template":"","meta":{"neve_meta_sidebar":"","neve_meta_container":"","neve_meta_enable_content_width":"off","neve_meta_content_width":100,"neve_meta_title_alignment":"","neve_meta_author_avatar":"","neve_post_elements_order":"","neve_meta_disable_header":"","neve_meta_disable_footer":"","neve_meta_disable_title":"","neve_meta_reading_time":"","_themeisle_gutenberg_block_has_review":false},"product_brand":[],"product_cat":[61],"product_tag":[],"class_list":{"0":"post-9884","1":"product","2":"type-product","3":"status-publish","4":"has-post-thumbnail","6":"product_cat-sheet-metal","8":"first","9":"instock","10":"shipping-taxable","11":"product-type-simple"},"acf":[],"_links":{"self":[{"href":"https:\/\/boyanmfg.com\/de\/wp-json\/wp\/v2\/product\/9884","targetHints":{"allow":["GET"]}}],"collection":[{"href":"https:\/\/boyanmfg.com\/de\/wp-json\/wp\/v2\/product"}],"about":[{"href":"https:\/\/boyanmfg.com\/de\/wp-json\/wp\/v2\/types\/product"}],"replies":[{"embeddable":true,"href":"https:\/\/boyanmfg.com\/de\/wp-json\/wp\/v2\/comments?post=9884"}],"wp:featuredmedia":[{"embeddable":true,"href":"https:\/\/boyanmfg.com\/de\/wp-json\/wp\/v2\/media\/9886"}],"wp:attachment":[{"href":"https:\/\/boyanmfg.com\/de\/wp-json\/wp\/v2\/media?parent=9884"}],"wp:term":[{"taxonomy":"product_brand","embeddable":true,"href":"https:\/\/boyanmfg.com\/de\/wp-json\/wp\/v2\/product_brand?post=9884"},{"taxonomy":"product_cat","embeddable":true,"href":"https:\/\/boyanmfg.com\/de\/wp-json\/wp\/v2\/product_cat?post=9884"},{"taxonomy":"product_tag","embeddable":true,"href":"https:\/\/boyanmfg.com\/de\/wp-json\/wp\/v2\/product_tag?post=9884"}],"curies":[{"name":"wp","href":"https:\/\/api.w.org\/{rel}","templated":true}]}}