{"id":9860,"date":"2025-11-27T12:52:27","date_gmt":"2025-11-27T12:52:27","guid":{"rendered":"https:\/\/boyanmfg.com\/?post_type=product&#038;p=9860"},"modified":"2026-01-04T13:17:01","modified_gmt":"2026-01-04T13:17:01","slug":"custom-stamping-part-with-self-clinching-nuts","status":"publish","type":"product","link":"https:\/\/boyanmfg.com\/de\/shop\/custom-stamping-part-with-self-clinching-nuts\/","title":{"rendered":"Kundenspezifisches Stanzteil mit selbstklemmenden Muttern"},"content":{"rendered":"<h2><span style=\"color: #800080;\"><strong>Kundenspezifisches Stanzteil mit selbstklemmenden Muttern<\/strong><\/span><\/h2>\n<p>Diese <strong data-start=\"178\" data-end=\"202\">kundenspezifisches Stanzteil<\/strong> verf\u00fcgt \u00fcber ein Metallgeh\u00e4use mit mehreren <strong data-start=\"244\" data-end=\"267\">selbstklammernde Muttern<\/strong>. Diese Muttern gibt es in verschiedenen Ausf\u00fchrungen, einige sind nahe an den Biegekanten positioniert. Das Bauteil wird unter Verwendung von <strong data-start=\"373\" data-end=\"385\">Stanzung<\/strong> f\u00fcr den Schneidvorgang hergestellt, gefolgt vom Biegen mit einer Abkantpresse (Biegemaschine). Dies gew\u00e4hrleistet eine hohe Pr\u00e4zision f\u00fcr die Serienfertigung von <strong data-start=\"526\" data-end=\"549\">gestanzte Metallteile<\/strong>.<\/p>\n<figure id=\"attachment_9863\" aria-describedby=\"caption-attachment-9863\" style=\"width: 750px\" class=\"wp-caption alignnone\"><img fetchpriority=\"high\" decoding=\"async\" class=\"wp-image-9863 size-full\" src=\"https:\/\/boyanmfg.com\/wp-content\/uploads\/2025\/11\/Stamping-Part-Side-Front.jpg\" alt=\"Seitliche Vorderansicht eines kundenspezifischen Stanzteils mit selbstsichernden Muttern, die einen besseren Blick auf die Form und das Design erm\u00f6glicht.\" width=\"750\" height=\"562\" srcset=\"https:\/\/boyanmfg.com\/wp-content\/uploads\/2025\/11\/Stamping-Part-Side-Front.jpg 750w, https:\/\/boyanmfg.com\/wp-content\/uploads\/2025\/11\/Stamping-Part-Side-Front-300x225.jpg 300w, https:\/\/boyanmfg.com\/wp-content\/uploads\/2025\/11\/Stamping-Part-Side-Front-600x450.jpg 600w\" sizes=\"(max-width: 750px) 100vw, 750px\" \/><figcaption id=\"caption-attachment-9863\" class=\"wp-caption-text\">Seitenansicht von vorn des kundenspezifischen Stanzteils und der selbstverankernden Muttern\/Abstandshalter, die einen detaillierten Blick auf Design und Struktur bietet.<\/figcaption><\/figure>\n<figure id=\"attachment_9866\" aria-describedby=\"caption-attachment-9866\" style=\"width: 750px\" class=\"wp-caption alignnone\"><img decoding=\"async\" class=\"wp-image-9866 size-full\" src=\"https:\/\/boyanmfg.com\/wp-content\/uploads\/2025\/11\/Stamping-Part-before-press-fit.jpg\" alt=\"Alternativtext: Untersicht des kundenspezifischen Stanzteils mit mehreren runden L\u00f6chern vor dem Einpressvorgang, die die Lochanordnung f\u00fcr Einpressmuttern zeigt.\" width=\"750\" height=\"563\" srcset=\"https:\/\/boyanmfg.com\/wp-content\/uploads\/2025\/11\/Stamping-Part-before-press-fit.jpg 750w, https:\/\/boyanmfg.com\/wp-content\/uploads\/2025\/11\/Stamping-Part-before-press-fit-300x225.jpg 300w, https:\/\/boyanmfg.com\/wp-content\/uploads\/2025\/11\/Stamping-Part-before-press-fit-600x450.jpg 600w\" sizes=\"(max-width: 750px) 100vw, 750px\" \/><figcaption id=\"caption-attachment-9866\" class=\"wp-caption-text\">Untersicht des kundenspezifischen Stanzteils, die mehrere runde L\u00f6cher vor dem Einpressvorgang zur Montage der Einpressmuttern zeigt.<\/figcaption><\/figure>\n<h2><span style=\"color: #800080;\">Teilspezifikation<\/span><\/h2>\n<ul>\n<li data-start=\"379\" data-end=\"416\">\n<p data-start=\"381\" data-end=\"416\"><strong data-start=\"381\" data-end=\"395\">Abmessungen<\/strong>: 265 x 176 x 13 mm<\/p>\n<\/li>\n<li data-start=\"417\" data-end=\"476\">\n<p data-start=\"419\" data-end=\"476\"><strong data-start=\"419\" data-end=\"431\">Material<\/strong>: Galvanisch verzinkter Stahl, 1,5 mm dick<\/p>\n<\/li>\n<li data-start=\"477\" data-end=\"508\">\n<p data-start=\"479\" data-end=\"508\"><strong data-start=\"479\" data-end=\"500\">Oberfl\u00e4chenbehandlung<\/strong>: Keine<\/p>\n<\/li>\n<\/ul>\n<h2><span style=\"color: #800080;\">Kritisches Merkmal<\/span><\/h2>\n<h3><a href=\"https:\/\/boyanmfg.com\/sheet-metal-bending-tolerances\/\"><span style=\"color: #800080;\">Ma\u00dftoleranzen<\/span><\/a><\/h3>\n<ul>\n<li data-start=\"553\" data-end=\"780\">\n<p data-start=\"555\" data-end=\"780\"><strong data-start=\"555\" data-end=\"573\">Lochtoleranz<\/strong>: \u00b10,02 mm \u2013 Die L\u00f6cher sind f\u00fcr das Einpressen der selbstverankernden Muttern ausgelegt, was hohe Pr\u00e4zision erfordert. Laserschneiden bietet nicht die gleiche Genauigkeit wie Stanzen und ist daher weniger geeignet.<\/p>\n<\/li>\n<li data-start=\"781\" data-end=\"969\">\n<p data-start=\"783\" data-end=\"969\"><strong data-start=\"783\" data-end=\"812\">Andere Stanztoleranzen<\/strong>: \u00b10,05 mm \u2013 Das Schneiden erfolgt durch Stanzen, was im Vergleich zum Laserschneiden bei Serienfertigung eine bessere Pr\u00e4zision und Kosteneffizienz bietet.<\/p>\n<\/li>\n<li data-start=\"970\" data-end=\"1141\">\n<p data-start=\"972\" data-end=\"1141\"><strong data-start=\"972\" data-end=\"991\">Biegetoleranzen<\/strong>: \u00b10,20 mm \u2013 Die vier Kanten werden mit einer Abkantpresse gebogen, nicht mit einem Stanzwerkzeug. Die gestanzten Kanten sind sauber mit minimalem Grat, wie auf dem Foto zu sehen.<\/p>\n<\/li>\n<\/ul>\n<div class=\"mceTemp\"><\/div>\n<h3 data-start=\"980\" data-end=\"1016\"><span style=\"color: #800080;\"><strong data-start=\"984\" data-end=\"1016\">Handhabung selbstverankernder Muttern nahe Biegekanten<\/strong><\/span><\/h3>\n<p>Einige selbstverankernde Muttern werden nahe an den Biegekanten platziert. Um Verformungen beim Biegen zu vermeiden, wird in der N\u00e4he der Mutter eine \u201cBiegeaussparung\u201d oder \u201cBiegenut\u201d erstellt. Dies stellt sicher, dass der Bereich um das Loch flach und verzerrungsfrei bleibt.<\/p>\n<figure id=\"attachment_9870\" aria-describedby=\"caption-attachment-9870\" style=\"width: 900px\" class=\"wp-caption alignnone\"><img decoding=\"async\" class=\"wp-image-9870 size-full\" src=\"https:\/\/boyanmfg.com\/wp-content\/uploads\/2025\/11\/Close-Up-of-Bend-Relief.jpg\" alt=\"Nahaufnahme der Biegeaussparung am kundenspezifischen Stanzteil, die den flachen Bereich unter der Aussparungsnut zeigt, ohne Biegung in diesem Abschnitt.\" width=\"900\" height=\"506\" srcset=\"https:\/\/boyanmfg.com\/wp-content\/uploads\/2025\/11\/Close-Up-of-Bend-Relief.jpg 900w, https:\/\/boyanmfg.com\/wp-content\/uploads\/2025\/11\/Close-Up-of-Bend-Relief-300x169.jpg 300w, https:\/\/boyanmfg.com\/wp-content\/uploads\/2025\/11\/Close-Up-of-Bend-Relief-768x432.jpg 768w, https:\/\/boyanmfg.com\/wp-content\/uploads\/2025\/11\/Close-Up-of-Bend-Relief-600x337.jpg 600w\" sizes=\"(max-width: 900px) 100vw, 900px\" \/><figcaption id=\"caption-attachment-9870\" class=\"wp-caption-text\">Nahaufnahme der Biegeaussparung am kundenspezifischen Stanzteil, die den flachen Bereich unter der Aussparungsnut zeigt und sicherstellt, dass keine Verformung beim Biegen auftritt.<\/figcaption><\/figure>\n<figure id=\"attachment_9871\" aria-describedby=\"caption-attachment-9871\" style=\"width: 900px\" class=\"wp-caption alignnone\"><img loading=\"lazy\" decoding=\"async\" class=\"wp-image-9871 size-full\" src=\"https:\/\/boyanmfg.com\/wp-content\/uploads\/2025\/11\/bend-relief-back-view.jpg\" alt=\"R\u00fcckansicht des kundenspezifischen Stanzteils, die den Bereich der Biegeaussparung zeigt und eine klarere Perspektive des flachen Abschnitts unter der Aussparungsnut bietet.\" width=\"900\" height=\"506\" srcset=\"https:\/\/boyanmfg.com\/wp-content\/uploads\/2025\/11\/bend-relief-back-view.jpg 900w, https:\/\/boyanmfg.com\/wp-content\/uploads\/2025\/11\/bend-relief-back-view-300x169.jpg 300w, https:\/\/boyanmfg.com\/wp-content\/uploads\/2025\/11\/bend-relief-back-view-768x432.jpg 768w, https:\/\/boyanmfg.com\/wp-content\/uploads\/2025\/11\/bend-relief-back-view-600x337.jpg 600w\" sizes=\"(max-width: 900px) 100vw, 900px\" \/><figcaption id=\"caption-attachment-9871\" class=\"wp-caption-text\">R\u00fcckansicht des kundenspezifischen Stanzteils, die die Biegeaussparung zeigt und ein besseres Verst\u00e4ndnis des flachen Abschnitts unter der Aussparungsnut f\u00fcr pr\u00e4zises Biegen bietet.<\/figcaption><\/figure>\n<h3 data-start=\"1698\" data-end=\"1754\"><span style=\"color: #800080;\"><strong data-start=\"1702\" data-end=\"1754\">Material: Elektrolytisch verzinkter Stahl<\/strong><\/span><\/h3>\n<p>Das verwendete Material ist elektrolytisch verzinkter Stahl (auch als zinkbeschichteter Stahl oder Zintec-Stahl bekannt). Das Teil wird aus Rohlingen gestanzt, die seine Form definieren.<\/p>\n<h3 data-start=\"1698\" data-end=\"1754\"><span style=\"color: #800080;\"><strong data-start=\"1702\" data-end=\"1754\">Oberfl\u00e4chenpolitur zum Verdecken von Kratzern<\/strong><\/span><\/h3>\n<p>Eine Seite des Teils wird poliert, wodurch zuf\u00e4llige, strukturierte Muster auf der Oberfl\u00e4che entstehen. Der Poliervorgang entfernt nicht nur kleine Gratspuren, sondern hilft auch, kleine Kratzer zu kaschieren und verbessert so das Gesamterscheinungsbild.<\/p>\n<h3 data-start=\"1698\" data-end=\"1754\"><span style=\"color: #800080;\"><strong data-start=\"1702\" data-end=\"1754\">Presspassmutternprozess<\/strong><\/span><\/h3>\n<p data-start=\"1956\" data-end=\"2322\">Das Bauteil verf\u00fcgt \u00fcber drei Arten von Einpresskomponenten: selbstverankernde Muttern, Einpressstifte und Snap-Top-Abstandshalter. Beim Einpressen ist es entscheidend, dass die Oberfl\u00e4che nach dem Vorgang flach bleibt. Dies wird durch genaue Lochma\u00dfe und den Einpressvorgang selbst gew\u00e4hrleistet. Die Bilder zeigen deutlich, dass die Ebenheit nach dem Einpressen den erforderlichen Standards entspricht.<\/p>\n<figure id=\"attachment_9868\" aria-describedby=\"caption-attachment-9868\" style=\"width: 900px\" class=\"wp-caption alignnone\"><img loading=\"lazy\" decoding=\"async\" class=\"wp-image-9868 size-full\" src=\"https:\/\/boyanmfg.com\/wp-content\/uploads\/2025\/11\/Stamping-Part-Bottom-View-2.jpg\" alt=\"Nahaufnahme der Untersicht des kundenspezifischen Stanzteils, die mehrere runde L\u00f6cher zeigt und einen detaillierten Blick auf das Lochdesign vor dem Einpressvorgang bietet.\" width=\"900\" height=\"506\" srcset=\"https:\/\/boyanmfg.com\/wp-content\/uploads\/2025\/11\/Stamping-Part-Bottom-View-2.jpg 900w, https:\/\/boyanmfg.com\/wp-content\/uploads\/2025\/11\/Stamping-Part-Bottom-View-2-300x169.jpg 300w, https:\/\/boyanmfg.com\/wp-content\/uploads\/2025\/11\/Stamping-Part-Bottom-View-2-768x432.jpg 768w, https:\/\/boyanmfg.com\/wp-content\/uploads\/2025\/11\/Stamping-Part-Bottom-View-2-600x337.jpg 600w\" sizes=\"(max-width: 900px) 100vw, 900px\" \/><figcaption id=\"caption-attachment-9868\" class=\"wp-caption-text\">Nahaufnahme der Unterseite des kundenspezifischen Stanzteils, die detaillierte runde L\u00f6cher vor der Montage der Einpressmuttern zeigt.<\/figcaption><\/figure>\n<figure id=\"attachment_9867\" aria-describedby=\"caption-attachment-9867\" style=\"width: 900px\" class=\"wp-caption alignnone\"><img loading=\"lazy\" decoding=\"async\" class=\"wp-image-9867 size-full\" src=\"https:\/\/boyanmfg.com\/wp-content\/uploads\/2025\/11\/self-clinching-nut-back-view-2.jpg\" alt=\"Nahaufnahme der R\u00fcckansicht eines kundenspezifischen Stanzteils, das selbstklemmende Muttern mit leichten Vertiefungen in der N\u00e4he der Muttern zeigt und im Allgemeinen den Qualit\u00e4tsstandards entspricht.\" width=\"900\" height=\"507\" srcset=\"https:\/\/boyanmfg.com\/wp-content\/uploads\/2025\/11\/self-clinching-nut-back-view-2.jpg 900w, https:\/\/boyanmfg.com\/wp-content\/uploads\/2025\/11\/self-clinching-nut-back-view-2-300x169.jpg 300w, https:\/\/boyanmfg.com\/wp-content\/uploads\/2025\/11\/self-clinching-nut-back-view-2-768x433.jpg 768w, https:\/\/boyanmfg.com\/wp-content\/uploads\/2025\/11\/self-clinching-nut-back-view-2-600x338.jpg 600w\" sizes=\"(max-width: 900px) 100vw, 900px\" \/><figcaption id=\"caption-attachment-9867\" class=\"wp-caption-text\">Nahaufnahme der R\u00fcckseite des kundenspezifischen Stanzteils, die die selbstverankernden Muttern mit leichten Vertiefungen zeigt und den korrekten Sitz und die Ausrichtung best\u00e4tigt.<\/figcaption><\/figure>\n<p data-start=\"1956\" data-end=\"2322\">Hinweis: A <strong data-start=\"112\" data-end=\"133\">Schnappverschlussabstandshalter<\/strong> ist eine Art Abstandshalter, der in der Elektronik und anderen Baugruppen verwendet wird. Er ist so konzipiert, dass er auf ein Panel oder eine Platine eingeklickt werden kann und bietet einen sicheren, abgesetzten Abstandshalter ohne zus\u00e4tzliche Befestigungselemente. Diese werden h\u00e4ufig verwendet, um Leiterplatten oder andere Komponenten \u00fcber Oberfl\u00e4chen zu befestigen und sicherzustellen, dass Komponenten nicht mit anderen Teilen oder Oberfl\u00e4chen in Kontakt kommen.<\/p>\n<figure id=\"attachment_9869\" aria-describedby=\"caption-attachment-9869\" style=\"width: 750px\" class=\"wp-caption alignnone\"><img loading=\"lazy\" decoding=\"async\" class=\"wp-image-9869 size-full\" src=\"https:\/\/boyanmfg.com\/wp-content\/uploads\/2025\/11\/snap-top-standoff-on-stamping-part.jpg\" alt=\"Nahaufnahme des Snap-Top-Abstandshalters am kundenspezifischen Stanzteil, die sein Design und seine Funktion in einer Baugruppe zeigt.\" width=\"750\" height=\"563\" srcset=\"https:\/\/boyanmfg.com\/wp-content\/uploads\/2025\/11\/snap-top-standoff-on-stamping-part.jpg 750w, https:\/\/boyanmfg.com\/wp-content\/uploads\/2025\/11\/snap-top-standoff-on-stamping-part-300x225.jpg 300w, https:\/\/boyanmfg.com\/wp-content\/uploads\/2025\/11\/snap-top-standoff-on-stamping-part-600x450.jpg 600w\" sizes=\"(max-width: 750px) 100vw, 750px\" \/><figcaption id=\"caption-attachment-9869\" class=\"wp-caption-text\">Nahaufnahme des Snap-Top-Abstandshalters am kundenspezifischen Stanzteil, die sein Design und seine Funktionalit\u00e4t in elektronischen Baugruppen zeigt.<\/figcaption><\/figure>\n<p data-start=\"2324\" data-end=\"2396\">Ein Video des Einpressvorgangs ist unten f\u00fcr weitere Details verf\u00fcgbar.<\/p>\n<div class=\"nv-iframe-embed\"><iframe title=\"Wie man selbstklemmende Befestigungselemente in Blech einbaut (Muttern, Gewindebolzen und Abstandshalter)\" width=\"1200\" height=\"675\" src=\"https:\/\/www.youtube.com\/embed\/h3Z51MdjPCs?feature=oembed&#038;enablejsapi=1&#038;origin=https:\/\/boyanmfg.com\" frameborder=\"0\" allow=\"accelerometer; autoplay; clipboard-write; encrypted-media; gyroscope; picture-in-picture; web-share\" referrerpolicy=\"strict-origin-when-cross-origin\" allowfullscreen><\/iframe><\/div>\n<p>&nbsp;<\/p>\n<hr data-start=\"2327\" data-end=\"2330\" \/>\n<h3 data-start=\"2033\" data-end=\"2082\"><span style=\"color: #800080;\"><strong data-start=\"2037\" data-end=\"2082\">Kontaktieren Sie uns f\u00fcr kundenspezifische Fertigung<\/strong><\/span><\/h3>\n<p data-start=\"2332\" data-end=\"2478\">Wir haben umfangreiche Erfahrung in <strong data-start=\"2364\" data-end=\"2391\">Blechfertigung<\/strong>. Wenn Sie \u00e4hnliche Anforderungen an die Herstellung von Produkten haben, z\u00f6gern Sie bitte nicht, uns zu kontaktieren.<\/p>","protected":false},"excerpt":{"rendered":"<p>Kundenspezifisches Stanzteil mit selbstverankernden Muttern Dieses kundenspezifische Stanzteil verf\u00fcgt \u00fcber ein Metallgeh\u00e4use mit mehreren selbstverankernden Muttern. Diese Muttern sind in verschiedenen Ausf\u00fchrungen erh\u00e4ltlich, wobei einige nahe an den Biegekanten positioniert sind. Das Teil wird durch Stanzen f\u00fcr den Ausschneidprozess hergestellt, gefolgt von Biegen mit einer Abkantpresse (Biegemaschine). Dies gew\u00e4hrleistet ein hohes Ma\u00df an...&nbsp;<a href=\"https:\/\/boyanmfg.com\/de\/shop\/custom-stamping-part-with-self-clinching-nuts\/\" rel=\"bookmark\">Weiterlesen \u00bb<span class=\"screen-reader-text\">Kundenspezifisches Stanzteil mit selbstklemmenden Muttern<\/span><\/a><\/p>","protected":false},"featured_media":9863,"comment_status":"closed","ping_status":"closed","template":"","meta":{"neve_meta_sidebar":"","neve_meta_container":"","neve_meta_enable_content_width":"off","neve_meta_content_width":100,"neve_meta_title_alignment":"","neve_meta_author_avatar":"","neve_post_elements_order":"","neve_meta_disable_header":"","neve_meta_disable_footer":"","neve_meta_disable_title":"","neve_meta_reading_time":"","_themeisle_gutenberg_block_has_review":false},"product_brand":[],"product_cat":[61],"product_tag":[],"class_list":{"0":"post-9860","1":"product","2":"type-product","3":"status-publish","4":"has-post-thumbnail","6":"product_cat-sheet-metal","8":"first","9":"instock","10":"shipping-taxable","11":"product-type-simple"},"acf":[],"_links":{"self":[{"href":"https:\/\/boyanmfg.com\/de\/wp-json\/wp\/v2\/product\/9860","targetHints":{"allow":["GET"]}}],"collection":[{"href":"https:\/\/boyanmfg.com\/de\/wp-json\/wp\/v2\/product"}],"about":[{"href":"https:\/\/boyanmfg.com\/de\/wp-json\/wp\/v2\/types\/product"}],"replies":[{"embeddable":true,"href":"https:\/\/boyanmfg.com\/de\/wp-json\/wp\/v2\/comments?post=9860"}],"wp:featuredmedia":[{"embeddable":true,"href":"https:\/\/boyanmfg.com\/de\/wp-json\/wp\/v2\/media\/9863"}],"wp:attachment":[{"href":"https:\/\/boyanmfg.com\/de\/wp-json\/wp\/v2\/media?parent=9860"}],"wp:term":[{"taxonomy":"product_brand","embeddable":true,"href":"https:\/\/boyanmfg.com\/de\/wp-json\/wp\/v2\/product_brand?post=9860"},{"taxonomy":"product_cat","embeddable":true,"href":"https:\/\/boyanmfg.com\/de\/wp-json\/wp\/v2\/product_cat?post=9860"},{"taxonomy":"product_tag","embeddable":true,"href":"https:\/\/boyanmfg.com\/de\/wp-json\/wp\/v2\/product_tag?post=9860"}],"curies":[{"name":"wp","href":"https:\/\/api.w.org\/{rel}","templated":true}]}}