{"id":1183,"date":"2020-01-19T15:11:24","date_gmt":"2020-01-19T15:11:24","guid":{"rendered":"http:\/\/boyanmfg.com\/?post_type=product&#038;p=1183"},"modified":"2020-02-01T14:44:40","modified_gmt":"2020-02-01T14:44:40","slug":"precision-cnc-machined-aluminum-small-part","status":"publish","type":"product","link":"https:\/\/boyanmfg.com\/de\/shop\/precision-cnc-machined-aluminum-small-part\/","title":{"rendered":"Pr\u00e4zise CNC-gefr\u00e4stes Aluminium-Kleinteil"},"content":{"rendered":"<h2><span style=\"color: #993366;\">Pr\u00e4zise CNC-gefr\u00e4stes Aluminium-Kleinteil<\/span><\/h2>\n<p>Dies ist ein kleines Pr\u00e4zisions-CNC-gefr\u00e4stes Teil. F\u00fcr den Innendurchmesser ist eine enge Toleranz erforderlich.<\/p>\n<p><img fetchpriority=\"high\" decoding=\"async\" class=\"alignnone size-medium wp-image-1184\" src=\"https:\/\/boyanmfg.com\/wp-content\/uploads\/2020\/01\/precision-cnc-machine-part-300x300.jpg\" alt=\"\" width=\"300\" height=\"300\" srcset=\"https:\/\/boyanmfg.com\/wp-content\/uploads\/2020\/01\/precision-cnc-machine-part-300x300.jpg 300w, https:\/\/boyanmfg.com\/wp-content\/uploads\/2020\/01\/precision-cnc-machine-part-100x100.jpg 100w, https:\/\/boyanmfg.com\/wp-content\/uploads\/2020\/01\/precision-cnc-machine-part-600x600.jpg 600w, https:\/\/boyanmfg.com\/wp-content\/uploads\/2020\/01\/precision-cnc-machine-part-150x150.jpg 150w, https:\/\/boyanmfg.com\/wp-content\/uploads\/2020\/01\/precision-cnc-machine-part-768x768.jpg 768w, https:\/\/boyanmfg.com\/wp-content\/uploads\/2020\/01\/precision-cnc-machine-part.jpg 800w\" sizes=\"(max-width: 300px) 100vw, 300px\" \/><\/p>\n<h2><span style=\"color: #993366;\">Teilspezifikation<\/span><\/h2>\n<table border=\"1\" cellspacing=\"1\" cellpadding=\"1\">\n<tbody>\n<tr>\n<td>Material<\/td>\n<td>Aluminium 6061-T6<\/td>\n<\/tr>\n<tr>\n<td>Gr\u00f6\u00dfe (mm)<\/td>\n<td>L 20 x B 20 x H 15 (mm)<\/td>\n<\/tr>\n<tr>\n<td>Toleranz f\u00fcr das Schl\u00fcsselma\u00df (mm)<\/td>\n<td>+\/-0,025 mm<\/td>\n<\/tr>\n<tr>\n<td>Oberfl\u00e4che<\/td>\n<td>Keine<\/td>\n<\/tr>\n<tr>\n<td>Prozesse<\/td>\n<td>CNC-Fr\u00e4sen<\/td>\n<\/tr>\n<\/tbody>\n<\/table>\n<h2><span style=\"color: #993366;\">Einige Details<\/span><\/h2>\n<h3><strong>Alle scharfen Kanten abgerundet oder gefast<\/strong><\/h3>\n<p>Alle scharfen Kanten wurden auf 0,2-0,5 mm x 45\u00b0 abgeschr\u00e4gt und Grat gem\u00e4\u00df Zeichnungsvorgabe entfernt.<\/p>\n<p><img decoding=\"async\" class=\"alignnone size-full wp-image-12328\" src=\"https:\/\/boyanmfg.com\/wp-content\/uploads\/2018\/06\/MA315\u82f1\u6587_02.jpg\" alt=\"\" width=\"750\" height=\"544\" \/><img decoding=\"async\" class=\"alignnone wp-image-1185 size-full\" src=\"https:\/\/boyanmfg.com\/wp-content\/uploads\/2020\/01\/precision-cnc-machine-part-bottom-view.jpg\" alt=\"\" width=\"800\" height=\"800\" srcset=\"https:\/\/boyanmfg.com\/wp-content\/uploads\/2020\/01\/precision-cnc-machine-part-bottom-view.jpg 800w, https:\/\/boyanmfg.com\/wp-content\/uploads\/2020\/01\/precision-cnc-machine-part-bottom-view-300x300.jpg 300w, https:\/\/boyanmfg.com\/wp-content\/uploads\/2020\/01\/precision-cnc-machine-part-bottom-view-100x100.jpg 100w, https:\/\/boyanmfg.com\/wp-content\/uploads\/2020\/01\/precision-cnc-machine-part-bottom-view-600x600.jpg 600w, https:\/\/boyanmfg.com\/wp-content\/uploads\/2020\/01\/precision-cnc-machine-part-bottom-view-150x150.jpg 150w, https:\/\/boyanmfg.com\/wp-content\/uploads\/2020\/01\/precision-cnc-machine-part-bottom-view-768x768.jpg 768w\" sizes=\"(max-width: 800px) 100vw, 800px\" \/><\/p>\n<h3><strong>Mehrfachbeladung gegen\u00fcber niedrigem Preis<\/strong><\/h3>\n<p>Obwohl es sich um ein kleines Bauteil handelt, m\u00fcssen wir das Teil mehrmals einspannen, was die Bearbeitungszeit verl\u00e4ngert. Nun, das ist kein gro\u00dfes Problem, die Herausforderung besteht darin, gleichzeitig den Preis niedrig zu halten, ohne die Qualit\u00e4t zu beeintr\u00e4chtigen.<\/p>\n<p><img loading=\"lazy\" decoding=\"async\" class=\"alignnone size-full wp-image-12327\" src=\"https:\/\/boyanmfg.com\/wp-content\/uploads\/2018\/06\/MA315\u82f1\u6587_04.jpg\" alt=\"\" width=\"750\" height=\"338\" \/><\/p>\n<h3><strong>Toleranz auf dem ID<\/strong><\/h3>\n<p>Die Toleranz ist nicht nur f\u00fcr den Innendurchmesser, sondern auch f\u00fcr den Au\u00dfendurchmesser der kleinen Extrusion erforderlich.<\/p>\n<h2><span style=\"color: #993366;\">Ein weiteres \u00e4hnliches kleines Aluminiumteil<\/span><\/h2>\n<p><img loading=\"lazy\" decoding=\"async\" class=\"alignnone size-medium wp-image-754\" src=\"https:\/\/boyanmfg.com\/wp-content\/uploads\/2020\/01\/small-cnc-milling-part-300x300.jpg\" alt=\"ein kleines, durch CNC-Fr\u00e4sen hergestelltes Teil\" width=\"300\" height=\"300\" srcset=\"https:\/\/boyanmfg.com\/wp-content\/uploads\/2020\/01\/small-cnc-milling-part-300x300.jpg 300w, https:\/\/boyanmfg.com\/wp-content\/uploads\/2020\/01\/small-cnc-milling-part-100x100.jpg 100w, https:\/\/boyanmfg.com\/wp-content\/uploads\/2020\/01\/small-cnc-milling-part-600x600.jpg 600w, https:\/\/boyanmfg.com\/wp-content\/uploads\/2020\/01\/small-cnc-milling-part-150x150.jpg 150w, https:\/\/boyanmfg.com\/wp-content\/uploads\/2020\/01\/small-cnc-milling-part.jpg 750w\" sizes=\"(max-width: 300px) 100vw, 300px\" \/><\/p>","protected":false},"excerpt":{"rendered":"<p>Pr\u00e4zisions-CNC-gefr\u00e4ste kleine Aluminiumbauteil Dies ist ein kleines, pr\u00e4zisions-CNC-gefr\u00e4stes Bauteil. F\u00fcr den Innendurchmesser ist eine enge Toleranz erforderlich. Bauteilspezifikation Material Aluminium 6061-T6 Gr\u00f6\u00dfe (mm) L 20 x B 20 x H 15 (mm) Toleranz f\u00fcr Schl\u00fcsselma\u00df (mm) +\/-0,025mm Oberfl\u00e4chenbehandlung Keine Verfahren CNC-Fr\u00e4sen Einige Details Alle scharfen Kanten abgerundet\u2026&nbsp;<a href=\"https:\/\/boyanmfg.com\/de\/shop\/precision-cnc-machined-aluminum-small-part\/\" rel=\"bookmark\">Weiterlesen \u00bb<span class=\"screen-reader-text\">Pr\u00e4zise CNC-gefr\u00e4stes Aluminium-Kleinteil<\/span><\/a><\/p>","protected":false},"featured_media":754,"comment_status":"closed","ping_status":"closed","template":"","meta":{"neve_meta_sidebar":"","neve_meta_container":"","neve_meta_enable_content_width":"","neve_meta_content_width":0,"neve_meta_title_alignment":"","neve_meta_author_avatar":"","neve_post_elements_order":"","neve_meta_disable_header":"","neve_meta_disable_footer":"","neve_meta_disable_title":"","neve_meta_reading_time":"","_themeisle_gutenberg_block_has_review":false},"product_brand":[],"product_cat":[58],"product_tag":[],"class_list":{"0":"post-1183","1":"product","2":"type-product","3":"status-publish","4":"has-post-thumbnail","6":"product_cat-cnc-machining","8":"first","9":"instock","10":"shipping-taxable","11":"product-type-simple"},"acf":[],"_links":{"self":[{"href":"https:\/\/boyanmfg.com\/de\/wp-json\/wp\/v2\/product\/1183","targetHints":{"allow":["GET"]}}],"collection":[{"href":"https:\/\/boyanmfg.com\/de\/wp-json\/wp\/v2\/product"}],"about":[{"href":"https:\/\/boyanmfg.com\/de\/wp-json\/wp\/v2\/types\/product"}],"replies":[{"embeddable":true,"href":"https:\/\/boyanmfg.com\/de\/wp-json\/wp\/v2\/comments?post=1183"}],"wp:featuredmedia":[{"embeddable":true,"href":"https:\/\/boyanmfg.com\/de\/wp-json\/wp\/v2\/media\/754"}],"wp:attachment":[{"href":"https:\/\/boyanmfg.com\/de\/wp-json\/wp\/v2\/media?parent=1183"}],"wp:term":[{"taxonomy":"product_brand","embeddable":true,"href":"https:\/\/boyanmfg.com\/de\/wp-json\/wp\/v2\/product_brand?post=1183"},{"taxonomy":"product_cat","embeddable":true,"href":"https:\/\/boyanmfg.com\/de\/wp-json\/wp\/v2\/product_cat?post=1183"},{"taxonomy":"product_tag","embeddable":true,"href":"https:\/\/boyanmfg.com\/de\/wp-json\/wp\/v2\/product_tag?post=1183"}],"curies":[{"name":"wp","href":"https:\/\/api.w.org\/{rel}","templated":true}]}}