{"id":1651,"date":"2020-01-22T16:52:21","date_gmt":"2020-01-22T16:52:21","guid":{"rendered":"http:\/\/boyanmfg.com\/?page_id=1651"},"modified":"2020-01-22T17:08:16","modified_gmt":"2020-01-22T17:08:16","slug":"enquiry-cnc-machining","status":"publish","type":"page","link":"http:\/\/boyanmfg.com\/tr\/enquiry-cnc-machining\/","title":{"rendered":"Sorgu-CNC i\u015fleme"},"content":{"rendered":"<div data-elementor-type=\"wp-page\" data-elementor-id=\"1651\" class=\"elementor elementor-1651\">\n\t\t\t\t\t\t<section class=\"elementor-section elementor-top-section elementor-element elementor-element-6f9fce8 elementor-section-boxed elementor-section-height-default elementor-section-height-default\" data-id=\"6f9fce8\" data-element_type=\"section\">\n\t\t\t\t\t\t<div class=\"elementor-container elementor-column-gap-default\">\n\t\t\t\t\t<div class=\"elementor-column elementor-col-100 elementor-top-column elementor-element elementor-element-5c7d6e1\" data-id=\"5c7d6e1\" data-element_type=\"column\">\n\t\t\t<div class=\"elementor-widget-wrap\">\n\t\t\t\t\t\t\t<\/div>\n\t\t<\/div>\n\t\t\t\t\t<\/div>\n\t\t<\/section>\n\t\t\t\t<section class=\"elementor-section elementor-top-section elementor-element elementor-element-870b536 elementor-section-boxed elementor-section-height-default elementor-section-height-default\" data-id=\"870b536\" data-element_type=\"section\" data-settings='{\"background_background\":\"classic\"}'>\n\t\t\t\t\t\t\t<div class=\"elementor-background-overlay\"><\/div>\n\t\t\t\t\t\t\t<div class=\"elementor-container elementor-column-gap-default\">\n\t\t\t\t\t<div class=\"elementor-column elementor-col-100 elementor-top-column elementor-element elementor-element-50f9d37\" data-id=\"50f9d37\" data-element_type=\"column\">\n\t\t\t<div class=\"elementor-widget-wrap elementor-element-populated\">\n\t\t\t\t\t\t<section class=\"elementor-section elementor-inner-section elementor-element elementor-element-e08a3c6 elementor-section-boxed elementor-section-height-default elementor-section-height-default\" data-id=\"e08a3c6\" data-element_type=\"section\">\n\t\t\t\t\t\t<div class=\"elementor-container elementor-column-gap-default\">\n\t\t\t\t\t<div class=\"elementor-column elementor-col-100 elementor-inner-column elementor-element elementor-element-ab55ce3\" data-id=\"ab55ce3\" data-element_type=\"column\">\n\t\t\t<div class=\"elementor-widget-wrap elementor-element-populated\">\n\t\t\t\t\t\t<div class=\"elementor-element elementor-element-8e2f678 elementor-widget elementor-widget-heading\" data-id=\"8e2f678\" data-element_type=\"widget\" data-widget_type=\"heading.default\">\n\t\t\t\t<div class=\"elementor-widget-container\">\n\t\t\t\t\t<h1 class=\"elementor-heading-title elementor-size-default\">Sorgu formu - CNC i\u015fleme<\/h1>\t\t\t\t<\/div>\n\t\t\t\t<\/div>\n\t\t\t\t<div class=\"elementor-element elementor-element-3d43163 elementor-widget elementor-widget-text-editor\" data-id=\"3d43163\" data-element_type=\"widget\" data-widget_type=\"text-editor.default\">\n\t\t\t\t<div class=\"elementor-widget-container\">\n\t\t\t\t\t\t\t\t\t<p class=\"translation-block\"><strong>L\u00fctfen formu temel bilgileri i\u00e7erecek \u015fekilde doldurabildi\u011finiz kadar doldurun.<\/strong><\/p><p class=\"translation-block\"><strong>L\u00fctfen dikkat: bu ileti\u015fim formu ile yaln\u0131zca bir dosya y\u00fckleyebilirsiniz. Birden fazla dosyan\u0131z varsa, <a href=\"mailto:info1@boyanmfg.com\">bir e-posta g\u00f6nderebilirsiniz.<\/a><\/strong><\/p>\t\t\t\t\t\t\t\t<\/div>\n\t\t\t\t<\/div>\n\t\t\t\t\t<\/div>\n\t\t<\/div>\n\t\t\t\t\t<\/div>\n\t\t<\/section>\n\t\t\t\t\t<\/div>\n\t\t<\/div>\n\t\t\t\t\t<\/div>\n\t\t<\/section>\n\t\t\t\t<section class=\"elementor-section elementor-top-section elementor-element elementor-element-3bac218 elementor-section-boxed elementor-section-height-default elementor-section-height-default\" data-id=\"3bac218\" data-element_type=\"section\">\n\t\t\t\t\t\t<div class=\"elementor-container elementor-column-gap-default\">\n\t\t\t\t\t<div class=\"elementor-column elementor-col-100 elementor-top-column elementor-element elementor-element-557e495\" data-id=\"557e495\" data-element_type=\"column\">\n\t\t\t<div class=\"elementor-widget-wrap elementor-element-populated\">\n\t\t\t\t\t\t<div class=\"elementor-element elementor-element-226a049 elementor-widget elementor-widget-shortcode\" data-id=\"226a049\" data-element_type=\"widget\" data-widget_type=\"shortcode.default\">\n\t\t\t\t<div class=\"elementor-widget-container\">\n\t\t\t\t\t\t\t<div class=\"elementor-shortcode\">\n<div class=\"wpcf7 no-js\" id=\"wpcf7-f1011-o1\" lang=\"en-US\" dir=\"ltr\" data-wpcf7-id=\"1011\">\n<div class=\"screen-reader-response\"><p role=\"status\" aria-live=\"polite\" aria-atomic=\"true\" class=\"translation-block\"><\/p> <ul><\/ul><\/div>\n<form action=\"\/tr\/wp-json\/wp\/v2\/pages\/1651#wpcf7-f1011-o1\" method=\"post\" class=\"wpcf7-form init\" aria-label=\"\u0130leti\u015fim formu\" enctype=\"multipart\/form-data\" novalidate=\"novalidate\" data-status=\"init\" data-trp-original-action=\"\/tr\/wp-json\/wp\/v2\/pages\/1651#wpcf7-f1011-o1\">\n<fieldset class=\"hidden-fields-container\"><input type=\"hidden\" name=\"_wpcf7\" value=\"1011\"><input type=\"hidden\" name=\"_wpcf7_version\" value=\"6.1.4\"><input type=\"hidden\" name=\"_wpcf7_locale\" value=\"en_US\"><input type=\"hidden\" name=\"_wpcf7_unit_tag\" value=\"wpcf7-f1011-o1\"><input type=\"hidden\" name=\"_wpcf7_container_post\" value=\"0\"><input type=\"hidden\" name=\"_wpcf7_posted_data_hash\" value=\"\">\n<\/fieldset>\n<p class=\"translation-block\"><label> Ad\u0131n\u0131z (gerekli)<br>\n<span class=\"wpcf7-form-control-wrap\" data-name=\"your-name\"><input class=\"wpcf7-form-control wpcf7-text wpcf7-validates-as-required\" type=\"text\" name=\"your-name\"><\/span> <\/label>\n<\/p>\n<p class=\"translation-block\"><label> E-postan\u0131z (gerekli)<br>\n<span class=\"wpcf7-form-control-wrap\" data-name=\"your-email\"><input class=\"wpcf7-form-control wpcf7-email wpcf7-validates-as-required wpcf7-text wpcf7-validates-as-email\" type=\"email\" name=\"your-email\"><\/span> <\/label>\n<\/p>\n<p class=\"translation-block\"><label> Konu<br>\n<span class=\"wpcf7-form-control-wrap\" data-name=\"your-subject\"><input class=\"wpcf7-form-control wpcf7-text\" type=\"text\" name=\"your-subject\"><\/span> <\/label>\n<\/p>\n<p class=\"translation-block\">(A\u015fa\u011f\u0131daki bilgiler iste\u011fe ba\u011fl\u0131d\u0131r ancak kesinlikle faydal\u0131d\u0131r)\n<\/p>\n<p class=\"translation-block\">\u0130lk \u00fcretim sipari\u015fi i\u00e7in tahmini miktar nedir?<br>\n<span class=\"wpcf7-form-control-wrap\" data-name=\"checkbox-548\"><span class=\"wpcf7-form-control wpcf7-checkbox wpcf7-exclusive-checkbox\"><span class=\"wpcf7-list-item first\"><input type=\"checkbox\" name=\"checkbox-548\"><span class=\"wpcf7-list-item-label\">100\"\u00fcn Alt\u0131nda<\/span><\/span><span class=\"wpcf7-list-item\"><input type=\"checkbox\" name=\"checkbox-548\"><span class=\"wpcf7-list-item-label\">100 ila 500<\/span><\/span><span class=\"wpcf7-list-item\"><input type=\"checkbox\" name=\"checkbox-548\"><span class=\"wpcf7-list-item-label\">500 ila 2.000<\/span><\/span><span class=\"wpcf7-list-item last\"><input type=\"checkbox\" name=\"checkbox-548\"><span class=\"wpcf7-list-item-label\">2.000'in \u00dczerinde<\/span><\/span><\/span><\/span>\n<\/p>\n<p class=\"translation-block\">Tahmini y\u0131ll\u0131k miktar (EAU) nedir?<br>\n<span class=\"wpcf7-form-control-wrap\" data-name=\"checkbox-549\"><span class=\"wpcf7-form-control wpcf7-checkbox wpcf7-exclusive-checkbox\"><span class=\"wpcf7-list-item first\"><input type=\"checkbox\" name=\"checkbox-549\"><span class=\"wpcf7-list-item-label\">500\"\u00fcn Alt\u0131nda<\/span><\/span><span class=\"wpcf7-list-item\"><input type=\"checkbox\" name=\"checkbox-549\"><span class=\"wpcf7-list-item-label\">500 ila 2.000<\/span><\/span><span class=\"wpcf7-list-item\"><input type=\"checkbox\" name=\"checkbox-549\"><span class=\"wpcf7-list-item-label\">2.000 ila 10.000<\/span><\/span><span class=\"wpcf7-list-item last\"><input type=\"checkbox\" name=\"checkbox-549\"><span class=\"wpcf7-list-item-label\">10.000'in \u00dczerinde<\/span><\/span><\/span><\/span>\n<\/p>\n<p class=\"translation-block\">Malzeme nedir?<br>\n<span class=\"wpcf7-form-control-wrap\" data-name=\"checkbox-550\"><span class=\"wpcf7-form-control wpcf7-checkbox wpcf7-exclusive-checkbox\"><span class=\"wpcf7-list-item first\"><input type=\"checkbox\" name=\"checkbox-550\"><span class=\"wpcf7-list-item-label\">Al\u00fcminyum<\/span><\/span><span class=\"wpcf7-list-item\"><input type=\"checkbox\" name=\"checkbox-550\"><span class=\"wpcf7-list-item-label\">\u00c7elik<\/span><\/span><span class=\"wpcf7-list-item\"><input type=\"checkbox\" name=\"checkbox-550\"><span class=\"wpcf7-list-item-label\">Pirin\u00e7<\/span><\/span><span class=\"wpcf7-list-item\"><input type=\"checkbox\" name=\"checkbox-550\"><span class=\"wpcf7-list-item-label\">Plastik<\/span><\/span><span class=\"wpcf7-list-item last\"><input type=\"checkbox\" name=\"checkbox-550\"><span class=\"wpcf7-list-item-label\">Di\u011fer<\/span><\/span><\/span><\/span>\n<\/p>\n<p class=\"translation-block\">Y\u00fczey kaplamas\u0131 nedir?<br>\n<span class=\"wpcf7-form-control-wrap\" data-name=\"checkbox-551\"><span class=\"wpcf7-form-control wpcf7-checkbox\"><span class=\"wpcf7-list-item first\"><input type=\"checkbox\" name=\"checkbox-551[]\"><span class=\"wpcf7-list-item-label\">Al\u00fcminyum anotlama<\/span><\/span><span class=\"wpcf7-list-item\"><input type=\"checkbox\" name=\"checkbox-551[]\"><span class=\"wpcf7-list-item-label\">Elektroforez kaplama<\/span><\/span><span class=\"wpcf7-list-item\"><input type=\"checkbox\" name=\"checkbox-551[]\"><span class=\"wpcf7-list-item-label\">Toz boya<\/span><\/span><span class=\"wpcf7-list-item\"><input type=\"checkbox\" name=\"checkbox-551[]\"><span class=\"wpcf7-list-item-label\">Sprey boyama<\/span><\/span><span class=\"wpcf7-list-item\"><input type=\"checkbox\" name=\"checkbox-551[]\"><span class=\"wpcf7-list-item-label\">Nikel, \u00e7inko, krom, bak\u0131r kaplama<\/span><\/span><span class=\"wpcf7-list-item\"><input type=\"checkbox\" name=\"checkbox-551[]\"><span class=\"wpcf7-list-item-label\">Di\u011fer<\/span><\/span><span class=\"wpcf7-list-item last\"><input type=\"checkbox\" name=\"checkbox-551[]\"><span class=\"wpcf7-list-item-label\">Tavsiye gerekiyor<\/span><\/span><\/span><\/span>\n<\/p>\n<p class=\"translation-block\">Par\u00e7an\u0131z s\u0131k\u0131 boyutsal veya geometrik toleranslar gerektiriyor mu?<br>\n<span class=\"wpcf7-form-control-wrap\" data-name=\"checkbox-211\"><span class=\"wpcf7-form-control wpcf7-checkbox\"><span class=\"wpcf7-list-item first\"><input type=\"checkbox\" name=\"checkbox-211[]\"><span class=\"wpcf7-list-item-label\">Evet, s\u0131k\u0131 tolerans<\/span><\/span><span class=\"wpcf7-list-item last\"><input type=\"checkbox\" name=\"checkbox-211[]\"><span class=\"wpcf7-list-item-label\">Hay\u0131r<\/span><\/span><\/span><\/span>\n<\/p>\n<p class=\"translation-block\">Par\u00e7an\u0131z\u0131n estetik gereksinimleri var m\u0131?<br>\n<span class=\"wpcf7-form-control-wrap\" data-name=\"checkbox-212\"><span class=\"wpcf7-form-control wpcf7-checkbox wpcf7-exclusive-checkbox\"><span class=\"wpcf7-list-item first\"><input type=\"checkbox\" name=\"checkbox-212\"><span class=\"wpcf7-list-item-label\">B\u00fcy\u00fck bir endi\u015fe de\u011fil<\/span><\/span><span class=\"wpcf7-list-item\"><input type=\"checkbox\" name=\"checkbox-212\"><span class=\"wpcf7-list-item-label\">Ortalama estetik gereksinimler<\/span><\/span><span class=\"wpcf7-list-item last\"><input type=\"checkbox\" name=\"checkbox-212\"><span class=\"wpcf7-list-item-label\">\u00c7ok y\u00fcksek estetik gereksinimler<\/span><\/span><\/span><\/span>\n<\/p>\n<p class=\"translation-block\"><label> Mesaj\u0131n\u0131z<br>\n<span class=\"wpcf7-form-control-wrap\" data-name=\"your-message\"><textarea cols=\"40\" rows=\"10\" class=\"wpcf7-form-control wpcf7-textarea\" name=\"your-message\"><\/textarea><\/span> <\/label>\n<\/p>\n<p class=\"translation-block\"><label> Dosya y\u00fckle (birden fazla dosyay\u0131 <a href=\"mailto:info1@boyanmfg.com\"> e-posta ile g\u00f6ndermeniz \u00f6nerilir<\/a>)<br>\n<span class=\"wpcf7-form-control-wrap\" data-name=\"file-924\"><input class=\"wpcf7-form-control wpcf7-file\" type=\"file\" name=\"file-924\"><\/span><\/label>\n<\/p>\n<p class=\"translation-block\">Bu kodu girin: <input type=\"hidden\" name=\"_wpcf7_captcha_challenge_captcha-778\"><img class=\"wpcf7-form-control wpcf7-captchac wpcf7-captcha-captcha-778\" width=\"60\" height=\"20\" alt=\"captcha\" src=\"https:\/\/boyanmfg.com\/wp-content\/uploads\/wpcf7_captcha\/3004782635.png\"><br>\n<span class=\"wpcf7-form-control-wrap\" data-name=\"captcha-778\"><input class=\"wpcf7-form-control wpcf7-captchar\" type=\"text\" name=\"captcha-778\"><\/span>\n<\/p>\n<p class=\"translation-block\"><input class=\"wpcf7-form-control wpcf7-submit has-spinner\" type=\"submit\" value=\"Send\">\n<\/p><p style=\"display: none !important;\" class=\"akismet-fields-container translation-block\" data-prefix=\"_wpcf7_ak_\"><label>\u0394<textarea name=\"_wpcf7_ak_hp_textarea\" cols=\"45\" rows=\"8\"><\/textarea><\/label><input type=\"hidden\" id=\"ak_js_1\" name=\"_wpcf7_ak_js\"><\/p><div class=\"wpcf7-response-output\" aria-hidden=\"true\"><\/div>\n<input type=\"hidden\" name=\"trp-form-language\" value=\"tr\"\/><\/form>\n<\/div>\n<\/div>\n\t\t\t\t\t\t<\/div>\n\t\t\t\t<\/div>\n\t\t\t\t\t<\/div>\n\t\t<\/div>\n\t\t\t\t\t<\/div>\n\t\t<\/section>\n\t\t\t\t<\/div>","protected":false},"excerpt":{"rendered":"<p>Sorgulama formu - CNC i\u015fleme L\u00fctfen temel bilgileri i\u00e7erecek \u015fekilde formu m\u00fcmk\u00fcn oldu\u011funca doldurun. L\u00fctfen dikkat: Bu ileti\u015fim formuyla yaln\u0131zca bir dosya y\u00fckleyebilirsiniz. Birden fazla dosyan\u0131z varsa, bir e-posta g\u00f6nderebilirsiniz.<\/p>","protected":false},"author":1,"featured_media":0,"parent":0,"menu_order":0,"comment_status":"closed","ping_status":"closed","template":"page-templates\/template-pagebuilder-full-width.php","meta":{"neve_meta_sidebar":"full-width","neve_meta_container":"","neve_meta_enable_content_width":"on","neve_meta_content_width":100,"neve_meta_title_alignment":"","neve_meta_author_avatar":"","neve_post_elements_order":"","neve_meta_disable_header":"","neve_meta_disable_footer":"","neve_meta_disable_title":"","neve_meta_reading_time":"","_themeisle_gutenberg_block_has_review":false,"footnotes":""},"class_list":["post-1651","page","type-page","status-publish","hentry"],"acf":[],"_links":{"self":[{"href":"http:\/\/boyanmfg.com\/tr\/wp-json\/wp\/v2\/pages\/1651","targetHints":{"allow":["GET"]}}],"collection":[{"href":"http:\/\/boyanmfg.com\/tr\/wp-json\/wp\/v2\/pages"}],"about":[{"href":"http:\/\/boyanmfg.com\/tr\/wp-json\/wp\/v2\/types\/page"}],"author":[{"embeddable":true,"href":"http:\/\/boyanmfg.com\/tr\/wp-json\/wp\/v2\/users\/1"}],"replies":[{"embeddable":true,"href":"http:\/\/boyanmfg.com\/tr\/wp-json\/wp\/v2\/comments?post=1651"}],"version-history":[{"count":0,"href":"http:\/\/boyanmfg.com\/tr\/wp-json\/wp\/v2\/pages\/1651\/revisions"}],"wp:attachment":[{"href":"http:\/\/boyanmfg.com\/tr\/wp-json\/wp\/v2\/media?parent=1651"}],"curies":[{"name":"wp","href":"https:\/\/api.w.org\/{rel}","templated":true}]}}