{"id":1277,"date":"2020-01-20T03:34:10","date_gmt":"2020-01-20T03:34:10","guid":{"rendered":"http:\/\/boyanmfg.com\/?page_id=1277"},"modified":"2023-09-22T02:19:09","modified_gmt":"2023-09-22T02:19:09","slug":"enquiry-plastic-injection-molding","status":"publish","type":"page","link":"http:\/\/boyanmfg.com\/tr\/enquiry-plastic-injection-molding\/","title":{"rendered":"Sorgu-plastik enjeksiyon kal\u0131plama"},"content":{"rendered":"<div data-elementor-type=\"wp-page\" data-elementor-id=\"1277\" class=\"elementor elementor-1277\">\n\t\t\t\t\t\t<section class=\"elementor-section elementor-top-section elementor-element elementor-element-3d22583 elementor-section-boxed elementor-section-height-default elementor-section-height-default\" data-id=\"3d22583\" data-element_type=\"section\" data-settings='{\"background_background\":\"classic\"}'>\n\t\t\t\t\t\t\t<div class=\"elementor-background-overlay\"><\/div>\n\t\t\t\t\t\t\t<div class=\"elementor-container elementor-column-gap-default\">\n\t\t\t\t\t<div class=\"elementor-column elementor-col-100 elementor-top-column elementor-element elementor-element-65c3348\" data-id=\"65c3348\" data-element_type=\"column\" data-settings='{\"background_background\":\"classic\"}'>\n\t\t\t<div class=\"elementor-widget-wrap elementor-element-populated\">\n\t\t\t\t\t\t<section class=\"elementor-section elementor-inner-section elementor-element elementor-element-4fd38aa elementor-section-boxed elementor-section-height-default elementor-section-height-default\" data-id=\"4fd38aa\" data-element_type=\"section\">\n\t\t\t\t\t\t<div class=\"elementor-container elementor-column-gap-default\">\n\t\t\t\t\t<div class=\"elementor-column elementor-col-50 elementor-inner-column elementor-element elementor-element-ea82e31\" data-id=\"ea82e31\" data-element_type=\"column\">\n\t\t\t<div class=\"elementor-widget-wrap elementor-element-populated\">\n\t\t\t\t\t\t<div class=\"elementor-element elementor-element-c472f27 elementor-widget elementor-widget-heading\" data-id=\"c472f27\" data-element_type=\"widget\" data-widget_type=\"heading.default\">\n\t\t\t\t<div class=\"elementor-widget-container\">\n\t\t\t\t\t<h1 class=\"elementor-heading-title elementor-size-default\">Sorgulama Formu-Pastik Kal\u0131plama<\/h1>\t\t\t\t<\/div>\n\t\t\t\t<\/div>\n\t\t\t\t<div class=\"elementor-element elementor-element-0058e15 elementor-widget elementor-widget-text-editor\" data-id=\"0058e15\" data-element_type=\"widget\" data-widget_type=\"text-editor.default\">\n\t\t\t\t<div class=\"elementor-widget-container\">\n\t\t\t\t\t\t\t\t\t<p class=\"translation-block\">L\u00fctfen formu doldurun ve bize m\u00fcmk\u00fcn oldu\u011funca fazla bilgi verin.<\/p><p class=\"translation-block\">L\u00fctfen dikkat: bu ileti\u015fim formu ile yaln\u0131zca bir dosya y\u00fckleyebilirsiniz. G\u00f6nderilecek birden fazla dosyan\u0131z varsa, l\u00fctfen <a href=\"mailto:info1@boyanmfg.com\">bunun yerine bir e-posta <\/a>g\u00f6nderin ve a\u015fa\u011f\u0131da belirtilen gerekli bilgileri ekledi\u011finizden emin olun.<\/p>\t\t\t\t\t\t\t\t<\/div>\n\t\t\t\t<\/div>\n\t\t\t\t\t<\/div>\n\t\t<\/div>\n\t\t\t\t<div class=\"elementor-column elementor-col-50 elementor-inner-column elementor-element elementor-element-6dc112f\" data-id=\"6dc112f\" data-element_type=\"column\">\n\t\t\t<div class=\"elementor-widget-wrap elementor-element-populated\">\n\t\t\t\t\t\t<div class=\"elementor-element elementor-element-aa6d324 elementor-align-right elementor-widget elementor-widget-button\" data-id=\"aa6d324\" data-element_type=\"widget\" data-widget_type=\"button.default\">\n\t\t\t\t<div class=\"elementor-widget-container\">\n\t\t\t\t\t\t\t\t\t<div class=\"elementor-button-wrapper\">\n\t\t\t\t\t<a class=\"elementor-button elementor-button-link elementor-size-md\" href=\"mailto:info1@boyanmfg.com\">\n\t\t\t\t\t\t<span class=\"elementor-button-content-wrapper\">\n\t\t\t\t\t\t<span class=\"elementor-button-icon\">\n\t\t\t\t<i aria-hidden=\"true\" class=\"far fa-envelope\"><\/i>\t\t\t<\/span>\n\t\t\t\t\t\t\t\t\t<span class=\"elementor-button-text\">Bize e-posta g\u00f6nderin<\/span>\n\t\t\t\t\t<\/span>\n\t\t\t\t\t<\/a>\n\t\t\t\t<\/div>\n\t\t\t\t\t\t\t\t<\/div>\n\t\t\t\t<\/div>\n\t\t\t\t\t<\/div>\n\t\t<\/div>\n\t\t\t\t\t<\/div>\n\t\t<\/section>\n\t\t\t\t\t<\/div>\n\t\t<\/div>\n\t\t\t\t\t<\/div>\n\t\t<\/section>\n\t\t\t\t<section class=\"elementor-section elementor-top-section elementor-element elementor-element-b403c00 elementor-section-boxed elementor-section-height-default elementor-section-height-default\" data-id=\"b403c00\" data-element_type=\"section\" data-settings='{\"background_background\":\"classic\"}'>\n\t\t\t\t\t\t\t<div class=\"elementor-background-overlay\"><\/div>\n\t\t\t\t\t\t\t<div class=\"elementor-container elementor-column-gap-default\">\n\t\t\t\t\t<div class=\"elementor-column elementor-col-100 elementor-top-column elementor-element elementor-element-8036fff\" data-id=\"8036fff\" data-element_type=\"column\">\n\t\t\t<div class=\"elementor-widget-wrap elementor-element-populated\">\n\t\t\t\t\t\t<div class=\"elementor-element elementor-element-96b5bc4 elementor-widget elementor-widget-shortcode\" data-id=\"96b5bc4\" data-element_type=\"widget\" data-widget_type=\"shortcode.default\">\n\t\t\t\t<div class=\"elementor-widget-container\">\n\t\t\t\t\t\t\t<div class=\"elementor-shortcode\">\n<div class=\"wpcf7 no-js\" id=\"wpcf7-f4163-o1\" lang=\"en-US\" dir=\"ltr\" data-wpcf7-id=\"4163\">\n<div class=\"screen-reader-response\"><p role=\"status\" aria-live=\"polite\" aria-atomic=\"true\" class=\"translation-block\"><\/p> <ul><\/ul><\/div>\n<form action=\"\/tr\/wp-json\/wp\/v2\/pages\/1277#wpcf7-f4163-o1\" method=\"post\" class=\"wpcf7-form init\" aria-label=\"\u0130leti\u015fim formu\" enctype=\"multipart\/form-data\" novalidate=\"novalidate\" data-status=\"init\" data-trp-original-action=\"\/tr\/wp-json\/wp\/v2\/pages\/1277#wpcf7-f4163-o1\">\n<fieldset class=\"hidden-fields-container\"><input type=\"hidden\" name=\"_wpcf7\" value=\"4163\"><input type=\"hidden\" name=\"_wpcf7_version\" value=\"6.1.4\"><input type=\"hidden\" name=\"_wpcf7_locale\" value=\"en_US\"><input type=\"hidden\" name=\"_wpcf7_unit_tag\" value=\"wpcf7-f4163-o1\"><input type=\"hidden\" name=\"_wpcf7_container_post\" value=\"0\"><input type=\"hidden\" name=\"_wpcf7_posted_data_hash\" value=\"\">\n<\/fieldset>\n<p class=\"translation-block\"><label> Ad\u0131n\u0131z (gerekli)<br>\n<span class=\"wpcf7-form-control-wrap\" data-name=\"your-name\"><input class=\"wpcf7-form-control wpcf7-text wpcf7-validates-as-required\" type=\"text\" name=\"your-name\"><\/span> <\/label>\n<\/p>\n<p class=\"translation-block\"><label> E-postan\u0131z (gerekli)<br>\n<span class=\"wpcf7-form-control-wrap\" data-name=\"your-email\"><input class=\"wpcf7-form-control wpcf7-email wpcf7-validates-as-required wpcf7-text wpcf7-validates-as-email\" type=\"email\" name=\"your-email\"><\/span> <\/label>\n<\/p>\n<p class=\"translation-block\"><label> Konu<br>\n<span class=\"wpcf7-form-control-wrap\" data-name=\"your-subject\"><input class=\"wpcf7-form-control wpcf7-text\" type=\"text\" name=\"your-subject\"><\/span> <\/label>\n<\/p>\n<p class=\"translation-block\">(A\u015fa\u011f\u0131daki bilgiler iste\u011fe ba\u011fl\u0131d\u0131r ancak kesinlikle faydal\u0131d\u0131r)\n<\/p>\n<p class=\"translation-block\">\u0130lk \u00fcretim sipari\u015fi i\u00e7in tahmini miktar<br>\n<span class=\"wpcf7-form-control-wrap\" data-name=\"checkbox-508\"><span class=\"wpcf7-form-control wpcf7-checkbox wpcf7-exclusive-checkbox\"><span class=\"wpcf7-list-item first\"><input type=\"checkbox\" name=\"checkbox-508\"><span class=\"wpcf7-list-item-label\">1\"in alt\u0131nda,000<\/span><\/span><span class=\"wpcf7-list-item\"><input type=\"checkbox\" name=\"checkbox-508\"><span class=\"wpcf7-list-item-label\">1.000 ila 5,000<\/span><\/span><span class=\"wpcf7-list-item last\"><input type=\"checkbox\" name=\"checkbox-508\"><span class=\"wpcf7-list-item-label\">5.000'in \u00fczerinde<\/span><\/span><\/span><\/span>\n<\/p>\n<p class=\"translation-block\">Tahmini y\u0131ll\u0131k miktar (EAU)?<br>\n<span class=\"wpcf7-form-control-wrap\" data-name=\"checkbox-733\"><span class=\"wpcf7-form-control wpcf7-checkbox wpcf7-exclusive-checkbox\"><span class=\"wpcf7-list-item first\"><input type=\"checkbox\" name=\"checkbox-733\"><span class=\"wpcf7-list-item-label\">Under 3,000<\/span><\/span><span class=\"wpcf7-list-item\"><input type=\"checkbox\" name=\"checkbox-733\"><span class=\"wpcf7-list-item-label\">3.000 ila 10.000<\/span><\/span><span class=\"wpcf7-list-item\"><input type=\"checkbox\" name=\"checkbox-733\"><span class=\"wpcf7-list-item-label\">10,000 ila 50.000<\/span><\/span><span class=\"wpcf7-list-item last\"><input type=\"checkbox\" name=\"checkbox-733\"><span class=\"wpcf7-list-item-label\">50.000 \u00fczeri<\/span><\/span><\/span><\/span>\n<\/p>\n<p class=\"translation-block\">Plastik par\u00e7alar m\u0131 yoksa enjeksiyon kal\u0131b\u0131 m\u0131 istiyorsunuz?\n<span class=\"wpcf7-form-control-wrap\" data-name=\"checkbox-162\"><span class=\"wpcf7-form-control wpcf7-checkbox wpcf7-exclusive-checkbox\"><span class=\"wpcf7-list-item first\"><input type=\"checkbox\" name=\"checkbox-162\"><span class=\"wpcf7-list-item-label\">Plastik par\u00e7alar\u0131 istiyorum<\/span><\/span><span class=\"wpcf7-list-item last\"><input type=\"checkbox\" name=\"checkbox-162\"><span class=\"wpcf7-list-item-label\">Plastik kal\u0131b\u0131 bana g\u00f6ndermenizi istiyorum<\/span><\/span><\/span><\/span>\n<\/p>\n<p class=\"translation-block\">\u00dcr\u00fcn\u00fcn\u00fcz\u00fcn malzemesi nedir? <br>\n<span class=\"wpcf7-form-control-wrap\" data-name=\"checkbox-567\"><span class=\"wpcf7-form-control wpcf7-checkbox wpcf7-exclusive-checkbox\"><span class=\"wpcf7-list-item first\"><input type=\"checkbox\" name=\"checkbox-567\"><span class=\"wpcf7-list-item-label\">PP<\/span><\/span><span class=\"wpcf7-list-item\"><input type=\"checkbox\" name=\"checkbox-567\"><span class=\"wpcf7-list-item-label\">ABS<\/span><\/span><span class=\"wpcf7-list-item\"><input type=\"checkbox\" name=\"checkbox-567\"><span class=\"wpcf7-list-item-label\">PA+GF<\/span><\/span><span class=\"wpcf7-list-item\"><input type=\"checkbox\" name=\"checkbox-567\"><span class=\"wpcf7-list-item-label\">PC<\/span><\/span><span class=\"wpcf7-list-item\"><input type=\"checkbox\" name=\"checkbox-567\"><span class=\"wpcf7-list-item-label\">PC\/ABS<\/span><\/span><span class=\"wpcf7-list-item\"><input type=\"checkbox\" name=\"checkbox-567\"><span class=\"wpcf7-list-item-label\">Di\u011ferleri<\/span><\/span><span class=\"wpcf7-list-item last\"><input type=\"checkbox\" name=\"checkbox-567\"><span class=\"wpcf7-list-item-label\">Need advice<\/span><\/span><\/span><\/span>\n<\/p>\n<p class=\"translation-block\">Malzeme g\u0131da s\u0131n\u0131f\u0131 olmal\u0131 m\u0131? <br>\n<span class=\"wpcf7-form-control-wrap\" data-name=\"checkbox-919\"><span class=\"wpcf7-form-control wpcf7-checkbox wpcf7-exclusive-checkbox\"><span class=\"wpcf7-list-item first\"><input type=\"checkbox\" name=\"checkbox-919\"><span class=\"wpcf7-list-item-label\">Yes<\/span><\/span><span class=\"wpcf7-list-item\"><input type=\"checkbox\" name=\"checkbox-919\"><span class=\"wpcf7-list-item-label\">Hay\u0131r<\/span><\/span><span class=\"wpcf7-list-item last\"><input type=\"checkbox\" name=\"checkbox-919\"><span class=\"wpcf7-list-item-label\">Emin de\u011filim<\/span><\/span><\/span><\/span>\n<\/p>\n<p class=\"translation-block\">Malzeme UV (g\u00fcne\u015f \u0131\u015f\u0131\u011f\u0131) \u0131\u015f\u0131nlar\u0131na dayan\u0131kl\u0131 olmal\u0131 m\u0131?\n<span class=\"wpcf7-form-control-wrap\" data-name=\"checkbox-929\"><span class=\"wpcf7-form-control wpcf7-checkbox wpcf7-exclusive-checkbox\"><span class=\"wpcf7-list-item first\"><input type=\"checkbox\" name=\"checkbox-929\"><span class=\"wpcf7-list-item-label\">Yes<\/span><\/span><span class=\"wpcf7-list-item last\"><input type=\"checkbox\" name=\"checkbox-929\"><span class=\"wpcf7-list-item-label\">No<\/span><\/span><\/span>\n<\/p>\n<p class=\"translation-block\">Malzeme alev geciktirici olmal\u0131 m\u0131 (UL-94 derecesi)? <br>\n<span class=\"wpcf7-form-control-wrap\" data-name=\"checkbox-882\"><span class=\"wpcf7-form-control wpcf7-checkbox wpcf7-exclusive-checkbox\"><span class=\"wpcf7-list-item first\"><input type=\"checkbox\" name=\"checkbox-882\"><span class=\"wpcf7-list-item-label\">V-0<\/span><\/span><span class=\"wpcf7-list-item\"><input type=\"checkbox\" name=\"checkbox-882\"><span class=\"wpcf7-list-item-label\">V-1<\/span><\/span><span class=\"wpcf7-list-item\"><input type=\"checkbox\" name=\"checkbox-882\"><span class=\"wpcf7-list-item-label\">V-2<\/span><\/span><span class=\"wpcf7-list-item\"><input type=\"checkbox\" name=\"checkbox-882\"><span class=\"wpcf7-list-item-label\">H-B<\/span><\/span><span class=\"wpcf7-list-item\"><input type=\"checkbox\" name=\"checkbox-882\"><span class=\"wpcf7-list-item-label\">Not required<\/span><\/span><span class=\"wpcf7-list-item last\"><input type=\"checkbox\" name=\"checkbox-882\"><span class=\"wpcf7-list-item-label\">Other ratings (please specify)<\/span><\/span><\/span><\/span>\n<\/p>\n<p class=\"translation-block\">Malzemenin \u00e7ok d\u00fc\u015f\u00fck s\u0131cakl\u0131klara (70\u2103)<br>\n<span class=\"wpcf7-form-control-wrap\" data-name=\"checkbox-690\"><span class=\"wpcf7-form-control wpcf7-checkbox wpcf7-exclusive-checkbox\"><span class=\"wpcf7-list-item first\"><input type=\"checkbox\" name=\"checkbox-690\"><span class=\"wpcf7-list-item-label\">\u00c7ok d\u00fc\u015f\u00fck s\u0131cakl\u0131k<\/span><\/span><span class=\"wpcf7-list-item\"><input type=\"checkbox\" name=\"checkbox-690\"><span class=\"wpcf7-list-item-label\">\u00c7ok y\u00fcksek s\u0131cakl\u0131k<\/span><\/span><span class=\"wpcf7-list-item\"><input type=\"checkbox\" name=\"checkbox-690\"><span class=\"wpcf7-list-item-label\">Both<\/span><\/span><span class=\"wpcf7-list-item last\"><input type=\"checkbox\" name=\"checkbox-690\"><span class=\"wpcf7-list-item-label\">None, just room temperature<\/span><\/span><\/span>\n<\/p>\n<p class=\"translation-block\">Par\u00e7an\u0131z\u0131n malzemesinin g\u00fc\u00e7l\u00fc olmas\u0131 gerekiyor mu?\n<span class=\"wpcf7-form-control-wrap\" data-name=\"checkbox-939\"><span class=\"wpcf7-form-control wpcf7-checkbox wpcf7-exclusive-checkbox\"><span class=\"wpcf7-list-item first\"><input type=\"checkbox\" name=\"checkbox-939\"><span class=\"wpcf7-list-item-label\">Evet, zorlamaya tabidir<\/span><\/span><span class=\"wpcf7-list-item last\"><input type=\"checkbox\" name=\"checkbox-939\"><span class=\"wpcf7-list-item-label\">Hay\u0131r<\/span><\/span><\/span>\n<\/p>\n<p class=\"translation-block\">Plastik par\u00e7a s\u0131k\u0131 boyutsal veya geometrik toleranslar m\u0131 gerektiriyor?\n<span class=\"wpcf7-form-control-wrap\" data-name=\"checkbox-183\"><span class=\"wpcf7-form-control wpcf7-checkbox wpcf7-exclusive-checkbox\"><span class=\"wpcf7-list-item first\"><input type=\"checkbox\" name=\"checkbox-183\"><span class=\"wpcf7-list-item-label\">Evet, s\u0131k\u0131 tolerans<\/span><\/span><span class=\"wpcf7-list-item last\"><input type=\"checkbox\" name=\"checkbox-183\"><span class=\"wpcf7-list-item-label\">Hay\u0131r<\/span><\/span><\/span>\n<\/p>\n<p class=\"translation-block\">Par\u00e7an\u0131z\u0131n estetik gereksinimleri var m\u0131?\n<span class=\"wpcf7-form-control-wrap\" data-name=\"checkbox-566\"><span class=\"wpcf7-form-control wpcf7-checkbox wpcf7-exclusive-checkbox\"><span class=\"wpcf7-list-item first\"><input type=\"checkbox\" name=\"checkbox-566\"><span class=\"wpcf7-list-item-label\">B\u00fcy\u00fck bir endi\u015fe de\u011fil<\/span><\/span><span class=\"wpcf7-list-item\"><input type=\"checkbox\" name=\"checkbox-566\"><span class=\"wpcf7-list-item-label\">Average aesthetic requirements<\/span><\/span><span class=\"wpcf7-list-item last\"><input type=\"checkbox\" name=\"checkbox-566\"><span class=\"wpcf7-list-item-label\">Very high aesthetic requirements<\/span><\/span><\/span>\n<\/p>\n<p class=\"translation-block\"><label> Mesaj\u0131n\u0131z<br>\n<span class=\"wpcf7-form-control-wrap\" data-name=\"your-message\"><textarea cols=\"40\" rows=\"10\" class=\"wpcf7-form-control wpcf7-textarea\" name=\"your-message\"><\/textarea><\/span> <\/label>\n<\/p>\n<p class=\"translation-block\"><label> Dosya y\u00fckleyin (<a href=\"mailto:info1@boyanmfg.com\"> e-posta ile birden fazla dosya g\u00f6nderilmesi \u00f6nerilir<\/a>)<br>\n<span class=\"wpcf7-form-control-wrap\" data-name=\"file-4\"><input class=\"wpcf7-form-control wpcf7-file\" type=\"file\" name=\"file-4\"><\/span><\/label>\n<\/p>\n<p class=\"translation-block\">Bu kodu girin: <input type=\"hidden\" name=\"_wpcf7_captcha_challenge_captcha-778\"><img class=\"wpcf7-form-control wpcf7-captchac wpcf7-captcha-captcha-778\" width=\"60\" height=\"20\" alt=\"captcha\" src=\"https:\/\/boyanmfg.com\/wp-content\/uploads\/wpcf7_captcha\/2239369968.png\"><br>\n<span class=\"wpcf7-form-control-wrap\" data-name=\"captcha-778\"><input class=\"wpcf7-form-control wpcf7-captchar\" type=\"text\" name=\"captcha-778\"><\/span>\n<\/p>\n<p class=\"translation-block\"><input class=\"wpcf7-form-control wpcf7-submit has-spinner\" type=\"submit\" value=\"Send\">\n<\/p><p style=\"display: none !important;\" class=\"akismet-fields-container translation-block\" data-prefix=\"_wpcf7_ak_\"><label>\u0394<textarea name=\"_wpcf7_ak_hp_textarea\" cols=\"45\" rows=\"8\"><\/textarea><\/label><input type=\"hidden\" id=\"ak_js_1\" name=\"_wpcf7_ak_js\"><\/p><div class=\"wpcf7-response-output\" aria-hidden=\"true\"><\/div>\n<input type=\"hidden\" name=\"trp-form-language\" value=\"tr\"\/><\/form>\n<\/div>\n<\/div>\n\t\t\t\t\t\t<\/div>\n\t\t\t\t<\/div>\n\t\t\t\t\t<\/div>\n\t\t<\/div>\n\t\t\t\t\t<\/div>\n\t\t<\/section>\n\t\t\t\t<section class=\"elementor-section elementor-top-section elementor-element elementor-element-210ddf0 elementor-section-boxed elementor-section-height-default elementor-section-height-default\" data-id=\"210ddf0\" data-element_type=\"section\">\n\t\t\t\t\t\t<div class=\"elementor-container elementor-column-gap-default\">\n\t\t\t\t\t<div class=\"elementor-column elementor-col-100 elementor-top-column elementor-element elementor-element-922a5b7\" data-id=\"922a5b7\" data-element_type=\"column\">\n\t\t\t<div class=\"elementor-widget-wrap elementor-element-populated\">\n\t\t\t\t\t\t<div class=\"elementor-element elementor-element-f646428 elementor-widget-divider--view-line elementor-widget elementor-widget-divider\" data-id=\"f646428\" data-element_type=\"widget\" data-widget_type=\"divider.default\">\n\t\t\t\t<div class=\"elementor-widget-container\">\n\t\t\t\t\t\t\t<div class=\"elementor-divider\">\n\t\t\t<span class=\"elementor-divider-separator\">\n\t\t\t\t\t\t<\/span>\n\t\t<\/div>\n\t\t\t\t\t\t<\/div>\n\t\t\t\t<\/div>\n\t\t\t\t\t<\/div>\n\t\t<\/div>\n\t\t\t\t\t<\/div>\n\t\t<\/section>\n\t\t\t\t<section class=\"elementor-section elementor-top-section elementor-element elementor-element-437c779 elementor-section-boxed elementor-section-height-default elementor-section-height-default\" data-id=\"437c779\" data-element_type=\"section\" data-settings='{\"background_background\":\"classic\"}'>\n\t\t\t\t\t\t<div class=\"elementor-container elementor-column-gap-default\">\n\t\t\t\t\t<div class=\"elementor-column elementor-col-100 elementor-top-column elementor-element elementor-element-c316323\" data-id=\"c316323\" data-element_type=\"column\">\n\t\t\t<div class=\"elementor-widget-wrap elementor-element-populated\">\n\t\t\t\t\t\t<section class=\"elementor-section elementor-inner-section elementor-element elementor-element-1f1540e elementor-section-boxed elementor-section-height-default elementor-section-height-default\" data-id=\"1f1540e\" data-element_type=\"section\">\n\t\t\t\t\t\t<div class=\"elementor-container elementor-column-gap-default\">\n\t\t\t\t\t<div class=\"elementor-column elementor-col-50 elementor-inner-column elementor-element elementor-element-c890eef\" data-id=\"c890eef\" data-element_type=\"column\">\n\t\t\t<div class=\"elementor-widget-wrap elementor-element-populated\">\n\t\t\t\t\t\t<div class=\"elementor-element elementor-element-a813505 elementor-widget elementor-widget-heading\" data-id=\"a813505\" data-element_type=\"widget\" data-widget_type=\"heading.default\">\n\t\t\t\t<div class=\"elementor-widget-container\">\n\t\t\t\t\t<h3 class=\"elementor-heading-title elementor-size-default\">Online kal\u0131p maliyeti hesaplay\u0131c\u0131m\u0131z<\/h3>\t\t\t\t<\/div>\n\t\t\t\t<\/div>\n\t\t\t\t<div class=\"elementor-element elementor-element-4674132 elementor-widget elementor-widget-text-editor\" data-id=\"4674132\" data-element_type=\"widget\" data-widget_type=\"text-editor.default\">\n\t\t\t\t<div class=\"elementor-widget-container\">\n\t\t\t\t\t\t\t\t\t<p class=\"translation-block\">Proje geli\u015ftirmenizin ilk a\u015famalar\u0131nda, kesin bir kal\u0131p fiyat\u0131na ihtiyac\u0131n\u0131z olmayabilir.<\/p><p class=\"translation-block\">Bu gibi durumlarda, size <strong>an\u0131nda maliyet tahmini<\/strong> sa\u011flayabilecek <a href=\"http:\/\/boyanmfg.com\/injection-mold-cost-in-china\/#mold_calculator\">online kal\u0131p maliyeti hesaplay\u0131c\u0131m\u0131z\u0131<\/a> denemeniz tavsiye edilir.<\/p>\t\t\t\t\t\t\t\t<\/div>\n\t\t\t\t<\/div>\n\t\t\t\t\t<\/div>\n\t\t<\/div>\n\t\t\t\t<div class=\"elementor-column elementor-col-50 elementor-inner-column elementor-element elementor-element-8111e41\" data-id=\"8111e41\" data-element_type=\"column\">\n\t\t\t<div class=\"elementor-widget-wrap elementor-element-populated\">\n\t\t\t\t\t\t<div class=\"elementor-element elementor-element-33594be elementor-widget elementor-widget-image\" data-id=\"33594be\" data-element_type=\"widget\" data-widget_type=\"image.default\">\n\t\t\t\t<div class=\"elementor-widget-container\">\n\t\t\t\t\t\t\t\t\t\t\t\t\t\t\t\t<a href=\"http:\/\/boyanmfg.com\/injection-mold-cost-in-china\/#mold_calculator\">\n\t\t\t\t\t\t\t<img fetchpriority=\"high\" decoding=\"async\" width=\"700\" height=\"398\" src=\"https:\/\/boyanmfg.com\/wp-content\/uploads\/2023\/07\/online-mold-cost-calculator.jpg\" class=\"elementor-animation-grow attachment-large size-large wp-image-5349\" alt=\"\u00e7evrimi\u00e7i kal\u0131p maliyeti hesaplay\u0131c\u0131s\u0131\" srcset=\"https:\/\/boyanmfg.com\/wp-content\/uploads\/2023\/07\/online-mold-cost-calculator.jpg 700w, https:\/\/boyanmfg.com\/wp-content\/uploads\/2023\/07\/online-mold-cost-calculator-600x341.jpg 600w, https:\/\/boyanmfg.com\/wp-content\/uploads\/2023\/07\/online-mold-cost-calculator-300x171.jpg 300w\" sizes=\"(max-width: 700px) 100vw, 700px\">\t\t\t\t\t\t\t\t<\/a>\n\t\t\t\t\t\t\t\t\t\t\t\t\t\t\t<\/div>\n\t\t\t\t<\/div>\n\t\t\t\t\t<\/div>\n\t\t<\/div>\n\t\t\t\t\t<\/div>\n\t\t<\/section>\n\t\t\t\t\t<\/div>\n\t\t<\/div>\n\t\t\t\t\t<\/div>\n\t\t<\/section>\n\t\t\t\t<\/div>","protected":false},"excerpt":{"rendered":"<p>Sorgulama Formu - Plastik Kal\u0131plama L\u00fctfen formu doldurun ve bize m\u00fcmk\u00fcn oldu\u011funca fazla bilgi sa\u011flay\u0131n. L\u00fctfen dikkat: Bu ileti\u015fim formuyla yaln\u0131zca bir dosya y\u00fckleyebilirsiniz. Birden fazla dosya g\u00f6ndermeniz gerekiyorsa, l\u00fctfen bunun yerine bir e-posta g\u00f6nderin ve a\u015fa\u011f\u0131da belirtilen gerekli bilgileri i\u00e7erdi\u011finden emin olun. Bize e-posta g\u00f6nderin \u00c7evrimi\u00e7i kal\u0131p maliyetimiz...&nbsp;<a href=\"http:\/\/boyanmfg.com\/tr\/enquiry-plastic-injection-molding\/\" rel=\"bookmark\">Daha Fazla Oku \u00bb<span class=\"screen-reader-text\">Sorgu-plastik enjeksiyon kal\u0131plama<\/span><\/a><\/p>","protected":false},"author":1,"featured_media":0,"parent":0,"menu_order":0,"comment_status":"closed","ping_status":"closed","template":"","meta":{"neve_meta_sidebar":"full-width","neve_meta_container":"","neve_meta_enable_content_width":"on","neve_meta_content_width":100,"neve_meta_title_alignment":"","neve_meta_author_avatar":"","neve_post_elements_order":"","neve_meta_disable_header":"","neve_meta_disable_footer":"","neve_meta_disable_title":"on","neve_meta_reading_time":"","_themeisle_gutenberg_block_has_review":false,"footnotes":""},"class_list":["post-1277","page","type-page","status-publish","hentry"],"acf":[],"_links":{"self":[{"href":"http:\/\/boyanmfg.com\/tr\/wp-json\/wp\/v2\/pages\/1277","targetHints":{"allow":["GET"]}}],"collection":[{"href":"http:\/\/boyanmfg.com\/tr\/wp-json\/wp\/v2\/pages"}],"about":[{"href":"http:\/\/boyanmfg.com\/tr\/wp-json\/wp\/v2\/types\/page"}],"author":[{"embeddable":true,"href":"http:\/\/boyanmfg.com\/tr\/wp-json\/wp\/v2\/users\/1"}],"replies":[{"embeddable":true,"href":"http:\/\/boyanmfg.com\/tr\/wp-json\/wp\/v2\/comments?post=1277"}],"version-history":[{"count":0,"href":"http:\/\/boyanmfg.com\/tr\/wp-json\/wp\/v2\/pages\/1277\/revisions"}],"wp:attachment":[{"href":"http:\/\/boyanmfg.com\/tr\/wp-json\/wp\/v2\/media?parent=1277"}],"curies":[{"name":"wp","href":"https:\/\/api.w.org\/{rel}","templated":true}]}}