{"id":1651,"date":"2020-01-22T16:52:21","date_gmt":"2020-01-22T16:52:21","guid":{"rendered":"http:\/\/boyanmfg.com\/?page_id=1651"},"modified":"2020-01-22T17:08:16","modified_gmt":"2020-01-22T17:08:16","slug":"enquiry-cnc-machining","status":"publish","type":"page","link":"http:\/\/boyanmfg.com\/pt\/enquiry-cnc-machining\/","title":{"rendered":"Consulta-usinagem CNC"},"content":{"rendered":"<div data-elementor-type=\"wp-page\" data-elementor-id=\"1651\" class=\"elementor elementor-1651\">\n\t\t\t\t\t\t<section class=\"elementor-section elementor-top-section elementor-element elementor-element-6f9fce8 elementor-section-boxed elementor-section-height-default elementor-section-height-default\" data-id=\"6f9fce8\" data-element_type=\"section\">\n\t\t\t\t\t\t<div class=\"elementor-container elementor-column-gap-default\">\n\t\t\t\t\t<div class=\"elementor-column elementor-col-100 elementor-top-column elementor-element elementor-element-5c7d6e1\" data-id=\"5c7d6e1\" data-element_type=\"column\">\n\t\t\t<div class=\"elementor-widget-wrap\">\n\t\t\t\t\t\t\t<\/div>\n\t\t<\/div>\n\t\t\t\t\t<\/div>\n\t\t<\/section>\n\t\t\t\t<section class=\"elementor-section elementor-top-section elementor-element elementor-element-870b536 elementor-section-boxed elementor-section-height-default elementor-section-height-default\" data-id=\"870b536\" data-element_type=\"section\" data-settings='{\"background_background\":\"classic\"}'>\n\t\t\t\t\t\t\t<div class=\"elementor-background-overlay\"><\/div>\n\t\t\t\t\t\t\t<div class=\"elementor-container elementor-column-gap-default\">\n\t\t\t\t\t<div class=\"elementor-column elementor-col-100 elementor-top-column elementor-element elementor-element-50f9d37\" data-id=\"50f9d37\" data-element_type=\"column\">\n\t\t\t<div class=\"elementor-widget-wrap elementor-element-populated\">\n\t\t\t\t\t\t<section class=\"elementor-section elementor-inner-section elementor-element elementor-element-e08a3c6 elementor-section-boxed elementor-section-height-default elementor-section-height-default\" data-id=\"e08a3c6\" data-element_type=\"section\">\n\t\t\t\t\t\t<div class=\"elementor-container elementor-column-gap-default\">\n\t\t\t\t\t<div class=\"elementor-column elementor-col-100 elementor-inner-column elementor-element elementor-element-ab55ce3\" data-id=\"ab55ce3\" data-element_type=\"column\">\n\t\t\t<div class=\"elementor-widget-wrap elementor-element-populated\">\n\t\t\t\t\t\t<div class=\"elementor-element elementor-element-8e2f678 elementor-widget elementor-widget-heading\" data-id=\"8e2f678\" data-element_type=\"widget\" data-widget_type=\"heading.default\">\n\t\t\t\t<div class=\"elementor-widget-container\">\n\t\t\t\t\t<h1 class=\"elementor-heading-title elementor-size-default\">Formul\u00e1rio de pedido de informa\u00e7\u00f5es - Maquina\u00e7\u00e3o CNC<\/h1>\t\t\t\t<\/div>\n\t\t\t\t<\/div>\n\t\t\t\t<div class=\"elementor-element elementor-element-3d43163 elementor-widget elementor-widget-text-editor\" data-id=\"3d43163\" data-element_type=\"widget\" data-widget_type=\"text-editor.default\">\n\t\t\t\t<div class=\"elementor-widget-container\">\n\t\t\t\t\t\t\t\t\t<p class=\"translation-block\"><strong>Por favor, preencha o formul\u00e1rio o mais poss\u00edvel para incluir as informa\u00e7\u00f5es fundamentais.<\/strong><\/p><p class=\"translation-block\"><strong>Por favor, note: s\u00f3 pode carregar um ficheiro com este formul\u00e1rio de contacto. Se tiver v\u00e1rios ficheiros, pode <a href=\"mailto:info1@boyanmfg.com\">enviar um e-mail.<\/a><\/strong><\/p>\t\t\t\t\t\t\t\t<\/div>\n\t\t\t\t<\/div>\n\t\t\t\t\t<\/div>\n\t\t<\/div>\n\t\t\t\t\t<\/div>\n\t\t<\/section>\n\t\t\t\t\t<\/div>\n\t\t<\/div>\n\t\t\t\t\t<\/div>\n\t\t<\/section>\n\t\t\t\t<section class=\"elementor-section elementor-top-section elementor-element elementor-element-3bac218 elementor-section-boxed elementor-section-height-default elementor-section-height-default\" data-id=\"3bac218\" data-element_type=\"section\">\n\t\t\t\t\t\t<div class=\"elementor-container elementor-column-gap-default\">\n\t\t\t\t\t<div class=\"elementor-column elementor-col-100 elementor-top-column elementor-element elementor-element-557e495\" data-id=\"557e495\" data-element_type=\"column\">\n\t\t\t<div class=\"elementor-widget-wrap elementor-element-populated\">\n\t\t\t\t\t\t<div class=\"elementor-element elementor-element-226a049 elementor-widget elementor-widget-shortcode\" data-id=\"226a049\" data-element_type=\"widget\" data-widget_type=\"shortcode.default\">\n\t\t\t\t<div class=\"elementor-widget-container\">\n\t\t\t\t\t\t\t<div class=\"elementor-shortcode\">\n<div class=\"wpcf7 no-js\" id=\"wpcf7-f1011-o1\" lang=\"en-US\" dir=\"ltr\" data-wpcf7-id=\"1011\">\n<div class=\"screen-reader-response\"><p role=\"status\" aria-live=\"polite\" aria-atomic=\"true\" class=\"translation-block\"><\/p> <ul><\/ul><\/div>\n<form action=\"\/pt\/wp-json\/wp\/v2\/pages\/1651#wpcf7-f1011-o1\" method=\"post\" class=\"wpcf7-form init\" aria-label=\"Formul\u00e1rio de contacto\" enctype=\"multipart\/form-data\" novalidate=\"novalidate\" data-status=\"init\" data-trp-original-action=\"\/pt\/wp-json\/wp\/v2\/pages\/1651#wpcf7-f1011-o1\">\n<fieldset class=\"hidden-fields-container\"><input type=\"hidden\" name=\"_wpcf7\" value=\"1011\"><input type=\"hidden\" name=\"_wpcf7_version\" value=\"6.1.4\"><input type=\"hidden\" name=\"_wpcf7_locale\" value=\"en_US\"><input type=\"hidden\" name=\"_wpcf7_unit_tag\" value=\"wpcf7-f1011-o1\"><input type=\"hidden\" name=\"_wpcf7_container_post\" value=\"0\"><input type=\"hidden\" name=\"_wpcf7_posted_data_hash\" value=\"\">\n<\/fieldset>\n<p class=\"translation-block\"><label> O seu nome (obrigat\u00f3rio)<br>\n<span class=\"wpcf7-form-control-wrap\" data-name=\"your-name\"><input class=\"wpcf7-form-control wpcf7-text wpcf7-validates-as-required\" type=\"text\" name=\"your-name\"><\/span> <\/label>\n<\/p>\n<p class=\"translation-block\"><label> O seu e-mail (obrigat\u00f3rio)<br>\n<span class=\"wpcf7-form-control-wrap\" data-name=\"your-email\"><input class=\"wpcf7-form-control wpcf7-email wpcf7-validates-as-required wpcf7-text wpcf7-validates-as-email\" type=\"email\" name=\"your-email\"><\/span> <\/label>\n<\/p>\n<p class=\"translation-block\"><label> Assunto<br>\n<span class=\"wpcf7-form-control-wrap\" data-name=\"your-subject\"><input class=\"wpcf7-form-control wpcf7-text\" type=\"text\" name=\"your-subject\"><\/span> <\/label>\n<\/p>\n<p class=\"translation-block\">(As informa\u00e7\u00f5es abaixo s\u00e3o facultativas, mas definitivamente \u00fateis)\n<\/p>\n<p class=\"translation-block\">Qual \u00e9 a quantidade estimada para a primeira ordem de produ\u00e7\u00e3o?<br>\n<span class=\"wpcf7-form-control-wrap\" data-name=\"checkbox-548\"><span class=\"wpcf7-form-control wpcf7-checkbox wpcf7-exclusive-checkbox\"><span class=\"wpcf7-list-item first\"><input type=\"checkbox\" name=\"checkbox-548\"><span class=\"wpcf7-list-item-label\">Menos de 100<\/span><\/span><span class=\"wpcf7-list-item\"><input type=\"checkbox\" name=\"checkbox-548\"><span class=\"wpcf7-list-item-label\">100 a 500<\/span><\/span><span class=\"wpcf7-list-item\"><input type=\"checkbox\" name=\"checkbox-548\"><span class=\"wpcf7-list-item-label\">500 a 2.000<\/span><\/span><span class=\"wpcf7-list-item last\"><input type=\"checkbox\" name=\"checkbox-548\"><span class=\"wpcf7-list-item-label\">Acima de 2.000<\/span><\/span><\/span><\/span><\/span>\n<\/p>\n<p class=\"translation-block\">Qual \u00e9 a quantidade anual estimada (EAU)?<br>\n<span class=\"wpcf7-form-control-wrap\" data-name=\"checkbox-549\"><span class=\"wpcf7-form-control wpcf7-checkbox wpcf7-exclusive-checkbox\"><span class=\"wpcf7-list-item first\"><input type=\"checkbox\" name=\"checkbox-549\"><span class=\"wpcf7-list-item-label\">Menos de 500<\/span><\/span><span class=\"wpcf7-list-item\"><input type=\"checkbox\" name=\"checkbox-549\"><span class=\"wpcf7-list-item-label\">500 a 2.000<\/span><\/span><span class=\"wpcf7-list-item\"><input type=\"checkbox\" name=\"checkbox-549\"><span class=\"wpcf7-list-item-label\">2,000 a 10.000<\/span><\/span><span class=\"wpcf7-list-item last\"><input type=\"checkbox\" name=\"checkbox-549\"><span class=\"wpcf7-list-item-label\">Acima de 10.000<\/span><\/span><\/span><\/span><\/span>\n<\/p>\n<p class=\"translation-block\">Qual \u00e9 o material?<br>\n<span class=\"wpcf7-form-control-wrap\" data-name=\"checkbox-550\"><span class=\"wpcf7-form-control wpcf7-checkbox wpcf7-exclusive-checkbox\"><span class=\"wpcf7-list-item first\"><input type=\"checkbox\" name=\"checkbox-550\"><span class=\"wpcf7-list-item-label\">Alum\u00ednio<\/span><\/span><span class=\"wpcf7-list-item\"><input type=\"checkbox\" name=\"checkbox-550\"><span class=\"wpcf7-list-item-label\">A\u00e7o<\/span><\/span><span class=\"wpcf7-list-item\"><input type=\"checkbox\" name=\"checkbox-550\"><span class=\"wpcf7-list-item-label\">Brass<\/span><\/span><span class=\"wpcf7-list-item\"><input type=\"checkbox\" name=\"checkbox-550\"><span class=\"wpcf7-list-item-label\">Pl\u00e1stico<\/span><\/span><span class=\"wpcf7-list-item last\"><input type=\"checkbox\" name=\"checkbox-550\"><span class=\"wpcf7-list-item-label\">Outros<\/span><\/span><\/span><\/span><\/span><\/span>\n<\/p>\n<p class=\"translation-block\">O que \u00e9 o revestimento de superf\u00edcie?<br>\n<span class=\"wpcf7-form-control-wrap\" data-name=\"checkbox-551\"><span class=\"wpcf7-form-control wpcf7-checkbox\"><span class=\"wpcf7-list-item first\"><input type=\"checkbox\" name=\"checkbox-551[]\"><span class=\"wpcf7-list-item-label\">Anodiza\u00e7\u00e3o de alum\u00ednio<\/span><\/span><span class=\"wpcf7-list-item\"><input type=\"checkbox\" name=\"checkbox-551[]\"><span class=\"wpcf7-list-item-label\">Revestimento por eletroforese<\/span><\/span><span class=\"wpcf7-list-item\"><input type=\"checkbox\" name=\"checkbox-551[]\"><span class=\"wpcf7-list-item-label\">Revestimento em p\u00f3<\/span><\/span><span class=\"wpcf7-list-item\"><input type=\"checkbox\" name=\"checkbox-551[]\"><span class=\"wpcf7-list-item-label\">Pintura por pulveriza\u00e7\u00e3o<\/span><\/span><span class=\"wpcf7-list-item\"><input type=\"checkbox\" name=\"checkbox-551[]\"><span class=\"wpcf7-list-item-label\">N\u00edquel, zinco, cr\u00f3mio, revestimento de cobre<\/span><\/span><span class=\"wpcf7-list-item\"><input type=\"checkbox\" name=\"checkbox-551[]\"><span class=\"wpcf7-list-item-label\">Outros<\/span><\/span><span class=\"wpcf7-list-item last\"><input type=\"checkbox\" name=\"checkbox-551[]\"><span class=\"wpcf7-list-item-label\">Preciso de conselhos<\/span><\/span><\/span><\/span><\/span><\/span>\n<\/p>\n<p class=\"translation-block\">A sua pe\u00e7a requer toler\u00e2ncias dimensionais ou geom\u00e9tricas apertadas?<br>\n<span class=\"wpcf7-form-control-wrap\" data-name=\"checkbox-211\"><span class=\"wpcf7-form-control wpcf7-checkbox\"><span class=\"wpcf7-list-item first\"><input type=\"checkbox\" name=\"checkbox-211[]\"><span class=\"wpcf7-list-item-label\">Sim, toler\u00e2ncia apertada<\/span><\/span><span class=\"wpcf7-list-item last\"><input type=\"checkbox\" name=\"checkbox-211[]\"><span class=\"wpcf7-list-item-label\">N\u00e3o<\/span><\/span><\/span><\/span><\/span>\n<\/p>\n<p class=\"translation-block\">A sua pe\u00e7a tem requisitos est\u00e9ticos?<br>\n<span class=\"wpcf7-form-control-wrap\" data-name=\"checkbox-212\"><span class=\"wpcf7-form-control wpcf7-checkbox wpcf7-exclusive-checkbox\"><span class=\"wpcf7-list-item first\"><input type=\"checkbox\" name=\"checkbox-212\"><span class=\"wpcf7-list-item-label\">N\u00e3o \u00e9 uma grande preocupa\u00e7\u00e3o<\/span><\/span><span class=\"wpcf7-list-item\"><input type=\"checkbox\" name=\"checkbox-212\"><span class=\"wpcf7-list-item-label\">Requisitos est\u00e9ticos m\u00e9dios<\/span><\/span><span class=\"wpcf7-list-item last\"><input type=\"checkbox\" name=\"checkbox-212\"><span class=\"wpcf7-list-item-label\">Requisitos est\u00e9ticos muito elevados<\/span><\/span><\/span><\/span><\/span>\n<\/p>\n<p class=\"translation-block\"><label> A sua mensagem<br>\n<span class=\"wpcf7-form-control-wrap\" data-name=\"your-message\"><textarea cols=\"40\" rows=\"10\" class=\"wpcf7-form-control wpcf7-textarea\" name=\"your-message\"><\/textarea><\/span> <\/label>\n<\/p>\n<p class=\"translation-block\"><label> Carregar ficheiro (recomenda-se que <a href=\"mailto:info1@boyanmfg.com\"> envie v\u00e1rios ficheiros por correio eletr\u00f3nico<\/a>)<br>\n<span class=\"wpcf7-form-control-wrap\" data-name=\"file-924\"><input class=\"wpcf7-form-control wpcf7-file\" type=\"file\" name=\"file-924\"><\/span><\/label>\n<\/p>\n<p class=\"translation-block\">Insira este c\u00f3digo: <input type=\"hidden\" name=\"_wpcf7_captcha_challenge_captcha-778\"><img class=\"wpcf7-form-control wpcf7-captchac wpcf7-captcha-captcha-778\" width=\"60\" height=\"20\" alt=\"captcha\" src=\"https:\/\/boyanmfg.com\/wp-content\/uploads\/wpcf7_captcha\/601277230.png\"><br>\n<span class=\"wpcf7-form-control-wrap\" data-name=\"captcha-778\"><input class=\"wpcf7-form-control wpcf7-captchar\" type=\"text\" name=\"captcha-778\"><\/span>\n<\/p>\n<p class=\"translation-block\"><input class=\"wpcf7-form-control wpcf7-submit has-spinner\" type=\"submit\" value=\"Send\">\n<\/p><p style=\"display: none !important;\" class=\"akismet-fields-container translation-block\" data-prefix=\"_wpcf7_ak_\"><label>\u0394<textarea name=\"_wpcf7_ak_hp_textarea\" cols=\"45\" rows=\"8\"><\/textarea><\/label><input type=\"hidden\" id=\"ak_js_1\" name=\"_wpcf7_ak_js\"><\/p><div class=\"wpcf7-response-output\" aria-hidden=\"true\"><\/div>\n<input type=\"hidden\" name=\"trp-form-language\" value=\"pt\"\/><\/form>\n<\/div>\n<\/div>\n\t\t\t\t\t\t<\/div>\n\t\t\t\t<\/div>\n\t\t\t\t\t<\/div>\n\t\t<\/div>\n\t\t\t\t\t<\/div>\n\t\t<\/section>\n\t\t\t\t<\/div>","protected":false},"excerpt":{"rendered":"<p>Formul\u00e1rio de pedido de informa\u00e7\u00f5es - maquinagem CNC Por favor, preencha o formul\u00e1rio o mais poss\u00edvel para incluir as informa\u00e7\u00f5es fundamentais. Aten\u00e7\u00e3o: s\u00f3 \u00e9 poss\u00edvel carregar um ficheiro com este formul\u00e1rio de contacto. Se tiver v\u00e1rios ficheiros, pode enviar um e-mail.<\/p>","protected":false},"author":1,"featured_media":0,"parent":0,"menu_order":0,"comment_status":"closed","ping_status":"closed","template":"page-templates\/template-pagebuilder-full-width.php","meta":{"neve_meta_sidebar":"full-width","neve_meta_container":"","neve_meta_enable_content_width":"on","neve_meta_content_width":100,"neve_meta_title_alignment":"","neve_meta_author_avatar":"","neve_post_elements_order":"","neve_meta_disable_header":"","neve_meta_disable_footer":"","neve_meta_disable_title":"","neve_meta_reading_time":"","_themeisle_gutenberg_block_has_review":false,"footnotes":""},"class_list":["post-1651","page","type-page","status-publish","hentry"],"acf":[],"_links":{"self":[{"href":"http:\/\/boyanmfg.com\/pt\/wp-json\/wp\/v2\/pages\/1651","targetHints":{"allow":["GET"]}}],"collection":[{"href":"http:\/\/boyanmfg.com\/pt\/wp-json\/wp\/v2\/pages"}],"about":[{"href":"http:\/\/boyanmfg.com\/pt\/wp-json\/wp\/v2\/types\/page"}],"author":[{"embeddable":true,"href":"http:\/\/boyanmfg.com\/pt\/wp-json\/wp\/v2\/users\/1"}],"replies":[{"embeddable":true,"href":"http:\/\/boyanmfg.com\/pt\/wp-json\/wp\/v2\/comments?post=1651"}],"version-history":[{"count":0,"href":"http:\/\/boyanmfg.com\/pt\/wp-json\/wp\/v2\/pages\/1651\/revisions"}],"wp:attachment":[{"href":"http:\/\/boyanmfg.com\/pt\/wp-json\/wp\/v2\/media?parent=1651"}],"curies":[{"name":"wp","href":"https:\/\/api.w.org\/{rel}","templated":true}]}}