{"id":3451,"date":"2022-03-01T16:35:28","date_gmt":"2022-03-01T16:35:28","guid":{"rendered":"http:\/\/boyanmfg.com\/?post_type=product&#038;p=3451"},"modified":"2022-03-01T16:35:29","modified_gmt":"2022-03-01T16:35:29","slug":"plastic-lotion-dispenser-pump","status":"publish","type":"product","link":"http:\/\/boyanmfg.com\/it\/shop\/plastic-lotion-dispenser-pump\/","title":{"rendered":"Pompa Erogatrice per Lozioni in Plastica"},"content":{"rendered":"<p>Questi sono i dispenser per lozioni, sapone liquido, disinfettante e altri liquidi. Le dimensioni del collo sono 20, 24, 28, 32 mm. Sono prodotti mediante stampi ad iniezione ad alta precisione e attrezzature di assemblaggio automatico.<\/p>\n<h2><span style=\"color: #993366;\">Specifiche del pezzo:<\/span><\/h2>\n<table style=\"width: 60%;\">\n<tbody>\n<tr>\n<td width=\"320\">Materiale<\/td>\n<td width=\"320\">PP, PE, LDPE, HDPE per diversi componenti<\/td>\n<\/tr>\n<tr>\n<td width=\"320\">Dimensione collo<\/td>\n<td width=\"320\">20,24,28,32 mm<\/td>\n<\/tr>\n<tr>\n<td width=\"320\">Dimensione tubo di immersione<\/td>\n<td width=\"320\">personalizzato<\/td>\n<\/tr>\n<tr>\n<td width=\"320\">Colore<\/td>\n<td width=\"320\">colori personalizzati disponibili<\/td>\n<\/tr>\n<tr>\n<td width=\"320\">Ispezione QC<\/td>\n<td width=\"320\">test di tenuta 100% (automatico)<\/td>\n<\/tr>\n<tr>\n<td width=\"320\">Capacit\u00e0 di produzione<\/td>\n<td width=\"320\">2-5 milioni\/mese<\/td>\n<\/tr>\n<\/tbody>\n<\/table>\n<h2><span style=\"color: #993366;\">Caratteristiche critiche:<\/span><\/h2>\n<ul>\n<li>Ogni componente in plastica \u00e8 prodotto tramite stampo ad iniezione ad alta precisione a pi\u00f9 cavit\u00e0. Per ogni tipo di pompa dosatrice sono presenti 6 stampi.<\/li>\n<\/ul>\n<p><img fetchpriority=\"high\" decoding=\"async\" class=\"alignnone wp-image-3456 size-full\" src=\"https:\/\/boyanmfg.com\/wp-content\/uploads\/2022\/03\/24-cavity-precision-mold-for-lotion-dispenser.jpg\" alt=\"Stampo di precisione a 24 cavit\u00e0 per pompa dosatrice per lozioni\" width=\"600\" height=\"450\" srcset=\"https:\/\/boyanmfg.com\/wp-content\/uploads\/2022\/03\/24-cavity-precision-mold-for-lotion-dispenser.jpg 600w, https:\/\/boyanmfg.com\/wp-content\/uploads\/2022\/03\/24-cavity-precision-mold-for-lotion-dispenser-300x225.jpg 300w\" sizes=\"(max-width: 600px) 100vw, 600px\" \/><\/p>\n<p><img decoding=\"async\" class=\"alignnone wp-image-3457 size-full\" src=\"https:\/\/boyanmfg.com\/wp-content\/uploads\/2022\/03\/injection-mold-for-lotion-dispenser.jpg\" alt=\"stampo a iniezione per dispenser di lozioni, stampo inferiore\" width=\"600\" height=\"450\" srcset=\"https:\/\/boyanmfg.com\/wp-content\/uploads\/2022\/03\/injection-mold-for-lotion-dispenser.jpg 600w, https:\/\/boyanmfg.com\/wp-content\/uploads\/2022\/03\/injection-mold-for-lotion-dispenser-300x225.jpg 300w\" sizes=\"(max-width: 600px) 100vw, 600px\" \/> <img decoding=\"async\" class=\"alignnone wp-image-3458 size-full\" src=\"https:\/\/boyanmfg.com\/wp-content\/uploads\/2022\/03\/injection-mold-for-lotion-dispenser-2.jpg\" alt=\"stampo ad iniezione per pompa dosatrice per lozioni, stampo superiore\" width=\"600\" height=\"450\" srcset=\"https:\/\/boyanmfg.com\/wp-content\/uploads\/2022\/03\/injection-mold-for-lotion-dispenser-2.jpg 600w, https:\/\/boyanmfg.com\/wp-content\/uploads\/2022\/03\/injection-mold-for-lotion-dispenser-2-300x225.jpg 300w\" sizes=\"(max-width: 600px) 100vw, 600px\" \/><\/p>\n<ul>\n<li>Queste pompe dosatrici sono tutte assemblate in apparecchiature automatiche con elevati volumi giornalieri\/mensili. Ogni apparecchiatura automatica \u00e8 adattata solo a un tipo di pompa dosatrice, motivo per cui non consigliamo di realizzare pompe dosatrici personalizzate, ma piuttosto di utilizzare quelle esistenti a scaffale.<\/li>\n<\/ul>\n<p><img loading=\"lazy\" decoding=\"async\" class=\"alignnone wp-image-3459 size-full\" src=\"https:\/\/boyanmfg.com\/wp-content\/uploads\/2022\/03\/lotion-dispenser-airtight-inspection.jpg\" alt=\"ispezione di tenuta all&#039;aria della pompa dosatrice per lozioni in macchina di assemblaggio automatica\" width=\"600\" height=\"450\" srcset=\"https:\/\/boyanmfg.com\/wp-content\/uploads\/2022\/03\/lotion-dispenser-airtight-inspection.jpg 600w, https:\/\/boyanmfg.com\/wp-content\/uploads\/2022\/03\/lotion-dispenser-airtight-inspection-300x225.jpg 300w\" sizes=\"(max-width: 600px) 100vw, 600px\" \/><\/p>\n<ul>\n<li>Test di tenuta all'aria 100% per assicurarsi che gli ugelli non perdano. Gli ugelli che non superano il test vengono scartati automaticamente.<\/li>\n<\/ul>\n<p><img loading=\"lazy\" decoding=\"async\" class=\"alignnone wp-image-3460 size-full\" src=\"https:\/\/boyanmfg.com\/wp-content\/uploads\/2022\/03\/automatic-assembly-equipment-lotion-dispenser.jpg\" alt=\"apparecchiatura di assemblaggio automatico per pompa dosatrice per lozioni\" width=\"600\" height=\"450\" srcset=\"https:\/\/boyanmfg.com\/wp-content\/uploads\/2022\/03\/automatic-assembly-equipment-lotion-dispenser.jpg 600w, https:\/\/boyanmfg.com\/wp-content\/uploads\/2022\/03\/automatic-assembly-equipment-lotion-dispenser-300x225.jpg 300w\" sizes=\"(max-width: 600px) 100vw, 600px\" \/><\/p>\n<p>&nbsp;<\/p>","protected":false},"excerpt":{"rendered":"<p>Questi sono i dispenser per lozioni, sapone liquido, disinfettante e altri liquidi. Le dimensioni del collo sono 20, 24, 28, 32 mm. Vengono prodotti con stampi ad iniezione ad alta precisione e attrezzature di assemblaggio automatico. Specifiche del componente: Materiale PP, PE, LDPE, HDPE per diversi componenti Dimensioni del collo 20,24,28,32 mm Dimensioni del tubo di immersione personalizzate Colore colori personalizzati disponibili Ispezione QC 100%...&nbsp;<a href=\"http:\/\/boyanmfg.com\/it\/shop\/plastic-lotion-dispenser-pump\/\" rel=\"bookmark\">Continua a leggere \u00bb<span class=\"screen-reader-text\">Pompa Erogatrice per Lozioni in Plastica<\/span><\/a><\/p>","protected":false},"featured_media":3452,"comment_status":"closed","ping_status":"closed","template":"","meta":{"neve_meta_sidebar":"","neve_meta_container":"","neve_meta_enable_content_width":"off","neve_meta_content_width":0,"neve_meta_title_alignment":"","neve_meta_author_avatar":"","neve_post_elements_order":"","neve_meta_disable_header":"","neve_meta_disable_footer":"","neve_meta_disable_title":"","neve_meta_reading_time":"","_themeisle_gutenberg_block_has_review":false},"product_brand":[],"product_cat":[54,62],"product_tag":[],"class_list":{"0":"post-3451","1":"product","2":"type-product","3":"status-publish","4":"has-post-thumbnail","6":"product_cat-plastic-injection-molding","7":"product_cat-precision-injection-molding","9":"first","10":"instock","11":"shipping-taxable","12":"product-type-simple"},"acf":[],"_links":{"self":[{"href":"http:\/\/boyanmfg.com\/it\/wp-json\/wp\/v2\/product\/3451","targetHints":{"allow":["GET"]}}],"collection":[{"href":"http:\/\/boyanmfg.com\/it\/wp-json\/wp\/v2\/product"}],"about":[{"href":"http:\/\/boyanmfg.com\/it\/wp-json\/wp\/v2\/types\/product"}],"replies":[{"embeddable":true,"href":"http:\/\/boyanmfg.com\/it\/wp-json\/wp\/v2\/comments?post=3451"}],"wp:featuredmedia":[{"embeddable":true,"href":"http:\/\/boyanmfg.com\/it\/wp-json\/wp\/v2\/media\/3452"}],"wp:attachment":[{"href":"http:\/\/boyanmfg.com\/it\/wp-json\/wp\/v2\/media?parent=3451"}],"wp:term":[{"taxonomy":"product_brand","embeddable":true,"href":"http:\/\/boyanmfg.com\/it\/wp-json\/wp\/v2\/product_brand?post=3451"},{"taxonomy":"product_cat","embeddable":true,"href":"http:\/\/boyanmfg.com\/it\/wp-json\/wp\/v2\/product_cat?post=3451"},{"taxonomy":"product_tag","embeddable":true,"href":"http:\/\/boyanmfg.com\/it\/wp-json\/wp\/v2\/product_tag?post=3451"}],"curies":[{"name":"wp","href":"https:\/\/api.w.org\/{rel}","templated":true}]}}