{"id":1651,"date":"2020-01-22T16:52:21","date_gmt":"2020-01-22T16:52:21","guid":{"rendered":"http:\/\/boyanmfg.com\/?page_id=1651"},"modified":"2020-01-22T17:08:16","modified_gmt":"2020-01-22T17:08:16","slug":"enquiry-cnc-machining","status":"publish","type":"page","link":"http:\/\/boyanmfg.com\/it\/enquiry-cnc-machining\/","title":{"rendered":"Richiesta-Lavorazione CNC"},"content":{"rendered":"<div data-elementor-type=\"wp-page\" data-elementor-id=\"1651\" class=\"elementor elementor-1651\">\n\t\t\t\t\t\t<section class=\"elementor-section elementor-top-section elementor-element elementor-element-6f9fce8 elementor-section-boxed elementor-section-height-default elementor-section-height-default\" data-id=\"6f9fce8\" data-element_type=\"section\">\n\t\t\t\t\t\t<div class=\"elementor-container elementor-column-gap-default\">\n\t\t\t\t\t<div class=\"elementor-column elementor-col-100 elementor-top-column elementor-element elementor-element-5c7d6e1\" data-id=\"5c7d6e1\" data-element_type=\"column\">\n\t\t\t<div class=\"elementor-widget-wrap\">\n\t\t\t\t\t\t\t<\/div>\n\t\t<\/div>\n\t\t\t\t\t<\/div>\n\t\t<\/section>\n\t\t\t\t<section class=\"elementor-section elementor-top-section elementor-element elementor-element-870b536 elementor-section-boxed elementor-section-height-default elementor-section-height-default\" data-id=\"870b536\" data-element_type=\"section\" data-settings='{\"background_background\":\"classic\"}'>\n\t\t\t\t\t\t\t<div class=\"elementor-background-overlay\"><\/div>\n\t\t\t\t\t\t\t<div class=\"elementor-container elementor-column-gap-default\">\n\t\t\t\t\t<div class=\"elementor-column elementor-col-100 elementor-top-column elementor-element elementor-element-50f9d37\" data-id=\"50f9d37\" data-element_type=\"column\">\n\t\t\t<div class=\"elementor-widget-wrap elementor-element-populated\">\n\t\t\t\t\t\t<section class=\"elementor-section elementor-inner-section elementor-element elementor-element-e08a3c6 elementor-section-boxed elementor-section-height-default elementor-section-height-default\" data-id=\"e08a3c6\" data-element_type=\"section\">\n\t\t\t\t\t\t<div class=\"elementor-container elementor-column-gap-default\">\n\t\t\t\t\t<div class=\"elementor-column elementor-col-100 elementor-inner-column elementor-element elementor-element-ab55ce3\" data-id=\"ab55ce3\" data-element_type=\"column\">\n\t\t\t<div class=\"elementor-widget-wrap elementor-element-populated\">\n\t\t\t\t\t\t<div class=\"elementor-element elementor-element-8e2f678 elementor-widget elementor-widget-heading\" data-id=\"8e2f678\" data-element_type=\"widget\" data-widget_type=\"heading.default\">\n\t\t\t\t<div class=\"elementor-widget-container\">\n\t\t\t\t\t<h1 class=\"elementor-heading-title elementor-size-default\">Modulo di richiesta - Lavorazione CNC<\/h1>\t\t\t\t<\/div>\n\t\t\t\t<\/div>\n\t\t\t\t<div class=\"elementor-element elementor-element-3d43163 elementor-widget elementor-widget-text-editor\" data-id=\"3d43163\" data-element_type=\"widget\" data-widget_type=\"text-editor.default\">\n\t\t\t\t<div class=\"elementor-widget-container\">\n\t\t\t\t\t\t\t\t\t<p class=\"translation-block\"><strong>Si prega di compilare il modulo il pi\u00f9 possibile per includere le informazioni fondamentali.<\/p><p class=\"translation-block\"><strong>Si prega di notare che \u00e8 possibile caricare un solo file con questo modulo di contatto. Se si dispone di pi\u00f9 file, \u00e8 possibile <a href=\"mailto:info1@boyanmfg.com\">inviare un'e-mail.<\/a><\/strong><\/p>\t\t\t\t\t\t\t\t<\/div>\n\t\t\t\t<\/div>\n\t\t\t\t\t<\/div>\n\t\t<\/div>\n\t\t\t\t\t<\/div>\n\t\t<\/section>\n\t\t\t\t\t<\/div>\n\t\t<\/div>\n\t\t\t\t\t<\/div>\n\t\t<\/section>\n\t\t\t\t<section class=\"elementor-section elementor-top-section elementor-element elementor-element-3bac218 elementor-section-boxed elementor-section-height-default elementor-section-height-default\" data-id=\"3bac218\" data-element_type=\"section\">\n\t\t\t\t\t\t<div class=\"elementor-container elementor-column-gap-default\">\n\t\t\t\t\t<div class=\"elementor-column elementor-col-100 elementor-top-column elementor-element elementor-element-557e495\" data-id=\"557e495\" data-element_type=\"column\">\n\t\t\t<div class=\"elementor-widget-wrap elementor-element-populated\">\n\t\t\t\t\t\t<div class=\"elementor-element elementor-element-226a049 elementor-widget elementor-widget-shortcode\" data-id=\"226a049\" data-element_type=\"widget\" data-widget_type=\"shortcode.default\">\n\t\t\t\t<div class=\"elementor-widget-container\">\n\t\t\t\t\t\t\t<div class=\"elementor-shortcode\">\n<div class=\"wpcf7 no-js\" id=\"wpcf7-f1011-o1\" lang=\"en-US\" dir=\"ltr\" data-wpcf7-id=\"1011\">\n<div class=\"screen-reader-response\"><p role=\"status\" aria-live=\"polite\" aria-atomic=\"true\" class=\"translation-block\"><\/p> <ul><\/ul><\/div>\n<form action=\"\/it\/wp-json\/wp\/v2\/pages\/1651#wpcf7-f1011-o1\" method=\"post\" class=\"wpcf7-form init\" aria-label=\"Modulo di contatto\" enctype=\"multipart\/form-data\" novalidate=\"novalidate\" data-status=\"init\" data-trp-original-action=\"\/it\/wp-json\/wp\/v2\/pages\/1651#wpcf7-f1011-o1\">\n<fieldset class=\"hidden-fields-container\"><input type=\"hidden\" name=\"_wpcf7\" value=\"1011\"><input type=\"hidden\" name=\"_wpcf7_version\" value=\"6.1.4\"><input type=\"hidden\" name=\"_wpcf7_locale\" value=\"en_US\"><input type=\"hidden\" name=\"_wpcf7_unit_tag\" value=\"wpcf7-f1011-o1\"><input type=\"hidden\" name=\"_wpcf7_container_post\" value=\"0\"><input type=\"hidden\" name=\"_wpcf7_posted_data_hash\" value=\"\">\n<\/fieldset>\n<p class=\"translation-block\"><label> Il tuo nome (obbligatorio)<br>\n<span class=\"wpcf7-form-control-wrap\" data-name=\"il tuo nome\"><input class=\"wpcf7-form-control wpcf7-text wpcf7-validates-as-required\" type=\"text\" name=\"il tuo nome\"><\/span> <\/label>\n<\/p>\n<p class=\"translation-block\"><label>La tua e-mail (obbligatorio)<br>\n<span class=\"wpcf7-form-control-wrap\" data-name=\"your-email\"><input class=\"wpcf7-form-control wpcf7-email wpcf7-validates-as-required wpcf7-text wpcf7-validates-as-email\" type=\"email\" name=\"your-email\"><\/span> <\/label>\n<\/p>\n<p class=\"translation-block\"><label> Oggetto<br>\n<span class=\"wpcf7-form-control-wrap\" data-name=\"your-subject\"><input class=\"wpcf7-form-control wpcf7-text\" type=\"text\" name=\"your-subject\"><\/span> <\/label>.\n<\/p>\n<p class=\"translation-block\">(Le informazioni riportate di seguito sono facoltative ma decisamente utili)\n<\/p>\n<p class=\"translation-block\">Qual \u00e8 la quantit\u00e0 stimata per il primo ordine di produzione? <br>\n<span class=\"wpcf7-form-control-wrap\" data-name=\"checkbox-548\"><span class=\"wpcf7-form-control wpcf7-checkbox wpcf7-exclusive-checkbox\"><span class=\"wpcf7-list-item first\"><input type=\"checkbox\" name=\"checkbox-548\"><span class=\"wpcf7-list-item-label\">Sotto i 100<\/span><\/span><span class=\"wpcf7-list-item\"><input type=\"checkbox\" name=\"checkbox-548\"><span class=\"wpcf7-list-item-label\">100 to 500<\/span><\/span><span class=\"wpcf7-list-item\"><input type=\"checkbox\" name=\"checkbox-548\"><span class=\"wpcf7-list-item- label\"><span class=\"checkbox-548\"><span class=\"wpcf7-list-item-label\">da 500 a 2.000<\/span><\/span><span class=\"wpcf7-list-item last\"><input type=\"checkbox\" name=\"checkbox-548\"><span class=\"wpcf7-list-item-label\">Sopra 2.000<\/span><\/span><\/span>\n<\/p>\n<p class=\"translation-block\">Qual \u00e8 la quantit\u00e0 annuale stimata (EAU)? <br>\n<span class=\"wpcf7-form-control-wrap\" data-name=\"checkbox-549\"><span class=\"wpcf7-form-control wpcf7-checkbox wpcf7-exclusive-checkbox\"><span class=\"wpcf7-list-item first\"><input type=\"checkbox\" name=\"checkbox-549\"><span class=\"wpcf7-list-item-label\">Sotto i 500<\/span><\/span><span class=\"wpcf7-list-item\"><input type=\"checkbox\" name=\"checkbox-549\"><span class=\"wpcf7-list-item-label\">da 500 a 2.000<\/span><\/span><span class=\"wpcf7-list-item\"><input type=\"checkbox\" name=\"checkbox-549\"><span class=\"wpcf7-list-item-label\">2,000 a 10.000<\/span><\/span><span class=\"wpcf7-list-item last\"><input type=\"checkbox\" name=\"checkbox-549\"><span class=\"wpcf7-list-item-label\">Sopra 10.000<\/span><\/span><\/span>\n<\/p>\n<p class=\"translation-block\">Qual \u00e8 il materiale? <br>\n<span class=\"wpcf7-form-control-wrap\" data-name=\"checkbox-550\"><span class=\"wpcf7-form-control wpcf7-checkbox wpcf7-exclusive-checkbox\"><span class=\"wpcf7-list-item first\"><input type=\"checkbox\" name=\"checkbox-550\"><span class=\"wpcf7-list-item-label\">Aluminum<\/span><\/span><span class=\"wpcf7-list-item\"><input type=\"checkbox\" name=\"checkbox-550\"><span class=\"wpcf7-list-item-label\">Steel<\/span><\/span><span class=\"wpcf7-list-item\"><input type=\"checkbox\" name=\"checkbox-550\"><span class=\"wpcf7-list-item-label\">Brass<\/span><\/span><span class=\"wpcf7-list-item\"><input type=\"checkbox\" name=\"checkbox-550\"><span class=\"wpcf7-list-item-label\">Plastica<\/span><\/span><span class=\"wpcf7-list-item last\"><input type=\"checkbox\" name=\"checkbox-550\"><span class=\"wpcf7-list-item-label\">Altri<\/span><\/span><\/span>.\n<\/p>\n<p class=\"translation-block\">Che cos'\u00e8 il rivestimento superficiale? <br>\n<span class=\"wpcf7-form-control-wrap\" data-name=\"checkbox-551\"><span class=\"wpcf7-form-control wpcf7-checkbox\"><span class=\"wpcf7-list-item first\"><input type=\"checkbox\" name=\"checkbox-551[]\"><span class=\"wpcf7-list-item-label\">Anodizzazione alluminio<\/span><\/span><span class=\"wpcf7-list-item\"><input type=\"checkbox\" name=\"checkbox-551[]\"><span class=\"wpcf7-list-item-label\">Rivestimento in elettroforesi<\/span><\/span><span class=\"wpcf7-list-item\"><input type=\"checkbox\" name=\"checkbox-551[]\"><span class=\"wpcf7-list-item-label\">Rivestimento in polvere<\/span><\/span><span class=\"wpcf7-list-item\"><input type=\"checkbox\" name=\"checkbox-551[]\"><span class=\"wpcf7-list-item-label\">Pittura a spruzzo<\/span><\/span><span class=\"wpcf7-list-item\"><input type=\"checkbox\" name=\"checkbox-551[]\"><span class=\"wpcf7-list-item-label\">Nichelatura, zinco, cromo, placcatura in rame<\/span><\/span><span class=\"wpcf7-list-item\"><input type=\"checkbox\" name=\"checkbox-551[]\"><span class=\"wpcf7-list-item-label\">Others<\/span><\/span><span class=\"wpcf7-list-item last\"><input type=\"checkbox\" name=\"checkbox-551[]\"><span class=\"wpcf7-list-item-label\">Need advice<\/span><\/span><\/span>\n<\/p>\n<p class=\"translation-block\">Il vostro pezzo richiede tolleranze dimensionali o geometriche molto strette? <br>\n<span class=\"wpcf7-form-control-wrap\" data-name=\"checkbox-211\"><span class=\"wpcf7-form-control wpcf7-checkbox\"><span class=\"wpcf7-list-item first\"><input type=\"checkbox\" name=\"checkbox-211[]\"><span class=\"wpcf7-list-item-label\">S\u00ec, tolleranza stretta<\/span><\/span><span class=\"wpcf7-list-item last\"><input type=\"checkbox\" name=\"checkbox-211[]\"><span class=\"wpcf7-list-item-label\">No<\/span><\/span><\/span>\n<\/p>\n<p class=\"translation-block\">Il vostro pezzo ha dei requisiti estetici? <br>\n<span class=\"wpcf7-form-control-wrap\" data-name=\"checkbox-212\"><span class=\"wpcf7-form-control wpcf7-checkbox wpcf7-exclusive-checkbox\"><span class=\"wpcf7-list-item first\"><input type=\"checkbox\" name=\"checkbox-212\"><span class=\"wpcf7-list-item-label\">Non \u00e8 una grande preoccupazione<\/span><\/span><span class=\"wpcf7-list-item\"><input type=\"checkbox\" name=\"checkbox-212\"><span class=\"wpcf7-list-item-label\">Requisiti estetici medi<\/span><\/span><span class=\"wpcf7-list-item last\"><input type=\"checkbox\" name=\"checkbox-212\"><span class=\"wpcf7-list-item-label\">Requisiti estetici molto elevati<\/span><\/span><\/span>.\n<\/p>\n<p class=\"translation-block\"><label>Il tuo messaggio<br>\n<span class=\"wpcf7-form-control-wrap\" data-name=\"your-message\"><textarea cols=\"40\" rows=\"10\" class=\"wpcf7-form-control wpcf7-textarea\" name=\"your-message\"><\/textarea><\/span> <\/label>\n<\/p>\n<p class=\"translation-block\"><label> Caricare il file (si consiglia di <a href=\"mailto:info1@boyanmfg.com\">inviare pi\u00f9 file via e-mail<\/a>)<br>\n<span class=\"wpcf7-form-control-wrap\" data-name=\"file-924\"><input class=\"wpcf7-form-control wpcf7-file\" type=\"file\" name=\"file-924\"><\/span><\/label>\n<\/p>\n<p class=\"translation-block\">Inserisci questo codice: <input type=\"hidden\" name=\"_wpcf7_captcha_challenge_captcha-778\"><img class=\"wpcf7-form-control wpcf7-captchac wpcf7-captcha-captcha-778\" width=\"60\" height=\"20\" alt=\"captcha\" src=\"https:\/\/boyanmfg.com\/wp-content\/uploads\/wpcf7_captcha\/4069032171.png\"><br>\n<span class=\"wpcf7-form-control-wrap\" data-name=\"captcha-778\"><input class=\"wpcf7-form-control wpcf7-captchar\" type=\"text\" name=\"captcha-778\"><\/span>\n<\/p>\n<p class=\"translation-block\"><input class=\"wpcf7-form-control wpcf7-submit has-spinner\" type=\"submit\" value=\"Send\">\n<\/p><p style=\"display: none !important;\" class=\"akismet-fields-container translation-block\" data-prefix=\"_wpcf7_ak_\"><label>\u0394<textarea name=\"_wpcf7_ak_hp_textarea\" cols=\"45\" rows=\"8\"><\/textarea><\/label><input type=\"hidden\" id=\"ak_js_1\" name=\"_wpcf7_ak_js\"><\/p><div class=\"wpcf7-response-output\" aria-hidden=\"true\"><\/div>\n<input type=\"hidden\" name=\"trp-form-language\" value=\"it\"\/><\/form>\n<\/div>\n<\/div>\n\t\t\t\t\t\t<\/div>\n\t\t\t\t<\/div>\n\t\t\t\t\t<\/div>\n\t\t<\/div>\n\t\t\t\t\t<\/div>\n\t\t<\/section>\n\t\t\t\t<\/div>","protected":false},"excerpt":{"rendered":"<p>Modulo di richiesta - Lavorazione CNC Si prega di compilare il modulo il pi\u00f9 possibile per includere le informazioni fondamentali. Attenzione: con questo modulo di contatto \u00e8 possibile caricare un solo file. Se avete pi\u00f9 file, potete inviare un'e-mail.<\/p>","protected":false},"author":1,"featured_media":0,"parent":0,"menu_order":0,"comment_status":"closed","ping_status":"closed","template":"page-templates\/template-pagebuilder-full-width.php","meta":{"neve_meta_sidebar":"full-width","neve_meta_container":"","neve_meta_enable_content_width":"on","neve_meta_content_width":100,"neve_meta_title_alignment":"","neve_meta_author_avatar":"","neve_post_elements_order":"","neve_meta_disable_header":"","neve_meta_disable_footer":"","neve_meta_disable_title":"","neve_meta_reading_time":"","_themeisle_gutenberg_block_has_review":false,"footnotes":""},"class_list":["post-1651","page","type-page","status-publish","hentry"],"acf":[],"_links":{"self":[{"href":"http:\/\/boyanmfg.com\/it\/wp-json\/wp\/v2\/pages\/1651","targetHints":{"allow":["GET"]}}],"collection":[{"href":"http:\/\/boyanmfg.com\/it\/wp-json\/wp\/v2\/pages"}],"about":[{"href":"http:\/\/boyanmfg.com\/it\/wp-json\/wp\/v2\/types\/page"}],"author":[{"embeddable":true,"href":"http:\/\/boyanmfg.com\/it\/wp-json\/wp\/v2\/users\/1"}],"replies":[{"embeddable":true,"href":"http:\/\/boyanmfg.com\/it\/wp-json\/wp\/v2\/comments?post=1651"}],"version-history":[{"count":0,"href":"http:\/\/boyanmfg.com\/it\/wp-json\/wp\/v2\/pages\/1651\/revisions"}],"wp:attachment":[{"href":"http:\/\/boyanmfg.com\/it\/wp-json\/wp\/v2\/media?parent=1651"}],"curies":[{"name":"wp","href":"https:\/\/api.w.org\/{rel}","templated":true}]}}