{"id":1277,"date":"2020-01-20T03:34:10","date_gmt":"2020-01-20T03:34:10","guid":{"rendered":"http:\/\/boyanmfg.com\/?page_id=1277"},"modified":"2023-09-22T02:19:09","modified_gmt":"2023-09-22T02:19:09","slug":"enquiry-plastic-injection-molding","status":"publish","type":"page","link":"http:\/\/boyanmfg.com\/it\/enquiry-plastic-injection-molding\/","title":{"rendered":"Richiesta - stampaggio a iniezione della plastica"},"content":{"rendered":"<div data-elementor-type=\"wp-page\" data-elementor-id=\"1277\" class=\"elementor elementor-1277\">\n\t\t\t\t\t\t<section class=\"elementor-section elementor-top-section elementor-element elementor-element-3d22583 elementor-section-boxed elementor-section-height-default elementor-section-height-default\" data-id=\"3d22583\" data-element_type=\"section\" data-settings='{\"background_background\":\"classic\"}'>\n\t\t\t\t\t\t\t<div class=\"elementor-background-overlay\"><\/div>\n\t\t\t\t\t\t\t<div class=\"elementor-container elementor-column-gap-default\">\n\t\t\t\t\t<div class=\"elementor-column elementor-col-100 elementor-top-column elementor-element elementor-element-65c3348\" data-id=\"65c3348\" data-element_type=\"column\" data-settings='{\"background_background\":\"classic\"}'>\n\t\t\t<div class=\"elementor-widget-wrap elementor-element-populated\">\n\t\t\t\t\t\t<section class=\"elementor-section elementor-inner-section elementor-element elementor-element-4fd38aa elementor-section-boxed elementor-section-height-default elementor-section-height-default\" data-id=\"4fd38aa\" data-element_type=\"section\">\n\t\t\t\t\t\t<div class=\"elementor-container elementor-column-gap-default\">\n\t\t\t\t\t<div class=\"elementor-column elementor-col-50 elementor-inner-column elementor-element elementor-element-ea82e31\" data-id=\"ea82e31\" data-element_type=\"column\">\n\t\t\t<div class=\"elementor-widget-wrap elementor-element-populated\">\n\t\t\t\t\t\t<div class=\"elementor-element elementor-element-c472f27 elementor-widget elementor-widget-heading\" data-id=\"c472f27\" data-element_type=\"widget\" data-widget_type=\"heading.default\">\n\t\t\t\t<div class=\"elementor-widget-container\">\n\t\t\t\t\t<h1 class=\"elementor-heading-title elementor-size-default\">Modulo di richiesta - Stampaggio della plastica<\/h1>\t\t\t\t<\/div>\n\t\t\t\t<\/div>\n\t\t\t\t<div class=\"elementor-element elementor-element-0058e15 elementor-widget elementor-widget-text-editor\" data-id=\"0058e15\" data-element_type=\"widget\" data-widget_type=\"text-editor.default\">\n\t\t\t\t<div class=\"elementor-widget-container\">\n\t\t\t\t\t\t\t\t\t<p class=\"translation-block\">Vi preghiamo di compilare il modulo e di fornirci il maggior numero di informazioni possibile.<\/p><p class=\"translation-block\">Nota bene: con questo modulo di contatto \u00e8 possibile caricare un solo file. Se avete pi\u00f9 file da inviare, siete pregati di <a href=\"mailto:info1@boyanmfg.com\">inviare un'e-mail <\/a>, assicurandovi di includere le informazioni necessarie indicate di seguito.<\/p>\t\t\t\t\t\t\t\t<\/div>\n\t\t\t\t<\/div>\n\t\t\t\t\t<\/div>\n\t\t<\/div>\n\t\t\t\t<div class=\"elementor-column elementor-col-50 elementor-inner-column elementor-element elementor-element-6dc112f\" data-id=\"6dc112f\" data-element_type=\"column\">\n\t\t\t<div class=\"elementor-widget-wrap elementor-element-populated\">\n\t\t\t\t\t\t<div class=\"elementor-element elementor-element-aa6d324 elementor-align-right elementor-widget elementor-widget-button\" data-id=\"aa6d324\" data-element_type=\"widget\" data-widget_type=\"button.default\">\n\t\t\t\t<div class=\"elementor-widget-container\">\n\t\t\t\t\t\t\t\t\t<div class=\"elementor-button-wrapper\">\n\t\t\t\t\t<a class=\"elementor-button elementor-button-link elementor-size-md\" href=\"mailto:info1@boyanmfg.com\">\n\t\t\t\t\t\t<span class=\"elementor-button-content-wrapper\">\n\t\t\t\t\t\t<span class=\"elementor-button-icon\">\n\t\t\t\t<i aria-hidden=\"true\" class=\"far fa-envelope\"><\/i>\t\t\t<\/span>\n\t\t\t\t\t\t\t\t\t<span class=\"elementor-button-text\">Inviaci un'e-mail<\/span>\n\t\t\t\t\t<\/span>\n\t\t\t\t\t<\/a>\n\t\t\t\t<\/div>\n\t\t\t\t\t\t\t\t<\/div>\n\t\t\t\t<\/div>\n\t\t\t\t\t<\/div>\n\t\t<\/div>\n\t\t\t\t\t<\/div>\n\t\t<\/section>\n\t\t\t\t\t<\/div>\n\t\t<\/div>\n\t\t\t\t\t<\/div>\n\t\t<\/section>\n\t\t\t\t<section class=\"elementor-section elementor-top-section elementor-element elementor-element-b403c00 elementor-section-boxed elementor-section-height-default elementor-section-height-default\" data-id=\"b403c00\" data-element_type=\"section\" data-settings='{\"background_background\":\"classic\"}'>\n\t\t\t\t\t\t\t<div class=\"elementor-background-overlay\"><\/div>\n\t\t\t\t\t\t\t<div class=\"elementor-container elementor-column-gap-default\">\n\t\t\t\t\t<div class=\"elementor-column elementor-col-100 elementor-top-column elementor-element elementor-element-8036fff\" data-id=\"8036fff\" data-element_type=\"column\">\n\t\t\t<div class=\"elementor-widget-wrap elementor-element-populated\">\n\t\t\t\t\t\t<div class=\"elementor-element elementor-element-96b5bc4 elementor-widget elementor-widget-shortcode\" data-id=\"96b5bc4\" data-element_type=\"widget\" data-widget_type=\"shortcode.default\">\n\t\t\t\t<div class=\"elementor-widget-container\">\n\t\t\t\t\t\t\t<div class=\"elementor-shortcode\">\n<div class=\"wpcf7 no-js\" id=\"wpcf7-f4163-o1\" lang=\"en-US\" dir=\"ltr\" data-wpcf7-id=\"4163\">\n<div class=\"screen-reader-response\"><p role=\"status\" aria-live=\"polite\" aria-atomic=\"true\" class=\"translation-block\"><\/p> <ul><\/ul><\/div>\n<form action=\"\/it\/wp-json\/wp\/v2\/pages\/1277#wpcf7-f4163-o1\" method=\"post\" class=\"wpcf7-form init\" aria-label=\"Modulo di contatto\" enctype=\"multipart\/form-data\" novalidate=\"novalidate\" data-status=\"init\" data-trp-original-action=\"\/it\/wp-json\/wp\/v2\/pages\/1277#wpcf7-f4163-o1\">\n<fieldset class=\"hidden-fields-container\"><input type=\"hidden\" name=\"_wpcf7\" value=\"4163\"><input type=\"hidden\" name=\"_wpcf7_version\" value=\"6.1.4\"><input type=\"hidden\" name=\"_wpcf7_locale\" value=\"en_US\"><input type=\"hidden\" name=\"_wpcf7_unit_tag\" value=\"wpcf7-f4163-o1\"><input type=\"hidden\" name=\"_wpcf7_container_post\" value=\"0\"><input type=\"hidden\" name=\"_wpcf7_posted_data_hash\" value=\"\">\n<\/fieldset>\n<p class=\"translation-block\"><label> Il tuo nome (obbligatorio)<br>\n<span class=\"wpcf7-form-control-wrap\" data-name=\"il tuo nome\"><input class=\"wpcf7-form-control wpcf7-text wpcf7-validates-as-required\" type=\"text\" name=\"il tuo nome\"><\/span> <\/label>\n<\/p>\n<p class=\"translation-block\"><label>La tua e-mail (obbligatorio)<br>\n<span class=\"wpcf7-form-control-wrap\" data-name=\"your-email\"><input class=\"wpcf7-form-control wpcf7-email wpcf7-validates-as-required wpcf7-text wpcf7-validates-as-email\" type=\"email\" name=\"your-email\"><\/span> <\/label>\n<\/p>\n<p class=\"translation-block\"><label> Oggetto<br>\n<span class=\"wpcf7-form-control-wrap\" data-name=\"your-subject\"><input class=\"wpcf7-form-control wpcf7-text\" type=\"text\" name=\"your-subject\"><\/span> <\/label>.\n<\/p>\n<p class=\"translation-block\">(Le informazioni riportate di seguito sono facoltative ma decisamente utili)\n<\/p>\n<p class=\"translation-block\">Quantit\u00e0 stimata per il primo ordine di produzione<br>\n<span class=\"wpcf7-form-control-wrap\" data-name=\"checkbox-508\"><span class=\"wpcf7-form-control wpcf7-checkbox wpcf7-exclusive-checkbox\"><span class=\"wpcf7-list-item first\"><input type=\"checkbox\" name=\"checkbox-508\"><span class=\"wpcf7-list-item-label\">Sotto 1. 000<\/span><\/span><span class=\"wpcf7-list-item-label\">Sotto 1. 000<\/span>,000<\/span><\/span><span class=\"wpcf7-list-item\"><input type=\"checkbox\" name=\"checkbox-508\"><span class=\"wpcf7-list-item-label\">1.000 to 5,000<\/span><\/span><span class=\"wpcf7-list-item last\"><input type=\"checkbox\" name=\"checkbox-508\"><span class=\"wpcf7-list-item-label\">Sopra 5.000<\/span><\/span><\/span>\n<\/p>\n<p class=\"translation-block\">Quantit\u00e0 annua stimata (EAU)?<br>\n<span class=\"wpcf7-form-control-wrap\" data-name=\"checkbox-733\"><span class=\"wpcf7-form-control wpcf7-checkbox wpcf7-exclusive-checkbox\"><span class=\"wpcf7-list-item first\"><input type=\"checkbox\" name=\"checkbox-733\"><span class=\"wpcf7-list-item-label\">Under 3.000<\/span><\/span><span class=\"checkbox\"><span class=\"wpcf7-list-item-label\">Sotto i 3.000<\/span><\/span><span class=\"wpcf7-list-item\"><input type=\"checkbox\" name=\"checkbox-733\"><span class=\"wpcf7-list-item-label\">3.000-10.000<\/span><\/span><span class=\"wpcf7-list-item\"><input type=\"checkbox\" name=\"checkbox-733\"><span class=\"wpcf7-list-item-label\">10.000-50.000<\/span><span>,000 a 50.000<\/span><\/span><span class=\"wpcf7-list-item last\"><input type=\"checkbox\" name=\"checkbox-733\"><span class=\"wpcf7-list-item-label\">Sopra 50.000<\/span><\/span><\/span>\n<\/p>\n<p class=\"translation-block\">Desiderate parti in plastica o lo stampo a iniezione? <br>\n<span class=\"wpcf7-form-control-wrap\" data-name=\"checkbox-162\"><span class=\"wpcf7-form-control wpcf7-checkbox wpcf7-exclusive-checkbox\"><span class=\"wpcf7-list-item first\"><input type=\"checkbox\" name=\"checkbox-162\"><span class=\"wpcf7-list-item-label\">Voglio le parti in plastica<\/span><\/span><span class=\"wpcf7-list-item last\"><input type=\"checkbox\" name=\"checkbox-162\"><span class=\"wpcf7-list-item-label\">Voglio che mi spedisca lo stampo in plastica<\/span><\/span><\/span>.\n<\/p>\n<p class=\"translation-block\">Qual \u00e8 il materiale per il vostro prodotto? <br>\n<span class=\"wpcf7-form-control-wrap\" data-name=\"checkbox-567\"><span class=\"wpcf7-form-control wpcf7-checkbox wpcf7-exclusive-checkbox\"><span class=\"wpcf7-list-item first\"><input type=\"checkbox\" name=\"checkbox-567\"><span class=\"wpcf7-list-item-label\">PP<\/span><\/span><span class=\"wpcf7-list-item\"><input type=\"checkbox\" name=\"checkbox-567\"><span class=\"wpcf7-list-item-label\">ABS<\/span><\/span><span class=\"wpcf7-list-item\"><input type=\"checkbox\" name=\"checkbox-567\"><span class=\"wpcf7-list-item-label\">PA+GF<\/span><\/span><span class=\"wpcf7-list-item\"><input type=\"checkbox\" name=\"checkbox-567\"><span class=\"wpcf7-list-item-label\">PC<\/span><\/span><span class=\"wpcf7-list-item\"><input type=\"checkbox\" name=\"checkbox-567\"><span class=\"wpcf7-list-item-label\">PC\/ABS<\/span><\/span><span class=\"wpcf7-list-item\"><input type=\"checkbox\" name=\"checkbox-567\"><span class=\"wpcf7-list-item-label\">Others<\/span><\/span><span class=\"wpcf7-list-item last\"><input type=\"checkbox\" name=\"checkbox-567\"><span class=\"wpcf7-list-item-label\">Need advice<\/span><\/span><\/span>\n<\/p>\n<p class=\"translation-block\">Il materiale deve essere di tipo alimentare? <br>\n<span class=\"wpcf7-form-control-wrap\" data-name=\"checkbox-919\"><span class=\"wpcf7-form-control wpcf7-checkbox wpcf7-exclusive-checkbox\"><span class=\"wpcf7-list-item first\"><input type=\"checkbox\" name=\"checkbox-919\"><span class=\"wpcf7-list-item-label\">Yes<\/span><\/span><span class=\"wpcf7-list-item\"><input type=\"checkbox\" name=\"checkbox-919\"><span class=\"wpcf7-list-item-label\">No<\/span><\/span><span class=\"wpcf7-list-item last\"><input type=\"checkbox\" name=\"checkbox-919\"><span class=\"wpcf7-list-item-label\">Not sure<\/span><\/span><\/span>\n<\/p>\n<p class=\"translation-block\">Il materiale deve essere resistente ai raggi UV (solari)? <br>\n<span class=\"wpcf7-form-control-wrap\" data-name=\"checkbox-929\"><span class=\"wpcf7-form-control wpcf7-checkbox wpcf7-exclusive-checkbox\"><span class=\"wpcf7-list-item first\"><input type=\"checkbox\" name=\"checkbox-929\"><span class=\"wpcf7-list-item-label\">Yes<\/span><\/span><span class=\"wpcf7-list-item last\"><input type=\"checkbox\" name=\"checkbox-929\"><span class=\"wpcf7-list-item-label\">No<\/span><\/span><\/span>\n<\/p>\n<p class=\"translation-block\">Il materiale deve essere ritardante di fiamma (classificazione UL-94)? <br>\n<span class=\"wpcf7-form-control-wrap\" data-name=\"checkbox-882\"><span class=\"wpcf7-form-control wpcf7-checkbox wpcf7-exclusive-checkbox\"><span class=\"wpcf7-list-item first\"><input type=\"checkbox\" name=\"checkbox-882\"><span class=\"wpcf7-list-item-label\">V-0<\/span><\/span><span class=\"wpcf7-list-item\"><input type=\"checkbox\" name=\"checkbox-882\"><span class=\"wpcf7-list-item-label\">V-1<\/span><\/span><span class=\"wpcf7-list-item\"><input type=\"checkbox\" name=\"checkbox-882\"><span class=\"wpcf7-list-item-label\">V-2<\/span><\/span><span class=\"wpcf7-list-item\"><input type=\"checkbox\" name=\"checkbox-882\"><span class=\"wpcf7-list-item-label\">H-B<\/span><\/span><span class=\"wpcf7-list-item\"><input type=\"checkbox\" name=\"checkbox-882\"><span class=\"wpcf7-list-item-label\">Non richiesto<\/span><\/span><span class=\"wpcf7-list-item last\"><input type=\"checkbox\" name=\"checkbox-882\"><span class=\"wpcf7-list-item-label\">Altre valutazioni (specificare)<\/span><\/span><\/span><\/span>.\n<\/p>\n<p class=\"translation-block\">Il materiale deve resistere a temperature molto basse (70\u2103\uff09)? o ad alte temperature (&gt;70\u2103\uff09?<br>\n<span class=\"wpcf7-form-control-wrap\" data-name=\"checkbox-690\"><span class=\"wpcf7-form-control wpcf7-checkbox wpcf7-exclusive-checkbox\"><span class=\"wpcf7-list-item first\"><input type=\"checkbox\" name=\"checkbox-690\"><span class=\"wpcf7-list-item-label\">Very low temperature<\/span><\/span><span class=\"wpcf7-list-item\"><input type=\"checkbox\" name=\"checkbox-690\"><span class=\"wpcf7-list-item-label\">Temperatura molto alta<\/span><\/span><span class=\"wpcf7-list-item\"><input type=\"checkbox\" name=\"checkbox-690\"><span class=\"wpcf7-list-item-label\">Both<\/span><\/span><span class=\"wpcf7-list-item last\"><input type=\"checkbox\" name=\"checkbox-690\"><span class=\"wpcf7-list-item-label\">Nessuno, solo temperatura ambiente<\/span><\/span><\/span>\n<\/p>\n<p class=\"translation-block\">Il materiale per la vostra parte deve essere resistente? <br>\n<span class=\"wpcf7-form-control-wrap\" data-name=\"checkbox-939\"><span class=\"wpcf7-form-control wpcf7-checkbox wpcf7-exclusive-checkbox\"><span class=\"wpcf7-list-item first\"><input type=\"checkbox\" name=\"checkbox-939\"><span class=\"wpcf7-list-item-label\">S\u00ec, \u00e8 soggetto a forza<\/span><\/span><span class=\"wpcf7-list-item last\"><input type=\"checkbox\" name=\"checkbox-939\"><span class=\"wpcf7-list-item-label\">No<\/span><\/span><\/span>\n<\/p>\n<p class=\"translation-block\">La parte in plastica richiede tolleranze dimensionali o geometriche strette? <br>\n<span class=\"wpcf7-form-control-wrap\" data-name=\"checkbox-183\"><span class=\"wpcf7-form-control wpcf7-checkbox wpcf7-exclusive-checkbox\"><span class=\"wpcf7-list-item first\"><input type=\"checkbox\" name=\"checkbox-183\"><span class=\"wpcf7-list-item-label\">S\u00ec, tolleranza stretta<\/span><\/span><span class=\"wpcf7-list-item last\"><input type=\"checkbox\" name=\"checkbox-183\"><span class=\"wpcf7-list-item-label\">No<\/span><\/span><\/span><\/span>\n<\/p>\n<p class=\"translation-block\">Il vostro pezzo ha dei requisiti estetici? <br>\n<span class=\"wpcf7-form-control-wrap\" data-name=\"checkbox-566\"><span class=\"wpcf7-form-control wpcf7-checkbox wpcf7-exclusive-checkbox\"><span class=\"wpcf7-list-item first\"><input type=\"checkbox\" name=\"checkbox-566\"><span class=\"wpcf7-list-item-label\">Non \u00e8 una grande preoccupazione<\/span><\/span><span class=\"wpcf7-list-item\"><input type=\"checkbox\" name=\"checkbox-566\"><span class=\"wpcf7-list-item-label\">Requisiti estetici medi<\/span><\/span><span class=\"wpcf7-list-item last\"><input type=\"checkbox\" name=\"checkbox-566\"><span class=\"wpcf7-list-item-label\">Requisiti estetici molto elevati<\/span><\/span><\/span>.\n<\/p>\n<p class=\"translation-block\"><label>Il tuo messaggio<br>\n<span class=\"wpcf7-form-control-wrap\" data-name=\"your-message\"><textarea cols=\"40\" rows=\"10\" class=\"wpcf7-form-control wpcf7-textarea\" name=\"your-message\"><\/textarea><\/span> <\/label>\n<\/p>\n<p class=\"translation-block\"><label> Caricare il file (si consiglia di <a href=\"mailto:info1@boyanmfg.com\">inviare pi\u00f9 file per e-mail<\/a>)<br>\n<span class=\"wpcf7-form-control-wrap\" data-name=\"file-4\"><input class=\"wpcf7-form-control wpcf7-file\" type=\"file\" name=\"file-4\"><\/span><\/label>\n<\/p>\n<p class=\"translation-block\">Input this code: <input type=\"hidden\" name=\"_wpcf7_captcha_challenge_captcha-778\" value=\"3288396663\"><img decoding=\"async\" class=\"wpcf7-form-control wpcf7-captchac wpcf7-captcha-captcha-778\" width=\"60\" height=\"20\" alt=\"captcha\" src=\"https:\/\/boyanmfg.com\/wp-content\/uploads\/wpcf7_captcha\/3288396663.png\"><br>\n<span class=\"wpcf7-form-control-wrap\" data-name=\"captcha-778\"><input size=\"4\" maxlength=\"4\" class=\"wpcf7-form-control wpcf7-captchar\" autocomplete=\"off\" aria-invalid=\"false\" value=\"\" type=\"text\" name=\"captcha-778\"><\/span>\n<\/p>\n<p class=\"translation-block\"><input class=\"wpcf7-form-control wpcf7-submit has-spinner\" type=\"submit\" value=\"Send\">\n<\/p><p style=\"display: none !important;\" class=\"akismet-fields-container translation-block\" data-prefix=\"_wpcf7_ak_\"><label>\u0394<textarea name=\"_wpcf7_ak_hp_textarea\" cols=\"45\" rows=\"8\" maxlength=\"100\"><\/textarea><\/label><input type=\"hidden\" id=\"ak_js_1\" name=\"_wpcf7_ak_js\" value=\"125\"><script>document.getElementById( \"ak_js_1\" ).setAttribute( \"value\", ( new Date() ).getTime() );<\/script><\/p><div class=\"wpcf7-response-output\" aria-hidden=\"true\"><\/div>\n<input type=\"hidden\" name=\"trp-form-language\" value=\"it\"\/><\/form>\n<\/div>\n<\/div>\n\t\t\t\t\t\t<\/div>\n\t\t\t\t<\/div>\n\t\t\t\t\t<\/div>\n\t\t<\/div>\n\t\t\t\t\t<\/div>\n\t\t<\/section>\n\t\t\t\t<section class=\"elementor-section elementor-top-section elementor-element elementor-element-210ddf0 elementor-section-boxed elementor-section-height-default elementor-section-height-default\" data-id=\"210ddf0\" data-element_type=\"section\">\n\t\t\t\t\t\t<div class=\"elementor-container elementor-column-gap-default\">\n\t\t\t\t\t<div class=\"elementor-column elementor-col-100 elementor-top-column elementor-element elementor-element-922a5b7\" data-id=\"922a5b7\" data-element_type=\"column\">\n\t\t\t<div class=\"elementor-widget-wrap elementor-element-populated\">\n\t\t\t\t\t\t<div class=\"elementor-element elementor-element-f646428 elementor-widget-divider--view-line elementor-widget elementor-widget-divider\" data-id=\"f646428\" data-element_type=\"widget\" data-widget_type=\"divider.default\">\n\t\t\t\t<div class=\"elementor-widget-container\">\n\t\t\t\t\t\t\t<div class=\"elementor-divider\">\n\t\t\t<span class=\"elementor-divider-separator\">\n\t\t\t\t\t\t<\/span>\n\t\t<\/div>\n\t\t\t\t\t\t<\/div>\n\t\t\t\t<\/div>\n\t\t\t\t\t<\/div>\n\t\t<\/div>\n\t\t\t\t\t<\/div>\n\t\t<\/section>\n\t\t\t\t<section class=\"elementor-section elementor-top-section elementor-element elementor-element-437c779 elementor-section-boxed elementor-section-height-default elementor-section-height-default\" data-id=\"437c779\" data-element_type=\"section\" data-settings='{\"background_background\":\"classic\"}'>\n\t\t\t\t\t\t<div class=\"elementor-container elementor-column-gap-default\">\n\t\t\t\t\t<div class=\"elementor-column elementor-col-100 elementor-top-column elementor-element elementor-element-c316323\" data-id=\"c316323\" data-element_type=\"column\">\n\t\t\t<div class=\"elementor-widget-wrap elementor-element-populated\">\n\t\t\t\t\t\t<section class=\"elementor-section elementor-inner-section elementor-element elementor-element-1f1540e elementor-section-boxed elementor-section-height-default elementor-section-height-default\" data-id=\"1f1540e\" data-element_type=\"section\">\n\t\t\t\t\t\t<div class=\"elementor-container elementor-column-gap-default\">\n\t\t\t\t\t<div class=\"elementor-column elementor-col-50 elementor-inner-column elementor-element elementor-element-c890eef\" data-id=\"c890eef\" data-element_type=\"column\">\n\t\t\t<div class=\"elementor-widget-wrap elementor-element-populated\">\n\t\t\t\t\t\t<div class=\"elementor-element elementor-element-a813505 elementor-widget elementor-widget-heading\" data-id=\"a813505\" data-element_type=\"widget\" data-widget_type=\"heading.default\">\n\t\t\t\t<div class=\"elementor-widget-container\">\n\t\t\t\t\t<h3 class=\"elementor-heading-title elementor-size-default\">Il nostro calcolatore online dei costi della muffa<\/h3>\t\t\t\t<\/div>\n\t\t\t\t<\/div>\n\t\t\t\t<div class=\"elementor-element elementor-element-4674132 elementor-widget elementor-widget-text-editor\" data-id=\"4674132\" data-element_type=\"widget\" data-widget_type=\"text-editor.default\">\n\t\t\t\t<div class=\"elementor-widget-container\">\n\t\t\t\t\t\t\t\t\t<p class=\"translation-block\">Durante le fasi iniziali dello sviluppo del progetto, potreste non avere bisogno di un preventivo esatto per lo stampo.<\/p><p class=\"translation-block\">In questi casi, \u00e8 consigliabile provare il nostro <a href=\"http:\/\/boyanmfg.com\/injection-mold-cost-in-china\/#mold_calculator\">calcolatore online dei costi della muffa<\/a>, che pu\u00f2 fornire una <strong>stima immediata dei costi<\/strong>.<\/p>\t\t\t\t\t\t\t\t<\/div>\n\t\t\t\t<\/div>\n\t\t\t\t\t<\/div>\n\t\t<\/div>\n\t\t\t\t<div class=\"elementor-column elementor-col-50 elementor-inner-column elementor-element elementor-element-8111e41\" data-id=\"8111e41\" data-element_type=\"column\">\n\t\t\t<div class=\"elementor-widget-wrap elementor-element-populated\">\n\t\t\t\t\t\t<div class=\"elementor-element elementor-element-33594be elementor-widget elementor-widget-image\" data-id=\"33594be\" data-element_type=\"widget\" data-widget_type=\"image.default\">\n\t\t\t\t<div class=\"elementor-widget-container\">\n\t\t\t\t\t\t\t\t\t\t\t\t\t\t\t\t<a href=\"http:\/\/boyanmfg.com\/injection-mold-cost-in-china\/#mold_calculator\">\n\t\t\t\t\t\t\t<img fetchpriority=\"high\" decoding=\"async\" width=\"700\" height=\"398\" src=\"https:\/\/boyanmfg.com\/wp-content\/uploads\/2023\/07\/online-mold-cost-calculator.jpg\" class=\"elementor-animation-grow attachment-large size-large wp-image-5349\" alt=\"calcolatore online dei costi della muffa\" srcset=\"https:\/\/boyanmfg.com\/wp-content\/uploads\/2023\/07\/online-mold-cost-calculator.jpg 700w, https:\/\/boyanmfg.com\/wp-content\/uploads\/2023\/07\/online-mold-cost-calculator-600x341.jpg 600w, https:\/\/boyanmfg.com\/wp-content\/uploads\/2023\/07\/online-mold-cost-calculator-300x171.jpg 300w\" sizes=\"(max-width: 700px) 100vw, 700px\">\t\t\t\t\t\t\t\t<\/a>\n\t\t\t\t\t\t\t\t\t\t\t\t\t\t\t<\/div>\n\t\t\t\t<\/div>\n\t\t\t\t\t<\/div>\n\t\t<\/div>\n\t\t\t\t\t<\/div>\n\t\t<\/section>\n\t\t\t\t\t<\/div>\n\t\t<\/div>\n\t\t\t\t\t<\/div>\n\t\t<\/section>\n\t\t\t\t<\/div>","protected":false},"excerpt":{"rendered":"<p>Modulo di Richiesta - Stampi per Materie Plastiche Si prega di compilare il modulo e fornirci quante pi\u00f9 informazioni possibili. Nota: \u00e8 possibile caricare un solo file con questo modulo di contatto. Se si hanno pi\u00f9 file da inviare, si prega invece di inviare un'email, assicurandosi di includere le informazioni necessarie indicate di seguito. Scrivici a Il nostro costo stampo online\u2026&nbsp;<a href=\"http:\/\/boyanmfg.com\/it\/enquiry-plastic-injection-molding\/\" rel=\"bookmark\">Continua a leggere \u00bb<span class=\"screen-reader-text\">Richiesta - stampaggio a iniezione della plastica<\/span><\/a><\/p>","protected":false},"author":1,"featured_media":0,"parent":0,"menu_order":0,"comment_status":"closed","ping_status":"closed","template":"","meta":{"neve_meta_sidebar":"full-width","neve_meta_container":"","neve_meta_enable_content_width":"on","neve_meta_content_width":100,"neve_meta_title_alignment":"","neve_meta_author_avatar":"","neve_post_elements_order":"","neve_meta_disable_header":"","neve_meta_disable_footer":"","neve_meta_disable_title":"on","neve_meta_reading_time":"","_themeisle_gutenberg_block_has_review":false,"footnotes":""},"class_list":["post-1277","page","type-page","status-publish","hentry"],"acf":[],"_links":{"self":[{"href":"http:\/\/boyanmfg.com\/it\/wp-json\/wp\/v2\/pages\/1277","targetHints":{"allow":["GET"]}}],"collection":[{"href":"http:\/\/boyanmfg.com\/it\/wp-json\/wp\/v2\/pages"}],"about":[{"href":"http:\/\/boyanmfg.com\/it\/wp-json\/wp\/v2\/types\/page"}],"author":[{"embeddable":true,"href":"http:\/\/boyanmfg.com\/it\/wp-json\/wp\/v2\/users\/1"}],"replies":[{"embeddable":true,"href":"http:\/\/boyanmfg.com\/it\/wp-json\/wp\/v2\/comments?post=1277"}],"version-history":[{"count":0,"href":"http:\/\/boyanmfg.com\/it\/wp-json\/wp\/v2\/pages\/1277\/revisions"}],"wp:attachment":[{"href":"http:\/\/boyanmfg.com\/it\/wp-json\/wp\/v2\/media?parent=1277"}],"curies":[{"name":"wp","href":"https:\/\/api.w.org\/{rel}","templated":true}]}}