{"id":9677,"date":"2025-07-09T06:19:11","date_gmt":"2025-07-09T06:19:11","guid":{"rendered":"http:\/\/boyanmfg.com\/?post_type=product&#038;p=9677"},"modified":"2025-07-10T05:39:10","modified_gmt":"2025-07-10T05:39:10","slug":"custom-plastic-speaker-cover","status":"publish","type":"product","link":"http:\/\/boyanmfg.com\/fr\/shop\/custom-plastic-speaker-cover\/","title":{"rendered":"Housses de haut-parleurs en plastique - Diff\u00e9rents mat\u00e9riaux et mod\u00e8les"},"content":{"rendered":"<h1><span style=\"color: #800080;\">Aper\u00e7u \u2014 Couvercle de Haut-parleur en Plastique<\/span><\/h1>\n<p style=\"padding-left: 40px;\">Les grilles de haut-parleur en plastique sont des protections perfor\u00e9es avec de nombreux petits trous ou motifs en maillage. Elles prot\u00e8gent le haut-parleur de la poussi\u00e8re et des dommages tout en laissant passer le son clairement. Elles ajoutent \u00e9galement un aspect styl\u00e9 au haut-parleur.<\/p>\n<p style=\"padding-left: 40px;\">Ces grilles peuvent \u00eatre fabriqu\u00e9es dans diverses formes, comme rondes, ovales ou des designs plus complexes. En raison de leur structure perfor\u00e9e, elles n\u00e9cessitent <strong>haute pr\u00e9cision<\/strong> moules et<strong> Techniques de production avanc\u00e9es.<\/strong><\/p>\n<p style=\"padding-left: 40px;\">Ici, nous nous concentrerons sur la pr\u00e9sentation d\u00e9taill\u00e9e d'une grille phare, ainsi que quelques autres designs. Cela vous aidera \u00e0 comprendre rapidement les caract\u00e9ristiques cl\u00e9s de nos produits et \u00e0 voir nos solides capacit\u00e9s de fabrication.<\/p>\n<p><img fetchpriority=\"high\" decoding=\"async\" class=\"aligncenter wp-image-9679 size-full\" src=\"https:\/\/boyanmfg.com\/wp-content\/uploads\/2025\/07\/PP-Plastic-Speaker-Cover-front-view.jpg\" alt=\"Face avant d&#039;un cache haut-parleur rond en plastique PP, montrant des trous finement perfor\u00e9s avec des bords lisses.\" width=\"750\" height=\"562\" srcset=\"https:\/\/boyanmfg.com\/wp-content\/uploads\/2025\/07\/PP-Plastic-Speaker-Cover-front-view.jpg 750w, https:\/\/boyanmfg.com\/wp-content\/uploads\/2025\/07\/PP-Plastic-Speaker-Cover-front-view-300x225.jpg 300w, https:\/\/boyanmfg.com\/wp-content\/uploads\/2025\/07\/PP-Plastic-Speaker-Cover-front-view-600x450.jpg 600w\" sizes=\"(max-width: 750px) 100vw, 750px\" \/><\/p>\n<h2><span style=\"color: #800080;\">Informations sur le produit<\/span><\/h2>\n<table class=\"aligncenter\" style=\"border-collapse: collapse; width: auto;\" border=\"1\" cellspacing=\"0\" cellpadding=\"8\">\n<tbody>\n<tr>\n<th style=\"background-color: #bcbcbc; color: white; padding: 8px; white-space: nowrap; text-align: left;\">Objet<\/th>\n<th style=\"background-color: #bcbcbc; color: white; padding: 8px; white-space: nowrap; text-align: left;\">D\u00e9tails<\/th>\n<\/tr>\n<tr>\n<td style=\"background-color: #cbe5d6; padding: 8px; white-space: nowrap;\">Dimension du produit<\/td>\n<td style=\"background-color: #cbe5d6; padding: 8px; white-space: nowrap;\">OD 128 * Hauteur 26 mm<\/td>\n<\/tr>\n<tr>\n<td style=\"background-color: #cbe5d6; padding: 8px; white-space: nowrap;\">Mat\u00e9riau<\/td>\n<td style=\"background-color: #cbe5d6; padding: 8px; white-space: nowrap;\">PP<\/td>\n<\/tr>\n<tr>\n<td style=\"background-color: #cbe5d6; padding: 8px; white-space: nowrap;\">Informations sur les moisissures<\/td>\n<td style=\"background-color: #cbe5d6; padding: 8px; white-space: nowrap;\">2 cavit\u00e9s, canal froid<\/td>\n<\/tr>\n<tr>\n<td style=\"background-color: #cbe5d6; padding: 8px; white-space: nowrap;\">Type de porte<\/td>\n<td style=\"background-color: #cbe5d6; padding: 8px; white-space: nowrap;\">Porte subaquatique<\/td>\n<\/tr>\n<tr>\n<td style=\"background-color: #cbe5d6; padding: 8px; white-space: nowrap;\">Tol\u00e9rance pour les dimensions cl\u00e9s<\/td>\n<td style=\"background-color: #cbe5d6; padding: 8px; white-space: nowrap;\">\u00b10,15 mm<\/td>\n<\/tr>\n<tr>\n<td style=\"background-color: #cbe5d6; padding: 8px; white-space: nowrap;\">Finition de surface<\/td>\n<td style=\"background-color: #cbe5d6; padding: 8px; white-space: nowrap;\"><a href=\"https:\/\/boyanmfg.com\/injection-molding-surface-finishes-spi-vdi-finish\/#VDI\">VDI15-18<\/a><\/td>\n<\/tr>\n<\/tbody>\n<\/table>\n<h2><span style=\"color: #800080;\">Qualit\u00e9 de Surface et Exigences de D\u00e9tail<\/span><\/h2>\n<p style=\"padding-left: 40px;\" data-start=\"578\" data-end=\"865\">La surface de la grille de haut-parleur en plastique doit \u00eatre lisse et exempte de tout petit d\u00e9faut, notamment en raison des nombreux petits trous. Chaque trou sur la face avant pr\u00e9sente un l\u00e9ger arrondi, donnant au produit un aspect plus net et plus raffin\u00e9.<\/p>\n<figure id=\"attachment_9681\" aria-describedby=\"caption-attachment-9681\" style=\"width: 750px\" class=\"wp-caption aligncenter\"><img decoding=\"async\" class=\"wp-image-9681 size-full\" src=\"https:\/\/boyanmfg.com\/wp-content\/uploads\/2025\/07\/PP-Plastic-Speaker-Cover-close-front-view.jpg\" alt=\"Gros plan de la face avant du couvercle de haut-parleur rond en PP montrant une surface lisse et des bords de trous arrondis\" width=\"750\" height=\"563\" srcset=\"https:\/\/boyanmfg.com\/wp-content\/uploads\/2025\/07\/PP-Plastic-Speaker-Cover-close-front-view.jpg 750w, https:\/\/boyanmfg.com\/wp-content\/uploads\/2025\/07\/PP-Plastic-Speaker-Cover-close-front-view-300x225.jpg 300w, https:\/\/boyanmfg.com\/wp-content\/uploads\/2025\/07\/PP-Plastic-Speaker-Cover-close-front-view-600x450.jpg 600w\" sizes=\"(max-width: 750px) 100vw, 750px\" \/><figcaption id=\"caption-attachment-9681\" class=\"wp-caption-text\">Gros plan avant de la grille de haut-parleur ronde en PP, avec une finition de surface lisse et des trous arrondis pour un aspect raffin\u00e9.<\/figcaption><\/figure>\n<p style=\"padding-left: 40px;\" data-start=\"867\" data-end=\"1111\">La face arri\u00e8re ne pr\u00e9sente pas ces arrondis.<\/p>\n<figure id=\"attachment_9680\" aria-describedby=\"caption-attachment-9680\" style=\"width: 750px\" class=\"wp-caption aligncenter\"><img decoding=\"async\" class=\"wp-image-9680 size-full\" src=\"https:\/\/boyanmfg.com\/wp-content\/uploads\/2025\/07\/PP-Plastic-Speaker-Cover-close-back-view.jpg\" alt=\"Gros plan de la face arri\u00e8re du couvercle de haut-parleur rond en PP montrant une surface lisse sans bords de trous arrondis\" width=\"750\" height=\"563\" srcset=\"https:\/\/boyanmfg.com\/wp-content\/uploads\/2025\/07\/PP-Plastic-Speaker-Cover-close-back-view.jpg 750w, https:\/\/boyanmfg.com\/wp-content\/uploads\/2025\/07\/PP-Plastic-Speaker-Cover-close-back-view-300x225.jpg 300w, https:\/\/boyanmfg.com\/wp-content\/uploads\/2025\/07\/PP-Plastic-Speaker-Cover-close-back-view-600x450.jpg 600w\" sizes=\"(max-width: 750px) 100vw, 750px\" \/><figcaption id=\"caption-attachment-9680\" class=\"wp-caption-text\">Gros plan arri\u00e8re de la grille de haut-parleur ronde en PP, montrant une finition lisse et des trous sans arrondis.<\/figcaption><\/figure>\n<p style=\"padding-left: 40px;\" data-start=\"867\" data-end=\"1111\">De plus, le produit est tr\u00e8s sensible \u00e0 l'injection <a href=\"https:\/\/boyanmfg.com\/common-injection-molding-defects\/\">d\u00e9fauts de moulage<\/a>. Des probl\u00e8mes tels que des marques de point d'injection, des lignes de soudure, des stries argent\u00e9es, des bavures et des d\u00e9formations ne sont pas acceptables.<\/p>\n<h2><span style=\"color: #800080;\">Le Mat\u00e9riau \u2014 <a href=\"https:\/\/boyanmfg.com\/pp-injection-molding-guide\/\">PP<\/a><\/span><\/h2>\n<p style=\"padding-left: 40px;\" data-start=\"333\" data-end=\"692\">Les grilles de haut-parleur en plastique sont g\u00e9n\u00e9ralement fabriqu\u00e9es en PP, ABS ou PC\/ABS. Ce produit sp\u00e9cifique utilise du PP, ce qui aide \u00e0 r\u00e9duire les lignes de soudure et autres d\u00e9fauts d'aspect li\u00e9s au moulage. Cependant, le PP a un brillant inf\u00e9rieur et est plus souple que l'ABS ou le PC\/ABS.<\/p>\n<h2><span style=\"color: #800080;\">Conception de la Porte \u2013 <a href=\"https:\/\/boyanmfg.com\/injection-mold-gate-types\/#Tunnel_or_Submarine_Gate\">porte subaquatique<\/a><\/span><\/h2>\n<p style=\"padding-left: 40px;\">Comme le produit a des exigences \u00e9lev\u00e9es en mati\u00e8re d'aspect, les points d'injection lat\u00e9raux ne conviennent pas car ils peuvent laisser des marques visibles le long du bord, m\u00eame apr\u00e8s \u00e9bavurage. Nous utilisons g\u00e9n\u00e9ralement un point d'injection sous-marin pour \u00e9viter les cicatrices de surface. Cependant, il est important de contr\u00f4ler les marques de point d'injection sur la surface ext\u00e9rieure, ce qui est plus difficile avec l'ABS et le PC\/ABS mais moins probl\u00e9matique avec le PP.<\/p>\n<h2><span style=\"color: #800080;\">\u00c9viter le Gauchissement<\/span><\/h2>\n<p style=\"padding-left: 40px;\" data-start=\"26\" data-end=\"199\">Comme les nombreux trous r\u00e9duisent la rigidit\u00e9 du produit, des d\u00e9formations peuvent survenir lors du moulage par injection. Pour \u00e9viter cela, une analyse minutieuse de <strong>nombre et placement des portes<\/strong> est n\u00e9cessaire.<\/p>\n<p style=\"padding-left: 40px;\" data-start=\"201\" data-end=\"354\">Dans ce cas, la d\u00e9formation est bien contr\u00f4l\u00e9e. La l\u00e9g\u00e8re courbure visible sur les photos est due \u00e0 la <strong>forme courbe 3D pr\u00e9vue<\/strong>, pas un d\u00e9faut r\u00e9el.<\/p>\n<figure id=\"attachment_9682\" aria-describedby=\"caption-attachment-9682\" style=\"width: 750px\" class=\"wp-caption aligncenter\"><img loading=\"lazy\" decoding=\"async\" class=\"wp-image-9682 size-full\" src=\"https:\/\/boyanmfg.com\/wp-content\/uploads\/2025\/07\/PP-Plastic-Speaker-Cover-angled-front-view.jpg\" alt=\"Gros plan avant en angle du couvercle de haut-parleur rond en PP montrant la courbure con\u00e7ue et la surface perfor\u00e9e lisse\" width=\"750\" height=\"422\" srcset=\"https:\/\/boyanmfg.com\/wp-content\/uploads\/2025\/07\/PP-Plastic-Speaker-Cover-angled-front-view.jpg 750w, https:\/\/boyanmfg.com\/wp-content\/uploads\/2025\/07\/PP-Plastic-Speaker-Cover-angled-front-view-300x169.jpg 300w, https:\/\/boyanmfg.com\/wp-content\/uploads\/2025\/07\/PP-Plastic-Speaker-Cover-angled-front-view-600x338.jpg 600w\" sizes=\"(max-width: 750px) 100vw, 750px\" \/><figcaption id=\"caption-attachment-9682\" class=\"wp-caption-text\">Gros plan avant en angle de la grille de haut-parleur ronde en PP, mettant en \u00e9vidence sa courbure con\u00e7ue et les d\u00e9tails fins de surface.<\/figcaption><\/figure>\n<figure id=\"attachment_9678\" aria-describedby=\"caption-attachment-9678\" style=\"width: 750px\" class=\"wp-caption aligncenter\"><img loading=\"lazy\" decoding=\"async\" class=\"wp-image-9678 size-full\" src=\"https:\/\/boyanmfg.com\/wp-content\/uploads\/2025\/07\/PP-Plastic-Speaker-Cover-back-view.jpg\" alt=\"Face arri\u00e8re d&#039;un couvercle de haut-parleur rond en plastique PP, montrant la conception structurelle sans bords arrondis\" width=\"750\" height=\"422\" srcset=\"https:\/\/boyanmfg.com\/wp-content\/uploads\/2025\/07\/PP-Plastic-Speaker-Cover-back-view.jpg 750w, https:\/\/boyanmfg.com\/wp-content\/uploads\/2025\/07\/PP-Plastic-Speaker-Cover-back-view-300x169.jpg 300w, https:\/\/boyanmfg.com\/wp-content\/uploads\/2025\/07\/PP-Plastic-Speaker-Cover-back-view-600x338.jpg 600w\" sizes=\"(max-width: 750px) 100vw, 750px\" \/><figcaption id=\"caption-attachment-9678\" class=\"wp-caption-text\">Vue arri\u00e8re de la grille de haut-parleur ronde en PP, montrant sa courbure con\u00e7ue et sa surface arri\u00e8re lisse et pr\u00e9cise.<\/figcaption><\/figure>\n<p style=\"padding-left: 40px;\" data-start=\"356\" data-end=\"473\" data-is-last-node=\"\" data-is-only-node=\"\">Les l\u00e9g\u00e8res courbures peuvent \u00e9galement \u00eatre corrig\u00e9es lors de l'assemblage, car la pi\u00e8ce est flexible et peut s'adapter \u00e9troitement \u00e0 la surface d'accouplement.<\/p>\n<h2><span style=\"color: #800080;\">Utilisation d'un Contr\u00f4leur de Temp\u00e9rature de Moule<\/span><\/h2>\n<p style=\"padding-left: 40px;\" data-start=\"356\" data-end=\"473\" data-is-last-node=\"\" data-is-only-node=\"\">Pour obtenir une meilleure qualit\u00e9 de surface et \u00e9viter des d\u00e9fauts tels que des lignes de soudure et des stries argent\u00e9es, nous utilisons un r\u00e9gulateur de temp\u00e9rature de moule lors du moulage par injection, m\u00eame avec du mat\u00e9riau PP.<\/p>\n<h2><span style=\"color: #800080;\">Pr\u00e9vention de l'Adh\u00e9rence au Moule<\/span><\/h2>\n<p style=\"padding-left: 40px;\" data-start=\"356\" data-end=\"473\" data-is-last-node=\"\" data-is-only-node=\"\">Comme les trous du maillage sont principalement dans le moule sup\u00e9rieur et que le moule inf\u00e9rieur a moins de nervures, il est important d'emp\u00eacher la pi\u00e8ce de coller au moule sup\u00e9rieur lors de l'\u00e9jection. Ceci est principalement r\u00e9alis\u00e9 en concevant des angles de d\u00e9pouille appropri\u00e9s.<\/p>\n<h2><span style=\"color: #800080;\">Conception d'\u00e9jection \u2014 \u00c9jecteurs + Plaque d'\u00e9jection<\/span><\/h2>\n<p style=\"padding-left: 40px;\" data-start=\"356\" data-end=\"473\" data-is-last-node=\"\" data-is-only-node=\"\">La plupart des grilles de haut-parleur en plastique utilisent une combinaison d'\u00e9jecteurs et d'une plaque d'\u00e9jection. Les \u00e9jecteurs ne peuvent pas \u00eatre utilis\u00e9s dans les zones de maillage, et dans ce produit, les \u00e9jecteurs sont tr\u00e8s petits (environ 0,5 mm), les rendant \u00e0 peine visibles sur les photos.<\/p>\n<h2><span style=\"color: #800080;\">\u00c9ventage : R\u00f4le des \u00c9jecteurs<\/span><\/h2>\n<p style=\"padding-left: 40px;\" data-start=\"356\" data-end=\"473\" data-is-last-node=\"\" data-is-only-node=\"\">Les \u00e9jecteurs non seulement poussent la pi\u00e8ce hors du moule, mais aident \u00e9galement \u00e0 l'\u00e9vacuation de l'air. Comme la grille a de nombreux trous, le processus de remplissage est complexe et l'air peut \u00eatre pi\u00e9g\u00e9 <strong>pr\u00e8s des bords ou dans les zones centrales<\/strong>. Ces interstices autour des \u00e9jecteurs fournissent des canaux de ventilation.<\/p>\n<hr \/>\n<h1><span style=\"color: #800080;\">Autres Couvercles de Haut-parleur en Plastique<\/span><\/h1>\n<h2><span style=\"color: #800080;\">Grille de Haut-Parleur \u00e0 Mailles<\/span><\/h2>\n<figure id=\"attachment_9683\" aria-describedby=\"caption-attachment-9683\" style=\"width: 750px\" class=\"wp-caption aligncenter\"><img loading=\"lazy\" decoding=\"async\" class=\"wp-image-9683 size-full\" src=\"https:\/\/boyanmfg.com\/wp-content\/uploads\/2025\/07\/PP-Mesh-Type-Plastic-Speaker-Cover-front-view.jpg\" alt=\"Face avant du couvercle de haut-parleur en plastique PP avec design de grille de type maillage, montrant des d\u00e9tails fins et une surface lisse\" width=\"750\" height=\"563\" srcset=\"https:\/\/boyanmfg.com\/wp-content\/uploads\/2025\/07\/PP-Mesh-Type-Plastic-Speaker-Cover-front-view.jpg 750w, https:\/\/boyanmfg.com\/wp-content\/uploads\/2025\/07\/PP-Mesh-Type-Plastic-Speaker-Cover-front-view-300x225.jpg 300w, https:\/\/boyanmfg.com\/wp-content\/uploads\/2025\/07\/PP-Mesh-Type-Plastic-Speaker-Cover-front-view-600x450.jpg 600w\" sizes=\"(max-width: 750px) 100vw, 750px\" \/><figcaption id=\"caption-attachment-9683\" class=\"wp-caption-text\">Vue avant de la grille de haut-parleur en plastique de type maillage en PP, affichant son motif de grille d\u00e9taill\u00e9 et sa finition lisse.<\/figcaption><\/figure>\n<figure id=\"attachment_9684\" aria-describedby=\"caption-attachment-9684\" style=\"width: 750px\" class=\"wp-caption aligncenter\"><img loading=\"lazy\" decoding=\"async\" class=\"wp-image-9684 size-full\" src=\"https:\/\/boyanmfg.com\/wp-content\/uploads\/2025\/07\/PP-Mesh-Type-Plastic-Speaker-Cover-back-view.jpg\" alt=\"Face arri\u00e8re du couvercle de haut-parleur en plastique PP avec structure de type maillage, montrant les nervures de support et la conception structurelle\" width=\"750\" height=\"563\" srcset=\"https:\/\/boyanmfg.com\/wp-content\/uploads\/2025\/07\/PP-Mesh-Type-Plastic-Speaker-Cover-back-view.jpg 750w, https:\/\/boyanmfg.com\/wp-content\/uploads\/2025\/07\/PP-Mesh-Type-Plastic-Speaker-Cover-back-view-300x225.jpg 300w, https:\/\/boyanmfg.com\/wp-content\/uploads\/2025\/07\/PP-Mesh-Type-Plastic-Speaker-Cover-back-view-600x450.jpg 600w\" sizes=\"(max-width: 750px) 100vw, 750px\" \/><figcaption id=\"caption-attachment-9684\" class=\"wp-caption-text\">Vue arri\u00e8re de la grille de haut-parleur en plastique de type maillage en PP, montrant sa structure de support et son moulage d\u00e9taill\u00e9.<\/figcaption><\/figure>\n<h3><span style=\"color: #800080;\">Apparence Plus Unique, Co\u00fbt Plus \u00c9lev\u00e9<\/span><\/h3>\n<p style=\"padding-left: 40px;\" data-start=\"356\" data-end=\"473\" data-is-last-node=\"\" data-is-only-node=\"\">Les grilles de type maillage offrent un aspect plus distinctif mais n\u00e9cessitent un usinage de moule plus long et plus co\u00fbteux par rapport aux designs perfor\u00e9s simples.<\/p>\n<h3><span style=\"color: #800080;\">\u00c9viter les Dommages aux Nervures du Moule<\/span><\/h3>\n<p style=\"padding-left: 40px;\" data-start=\"356\" data-end=\"473\" data-is-last-node=\"\" data-is-only-node=\"\">Les nervures minces du moule utilis\u00e9es pour les designs en maillage (seulement 0,4\u20130,5 mm) sont fragiles et facilement endommag\u00e9es pendant la production. Tout dommage n\u00e9cessite une r\u00e9paration longue, incluant un repolissage et une r\u00e9application de la texture de surface, ce qui augmente significativement les co\u00fbts et les efforts.<\/p>\n<h2><span style=\"color: #800080;\">Couvercle de Haut-parleur ABS \u2014 Produit 1<\/span><\/h2>\n<h3><span style=\"color: #800080;\">Brillance sup\u00e9rieure, duret\u00e9 accrue et co\u00fbt plus \u00e9lev\u00e9<\/span><\/h3>\n<p style=\"padding-left: 40px;\" data-start=\"356\" data-end=\"473\" data-is-last-node=\"\" data-is-only-node=\"\">Compar\u00e9 au PP, l'ABS offre une brillance sup\u00e9rieure et une plus grande duret\u00e9, ce qui le rend adapt\u00e9 \u00e0 diff\u00e9rentes applications. Cependant, il pr\u00e9sente \u00e9galement des co\u00fbts de production plus \u00e9lev\u00e9s et est plus sujet aux d\u00e9fauts de surface lors du moulage.<\/p>\n<figure id=\"attachment_9686\" aria-describedby=\"caption-attachment-9686\" style=\"width: 750px\" class=\"wp-caption aligncenter\"><img loading=\"lazy\" decoding=\"async\" class=\"wp-image-9686 size-full\" src=\"https:\/\/boyanmfg.com\/wp-content\/uploads\/2025\/07\/ABS-Plastic-Speaker-Cover-1-front.jpg\" alt=\"Face avant du couvercle de haut-parleur en ABS pr\u00e9sentant une surface haute brillance et des trous perfor\u00e9s fins\" width=\"750\" height=\"563\" srcset=\"https:\/\/boyanmfg.com\/wp-content\/uploads\/2025\/07\/ABS-Plastic-Speaker-Cover-1-front.jpg 750w, https:\/\/boyanmfg.com\/wp-content\/uploads\/2025\/07\/ABS-Plastic-Speaker-Cover-1-front-300x225.jpg 300w, https:\/\/boyanmfg.com\/wp-content\/uploads\/2025\/07\/ABS-Plastic-Speaker-Cover-1-front-600x450.jpg 600w\" sizes=\"(max-width: 750px) 100vw, 750px\" \/><figcaption id=\"caption-attachment-9686\" class=\"wp-caption-text\">Vue de face du couvercle de haut-parleur en plastique ABS, mettant en valeur sa surface haute brillance et son design perfor\u00e9 pr\u00e9cis.<\/figcaption><\/figure>\n<h3><span style=\"color: #800080;\">\u00c9jection : \u00c9jecteurs et Plaque d'\u00c9jection<\/span><\/h3>\n<p style=\"padding-left: 40px;\" data-start=\"356\" data-end=\"473\" data-is-last-node=\"\" data-is-only-node=\"\">Ce produit utilise des \u00e9jecteurs plus grands, donc les marques d'\u00e9jecteurs sont plus visibles. La zone maill\u00e9e au centre est \u00e9ject\u00e9e \u00e0 l'aide d'une plaque d'\u00e9jection.<\/p>\n<figure id=\"attachment_9687\" aria-describedby=\"caption-attachment-9687\" style=\"width: 750px\" class=\"wp-caption aligncenter\"><img loading=\"lazy\" decoding=\"async\" class=\"wp-image-9687 size-full\" src=\"https:\/\/boyanmfg.com\/wp-content\/uploads\/2025\/07\/ABS-Plastic-Speaker-Cover-1-back.jpg\" alt=\"Face arri\u00e8re du couvercle de haut-parleur en ABS montrant les nervures de support et les d\u00e9tails de moulage\" width=\"750\" height=\"562\" srcset=\"https:\/\/boyanmfg.com\/wp-content\/uploads\/2025\/07\/ABS-Plastic-Speaker-Cover-1-back.jpg 750w, https:\/\/boyanmfg.com\/wp-content\/uploads\/2025\/07\/ABS-Plastic-Speaker-Cover-1-back-300x225.jpg 300w, https:\/\/boyanmfg.com\/wp-content\/uploads\/2025\/07\/ABS-Plastic-Speaker-Cover-1-back-600x450.jpg 600w\" sizes=\"(max-width: 750px) 100vw, 750px\" \/><figcaption id=\"caption-attachment-9687\" class=\"wp-caption-text\">Vue arri\u00e8re du couvercle de haut-parleur en plastique ABS, montrant les nervures structurelles et les marques d'\u00e9jecteurs visibles utilis\u00e9es pour le d\u00e9moulage de la pi\u00e8ce.<\/figcaption><\/figure>\n<h2><span style=\"color: #800080;\">Couvercle de Haut-parleur ABS \u2014 Produit 2<\/span><\/h2>\n<h3><span style=\"color: #800080;\">Formes Complexes et Polyvalentes<\/span><\/h3>\n<p style=\"padding-left: 40px;\" data-start=\"356\" data-end=\"473\" data-is-last-node=\"\" data-is-only-node=\"\">Ce produit a une forme irr\u00e9guli\u00e8re, montrant que les couvercles de haut-parleur peuvent \u00eatre fabriqu\u00e9s sous diverses formes pour r\u00e9pondre \u00e0 diff\u00e9rents besoins d'installation.<\/p>\n<p data-start=\"356\" data-end=\"473\" data-is-last-node=\"\" data-is-only-node=\"\"><img loading=\"lazy\" decoding=\"async\" class=\"aligncenter wp-image-9689 size-full\" src=\"https:\/\/boyanmfg.com\/wp-content\/uploads\/2025\/07\/ABS-Plastic-Speaker-Cover-2-front.jpg\" alt=\"Face avant du couvercle de haut-parleur en ABS de forme complexe avec finition haute brillance et trous perfor\u00e9s pr\u00e9cis\" width=\"750\" height=\"563\" srcset=\"https:\/\/boyanmfg.com\/wp-content\/uploads\/2025\/07\/ABS-Plastic-Speaker-Cover-2-front.jpg 750w, https:\/\/boyanmfg.com\/wp-content\/uploads\/2025\/07\/ABS-Plastic-Speaker-Cover-2-front-300x225.jpg 300w, https:\/\/boyanmfg.com\/wp-content\/uploads\/2025\/07\/ABS-Plastic-Speaker-Cover-2-front-600x450.jpg 600w\" sizes=\"(max-width: 750px) 100vw, 750px\" \/><\/p>\n<p data-start=\"356\" data-end=\"473\" data-is-last-node=\"\" data-is-only-node=\"\"><img loading=\"lazy\" decoding=\"async\" class=\"aligncenter wp-image-9688 size-full\" src=\"https:\/\/boyanmfg.com\/wp-content\/uploads\/2025\/07\/ABS-Plastic-Speaker-Cover-2-back.jpg\" alt=\"Face arri\u00e8re du couvercle de haut-parleur en ABS de forme complexe montrant les nervures de support et les marques d&#039;\u00e9jecteurs\" width=\"750\" height=\"563\" srcset=\"https:\/\/boyanmfg.com\/wp-content\/uploads\/2025\/07\/ABS-Plastic-Speaker-Cover-2-back.jpg 750w, https:\/\/boyanmfg.com\/wp-content\/uploads\/2025\/07\/ABS-Plastic-Speaker-Cover-2-back-300x225.jpg 300w, https:\/\/boyanmfg.com\/wp-content\/uploads\/2025\/07\/ABS-Plastic-Speaker-Cover-2-back-600x450.jpg 600w\" sizes=\"(max-width: 750px) 100vw, 750px\" \/><\/p>\n<hr \/>\n<h2><span style=\"color: #800080;\">R\u00e9sum\u00e9<\/span><\/h2>\n<p style=\"padding-left: 40px;\" data-start=\"356\" data-end=\"473\" data-is-last-node=\"\" data-is-only-node=\"\">Les couvercles de haut-parleur en plastique jouent un r\u00f4le crucial \u00e0 la fois dans la protection des haut-parleurs et dans leur int\u00e9gration visuelle dans diff\u00e9rents environnements. Une s\u00e9lection minutieuse des mat\u00e9riaux, une conception pr\u00e9cise du moule et des proc\u00e9d\u00e9s de fabrication contr\u00f4l\u00e9s sont essentiels pour obtenir des performances et une apparence fiables.<\/p>","protected":false},"excerpt":{"rendered":"<p>Aper\u00e7u \u2014 Couvercle de haut-parleur en plastique Les couvercles de haut-parleur en plastique sont des protections dot\u00e9es de nombreux petits trous ou motifs en maille. Ils prot\u00e8gent le haut-parleur de la poussi\u00e8re et des dommages tout en laissant passer le son clairement. Simultan\u00e9ment, ils ajoutent \u00e9galement une apparence \u00e9l\u00e9gante au haut-parleur. Ces couvercles peuvent \u00eatre fabriqu\u00e9s sous diverses formes, telles que\u2026&nbsp;<a href=\"http:\/\/boyanmfg.com\/fr\/shop\/custom-plastic-speaker-cover\/\" rel=\"bookmark\">Lire plus \u00bb<span class=\"screen-reader-text\">Housses de haut-parleurs en plastique - Diff\u00e9rents mat\u00e9riaux et mod\u00e8les<\/span><\/a><\/p>","protected":false},"featured_media":9679,"comment_status":"closed","ping_status":"closed","template":"","meta":{"neve_meta_sidebar":"","neve_meta_container":"","neve_meta_enable_content_width":"off","neve_meta_content_width":100,"neve_meta_title_alignment":"","neve_meta_author_avatar":"","neve_post_elements_order":"","neve_meta_disable_header":"","neve_meta_disable_footer":"","neve_meta_disable_title":"","neve_meta_reading_time":"","_themeisle_gutenberg_block_has_review":false},"product_brand":[],"product_cat":[54],"product_tag":[],"class_list":{"0":"post-9677","1":"product","2":"type-product","3":"status-publish","4":"has-post-thumbnail","6":"product_cat-plastic-injection-molding","8":"first","9":"instock","10":"shipping-taxable","11":"product-type-simple"},"acf":[],"_links":{"self":[{"href":"http:\/\/boyanmfg.com\/fr\/wp-json\/wp\/v2\/product\/9677","targetHints":{"allow":["GET"]}}],"collection":[{"href":"http:\/\/boyanmfg.com\/fr\/wp-json\/wp\/v2\/product"}],"about":[{"href":"http:\/\/boyanmfg.com\/fr\/wp-json\/wp\/v2\/types\/product"}],"replies":[{"embeddable":true,"href":"http:\/\/boyanmfg.com\/fr\/wp-json\/wp\/v2\/comments?post=9677"}],"wp:featuredmedia":[{"embeddable":true,"href":"http:\/\/boyanmfg.com\/fr\/wp-json\/wp\/v2\/media\/9679"}],"wp:attachment":[{"href":"http:\/\/boyanmfg.com\/fr\/wp-json\/wp\/v2\/media?parent=9677"}],"wp:term":[{"taxonomy":"product_brand","embeddable":true,"href":"http:\/\/boyanmfg.com\/fr\/wp-json\/wp\/v2\/product_brand?post=9677"},{"taxonomy":"product_cat","embeddable":true,"href":"http:\/\/boyanmfg.com\/fr\/wp-json\/wp\/v2\/product_cat?post=9677"},{"taxonomy":"product_tag","embeddable":true,"href":"http:\/\/boyanmfg.com\/fr\/wp-json\/wp\/v2\/product_tag?post=9677"}],"curies":[{"name":"wp","href":"https:\/\/api.w.org\/{rel}","templated":true}]}}