{"id":3451,"date":"2022-03-01T16:35:28","date_gmt":"2022-03-01T16:35:28","guid":{"rendered":"http:\/\/boyanmfg.com\/?post_type=product&#038;p=3451"},"modified":"2022-03-01T16:35:29","modified_gmt":"2022-03-01T16:35:29","slug":"plastic-lotion-dispenser-pump","status":"publish","type":"product","link":"http:\/\/boyanmfg.com\/fr\/shop\/plastic-lotion-dispenser-pump\/","title":{"rendered":"Pompe doseuse pour lotion en plastique"},"content":{"rendered":"<p>Ce sont les pompes doseuses pour lotion, savon liquide, d\u00e9sinfectant et autres liquides. Les dimensions du col sont de 20, 24, 28, 32 mm. Elles sont produites par des moules d'injection de haute pr\u00e9cision et des \u00e9quipements d'assemblage automatique.<\/p>\n<h2><span style=\"color: #993366;\">Sp\u00e9cification de la pi\u00e8ce :<\/span><\/h2>\n<table style=\"width: 60%;\">\n<tbody>\n<tr>\n<td width=\"320\">Mat\u00e9riau<\/td>\n<td width=\"320\">PP, PE, LDPE, HDPE pour diff\u00e9rents composants<\/td>\n<\/tr>\n<tr>\n<td width=\"320\">Taille du col<\/td>\n<td width=\"320\">20,24,28,32 mm<\/td>\n<\/tr>\n<tr>\n<td width=\"320\">Taille du tube d'immersion<\/td>\n<td width=\"320\">personnalis\u00e9<\/td>\n<\/tr>\n<tr>\n<td width=\"320\">Couleur<\/td>\n<td width=\"320\">couleurs personnalis\u00e9es disponibles<\/td>\n<\/tr>\n<tr>\n<td width=\"320\">Inspection QC<\/td>\n<td width=\"320\">test d'\u00e9tanch\u00e9it\u00e9 100% (automatique)<\/td>\n<\/tr>\n<tr>\n<td width=\"320\">Capacit\u00e9 de production<\/td>\n<td width=\"320\">2-5 millions\/mois<\/td>\n<\/tr>\n<\/tbody>\n<\/table>\n<h2><span style=\"color: #993366;\">Caract\u00e9ristiques essentielles :<\/span><\/h2>\n<ul>\n<li>Chaque composant plastique est produit par un moule d'injection haute pr\u00e9cision \u00e0 multi-empreintes. Il y a 6 moules pour chaque type de pompe doseuse.<\/li>\n<\/ul>\n<p><img fetchpriority=\"high\" decoding=\"async\" class=\"alignnone wp-image-3456 size-full\" src=\"https:\/\/boyanmfg.com\/wp-content\/uploads\/2022\/03\/24-cavity-precision-mold-for-lotion-dispenser.jpg\" alt=\"Moule de pr\u00e9cision \u00e0 24 empreintes pour pompe doseuse de lotion\" width=\"600\" height=\"450\" srcset=\"https:\/\/boyanmfg.com\/wp-content\/uploads\/2022\/03\/24-cavity-precision-mold-for-lotion-dispenser.jpg 600w, https:\/\/boyanmfg.com\/wp-content\/uploads\/2022\/03\/24-cavity-precision-mold-for-lotion-dispenser-300x225.jpg 300w\" sizes=\"(max-width: 600px) 100vw, 600px\" \/><\/p>\n<p><img decoding=\"async\" class=\"alignnone wp-image-3457 size-full\" src=\"https:\/\/boyanmfg.com\/wp-content\/uploads\/2022\/03\/injection-mold-for-lotion-dispenser.jpg\" alt=\"moule d&#039;injection pour distributeur de lotion, moule inf\u00e9rieur\" width=\"600\" height=\"450\" srcset=\"https:\/\/boyanmfg.com\/wp-content\/uploads\/2022\/03\/injection-mold-for-lotion-dispenser.jpg 600w, https:\/\/boyanmfg.com\/wp-content\/uploads\/2022\/03\/injection-mold-for-lotion-dispenser-300x225.jpg 300w\" sizes=\"(max-width: 600px) 100vw, 600px\" \/> <img decoding=\"async\" class=\"alignnone wp-image-3458 size-full\" src=\"https:\/\/boyanmfg.com\/wp-content\/uploads\/2022\/03\/injection-mold-for-lotion-dispenser-2.jpg\" alt=\"Moule d&#039;injection pour pompe doseuse de lotion, moule sup\u00e9rieur\" width=\"600\" height=\"450\" srcset=\"https:\/\/boyanmfg.com\/wp-content\/uploads\/2022\/03\/injection-mold-for-lotion-dispenser-2.jpg 600w, https:\/\/boyanmfg.com\/wp-content\/uploads\/2022\/03\/injection-mold-for-lotion-dispenser-2-300x225.jpg 300w\" sizes=\"(max-width: 600px) 100vw, 600px\" \/><\/p>\n<ul>\n<li>Ces pompes doseuses sont toutes assembl\u00e9es sur des \u00e9quipements automatiques avec un volume quotidien\/mensuel \u00e9lev\u00e9. Chaque \u00e9quipement automatique est uniquement adapt\u00e9 \u00e0 un type de pompe doseuse, c'est pourquoi nous ne recommandons pas de fabriquer des pompes doseuses personnalis\u00e9es, mais plut\u00f4t d'utiliser des pompes doseuses existantes en stock.<\/li>\n<\/ul>\n<p><img loading=\"lazy\" decoding=\"async\" class=\"alignnone wp-image-3459 size-full\" src=\"https:\/\/boyanmfg.com\/wp-content\/uploads\/2022\/03\/lotion-dispenser-airtight-inspection.jpg\" alt=\"Contr\u00f4le d&#039;\u00e9tanch\u00e9it\u00e9 de la pompe doseuse de lotion dans la machine d&#039;assemblage automatique\" width=\"600\" height=\"450\" srcset=\"https:\/\/boyanmfg.com\/wp-content\/uploads\/2022\/03\/lotion-dispenser-airtight-inspection.jpg 600w, https:\/\/boyanmfg.com\/wp-content\/uploads\/2022\/03\/lotion-dispenser-airtight-inspection-300x225.jpg 300w\" sizes=\"(max-width: 600px) 100vw, 600px\" \/><\/p>\n<ul>\n<li>Test d'\u00e9tanch\u00e9it\u00e9 100% pour s'assurer que les buses ne fuient pas. Les buses qui ne passent pas le test sont automatiquement \u00e9limin\u00e9es.<\/li>\n<\/ul>\n<p><img loading=\"lazy\" decoding=\"async\" class=\"alignnone wp-image-3460 size-full\" src=\"https:\/\/boyanmfg.com\/wp-content\/uploads\/2022\/03\/automatic-assembly-equipment-lotion-dispenser.jpg\" alt=\"\u00c9quipement d&#039;assemblage automatique pour pompe doseuse de lotion\" width=\"600\" height=\"450\" srcset=\"https:\/\/boyanmfg.com\/wp-content\/uploads\/2022\/03\/automatic-assembly-equipment-lotion-dispenser.jpg 600w, https:\/\/boyanmfg.com\/wp-content\/uploads\/2022\/03\/automatic-assembly-equipment-lotion-dispenser-300x225.jpg 300w\" sizes=\"(max-width: 600px) 100vw, 600px\" \/><\/p>\n<p>&nbsp;<\/p>","protected":false},"excerpt":{"rendered":"<p>Ce sont les pompes doseuses pour lotion, savon liquide, d\u00e9sinfectant et autres liquides. Les dimensions du col sont de 20, 24, 28, 32 mm. Elles sont produites par des moules d'injection de haute pr\u00e9cision et des \u00e9quipements d'assemblage automatique. Sp\u00e9cifications des pi\u00e8ces : Mat\u00e9riau PP, PE, PEBD, PEHD pour diff\u00e9rents composants. Taille du col 20, 24, 28, 32 mm. Taille du tube d'immersion personnalis\u00e9e. Couleur : couleurs personnalis\u00e9es disponibles. Contr\u00f4le qualit\u00e9 100%\u2026&nbsp;<a href=\"http:\/\/boyanmfg.com\/fr\/shop\/plastic-lotion-dispenser-pump\/\" rel=\"bookmark\">Lire plus \u00bb<span class=\"screen-reader-text\">Pompe doseuse pour lotion en plastique<\/span><\/a><\/p>","protected":false},"featured_media":3452,"comment_status":"closed","ping_status":"closed","template":"","meta":{"neve_meta_sidebar":"","neve_meta_container":"","neve_meta_enable_content_width":"off","neve_meta_content_width":0,"neve_meta_title_alignment":"","neve_meta_author_avatar":"","neve_post_elements_order":"","neve_meta_disable_header":"","neve_meta_disable_footer":"","neve_meta_disable_title":"","neve_meta_reading_time":"","_themeisle_gutenberg_block_has_review":false},"product_brand":[],"product_cat":[54,62],"product_tag":[],"class_list":{"0":"post-3451","1":"product","2":"type-product","3":"status-publish","4":"has-post-thumbnail","6":"product_cat-plastic-injection-molding","7":"product_cat-precision-injection-molding","9":"first","10":"instock","11":"shipping-taxable","12":"product-type-simple"},"acf":[],"_links":{"self":[{"href":"http:\/\/boyanmfg.com\/fr\/wp-json\/wp\/v2\/product\/3451","targetHints":{"allow":["GET"]}}],"collection":[{"href":"http:\/\/boyanmfg.com\/fr\/wp-json\/wp\/v2\/product"}],"about":[{"href":"http:\/\/boyanmfg.com\/fr\/wp-json\/wp\/v2\/types\/product"}],"replies":[{"embeddable":true,"href":"http:\/\/boyanmfg.com\/fr\/wp-json\/wp\/v2\/comments?post=3451"}],"wp:featuredmedia":[{"embeddable":true,"href":"http:\/\/boyanmfg.com\/fr\/wp-json\/wp\/v2\/media\/3452"}],"wp:attachment":[{"href":"http:\/\/boyanmfg.com\/fr\/wp-json\/wp\/v2\/media?parent=3451"}],"wp:term":[{"taxonomy":"product_brand","embeddable":true,"href":"http:\/\/boyanmfg.com\/fr\/wp-json\/wp\/v2\/product_brand?post=3451"},{"taxonomy":"product_cat","embeddable":true,"href":"http:\/\/boyanmfg.com\/fr\/wp-json\/wp\/v2\/product_cat?post=3451"},{"taxonomy":"product_tag","embeddable":true,"href":"http:\/\/boyanmfg.com\/fr\/wp-json\/wp\/v2\/product_tag?post=3451"}],"curies":[{"name":"wp","href":"https:\/\/api.w.org\/{rel}","templated":true}]}}