{"id":1651,"date":"2020-01-22T16:52:21","date_gmt":"2020-01-22T16:52:21","guid":{"rendered":"http:\/\/boyanmfg.com\/?page_id=1651"},"modified":"2020-01-22T17:08:16","modified_gmt":"2020-01-22T17:08:16","slug":"enquiry-cnc-machining","status":"publish","type":"page","link":"http:\/\/boyanmfg.com\/fr\/enquiry-cnc-machining\/","title":{"rendered":"Demande-Usinage CNC"},"content":{"rendered":"<div data-elementor-type=\"wp-page\" data-elementor-id=\"1651\" class=\"elementor elementor-1651\">\n\t\t\t\t\t\t<section class=\"elementor-section elementor-top-section elementor-element elementor-element-6f9fce8 elementor-section-boxed elementor-section-height-default elementor-section-height-default\" data-id=\"6f9fce8\" data-element_type=\"section\">\n\t\t\t\t\t\t<div class=\"elementor-container elementor-column-gap-default\">\n\t\t\t\t\t<div class=\"elementor-column elementor-col-100 elementor-top-column elementor-element elementor-element-5c7d6e1\" data-id=\"5c7d6e1\" data-element_type=\"column\">\n\t\t\t<div class=\"elementor-widget-wrap\">\n\t\t\t\t\t\t\t<\/div>\n\t\t<\/div>\n\t\t\t\t\t<\/div>\n\t\t<\/section>\n\t\t\t\t<section class=\"elementor-section elementor-top-section elementor-element elementor-element-870b536 elementor-section-boxed elementor-section-height-default elementor-section-height-default\" data-id=\"870b536\" data-element_type=\"section\" data-settings='{\"background_background\":\"classic\"}'>\n\t\t\t\t\t\t\t<div class=\"elementor-background-overlay\"><\/div>\n\t\t\t\t\t\t\t<div class=\"elementor-container elementor-column-gap-default\">\n\t\t\t\t\t<div class=\"elementor-column elementor-col-100 elementor-top-column elementor-element elementor-element-50f9d37\" data-id=\"50f9d37\" data-element_type=\"column\">\n\t\t\t<div class=\"elementor-widget-wrap elementor-element-populated\">\n\t\t\t\t\t\t<section class=\"elementor-section elementor-inner-section elementor-element elementor-element-e08a3c6 elementor-section-boxed elementor-section-height-default elementor-section-height-default\" data-id=\"e08a3c6\" data-element_type=\"section\">\n\t\t\t\t\t\t<div class=\"elementor-container elementor-column-gap-default\">\n\t\t\t\t\t<div class=\"elementor-column elementor-col-100 elementor-inner-column elementor-element elementor-element-ab55ce3\" data-id=\"ab55ce3\" data-element_type=\"column\">\n\t\t\t<div class=\"elementor-widget-wrap elementor-element-populated\">\n\t\t\t\t\t\t<div class=\"elementor-element elementor-element-8e2f678 elementor-widget elementor-widget-heading\" data-id=\"8e2f678\" data-element_type=\"widget\" data-widget_type=\"heading.default\">\n\t\t\t\t<div class=\"elementor-widget-container\">\n\t\t\t\t\t<h1 class=\"elementor-heading-title elementor-size-default\">Formulaire de demande - Usinage CNC<\/h1>\t\t\t\t<\/div>\n\t\t\t\t<\/div>\n\t\t\t\t<div class=\"elementor-element elementor-element-3d43163 elementor-widget elementor-widget-text-editor\" data-id=\"3d43163\" data-element_type=\"widget\" data-widget_type=\"text-editor.default\">\n\t\t\t\t<div class=\"elementor-widget-container\">\n\t\t\t\t\t\t\t\t\t<p class=\"translation-block\"><strong>Veuillez remplir le formulaire autant que possible en incluant les informations essentielles.<\/strong><\/p><p class=\"translation-block\"><strong>Veuillez noter que vous ne pouvez t\u00e9l\u00e9charger qu'un seul fichier avec ce formulaire de contact. Si vous avez plusieurs fichiers, vous pouvez <a href=\"mailto:info1@boyanmfg.com\">envoyer un courriel.<\/a><\/strong><\/p>\t\t\t\t\t\t\t\t<\/div>\n\t\t\t\t<\/div>\n\t\t\t\t\t<\/div>\n\t\t<\/div>\n\t\t\t\t\t<\/div>\n\t\t<\/section>\n\t\t\t\t\t<\/div>\n\t\t<\/div>\n\t\t\t\t\t<\/div>\n\t\t<\/section>\n\t\t\t\t<section class=\"elementor-section elementor-top-section elementor-element elementor-element-3bac218 elementor-section-boxed elementor-section-height-default elementor-section-height-default\" data-id=\"3bac218\" data-element_type=\"section\">\n\t\t\t\t\t\t<div class=\"elementor-container elementor-column-gap-default\">\n\t\t\t\t\t<div class=\"elementor-column elementor-col-100 elementor-top-column elementor-element elementor-element-557e495\" data-id=\"557e495\" data-element_type=\"column\">\n\t\t\t<div class=\"elementor-widget-wrap elementor-element-populated\">\n\t\t\t\t\t\t<div class=\"elementor-element elementor-element-226a049 elementor-widget elementor-widget-shortcode\" data-id=\"226a049\" data-element_type=\"widget\" data-widget_type=\"shortcode.default\">\n\t\t\t\t<div class=\"elementor-widget-container\">\n\t\t\t\t\t\t\t<div class=\"elementor-shortcode\">\n<div class=\"wpcf7 no-js\" id=\"wpcf7-f1011-o1\" lang=\"en-US\" dir=\"ltr\" data-wpcf7-id=\"1011\">\n<div class=\"screen-reader-response\"><p role=\"status\" aria-live=\"polite\" aria-atomic=\"true\" class=\"translation-block\"><\/p> <ul><\/ul><\/div>\n<form action=\"\/fr\/wp-json\/wp\/v2\/pages\/1651#wpcf7-f1011-o1\" method=\"post\" class=\"wpcf7-form init\" aria-label=\"Formulaire de contact\" enctype=\"multipart\/form-data\" novalidate=\"novalidate\" data-status=\"init\" data-trp-original-action=\"\/fr\/wp-json\/wp\/v2\/pages\/1651#wpcf7-f1011-o1\">\n<fieldset class=\"hidden-fields-container\"><input type=\"hidden\" name=\"_wpcf7\" value=\"1011\"><input type=\"hidden\" name=\"_wpcf7_version\" value=\"6.1.4\"><input type=\"hidden\" name=\"_wpcf7_locale\" value=\"en_US\"><input type=\"hidden\" name=\"_wpcf7_unit_tag\" value=\"wpcf7-f1011-o1\"><input type=\"hidden\" name=\"_wpcf7_container_post\" value=\"0\"><input type=\"hidden\" name=\"_wpcf7_posted_data_hash\" value=\"\">\n<\/fieldset>\n<p class=\"translation-block\"><label> Votre nom (obligatoire)<br>\n<span class=\"wpcf7-form-control-wrap\" data-name=\"votre-nom\"><input class=\"wpcf7-form-control wpcf7-text wpcf7-validates-as-required\" type=\"text\" name=\"votre-nom\"><\/span> <\/label>\n<\/p>\n<p class=\"translation-block\"><label> Votre Email (obligatoire)<br>\n<span class=\"wpcf7-form-control-wrap\" data-name=\"your-email\"><input class=\"wpcf7-form-control wpcf7-email wpcf7-validates-as-required wpcf7-text wpcf7-validates-as-email\" type=\"email\" name=\"your-email\"><\/span> <\/label>\n<\/p>\n<p class=\"translation-block\"><label> Sujet<br>\n<span class=\"wpcf7-form-control-wrap\" data-name=\"your-subject\"><input class=\"wpcf7-form-control wpcf7-text\" type=\"text\" name=\"your-subject\"><\/span> <\/label>\n<\/p>\n<p class=\"translation-block\">(Les informations ci-dessous sont facultatives mais certainement utiles)\n<\/p>\n<p class=\"translation-block\">Quelle est la quantit\u00e9 estim\u00e9e pour la premi\u00e8re commande de production ?\n<span class=\"wpcf7-form-control-wrap\" data-name=\"checkbox-548\"><span class=\"wpcf7-form-control wpcf7-checkbox wpcf7-exclusive-checkbox\"><span class=\"wpcf7-list-item first\"><input type=\"checkbox\" name=\"checkbox-548\"><span class=\"wpcf7-list-item-label\">En dessous de 100<\/span><\/span><span class=\"wpcf7-list-item\"><input type=\"checkbox\" name=\"checkbox-548\"><span class=\"wpcf7-list-item-label\">100 to 500<\/span><\/span><span class=\"wpcf7-list-item\"><input type=\"checkbox\" name=\"checkbox-548\"><span class=\"wpcf7-list-item-label\">500 \u00e0 2 000<\/span><\/span><span class=\"wpcf7-list-item last\"><input type=\"checkbox\" name=\"checkbox-548\"><span class=\"wpcf7-list-item-label\">Au-dessus de 2 000<\/span><\/span><\/span><\/span><\/span><\/span><\/span><\/span>.\n<\/p>\n<p class=\"translation-block\">Quelle est la quantit\u00e9 annuelle estim\u00e9e (EAU) ?\n<span class=\"wpcf7-form-control-wrap\" data-name=\"checkbox-549\"><span class=\"wpcf7-form-control wpcf7-checkbox wpcf7-exclusive-checkbox\"><span class=\"wpcf7-list-item first\"><input type=\"checkbox\" name=\"checkbox-549\"><span class=\"wpcf7-list-item-label\">Moins de 500<\/span><\/span><span class=\"wpcf7-list-item\"><input type=\"checkbox\" name=\"checkbox-549\"><span class=\"wpcf7-list-item-label\">500 \u00e0 2 000<\/span><\/span><span class=\"wpcf7-list-item\"><input type=\"checkbox\" name=\"checkbox-549\"><span class=\"wpcf7-list-item-label\">2,000 \u00e0 10 000<\/span><\/span><span class=\"wpcf7-list-item last\"><input type=\"checkbox\" name=\"checkbox-549\"><span class=\"wpcf7-list-item-label\">Au-dessus de 10 000<\/span><\/span><\/span><\/span><\/span><\/span><\/span>.\n<\/p>\n<p class=\"translation-block\">Quel est le mat\u00e9riau ?\n<span class=\"wpcf7-form-control-wrap\" data-name=\"checkbox-550\"><span class=\"wpcf7-form-control wpcf7-checkbox wpcf7-exclusive-checkbox\"><span class=\"wpcf7-list-item first\"><input type=\"checkbox\" name=\"checkbox-550\"><span class=\"wpcf7-list-item-label\">Aluminium<\/span><\/span><span class=\"wpcf7-list-item\"><input type=\"checkbox\" name=\"checkbox-550\"><span class=\"wpcf7-list-item-label\">Acier<\/span><\/span><span class=\"wpcf7-item\"><span class=\"wpcf7-item\"><input type=\"checkbox\" name=\"checkbox-550\"><span class=\"wpcf7-list-item-label\">Acier<\/span><\/span>.list-item\"&gt;<input type=\"checkbox\" name=\"checkbox-550\"><span class=\"wpcf7-list-item-label\">Brass<\/span><\/span><span><span class=\"wpcf7-list-item\"><input type=\"checkbox\" name=\"checkbox-550\"><span class=\"wpcf7-list-item-label\">Plastique<\/span><\/span><span class=\"wpcf7-list-item last\"><input type=\"checkbox\" name=\"checkbox-550\"><span class=\"wpcf7-list-item-label\">Autres<\/span><\/span><\/span><\/span><\/span>.\n<\/p>\n<p class=\"translation-block\">Qu'est-ce que le rev\u00eatement de surface ?\n<span class=\"wpcf7-form-control-wrap\" data-name=\"checkbox-551\"><span class=\"wpcf7-form-control wpcf7-checkbox\"><span class=\"wpcf7-list-item first\"><input type=\"checkbox\" name=\"checkbox-551[]\"><span class=\"wpcf7-list-item-label\">Anodisation aluminium<\/span><\/span><span class=\"wpcf7-list-item\"><input type=\"checkbox\" name=\"checkbox-551[]\"><span class=\"wpcf7-list-item-label\">Rev\u00eatement par \u00e9lectrophor\u00e8se<\/span><\/span><span class=\"wpcf7-list-item\"><input type=\"checkbox\" name=\"checkbox-551[]\"><span class=\"wpcf7-list-item-label\">Rev\u00eatement en poudre<\/span><\/span><span class=\"wpcf7-list-item\"><input type=\"checkbox\" name=\"checkbox-551[]\"><span class=\"wpcf7-list-item-label\">Peinture par pulv\u00e9risation<\/span><\/span><span class=\"wpcf7-list-item\"><input type=\"checkbox\" name=\"checkbox-551[]\"><span class=\"wpcf7-list-item-label\">Nickle, zinc, chrome, cuivre<\/span><\/span><span class=\"wpcf7-list-item\"><input type=\"checkbox\" name=\"checkbox-551[]\"><span class=\"wpcf7-list-item-label\">Autres<\/span><\/span><span class=\"wpcf7-list-item last\"><input type=\"checkbox\" name=\"checkbox-551[]\"><span class=\"wpcf7-list-item-label\">Besoin de conseils<\/span><\/span><\/span><\/span><\/span>.\n<\/p>\n<p class=\"translation-block\">Votre pi\u00e8ce n\u00e9cessite-t-elle des tol\u00e9rances dimensionnelles ou g\u00e9om\u00e9triques serr\u00e9es ?\n<span class=\"wpcf7-form-control-wrap\" data-name=\"checkbox-211\"><span class=\"wpcf7-form-control wpcf7-checkbox\"><span class=\"wpcf7-list-item first\"><input type=\"checkbox\" name=\"checkbox-211[]\"><span class=\"wpcf7-list-item-label\">Oui, tol\u00e9rance serr\u00e9e<\/span><\/span><span class=\"wpcf7-list-item last\"><input type=\"checkbox\" name=\"checkbox-211[]\"><span class=\"wpcf7-list-item-label\">No<\/span><\/span><\/span><\/span><\/span><\/span>&gt;.\n<\/p>\n<p class=\"translation-block\">Votre pi\u00e8ce a-t-elle des exigences esth\u00e9tiques ?\n<span class=\"wpcf7-form-control-wrap\" data-name=\"checkbox-212\"><span class=\"wpcf7-form-control wpcf7-checkbox wpcf7-exclusive-checkbox\"><span class=\"wpcf7-list-item first\"><input type=\"checkbox\" name=\"checkbox-212\"><span class=\"wpcf7-list-item-label\">Pas une grande pr\u00e9occupation<\/span><\/span><span class=\"wpcf7-list-item\"><input type=\"checkbox\" name=\"checkbox-212\"><span class=\"wpcf7-list-item-label\">Exigences esth\u00e9tiques moyennes<\/span><\/span><span class=\"wpcf7-list-item last\"><input type=\"checkbox\" name=\"checkbox-212\"><span class=\"wpcf7-list-item-label\">Exigences esth\u00e9tiques tr\u00e8s \u00e9lev\u00e9es<\/span><\/span><\/span><\/span><\/span><\/span>.\n<\/p>\n<p class=\"translation-block\"><label> Votre message<br>\n<span class=\"wpcf7-form-control-wrap\" data-name=\"votre-message\"><textarea cols=\"40\" rows=\"10\" class=\"wpcf7-form-control wpcf7-textarea\" name=\"votre-message\"><\/textarea><\/span> <label>.\n<\/p>\n<p class=\"translation-block\"><label> T\u00e9l\u00e9charger le fichier (il est recommand\u00e9 de <a href=\"mailto:info1@boyanmfg.com\"> envoyer plusieurs fichiers par courriel<\/a>)<br>.\n<span class=\"wpcf7-form-control-wrap\" data-name=\"file-924\"><input class=\"wpcf7-form-control wpcf7-file\" type=\"file\" name=\"file-924\"><\/span><\/label>\n<\/p>\n<p class=\"translation-block\">Code \u00e0 saisir : <input type=\"hidden\" name=\"_wpcf7_captcha_challenge_captcha-778\"><img class=\"wpcf7-form-control wpcf7-captchac wpcf7-captcha-captcha-778\" width=\"60\" height=\"20\" alt=\"captcha\" src=\"https:\/\/boyanmfg.com\/wp-content\/uploads\/wpcf7_captcha\/500397460.png\"><br>\n<span class=\"wpcf7-form-control-wrap\" data-name=\"captcha-778\"><input class=\"wpcf7-form-control wpcf7-captchar\" type=\"text\" name=\"captcha-778\"><\/span>\n<\/p>\n<p class=\"translation-block\"><input class=\"wpcf7-form-control wpcf7-submit has-spinner\" type=\"submit\" value=\"Send\">\n<\/p><p style=\"display: none !important;\" class=\"akismet-fields-container translation-block\" data-prefix=\"_wpcf7_ak_\"><label>\u0394<textarea name=\"_wpcf7_ak_hp_textarea\" cols=\"45\" rows=\"8\"><\/textarea><\/label><input type=\"hidden\" id=\"ak_js_1\" name=\"_wpcf7_ak_js\"><\/p><div class=\"wpcf7-response-output\" aria-hidden=\"true\"><\/div>\n<input type=\"hidden\" name=\"trp-form-language\" value=\"fr\"\/><\/form>\n<\/div>\n<\/div>\n\t\t\t\t\t\t<\/div>\n\t\t\t\t<\/div>\n\t\t\t\t\t<\/div>\n\t\t<\/div>\n\t\t\t\t\t<\/div>\n\t\t<\/section>\n\t\t\t\t<\/div>","protected":false},"excerpt":{"rendered":"<p>Formulaire de demande - Usinage CNC Veuillez remplir le formulaire autant que possible pour inclure les informations essentielles. Remarque : ce formulaire de contact ne permet de t\u00e9l\u00e9charger qu'un seul fichier. Si vous avez plusieurs fichiers, vous pouvez envoyer un courriel.<\/p>","protected":false},"author":1,"featured_media":0,"parent":0,"menu_order":0,"comment_status":"closed","ping_status":"closed","template":"page-templates\/template-pagebuilder-full-width.php","meta":{"neve_meta_sidebar":"full-width","neve_meta_container":"","neve_meta_enable_content_width":"on","neve_meta_content_width":100,"neve_meta_title_alignment":"","neve_meta_author_avatar":"","neve_post_elements_order":"","neve_meta_disable_header":"","neve_meta_disable_footer":"","neve_meta_disable_title":"","neve_meta_reading_time":"","_themeisle_gutenberg_block_has_review":false,"footnotes":""},"class_list":["post-1651","page","type-page","status-publish","hentry"],"acf":[],"_links":{"self":[{"href":"http:\/\/boyanmfg.com\/fr\/wp-json\/wp\/v2\/pages\/1651","targetHints":{"allow":["GET"]}}],"collection":[{"href":"http:\/\/boyanmfg.com\/fr\/wp-json\/wp\/v2\/pages"}],"about":[{"href":"http:\/\/boyanmfg.com\/fr\/wp-json\/wp\/v2\/types\/page"}],"author":[{"embeddable":true,"href":"http:\/\/boyanmfg.com\/fr\/wp-json\/wp\/v2\/users\/1"}],"replies":[{"embeddable":true,"href":"http:\/\/boyanmfg.com\/fr\/wp-json\/wp\/v2\/comments?post=1651"}],"version-history":[{"count":0,"href":"http:\/\/boyanmfg.com\/fr\/wp-json\/wp\/v2\/pages\/1651\/revisions"}],"wp:attachment":[{"href":"http:\/\/boyanmfg.com\/fr\/wp-json\/wp\/v2\/media?parent=1651"}],"curies":[{"name":"wp","href":"https:\/\/api.w.org\/{rel}","templated":true}]}}