{"id":1277,"date":"2020-01-20T03:34:10","date_gmt":"2020-01-20T03:34:10","guid":{"rendered":"http:\/\/boyanmfg.com\/?page_id=1277"},"modified":"2023-09-22T02:19:09","modified_gmt":"2023-09-22T02:19:09","slug":"enquiry-plastic-injection-molding","status":"publish","type":"page","link":"http:\/\/boyanmfg.com\/fr\/enquiry-plastic-injection-molding\/","title":{"rendered":"Enqu\u00eate - moulage par injection de plastique"},"content":{"rendered":"<div data-elementor-type=\"wp-page\" data-elementor-id=\"1277\" class=\"elementor elementor-1277\">\n\t\t\t\t\t\t<section class=\"elementor-section elementor-top-section elementor-element elementor-element-3d22583 elementor-section-boxed elementor-section-height-default elementor-section-height-default\" data-id=\"3d22583\" data-element_type=\"section\" data-settings='{\"background_background\":\"classic\"}'>\n\t\t\t\t\t\t\t<div class=\"elementor-background-overlay\"><\/div>\n\t\t\t\t\t\t\t<div class=\"elementor-container elementor-column-gap-default\">\n\t\t\t\t\t<div class=\"elementor-column elementor-col-100 elementor-top-column elementor-element elementor-element-65c3348\" data-id=\"65c3348\" data-element_type=\"column\" data-settings='{\"background_background\":\"classic\"}'>\n\t\t\t<div class=\"elementor-widget-wrap elementor-element-populated\">\n\t\t\t\t\t\t<section class=\"elementor-section elementor-inner-section elementor-element elementor-element-4fd38aa elementor-section-boxed elementor-section-height-default elementor-section-height-default\" data-id=\"4fd38aa\" data-element_type=\"section\">\n\t\t\t\t\t\t<div class=\"elementor-container elementor-column-gap-default\">\n\t\t\t\t\t<div class=\"elementor-column elementor-col-50 elementor-inner-column elementor-element elementor-element-ea82e31\" data-id=\"ea82e31\" data-element_type=\"column\">\n\t\t\t<div class=\"elementor-widget-wrap elementor-element-populated\">\n\t\t\t\t\t\t<div class=\"elementor-element elementor-element-c472f27 elementor-widget elementor-widget-heading\" data-id=\"c472f27\" data-element_type=\"widget\" data-widget_type=\"heading.default\">\n\t\t\t\t<div class=\"elementor-widget-container\">\n\t\t\t\t\t<h1 class=\"elementor-heading-title elementor-size-default\">Formulaire de demande - Moulage de plastique<\/h1>\t\t\t\t<\/div>\n\t\t\t\t<\/div>\n\t\t\t\t<div class=\"elementor-element elementor-element-0058e15 elementor-widget elementor-widget-text-editor\" data-id=\"0058e15\" data-element_type=\"widget\" data-widget_type=\"text-editor.default\">\n\t\t\t\t<div class=\"elementor-widget-container\">\n\t\t\t\t\t\t\t\t\t<p class=\"translation-block\">Veuillez remplir le formulaire et nous fournir le plus d'informations possible.<\/p><p class=\"translation-block\">Veuillez noter que ce formulaire de contact ne permet de t\u00e9l\u00e9charger qu'un seul fichier. Si vous avez plusieurs fichiers \u00e0 soumettre, veuillez <a href=\"mailto:info1@boyanmfg.com\">envoyer un courriel <\/a> au lieu de cela, en vous assurant d'inclure les informations n\u00e9cessaires d\u00e9crites ci-dessous.<\/p>\t\t\t\t\t\t\t\t<\/div>\n\t\t\t\t<\/div>\n\t\t\t\t\t<\/div>\n\t\t<\/div>\n\t\t\t\t<div class=\"elementor-column elementor-col-50 elementor-inner-column elementor-element elementor-element-6dc112f\" data-id=\"6dc112f\" data-element_type=\"column\">\n\t\t\t<div class=\"elementor-widget-wrap elementor-element-populated\">\n\t\t\t\t\t\t<div class=\"elementor-element elementor-element-aa6d324 elementor-align-right elementor-widget elementor-widget-button\" data-id=\"aa6d324\" data-element_type=\"widget\" data-widget_type=\"button.default\">\n\t\t\t\t<div class=\"elementor-widget-container\">\n\t\t\t\t\t\t\t\t\t<div class=\"elementor-button-wrapper\">\n\t\t\t\t\t<a class=\"elementor-button elementor-button-link elementor-size-md\" href=\"mailto:info1@boyanmfg.com\">\n\t\t\t\t\t\t<span class=\"elementor-button-content-wrapper\">\n\t\t\t\t\t\t<span class=\"elementor-button-icon\">\n\t\t\t\t<i aria-hidden=\"true\" class=\"far fa-envelope\"><\/i>\t\t\t<\/span>\n\t\t\t\t\t\t\t\t\t<span class=\"elementor-button-text\">Envoyez-nous un courriel<\/span>\n\t\t\t\t\t<\/span>\n\t\t\t\t\t<\/a>\n\t\t\t\t<\/div>\n\t\t\t\t\t\t\t\t<\/div>\n\t\t\t\t<\/div>\n\t\t\t\t\t<\/div>\n\t\t<\/div>\n\t\t\t\t\t<\/div>\n\t\t<\/section>\n\t\t\t\t\t<\/div>\n\t\t<\/div>\n\t\t\t\t\t<\/div>\n\t\t<\/section>\n\t\t\t\t<section class=\"elementor-section elementor-top-section elementor-element elementor-element-b403c00 elementor-section-boxed elementor-section-height-default elementor-section-height-default\" data-id=\"b403c00\" data-element_type=\"section\" data-settings='{\"background_background\":\"classic\"}'>\n\t\t\t\t\t\t\t<div class=\"elementor-background-overlay\"><\/div>\n\t\t\t\t\t\t\t<div class=\"elementor-container elementor-column-gap-default\">\n\t\t\t\t\t<div class=\"elementor-column elementor-col-100 elementor-top-column elementor-element elementor-element-8036fff\" data-id=\"8036fff\" data-element_type=\"column\">\n\t\t\t<div class=\"elementor-widget-wrap elementor-element-populated\">\n\t\t\t\t\t\t<div class=\"elementor-element elementor-element-96b5bc4 elementor-widget elementor-widget-shortcode\" data-id=\"96b5bc4\" data-element_type=\"widget\" data-widget_type=\"shortcode.default\">\n\t\t\t\t<div class=\"elementor-widget-container\">\n\t\t\t\t\t\t\t<div class=\"elementor-shortcode\">\n<div class=\"wpcf7 no-js\" id=\"wpcf7-f4163-o1\" lang=\"en-US\" dir=\"ltr\" data-wpcf7-id=\"4163\">\n<div class=\"screen-reader-response\"><p role=\"status\" aria-live=\"polite\" aria-atomic=\"true\" class=\"translation-block\"><\/p> <ul><\/ul><\/div>\n<form action=\"\/fr\/wp-json\/wp\/v2\/pages\/1277#wpcf7-f4163-o1\" method=\"post\" class=\"wpcf7-form init\" aria-label=\"Formulaire de contact\" enctype=\"multipart\/form-data\" novalidate=\"novalidate\" data-status=\"init\" data-trp-original-action=\"\/fr\/wp-json\/wp\/v2\/pages\/1277#wpcf7-f4163-o1\">\n<fieldset class=\"hidden-fields-container\"><input type=\"hidden\" name=\"_wpcf7\" value=\"4163\"><input type=\"hidden\" name=\"_wpcf7_version\" value=\"6.1.4\"><input type=\"hidden\" name=\"_wpcf7_locale\" value=\"en_US\"><input type=\"hidden\" name=\"_wpcf7_unit_tag\" value=\"wpcf7-f4163-o1\"><input type=\"hidden\" name=\"_wpcf7_container_post\" value=\"0\"><input type=\"hidden\" name=\"_wpcf7_posted_data_hash\" value=\"\">\n<\/fieldset>\n<p class=\"translation-block\"><label> Votre nom (obligatoire)<br>\n<span class=\"wpcf7-form-control-wrap\" data-name=\"votre-nom\"><input class=\"wpcf7-form-control wpcf7-text wpcf7-validates-as-required\" type=\"text\" name=\"votre-nom\"><\/span> <\/label>\n<\/p>\n<p class=\"translation-block\"><label> Votre Email (obligatoire)<br>\n<span class=\"wpcf7-form-control-wrap\" data-name=\"your-email\"><input class=\"wpcf7-form-control wpcf7-email wpcf7-validates-as-required wpcf7-text wpcf7-validates-as-email\" type=\"email\" name=\"your-email\"><\/span> <\/label>\n<\/p>\n<p class=\"translation-block\"><label> Sujet<br>\n<span class=\"wpcf7-form-control-wrap\" data-name=\"your-subject\"><input class=\"wpcf7-form-control wpcf7-text\" type=\"text\" name=\"your-subject\"><\/span> <\/label>\n<\/p>\n<p class=\"translation-block\">(Les informations ci-dessous sont facultatives mais certainement utiles)\n<\/p>\n<p class=\"translation-block\">Quantit\u00e9 estim\u00e9e pour la premi\u00e8re commande de production<br>.\n<span class=\"wpcf7-form-control-wrap\" data-name=\"checkbox-508\"><span class=\"wpcf7-form-control wpcf7-checkbox wpcf7-exclusive-checkbox\"><span class=\"wpcf7-list-item first\"><input type=\"checkbox\" name=\"checkbox-508\"><span class=\"wpcf7-list-item-label\">Moins de 1,000<\/span><\/span><span class=\"wpcf7-list-item\"><input type=\"checkbox\" name=\"checkbox-508\"><span class=\"wpcf7-list-item-label\">1,000 to 5,000<\/span><\/span><span class=\"wpcf7-list-item last\"><input type=\"checkbox\" name=\"checkbox-508\"><span class=\"wpcf7-list-item-label\">Au-dessus de 5 000<\/span><\/span><\/span><\/span><\/span><\/span><\/span>.\n<\/p>\n<p class=\"translation-block\">Quantit\u00e9 annuelle estim\u00e9e (EAU) ?<br>\n<span class=\"wpcf7-form-control-wrap\" data-name=\"checkbox-733\"><span class=\"wpcf7-form-control wpcf7-checkbox wpcf7-exclusive-checkbox\"><span class=\"wpcf7-list-item first\"><input type=\"checkbox\" name=\"checkbox-733\"><span class=\"wpcf7-list-item-label\">En dessous de 3 000<\/span><\/span><span class=\"wpcf7-list-item\"><input type=\"checkbox\" name=\"checkbox-733\"><span class=\"wpcf7-list-item-label\">3 000 \u00e0 10 000<\/span><\/span><span class=\"wpcf7-list-item\"><input type=\"checkbox\" name=\"checkbox-733\"><span class=\"wpcf7-list-item-label\">10,000 \u00e0 50 000<\/span><\/span><span class=\"wpcf7-list-item last\"><input type=\"checkbox\" name=\"checkbox-733\"><span class=\"wpcf7-list-item-label\">Au-dessus de 50 000<\/span><\/span><\/span><\/span><\/span><\/span><\/span>.\n<\/p>\n<p class=\"translation-block\">Voulez-vous des pi\u00e8ces en plastique ou le moule d'injection ?\n<span class=\"wpcf7-form-control-wrap\" data-name=\"checkbox-162\"><span class=\"wpcf7-form-control wpcf7-checkbox wpcf7-exclusive-checkbox\"><span class=\"wpcf7-list-item first\"><input type=\"checkbox\" name=\"checkbox-162\"><span class=\"wpcf7-list-item-label\">Je veux les pi\u00e8ces en plastique<\/span><\/span><span class=\"wpcf7-list-item last\"><input type=\"checkbox\" name=\"checkbox-162\"><span class=\"wpcf7-list-item-label\">Je veux que vous m'exp\u00e9diiez le moule en plastique<\/span><\/span><\/span><\/span><\/span><\/span>.\n<\/p>\n<p class=\"translation-block\">Quel est le mat\u00e9riau de votre produit ?\n<span class=\"wpcf7-form-control-wrap\" data-name=\"checkbox-567\"><span class=\"wpcf7-form-control wpcf7-checkbox wpcf7-exclusive-checkbox\"><span class=\"wpcf7-list-item first\"><input type=\"checkbox\" name=\"checkbox-567\"><span class=\"wpcf7-list-item-label\">PP<\/span><\/span><span class=\"wpcf7-list-item\"><input type=\"checkbox\" name=\"checkbox-567\"><span class=\"wpcf7-list-item-label\">ABS<\/span><\/span><span><span class=\"wpcf7-list-item\"><input type=\"checkbox\" name=\"checkbox-567\"><span class=\"wpcf7-list-item-label\">PA+GF<\/span><\/span><span><span class=\"wpcf7-list-item\"><input type=\"checkbox\" name=\"checkbox-567\"><span class=\"wpcf7-list-item-label\">PC<\/span><\/span><span><span class=\"wpcf7-list-item\"><input type=\"checkbox\" name=\"checkbox-567\"><span class=\"wpcf7-list-item-label\">PC\/ABS<\/span><\/span><span><span class=\"wpcf7-list-item\"><input type=\"checkbox\" name=\"checkbox-567\"><span class=\"wpcf7-list-item-label\">Autres<\/span><\/span><span class=\"wpcf7-list-item-label\">Autres<\/span><\/span><span><input type=\"checkbox\" name=\"checkbox-567\"><span class=\"wpcf7-list-item-label\">Besoin de conseils<\/span><\/span><\/span><\/span><\/span><\/span>.\n<\/p>\n<p class=\"translation-block\">Le mat\u00e9riau doit-il \u00eatre de qualit\u00e9 alimentaire ?\n<span class=\"wpcf7-form-control-wrap\" data-name=\"checkbox-919\"><span class=\"wpcf7-form-control wpcf7-checkbox wpcf7-exclusive-checkbox\"><span class=\"wpcf7-list-item first\"><input type=\"checkbox\" name=\"checkbox-919\"><span class=\"wpcf7-list-item-label\">Yes<\/span><\/span><span class=\"wpcf7-list-item\"><input type=\"checkbox\" name=\"checkbox-919\"><span class=\"wpcf7-list-item-label\">No<\/span><\/span><span><span class=\"wpcf7-list-item last\"><input type=\"checkbox\" name=\"checkbox-919\"><span class=\"wpcf7-list-item-label\">Pas s\u00fbr<\/span><\/span><\/span><\/span><\/span><\/span><\/span>.\n<\/p>\n<p class=\"translation-block\">Le mat\u00e9riau doit-il \u00eatre r\u00e9sistant aux UV (soleil) ?\n<span class=\"wpcf7-form-control-wrap\" data-name=\"checkbox-929\"><span class=\"wpcf7-form-control wpcf7-checkbox wpcf7-exclusive-checkbox\"><span class=\"wpcf7-list-item first\"><input type=\"checkbox\" name=\"checkbox-929\"><span class=\"wpcf7-list-item-label\">Yes<\/span><\/span><span class=\"wpcf7-list-item last\"><input type=\"checkbox\" name=\"checkbox-929\"><span class=\"wpcf7-list-item-label\">No<\/span><\/span><\/span><\/span><\/span><\/span>&gt;.\n<\/p>\n<p class=\"translation-block\">Le mat\u00e9riau doit-il \u00eatre ignifug\u00e9 (classement UL-94) ?\n<span class=\"wpcf7-form-control-wrap\" data-name=\"checkbox-882\"><span class=\"wpcf7-form-control wpcf7-checkbox wpcf7-exclusive-checkbox\"><span class=\"wpcf7-list-item first\"><input type=\"checkbox\" name=\"checkbox-882\"><span class=\"wpcf7-list-item-label\">V-0<\/span><\/span><span class=\"wpcf7-list-item\"><input type=\"checkbox\" name=\"checkbox-882\"><span class=\"wpcf7-list-item-label\">V-1<\/span><\/span><span class=\"wpcf7-list-item\"><input type=\"checkbox\" name=\"checkbox-882\"><span class=\"wpcf7-list-item- label\">V-2<\/span>.label\"&gt;V-2<\/span><\/span><span class=\"wpcf7-list-item\"><input type=\"checkbox\" name=\"checkbox-882\"><span class=\"wpcf7-list-item- label\">H-B<\/span>.label\"&gt;H-B<\/span><\/span><span class=\"wpcf7-list-item\"><input type=\"checkbox\" name=\"checkbox-882\"><span class=\"wpcf7- list-item-label\"><span class=\"wpcf7- list-item-label\"><span>.list-item-label\"&gt;Non obligatoire<\/span><\/span><span class=\"wpcf7-list-item last\"><input type=\"checkbox\" name=\"checkbox-882\"><span class=\"wpcf7-list-item-label\">Autres \u00e9valuations (veuillez sp\u00e9cifier)<\/span><\/span><\/span><\/span><\/span><\/span><\/span>.\n<\/p>\n<p class=\"translation-block\">Le mat\u00e9riau doit-il r\u00e9sister \u00e0 des temp\u00e9ratures tr\u00e8s basses (70\u2103\uff09?<br>).\n<span class=\"wpcf7-form-control-wrap\" data-name=\"checkbox-690\"><span class=\"wpcf7-form-control wpcf7-checkbox wpcf7-exclusive-checkbox\"><span class=\"wpcf7-list-item first\"><input type=\"checkbox\" name=\"checkbox-690\"><span class=\"wpcf7-list-item-label\">Tr\u00e8s basse temp\u00e9rature<\/span><\/span><span class=\"wpcf7-list- item\"><span class=\"wpcf7-list- item\"><span><input type=\"checkbox\" name=\"checkbox-690\"><span class=\"wpcf7-list-item-label\">Temp\u00e9rature tr\u00e8s \u00e9lev\u00e9e<\/span><\/span><span class=\"wpcf7-list- item\"><span class=\"wpcf7-list-item-label\">Temp\u00e9rature tr\u00e8s \u00e9lev\u00e9e<\/span><\/span><span>.item\"&gt;<input type=\"checkbox\" name=\"checkbox-690\"><span class=\"wpcf7-list-item-label\">Both<\/span><\/span><span class=\"wpcf7-list-item last\"><input type=\"checkbox\" name=\"checkbox-690\"><span class=\"wpcf7-list-item-label\">Aucune, temp\u00e9rature ambiante<\/span><\/span><\/span><\/span><\/span>\n<\/p>\n<p class=\"translation-block\">Le mat\u00e9riau de votre pi\u00e8ce doit-il \u00eatre r\u00e9sistant ?\n<span class=\"wpcf7-form-control-wrap\" data-name=\"checkbox-939\"><span class=\"wpcf7-form-control wpcf7-checkbox wpcf7-exclusive-checkbox\"><span class=\"wpcf7-list-item first\"><input type=\"checkbox\" name=\"checkbox-939\"><span class=\"wpcf7-list-item-label\">Oui, il est soumis \u00e0 la force<\/span><\/span><span class=\"wpcf7-list-item last\"><input type=\"checkbox\" name=\"checkbox-939\"><span class=\"wpcf7-list-item-label\">No<\/span><\/span><\/span><\/span><\/span><\/span>&gt;.\n<\/p>\n<p class=\"translation-block\">La pi\u00e8ce en plastique n\u00e9cessite-t-elle des tol\u00e9rances dimensionnelles ou g\u00e9om\u00e9triques serr\u00e9es ?\n<span class=\"wpcf7-form-control-wrap\" data-name=\"checkbox-183\"><span class=\"wpcf7-form-control wpcf7-checkbox wpcf7-exclusive-checkbox\"><span class=\"wpcf7-list-item first\"><input type=\"checkbox\" name=\"checkbox-183\"><span class=\"wpcf7-list-item-label\">Oui, tol\u00e9rance serr\u00e9e<\/span><\/span><span class=\"wpcf7-list-item last\"><input type=\"checkbox\" name=\"checkbox-183\"><span class=\"wpcf7-list-item-label\">No<\/span><\/span><\/span><\/span><\/span><\/span>&gt;.\n<\/p>\n<p class=\"translation-block\">Votre pi\u00e8ce a-t-elle des exigences esth\u00e9tiques ?\n<span class=\"wpcf7-form-control-wrap\" data-name=\"checkbox-566\"><span class=\"wpcf7-form-control wpcf7-checkbox wpcf7-exclusive-checkbox\"><span class=\"wpcf7-list-item first\"><input type=\"checkbox\" name=\"checkbox-566\"><span class=\"wpcf7-list-item-label\">Pas une grande pr\u00e9occupation<\/span><\/span><span class=\"wpcf7-list-item\"><input type=\"checkbox\" name=\"checkbox-566\"><span class=\"wpcf7-list-item-label\">Exigences esth\u00e9tiques moyennes<\/span><\/span><span class=\"wpcf7-list-item last\"><input type=\"checkbox\" name=\"checkbox-566\"><span class=\"wpcf7-list-item-label\">Exigences esth\u00e9tiques tr\u00e8s \u00e9lev\u00e9es<\/span><\/span><\/span><\/span><\/span><\/span><\/span>.\n<\/p>\n<p class=\"translation-block\"><label> Votre message<br>\n<span class=\"wpcf7-form-control-wrap\" data-name=\"votre-message\"><textarea cols=\"40\" rows=\"10\" class=\"wpcf7-form-control wpcf7-textarea\" name=\"votre-message\"><\/textarea><\/span> <label>.\n<\/p>\n<p class=\"translation-block\"><label> T\u00e9l\u00e9charger le fichier (il est recommand\u00e9 de <a href=\"mailto:info1@boyanmfg.com\"> envoyer plusieurs fichiers par email<\/a>)<br>.\n<span class=\"wpcf7-form-control-wrap\" data-name=\"file-4\"><input class=\"wpcf7-form-control wpcf7-file\" type=\"file\" name=\"file-4\"><\/span><\/label>\n<\/p>\n<p class=\"translation-block\">Input this code: <input type=\"hidden\" name=\"_wpcf7_captcha_challenge_captcha-778\" value=\"3393105255\"><img decoding=\"async\" class=\"wpcf7-form-control wpcf7-captchac wpcf7-captcha-captcha-778\" width=\"60\" height=\"20\" alt=\"captcha\" src=\"https:\/\/boyanmfg.com\/wp-content\/uploads\/wpcf7_captcha\/3393105255.png\"><br>\n<span class=\"wpcf7-form-control-wrap\" data-name=\"captcha-778\"><input size=\"4\" maxlength=\"4\" class=\"wpcf7-form-control wpcf7-captchar\" autocomplete=\"off\" aria-invalid=\"false\" value=\"\" type=\"text\" name=\"captcha-778\"><\/span>\n<\/p>\n<p class=\"translation-block\"><input class=\"wpcf7-form-control wpcf7-submit has-spinner\" type=\"submit\" value=\"Send\">\n<\/p><p style=\"display: none !important;\" class=\"akismet-fields-container translation-block\" data-prefix=\"_wpcf7_ak_\"><label>\u0394<textarea name=\"_wpcf7_ak_hp_textarea\" cols=\"45\" rows=\"8\"><\/textarea><\/label><input type=\"hidden\" id=\"ak_js_1\" name=\"_wpcf7_ak_js\"><\/p><div class=\"wpcf7-response-output\" aria-hidden=\"true\"><\/div>\n<input type=\"hidden\" name=\"trp-form-language\" value=\"fr\"\/><\/form>\n<\/div>\n<\/div>\n\t\t\t\t\t\t<\/div>\n\t\t\t\t<\/div>\n\t\t\t\t\t<\/div>\n\t\t<\/div>\n\t\t\t\t\t<\/div>\n\t\t<\/section>\n\t\t\t\t<section class=\"elementor-section elementor-top-section elementor-element elementor-element-210ddf0 elementor-section-boxed elementor-section-height-default elementor-section-height-default\" data-id=\"210ddf0\" data-element_type=\"section\">\n\t\t\t\t\t\t<div class=\"elementor-container elementor-column-gap-default\">\n\t\t\t\t\t<div class=\"elementor-column elementor-col-100 elementor-top-column elementor-element elementor-element-922a5b7\" data-id=\"922a5b7\" data-element_type=\"column\">\n\t\t\t<div class=\"elementor-widget-wrap elementor-element-populated\">\n\t\t\t\t\t\t<div class=\"elementor-element elementor-element-f646428 elementor-widget-divider--view-line elementor-widget elementor-widget-divider\" data-id=\"f646428\" data-element_type=\"widget\" data-widget_type=\"divider.default\">\n\t\t\t\t<div class=\"elementor-widget-container\">\n\t\t\t\t\t\t\t<div class=\"elementor-divider\">\n\t\t\t<span class=\"elementor-divider-separator\">\n\t\t\t\t\t\t<\/span>\n\t\t<\/div>\n\t\t\t\t\t\t<\/div>\n\t\t\t\t<\/div>\n\t\t\t\t\t<\/div>\n\t\t<\/div>\n\t\t\t\t\t<\/div>\n\t\t<\/section>\n\t\t\t\t<section class=\"elementor-section elementor-top-section elementor-element elementor-element-437c779 elementor-section-boxed elementor-section-height-default elementor-section-height-default\" data-id=\"437c779\" data-element_type=\"section\" data-settings='{\"background_background\":\"classic\"}'>\n\t\t\t\t\t\t<div class=\"elementor-container elementor-column-gap-default\">\n\t\t\t\t\t<div class=\"elementor-column elementor-col-100 elementor-top-column elementor-element elementor-element-c316323\" data-id=\"c316323\" data-element_type=\"column\">\n\t\t\t<div class=\"elementor-widget-wrap elementor-element-populated\">\n\t\t\t\t\t\t<section class=\"elementor-section elementor-inner-section elementor-element elementor-element-1f1540e elementor-section-boxed elementor-section-height-default elementor-section-height-default\" data-id=\"1f1540e\" data-element_type=\"section\">\n\t\t\t\t\t\t<div class=\"elementor-container elementor-column-gap-default\">\n\t\t\t\t\t<div class=\"elementor-column elementor-col-50 elementor-inner-column elementor-element elementor-element-c890eef\" data-id=\"c890eef\" data-element_type=\"column\">\n\t\t\t<div class=\"elementor-widget-wrap elementor-element-populated\">\n\t\t\t\t\t\t<div class=\"elementor-element elementor-element-a813505 elementor-widget elementor-widget-heading\" data-id=\"a813505\" data-element_type=\"widget\" data-widget_type=\"heading.default\">\n\t\t\t\t<div class=\"elementor-widget-container\">\n\t\t\t\t\t<h3 class=\"elementor-heading-title elementor-size-default\">Notre calculateur en ligne du co\u00fbt des moisissures<\/h3>\t\t\t\t<\/div>\n\t\t\t\t<\/div>\n\t\t\t\t<div class=\"elementor-element elementor-element-4674132 elementor-widget elementor-widget-text-editor\" data-id=\"4674132\" data-element_type=\"widget\" data-widget_type=\"text-editor.default\">\n\t\t\t\t<div class=\"elementor-widget-container\">\n\t\t\t\t\t\t\t\t\t<p class=\"translation-block\">Au cours des phases initiales de l'\u00e9laboration de votre projet, il se peut que vous n'ayez pas besoin d'un devis exact pour les moules.<\/p><p class=\"translation-block\">Dans ce cas, il est conseill\u00e9 d'essayer notre <a href=\"http:\/\/boyanmfg.com\/injection-mold-cost-in-china\/#mold_calculator\">calculateur en ligne du co\u00fbt des moisissures<\/a>, qui peut vous fournir une <strong>estimation instantan\u00e9e du co\u00fbt<\/strong>.<\/p>\t\t\t\t\t\t\t\t<\/div>\n\t\t\t\t<\/div>\n\t\t\t\t\t<\/div>\n\t\t<\/div>\n\t\t\t\t<div class=\"elementor-column elementor-col-50 elementor-inner-column elementor-element elementor-element-8111e41\" data-id=\"8111e41\" data-element_type=\"column\">\n\t\t\t<div class=\"elementor-widget-wrap elementor-element-populated\">\n\t\t\t\t\t\t<div class=\"elementor-element elementor-element-33594be elementor-widget elementor-widget-image\" data-id=\"33594be\" data-element_type=\"widget\" data-widget_type=\"image.default\">\n\t\t\t\t<div class=\"elementor-widget-container\">\n\t\t\t\t\t\t\t\t\t\t\t\t\t\t\t\t<a href=\"http:\/\/boyanmfg.com\/injection-mold-cost-in-china\/#mold_calculator\">\n\t\t\t\t\t\t\t<img fetchpriority=\"high\" decoding=\"async\" width=\"700\" height=\"398\" src=\"https:\/\/boyanmfg.com\/wp-content\/uploads\/2023\/07\/online-mold-cost-calculator.jpg\" class=\"elementor-animation-grow attachment-large size-large wp-image-5349\" alt=\"calculateur en ligne du co\u00fbt des moisissures\" srcset=\"https:\/\/boyanmfg.com\/wp-content\/uploads\/2023\/07\/online-mold-cost-calculator.jpg 700w, https:\/\/boyanmfg.com\/wp-content\/uploads\/2023\/07\/online-mold-cost-calculator-600x341.jpg 600w, https:\/\/boyanmfg.com\/wp-content\/uploads\/2023\/07\/online-mold-cost-calculator-300x171.jpg 300w\" sizes=\"(max-width: 700px) 100vw, 700px\">\t\t\t\t\t\t\t\t<\/a>\n\t\t\t\t\t\t\t\t\t\t\t\t\t\t\t<\/div>\n\t\t\t\t<\/div>\n\t\t\t\t\t<\/div>\n\t\t<\/div>\n\t\t\t\t\t<\/div>\n\t\t<\/section>\n\t\t\t\t\t<\/div>\n\t\t<\/div>\n\t\t\t\t\t<\/div>\n\t\t<\/section>\n\t\t\t\t<\/div>","protected":false},"excerpt":{"rendered":"<p>Formulaire de demande - Moulage en plastique Veuillez remplir le formulaire et nous fournir le plus d'informations possible. Veuillez noter que vous ne pouvez t\u00e9l\u00e9charger qu'un seul fichier avec ce formulaire de contact. Si vous avez plusieurs fichiers \u00e0 soumettre, veuillez nous envoyer un courriel en vous assurant d'inclure les informations n\u00e9cessaires d\u00e9crites ci-dessous. Envoyez-nous un courriel Notre co\u00fbt de moule en ligne...&nbsp;<a href=\"http:\/\/boyanmfg.com\/fr\/enquiry-plastic-injection-molding\/\" rel=\"bookmark\">Lire plus \u00bb<span class=\"screen-reader-text\">Enqu\u00eate - moulage par injection de plastique<\/span><\/a><\/p>","protected":false},"author":1,"featured_media":0,"parent":0,"menu_order":0,"comment_status":"closed","ping_status":"closed","template":"","meta":{"neve_meta_sidebar":"full-width","neve_meta_container":"","neve_meta_enable_content_width":"on","neve_meta_content_width":100,"neve_meta_title_alignment":"","neve_meta_author_avatar":"","neve_post_elements_order":"","neve_meta_disable_header":"","neve_meta_disable_footer":"","neve_meta_disable_title":"on","neve_meta_reading_time":"","_themeisle_gutenberg_block_has_review":false,"footnotes":""},"class_list":["post-1277","page","type-page","status-publish","hentry"],"acf":[],"_links":{"self":[{"href":"http:\/\/boyanmfg.com\/fr\/wp-json\/wp\/v2\/pages\/1277","targetHints":{"allow":["GET"]}}],"collection":[{"href":"http:\/\/boyanmfg.com\/fr\/wp-json\/wp\/v2\/pages"}],"about":[{"href":"http:\/\/boyanmfg.com\/fr\/wp-json\/wp\/v2\/types\/page"}],"author":[{"embeddable":true,"href":"http:\/\/boyanmfg.com\/fr\/wp-json\/wp\/v2\/users\/1"}],"replies":[{"embeddable":true,"href":"http:\/\/boyanmfg.com\/fr\/wp-json\/wp\/v2\/comments?post=1277"}],"version-history":[{"count":0,"href":"http:\/\/boyanmfg.com\/fr\/wp-json\/wp\/v2\/pages\/1277\/revisions"}],"wp:attachment":[{"href":"http:\/\/boyanmfg.com\/fr\/wp-json\/wp\/v2\/media?parent=1277"}],"curies":[{"name":"wp","href":"https:\/\/api.w.org\/{rel}","templated":true}]}}