{"id":1991,"date":"2020-03-01T16:37:14","date_gmt":"2020-03-01T16:37:14","guid":{"rendered":"http:\/\/boyanmfg.com\/?post_type=product&#038;p=1991"},"modified":"2020-03-02T09:10:12","modified_gmt":"2020-03-02T09:10:12","slug":"light-diffusing-plastic-part","status":"publish","type":"product","link":"http:\/\/boyanmfg.com\/es\/shop\/light-diffusing-plastic-part\/","title":{"rendered":"pieza de pl\u00e1stico difusora de luz"},"content":{"rendered":"<h2><span style=\"color: #993366;\">Pieza de pl\u00e1stico difusora de luz<\/span><\/h2>\n<p>Esta es una pieza con forma de flecha fabricada en policarbonato (PC) difusor de luz.<\/p>\n<p><img fetchpriority=\"high\" decoding=\"async\" class=\"alignnone size-medium wp-image-1992\" src=\"https:\/\/boyanmfg.com\/wp-content\/uploads\/2020\/03\/light-diffusing-plastic-part-300x300.jpg\" alt=\"pieza de pl\u00e1stico difusora de luz\" width=\"300\" height=\"300\" srcset=\"https:\/\/boyanmfg.com\/wp-content\/uploads\/2020\/03\/light-diffusing-plastic-part-300x300.jpg 300w, https:\/\/boyanmfg.com\/wp-content\/uploads\/2020\/03\/light-diffusing-plastic-part-100x100.jpg 100w, https:\/\/boyanmfg.com\/wp-content\/uploads\/2020\/03\/light-diffusing-plastic-part-600x600.jpg 600w, https:\/\/boyanmfg.com\/wp-content\/uploads\/2020\/03\/light-diffusing-plastic-part-150x150.jpg 150w, https:\/\/boyanmfg.com\/wp-content\/uploads\/2020\/03\/light-diffusing-plastic-part.jpg 750w\" sizes=\"(max-width: 300px) 100vw, 300px\" \/><img decoding=\"async\" class=\"alignnone size-medium wp-image-1996\" src=\"https:\/\/boyanmfg.com\/wp-content\/uploads\/2020\/03\/led-light-beneath-light-diffusing-part-300x300.jpg\" alt=\"luz LED debajo de la parte difusora de luz\" width=\"300\" height=\"300\" srcset=\"https:\/\/boyanmfg.com\/wp-content\/uploads\/2020\/03\/led-light-beneath-light-diffusing-part-300x300.jpg 300w, https:\/\/boyanmfg.com\/wp-content\/uploads\/2020\/03\/led-light-beneath-light-diffusing-part-100x100.jpg 100w, https:\/\/boyanmfg.com\/wp-content\/uploads\/2020\/03\/led-light-beneath-light-diffusing-part-600x600.jpg 600w, https:\/\/boyanmfg.com\/wp-content\/uploads\/2020\/03\/led-light-beneath-light-diffusing-part-150x150.jpg 150w, https:\/\/boyanmfg.com\/wp-content\/uploads\/2020\/03\/led-light-beneath-light-diffusing-part.jpg 750w\" sizes=\"(max-width: 300px) 100vw, 300px\" \/><\/p>\n<p>La luz de las iluminaciones LED es bastante intensa y podr\u00eda da\u00f1ar los ojos humanos, por lo que las cubiertas difusoras de luz se utilizan con frecuencia para difundir la luz y hacerla m\u00e1s uniforme y c\u00f3moda. En cuanto a los pl\u00e1sticos difusores de luz, hay 4 opciones: PC (policarbonato), PMMA (acr\u00edlico), PP (polipropileno) y PS (poliestireno). Entre estos 4 materiales, el PC destaca por su alta resistencia, propiedades ign\u00edfugas y resistencia a la temperatura.<\/p>\n<h2><span style=\"color: #993366;\">Especificaci\u00f3n de la pieza<\/span><\/h2>\n<table style=\"width: 50%;\">\n<tbody>\n<tr>\n<td width=\"320\">Material<\/td>\n<td width=\"320\">PC difusor de luz<\/td>\n<\/tr>\n<tr>\n<td width=\"320\">Dimensiones<\/td>\n<td width=\"320\">15*15*8 mm<\/td>\n<\/tr>\n<tr>\n<td width=\"320\">Transmitancia de luz<\/td>\n<td width=\"320\">66%<\/td>\n<\/tr>\n<tr>\n<td width=\"320\">Grado ign\u00edfugo<\/td>\n<td width=\"320\">V-2, UL94<\/td>\n<\/tr>\n<tr>\n<td width=\"320\">Resistencia a la tracci\u00f3n<\/td>\n<td width=\"320\">60 MPa<\/td>\n<\/tr>\n<tr>\n<td width=\"320\">Densidad<\/td>\n<td width=\"320\">Aprox. 1,20 g\/cm\u00b3<\/td>\n<\/tr>\n<\/tbody>\n<\/table>\n<h2><span style=\"color: #993366;\">Molde de inyecci\u00f3n para la tapa<\/span><\/h2>\n<ul>\n<li>N\u00famero de cavidad: 1<\/li>\n<li>Acero para moldes: 718H<\/li>\n<li>Plazo de entrega: 40 d\u00edas<\/li>\n<\/ul>\n<p><img decoding=\"async\" class=\"alignnone wp-image-1995 size-full\" src=\"https:\/\/boyanmfg.com\/wp-content\/uploads\/2020\/03\/injection-mold-light-diffusing-part.jpg\" alt=\"molde de inyecci\u00f3n para una pieza difusora de luz\" width=\"750\" height=\"750\" srcset=\"https:\/\/boyanmfg.com\/wp-content\/uploads\/2020\/03\/injection-mold-light-diffusing-part.jpg 750w, https:\/\/boyanmfg.com\/wp-content\/uploads\/2020\/03\/injection-mold-light-diffusing-part-300x300.jpg 300w, https:\/\/boyanmfg.com\/wp-content\/uploads\/2020\/03\/injection-mold-light-diffusing-part-100x100.jpg 100w, https:\/\/boyanmfg.com\/wp-content\/uploads\/2020\/03\/injection-mold-light-diffusing-part-600x600.jpg 600w, https:\/\/boyanmfg.com\/wp-content\/uploads\/2020\/03\/injection-mold-light-diffusing-part-150x150.jpg 150w\" sizes=\"(max-width: 750px) 100vw, 750px\" \/><\/p>","protected":false},"excerpt":{"rendered":"<p>Pieza de pl\u00e1stico difusora de luz Esta es una pieza en forma de flecha fabricada con policarbonato (PC) difusor de luz. La luz de las iluminaciones LED es bastante fuerte y podr\u00eda da\u00f1ar los ojos humanos, por lo que las cubiertas difusoras de luz se utilizan com\u00fanmente para difundir la luz y hacerla m\u00e1s uniforme y c\u00f3moda. En cuanto a los pl\u00e1sticos difusores de luz, existen 4 opciones,\u2026&nbsp;<a href=\"http:\/\/boyanmfg.com\/es\/shop\/light-diffusing-plastic-part\/\" rel=\"bookmark\">Leer M\u00e1s \u00bb<span class=\"screen-reader-text\">pieza de pl\u00e1stico difusora de luz<\/span><\/a><\/p>","protected":false},"featured_media":1992,"comment_status":"closed","ping_status":"closed","template":"","meta":{"neve_meta_sidebar":"","neve_meta_container":"","neve_meta_enable_content_width":"off","neve_meta_content_width":0,"neve_meta_title_alignment":"","neve_meta_author_avatar":"","neve_post_elements_order":"","neve_meta_disable_header":"","neve_meta_disable_footer":"","neve_meta_disable_title":"","neve_meta_reading_time":"","_themeisle_gutenberg_block_has_review":false},"product_brand":[],"product_cat":[54],"product_tag":[],"class_list":{"0":"post-1991","1":"product","2":"type-product","3":"status-publish","4":"has-post-thumbnail","6":"product_cat-plastic-injection-molding","8":"first","9":"instock","10":"shipping-taxable","11":"product-type-simple"},"acf":[],"_links":{"self":[{"href":"http:\/\/boyanmfg.com\/es\/wp-json\/wp\/v2\/product\/1991","targetHints":{"allow":["GET"]}}],"collection":[{"href":"http:\/\/boyanmfg.com\/es\/wp-json\/wp\/v2\/product"}],"about":[{"href":"http:\/\/boyanmfg.com\/es\/wp-json\/wp\/v2\/types\/product"}],"replies":[{"embeddable":true,"href":"http:\/\/boyanmfg.com\/es\/wp-json\/wp\/v2\/comments?post=1991"}],"wp:featuredmedia":[{"embeddable":true,"href":"http:\/\/boyanmfg.com\/es\/wp-json\/wp\/v2\/media\/1992"}],"wp:attachment":[{"href":"http:\/\/boyanmfg.com\/es\/wp-json\/wp\/v2\/media?parent=1991"}],"wp:term":[{"taxonomy":"product_brand","embeddable":true,"href":"http:\/\/boyanmfg.com\/es\/wp-json\/wp\/v2\/product_brand?post=1991"},{"taxonomy":"product_cat","embeddable":true,"href":"http:\/\/boyanmfg.com\/es\/wp-json\/wp\/v2\/product_cat?post=1991"},{"taxonomy":"product_tag","embeddable":true,"href":"http:\/\/boyanmfg.com\/es\/wp-json\/wp\/v2\/product_tag?post=1991"}],"curies":[{"name":"wp","href":"https:\/\/api.w.org\/{rel}","templated":true}]}}