{"id":2191,"date":"2021-06-04T16:08:51","date_gmt":"2021-06-04T16:08:51","guid":{"rendered":"http:\/\/boyanmfg.com\/?post_type=product&#038;p=2191"},"modified":"2021-10-25T13:57:29","modified_gmt":"2021-10-25T13:57:29","slug":"double-wall-plastic-mug-with-handle","status":"publish","type":"product","link":"http:\/\/boyanmfg.com\/de\/shop\/double-wall-plastic-mug-with-handle\/","title":{"rendered":"Doppelwandiger Kunststoffbecher mit Henkel"},"content":{"rendered":"<h2><span style=\"color: #993366;\">Doppelwandiger Kunststoffbecher mit Henkel f\u00fcr den Gebrauch zu Hause und im B\u00fcro<\/span><\/h2>\n<p>Dies ist ein doppelwandiger Kunststoffbecher mit einem Griff aus PP oder ABS. Er h\u00e4lt das Getr\u00e4nk l\u00e4nger kalt oder hei\u00df. Er ist leicht und eignet sich f\u00fcr den Gebrauch zu Hause und im B\u00fcro. Sie k\u00f6nnen ihn sowohl f\u00fcr hei\u00dfe als auch f\u00fcr kalte Getr\u00e4nke verwenden.<\/p>\n<p><img fetchpriority=\"high\" decoding=\"async\" class=\"alignnone wp-image-2198\" src=\"https:\/\/boyanmfg.com\/wp-content\/uploads\/2020\/10\/double-wall-plastic-cup-3-300x300.jpg\" alt=\"Bild 3 des doppelwandigen Kunststoffbechers\" width=\"450\" height=\"450\" srcset=\"https:\/\/boyanmfg.com\/wp-content\/uploads\/2020\/10\/double-wall-plastic-cup-3-300x300.jpg 300w, https:\/\/boyanmfg.com\/wp-content\/uploads\/2020\/10\/double-wall-plastic-cup-3-100x100.jpg 100w, https:\/\/boyanmfg.com\/wp-content\/uploads\/2020\/10\/double-wall-plastic-cup-3-600x600.jpg 600w, https:\/\/boyanmfg.com\/wp-content\/uploads\/2020\/10\/double-wall-plastic-cup-3-150x150.jpg 150w, https:\/\/boyanmfg.com\/wp-content\/uploads\/2020\/10\/double-wall-plastic-cup-3.jpg 750w\" sizes=\"(max-width: 450px) 100vw, 450px\" \/> <img decoding=\"async\" class=\"alignnone wp-image-2194\" src=\"https:\/\/boyanmfg.com\/wp-content\/uploads\/2020\/10\/double-wall-plastic-cup-side-view-300x300.jpg\" alt=\"Seitenansicht eines doppelwandigen Kunststoffbechers\" width=\"450\" height=\"450\" srcset=\"https:\/\/boyanmfg.com\/wp-content\/uploads\/2020\/10\/double-wall-plastic-cup-side-view-300x300.jpg 300w, https:\/\/boyanmfg.com\/wp-content\/uploads\/2020\/10\/double-wall-plastic-cup-side-view-100x100.jpg 100w, https:\/\/boyanmfg.com\/wp-content\/uploads\/2020\/10\/double-wall-plastic-cup-side-view-600x600.jpg 600w, https:\/\/boyanmfg.com\/wp-content\/uploads\/2020\/10\/double-wall-plastic-cup-side-view-150x150.jpg 150w, https:\/\/boyanmfg.com\/wp-content\/uploads\/2020\/10\/double-wall-plastic-cup-side-view.jpg 750w\" sizes=\"(max-width: 450px) 100vw, 450px\" \/><\/p>\n<h2><span style=\"color: #993366;\">Teilspezifikation:<\/span><\/h2>\n<table style=\"width: 60%;\">\n<tbody>\n<tr>\n<td width=\"320\">Material<\/td>\n<td width=\"320\">ABS oder PP (BPA-frei)<\/td>\n<\/tr>\n<tr>\n<td width=\"320\">Temperaturbereich f\u00fcr die Verwendung<\/td>\n<td width=\"320\">PP: 0-120\u2103 f\u00fcr hei\u00dfe und kalte Getr\u00e4nke<\/p>\n<p>ABS: 0-70\u2103 nur f\u00fcr kalte Getr\u00e4nke<\/td>\n<\/tr>\n<tr>\n<td width=\"320\">Abmessungen<\/td>\n<td width=\"320\">Durchmesser 75 mm * H\u00f6he 113 mm<\/td>\n<\/tr>\n<tr>\n<td width=\"320\">Gewicht<\/td>\n<td width=\"320\">97 Gramm<\/td>\n<\/tr>\n<tr>\n<td width=\"320\">Kapazit\u00e4t<\/td>\n<td width=\"320\">320ml \/ 10,5 Unzen<\/td>\n<\/tr>\n<tr>\n<td width=\"320\">Farbe<\/td>\n<td width=\"320\">kundenspezifische Farben verf\u00fcgbar<\/td>\n<\/tr>\n<tr>\n<td width=\"320\">Logo<\/td>\n<td width=\"320\">kundenspezifisches Logo, Tampondruck<\/td>\n<\/tr>\n<tr>\n<td width=\"320\">Preis pro Einheit<\/td>\n<td width=\"320\">$1.03 bis $1.90 je nach Menge, FOB Ningbo<\/td>\n<\/tr>\n<tr>\n<td width=\"320\">MOQ<\/td>\n<td width=\"320\">600 St\u00fcck<\/td>\n<\/tr>\n<tr>\n<td width=\"320\">Verpackung<\/td>\n<td width=\"320\">120 St\u00fcck in einem Karton, 67*57*50 cm, Netto-\/Bruttogewicht: 11,7\/14,2 kg<\/td>\n<\/tr>\n<tr>\n<td width=\"320\">Produktionskapazit\u00e4t<\/td>\n<td width=\"320\">3600 St\u00fcck pro Woche + 20 Tage f\u00fcr Produktion und Versandabwicklung.<\/td>\n<\/tr>\n<\/tbody>\n<\/table>\n<p>Abmessungen des Teils:<\/p>\n<p><img decoding=\"async\" class=\"alignnone wp-image-2200 size-full\" src=\"https:\/\/boyanmfg.com\/wp-content\/uploads\/2020\/10\/double-wall-plastic-mug-outside-dimensions.jpg\" alt=\"Au\u00dfenma\u00dfe des doppelwandigen Kunststoffbechers \" width=\"500\" height=\"500\" srcset=\"https:\/\/boyanmfg.com\/wp-content\/uploads\/2020\/10\/double-wall-plastic-mug-outside-dimensions.jpg 500w, https:\/\/boyanmfg.com\/wp-content\/uploads\/2020\/10\/double-wall-plastic-mug-outside-dimensions-300x300.jpg 300w, https:\/\/boyanmfg.com\/wp-content\/uploads\/2020\/10\/double-wall-plastic-mug-outside-dimensions-100x100.jpg 100w, https:\/\/boyanmfg.com\/wp-content\/uploads\/2020\/10\/double-wall-plastic-mug-outside-dimensions-150x150.jpg 150w\" sizes=\"(max-width: 500px) 100vw, 500px\" \/><img loading=\"lazy\" decoding=\"async\" class=\"alignnone wp-image-2203 size-full\" src=\"https:\/\/boyanmfg.com\/wp-content\/uploads\/2020\/10\/double-wall-plastic-mug-inside-dimensions.jpg\" alt=\"Innenma\u00dfe des doppelwandigen Kunststoffbechers \" width=\"500\" height=\"500\" srcset=\"https:\/\/boyanmfg.com\/wp-content\/uploads\/2020\/10\/double-wall-plastic-mug-inside-dimensions.jpg 500w, https:\/\/boyanmfg.com\/wp-content\/uploads\/2020\/10\/double-wall-plastic-mug-inside-dimensions-300x300.jpg 300w, https:\/\/boyanmfg.com\/wp-content\/uploads\/2020\/10\/double-wall-plastic-mug-inside-dimensions-100x100.jpg 100w, https:\/\/boyanmfg.com\/wp-content\/uploads\/2020\/10\/double-wall-plastic-mug-inside-dimensions-150x150.jpg 150w\" sizes=\"(max-width: 500px) 100vw, 500px\" \/><\/p>\n<div class=\"mceTemp\"><\/div>\n<h2><span style=\"color: #993366;\">Kritische Merkmale:<\/span><\/h2>\n<ul>\n<li>\n<h4><span style=\"color: #993366;\">Schwei\u00dfn\u00e4hte auf der Unterseite<\/span><\/h4>\n<\/li>\n<\/ul>\n<p>Bei den meisten doppelwandigen Kunststoffbechern sind die Schwei\u00dfn\u00e4hte auf der Oberseite angebracht, was nicht ideal f\u00fcr die Hygiene und nicht angenehm f\u00fcr die Ber\u00fchrung mit dem Mund ist.<\/p>\n<p>Bei diesem Becher ist die Seitenwand gerade, so dass sich die Schwei\u00dfn\u00e4hte auf der Unterseite befinden. Auf diese Weise wird der Lippenbereich des Bechers glatt und sauber gehalten.<\/p>\n<p><img loading=\"lazy\" decoding=\"async\" class=\"alignnone wp-image-2199\" src=\"https:\/\/boyanmfg.com\/wp-content\/uploads\/2020\/10\/double-wall-plastic-cup-bottom-view-300x300.jpg\" alt=\"Bodenansicht eines doppelwandigen Kunststoffbechers\" width=\"450\" height=\"450\" srcset=\"https:\/\/boyanmfg.com\/wp-content\/uploads\/2020\/10\/double-wall-plastic-cup-bottom-view-300x300.jpg 300w, https:\/\/boyanmfg.com\/wp-content\/uploads\/2020\/10\/double-wall-plastic-cup-bottom-view-100x100.jpg 100w, https:\/\/boyanmfg.com\/wp-content\/uploads\/2020\/10\/double-wall-plastic-cup-bottom-view-600x600.jpg 600w, https:\/\/boyanmfg.com\/wp-content\/uploads\/2020\/10\/double-wall-plastic-cup-bottom-view-150x150.jpg 150w, https:\/\/boyanmfg.com\/wp-content\/uploads\/2020\/10\/double-wall-plastic-cup-bottom-view.jpg 750w\" sizes=\"(max-width: 450px) 100vw, 450px\" \/> <img loading=\"lazy\" decoding=\"async\" class=\"alignnone wp-image-2195\" src=\"https:\/\/boyanmfg.com\/wp-content\/uploads\/2020\/10\/double-wall-plastic-cup-welds-close-view-300x300.jpg\" alt=\"Nahaufnahme der Schwei\u00dfn\u00e4hte eines doppelwandigen Kunststoffbechers\" width=\"450\" height=\"450\" srcset=\"https:\/\/boyanmfg.com\/wp-content\/uploads\/2020\/10\/double-wall-plastic-cup-welds-close-view-300x300.jpg 300w, https:\/\/boyanmfg.com\/wp-content\/uploads\/2020\/10\/double-wall-plastic-cup-welds-close-view-100x100.jpg 100w, https:\/\/boyanmfg.com\/wp-content\/uploads\/2020\/10\/double-wall-plastic-cup-welds-close-view-600x600.jpg 600w, https:\/\/boyanmfg.com\/wp-content\/uploads\/2020\/10\/double-wall-plastic-cup-welds-close-view-150x150.jpg 150w, https:\/\/boyanmfg.com\/wp-content\/uploads\/2020\/10\/double-wall-plastic-cup-welds-close-view.jpg 750w\" sizes=\"(max-width: 450px) 100vw, 450px\" \/><\/p>\n<ul>\n<li>\n<h4><span style=\"color: #993366;\">Leichtgewichtig<\/span><\/h4>\n<\/li>\n<\/ul>\n<p>Das Gewicht dieses Bechers betr\u00e4gt nur 97 Gramm, was ihn f\u00fcr den Gebrauch zu Hause und im B\u00fcro handlich macht.<\/p>\n<ul>\n<li>\n<h4><span style=\"color: #993366;\">W\u00e4rmeisoliert<\/span><\/h4>\n<\/li>\n<\/ul>\n<p><strong>Sie werden nicht das Gef\u00fchl haben, dass die Tasse zu hei\u00df ist, wenn Sie hei\u00dfes Wasser einf\u00fcllen, sondern eher, dass sie nach 1 bis 2 Minuten allm\u00e4hlich warm wird. Die W\u00e4rmeisolierung ist in einem angemessenen Rahmen, so dass hei\u00dfer Kaffee in etwa 5 bis 10 Minuten abk\u00fchlt. Eine zu effiziente W\u00e4rmeisolierung ist f\u00fcr das Trinken von Hei\u00dfgetr\u00e4nken nicht ideal, da sie zu langsam abk\u00fchlt.<\/strong><\/p>\n<ul>\n<li>\n<h4><span style=\"color: #993366;\">2 Materialien verf\u00fcgbar<\/span><\/h4>\n<\/li>\n<\/ul>\n<p>F\u00fcr diesen Becher sind 2 Materialien erh\u00e4ltlich: PP und ABS.<\/p>\n<p>Bei ABS sieht der Becher gl\u00e4nzender aus und f\u00fchlt sich etwas h\u00e4rter an, aber wir empfehlen, ihn nur f\u00fcr kalte Getr\u00e4nke zu verwenden. Der PP-Becher hat ein matteres Finish und kann sowohl f\u00fcr hei\u00dfe als auch f\u00fcr kalte Getr\u00e4nke verwendet werden, er kann sogar in der Mikrowelle benutzt werden.<\/p>\n<h2><span style=\"color: #993366;\">Kosten der Spritzgussform: $6,500 (2 Formen)<\/span><\/h2>\n<p>Wir sind in der Lage, Formen f\u00fcr benutzerdefinierte Designs zu wettbewerbsf\u00e4higen Preisen zu machen, unten ist die Form Informationen f\u00fcr diese Tasse.<\/p>\n<ul>\n<li>Nummer des Hohlraums: 1<\/li>\n<li>Formstahl: 718H<\/li>\n<li>Vorlaufzeit f\u00fcr die Formherstellung: 40 Tage<\/li>\n<\/ul>\n<p>Die Herstellung von doppelwandigen Kunststoffbechern ist schwieriger als die von einwandigen. Da die Struktur der Form etwas kompliziert ist (viele Seiteneingriffe), wird die Form mit nur einer Kavit\u00e4t hergestellt. Hier sind 2 Bilder der Gussformen.<\/p>\n<p><img loading=\"lazy\" decoding=\"async\" class=\"alignnone wp-image-2201 size-full\" src=\"https:\/\/boyanmfg.com\/wp-content\/uploads\/2020\/10\/injection-mold-double-wall-plastic-cup-1.jpg\" alt=\"Bild 1 von Spritzgussform doppelwandiger Kunststoffbecher \" width=\"600\" height=\"400\" srcset=\"https:\/\/boyanmfg.com\/wp-content\/uploads\/2020\/10\/injection-mold-double-wall-plastic-cup-1.jpg 600w, https:\/\/boyanmfg.com\/wp-content\/uploads\/2020\/10\/injection-mold-double-wall-plastic-cup-1-300x200.jpg 300w\" sizes=\"(max-width: 600px) 100vw, 600px\" \/> <img loading=\"lazy\" decoding=\"async\" class=\"alignnone wp-image-2202 size-full\" src=\"https:\/\/boyanmfg.com\/wp-content\/uploads\/2020\/10\/injection-mold-double-wall-plastic-cup-2.jpg\" alt=\"Bild 2 von Spritzgussform doppelwandiger Kunststoffbecher \" width=\"600\" height=\"400\" srcset=\"https:\/\/boyanmfg.com\/wp-content\/uploads\/2020\/10\/injection-mold-double-wall-plastic-cup-2.jpg 600w, https:\/\/boyanmfg.com\/wp-content\/uploads\/2020\/10\/injection-mold-double-wall-plastic-cup-2-300x200.jpg 300w\" sizes=\"(max-width: 600px) 100vw, 600px\" \/><\/p>","protected":false},"excerpt":{"rendered":"<p>Doppelwandige Plastiktasse mit Griff f\u00fcr den Heim- und B\u00fcrogebrauch. Dies ist eine doppelwandige Plastiktasse mit einem Griff aus PP oder ABS. Sie h\u00e4lt Getr\u00e4nke l\u00e4nger kalt oder hei\u00df. Sie ist leicht und eignet sich bequem f\u00fcr den Einsatz zu Hause und im B\u00fcro. Sie kann sowohl f\u00fcr hei\u00dfe als auch f\u00fcr kalte Getr\u00e4nke verwendet werden. Teilespezifikation:\u2026&nbsp;<a href=\"http:\/\/boyanmfg.com\/de\/shop\/double-wall-plastic-mug-with-handle\/\" rel=\"bookmark\">Weiterlesen \u00bb<span class=\"screen-reader-text\">Doppelwandiger Kunststoffbecher mit Henkel<\/span><\/a><\/p>","protected":false},"featured_media":2193,"comment_status":"closed","ping_status":"closed","template":"","meta":{"neve_meta_sidebar":"","neve_meta_container":"","neve_meta_enable_content_width":"off","neve_meta_content_width":0,"neve_meta_title_alignment":"","neve_meta_author_avatar":"","neve_post_elements_order":"","neve_meta_disable_header":"","neve_meta_disable_footer":"","neve_meta_disable_title":"","neve_meta_reading_time":"","_themeisle_gutenberg_block_has_review":false},"product_brand":[],"product_cat":[54],"product_tag":[],"class_list":{"0":"post-2191","1":"product","2":"type-product","3":"status-publish","4":"has-post-thumbnail","6":"product_cat-plastic-injection-molding","8":"first","9":"instock","10":"shipping-taxable","11":"product-type-simple"},"acf":[],"_links":{"self":[{"href":"http:\/\/boyanmfg.com\/de\/wp-json\/wp\/v2\/product\/2191","targetHints":{"allow":["GET"]}}],"collection":[{"href":"http:\/\/boyanmfg.com\/de\/wp-json\/wp\/v2\/product"}],"about":[{"href":"http:\/\/boyanmfg.com\/de\/wp-json\/wp\/v2\/types\/product"}],"replies":[{"embeddable":true,"href":"http:\/\/boyanmfg.com\/de\/wp-json\/wp\/v2\/comments?post=2191"}],"wp:featuredmedia":[{"embeddable":true,"href":"http:\/\/boyanmfg.com\/de\/wp-json\/wp\/v2\/media\/2193"}],"wp:attachment":[{"href":"http:\/\/boyanmfg.com\/de\/wp-json\/wp\/v2\/media?parent=2191"}],"wp:term":[{"taxonomy":"product_brand","embeddable":true,"href":"http:\/\/boyanmfg.com\/de\/wp-json\/wp\/v2\/product_brand?post=2191"},{"taxonomy":"product_cat","embeddable":true,"href":"http:\/\/boyanmfg.com\/de\/wp-json\/wp\/v2\/product_cat?post=2191"},{"taxonomy":"product_tag","embeddable":true,"href":"http:\/\/boyanmfg.com\/de\/wp-json\/wp\/v2\/product_tag?post=2191"}],"curies":[{"name":"wp","href":"https:\/\/api.w.org\/{rel}","templated":true}]}}