{"id":1651,"date":"2020-01-22T16:52:21","date_gmt":"2020-01-22T16:52:21","guid":{"rendered":"http:\/\/boyanmfg.com\/?page_id=1651"},"modified":"2020-01-22T17:08:16","modified_gmt":"2020-01-22T17:08:16","slug":"enquiry-cnc-machining","status":"publish","type":"page","link":"http:\/\/boyanmfg.com\/de\/enquiry-cnc-machining\/","title":{"rendered":"Anfrage-CNC-Bearbeitung"},"content":{"rendered":"<div data-elementor-type=\"wp-page\" data-elementor-id=\"1651\" class=\"elementor elementor-1651\">\n\t\t\t\t\t\t<section class=\"elementor-section elementor-top-section elementor-element elementor-element-6f9fce8 elementor-section-boxed elementor-section-height-default elementor-section-height-default\" data-id=\"6f9fce8\" data-element_type=\"section\">\n\t\t\t\t\t\t<div class=\"elementor-container elementor-column-gap-default\">\n\t\t\t\t\t<div class=\"elementor-column elementor-col-100 elementor-top-column elementor-element elementor-element-5c7d6e1\" data-id=\"5c7d6e1\" data-element_type=\"column\">\n\t\t\t<div class=\"elementor-widget-wrap\">\n\t\t\t\t\t\t\t<\/div>\n\t\t<\/div>\n\t\t\t\t\t<\/div>\n\t\t<\/section>\n\t\t\t\t<section class=\"elementor-section elementor-top-section elementor-element elementor-element-870b536 elementor-section-boxed elementor-section-height-default elementor-section-height-default\" data-id=\"870b536\" data-element_type=\"section\" data-settings='{\"background_background\":\"classic\"}'>\n\t\t\t\t\t\t\t<div class=\"elementor-background-overlay\"><\/div>\n\t\t\t\t\t\t\t<div class=\"elementor-container elementor-column-gap-default\">\n\t\t\t\t\t<div class=\"elementor-column elementor-col-100 elementor-top-column elementor-element elementor-element-50f9d37\" data-id=\"50f9d37\" data-element_type=\"column\">\n\t\t\t<div class=\"elementor-widget-wrap elementor-element-populated\">\n\t\t\t\t\t\t<section class=\"elementor-section elementor-inner-section elementor-element elementor-element-e08a3c6 elementor-section-boxed elementor-section-height-default elementor-section-height-default\" data-id=\"e08a3c6\" data-element_type=\"section\">\n\t\t\t\t\t\t<div class=\"elementor-container elementor-column-gap-default\">\n\t\t\t\t\t<div class=\"elementor-column elementor-col-100 elementor-inner-column elementor-element elementor-element-ab55ce3\" data-id=\"ab55ce3\" data-element_type=\"column\">\n\t\t\t<div class=\"elementor-widget-wrap elementor-element-populated\">\n\t\t\t\t\t\t<div class=\"elementor-element elementor-element-8e2f678 elementor-widget elementor-widget-heading\" data-id=\"8e2f678\" data-element_type=\"widget\" data-widget_type=\"heading.default\">\n\t\t\t\t<div class=\"elementor-widget-container\">\n\t\t\t\t\t<h1 class=\"elementor-heading-title elementor-size-default\">Anfrageformular-CNC-Bearbeitung<\/h1>\t\t\t\t<\/div>\n\t\t\t\t<\/div>\n\t\t\t\t<div class=\"elementor-element elementor-element-3d43163 elementor-widget elementor-widget-text-editor\" data-id=\"3d43163\" data-element_type=\"widget\" data-widget_type=\"text-editor.default\">\n\t\t\t\t<div class=\"elementor-widget-container\">\n\t\t\t\t\t\t\t\t\t<p class=\"translation-block\"><strong>Bitte f\u00fcllen Sie das Formular so weit wie m\u00f6glich aus und geben Sie die wichtigsten Informationen an.<\/strong><\/p><p class=\"translation-block\"><strong>Bitte beachten Sie: Sie k\u00f6nnen nur eine Datei mit diesem Kontaktformular hochladen. Wenn Sie mehrere Dateien haben, k\u00f6nnen Sie <a href=\"mailto:info1@boyanmfg.com\">eine E-Mail senden.<\/a><\/strong><\/p>\t\t\t\t\t\t\t\t<\/div>\n\t\t\t\t<\/div>\n\t\t\t\t\t<\/div>\n\t\t<\/div>\n\t\t\t\t\t<\/div>\n\t\t<\/section>\n\t\t\t\t\t<\/div>\n\t\t<\/div>\n\t\t\t\t\t<\/div>\n\t\t<\/section>\n\t\t\t\t<section class=\"elementor-section elementor-top-section elementor-element elementor-element-3bac218 elementor-section-boxed elementor-section-height-default elementor-section-height-default\" data-id=\"3bac218\" data-element_type=\"section\">\n\t\t\t\t\t\t<div class=\"elementor-container elementor-column-gap-default\">\n\t\t\t\t\t<div class=\"elementor-column elementor-col-100 elementor-top-column elementor-element elementor-element-557e495\" data-id=\"557e495\" data-element_type=\"column\">\n\t\t\t<div class=\"elementor-widget-wrap elementor-element-populated\">\n\t\t\t\t\t\t<div class=\"elementor-element elementor-element-226a049 elementor-widget elementor-widget-shortcode\" data-id=\"226a049\" data-element_type=\"widget\" data-widget_type=\"shortcode.default\">\n\t\t\t\t<div class=\"elementor-widget-container\">\n\t\t\t\t\t\t\t<div class=\"elementor-shortcode\">\n<div class=\"wpcf7 no-js\" id=\"wpcf7-f1011-o1\" lang=\"en-US\" dir=\"ltr\" data-wpcf7-id=\"1011\">\n<div class=\"screen-reader-response\"><p role=\"status\" aria-live=\"polite\" aria-atomic=\"true\" class=\"translation-block\"><\/p> <ul><\/ul><\/div>\n<form action=\"\/de\/wp-json\/wp\/v2\/pages\/1651#wpcf7-f1011-o1\" method=\"post\" class=\"wpcf7-form init\" aria-label=\"Kontaktformular\" enctype=\"multipart\/form-data\" novalidate=\"novalidate\" data-status=\"init\" data-trp-original-action=\"\/de\/wp-json\/wp\/v2\/pages\/1651#wpcf7-f1011-o1\">\n<fieldset class=\"hidden-fields-container\"><input type=\"hidden\" name=\"_wpcf7\" value=\"1011\"><input type=\"hidden\" name=\"_wpcf7_version\" value=\"6.1.4\"><input type=\"hidden\" name=\"_wpcf7_locale\" value=\"en_US\"><input type=\"hidden\" name=\"_wpcf7_unit_tag\" value=\"wpcf7-f1011-o1\"><input type=\"hidden\" name=\"_wpcf7_container_post\" value=\"0\"><input type=\"hidden\" name=\"_wpcf7_posted_data_hash\" value=\"\">\n<\/fieldset>\n<p class=\"translation-block\"><label> Ihr Name (erforderlich)<br>\n<span class=\"wpcf7-form-control-wrap\" data-name=\"ihr-name\"><input class=\"wpcf7-form-control wpcf7-text wpcf7-validates-as-required\" type=\"text\" name=\"ihr-name\"><\/span> <\/label>\n<\/p>\n<p class=\"translation-block\"><label> Ihre E-Mail (erforderlich)<br>\n<span class=\"wpcf7-form-control-wrap\" data-name=\"your-email\"><input class=\"wpcf7-form-control wpcf7-email wpcf7-validates-as-required wpcf7-text wpcf7-validates-as-email\" type=\"email\" name=\"your-email\"><\/span> <\/label>\n<\/p>\n<p class=\"translation-block\"><label> Betreff<br>\n<span class=\"wpcf7-form-control-wrap\" data-name=\"ihr-betreff\"><input class=\"wpcf7-form-control wpcf7-text\" type=\"text\" name=\"ihr-betreff\"><\/span> <\/label>\n<\/p>\n<p class=\"translation-block\">(Die folgenden Angaben sind fakultativ, aber auf jeden Fall hilfreich)\n<\/p>\n<p class=\"translation-block\">Wie hoch ist die gesch\u00e4tzte Menge f\u00fcr den ersten Produktionsauftrag?<br>\n<span class=\"wpcf7-form-control-wrap\" data-name=\"checkbox-548\"><span class=\"wpcf7-form-control wpcf7-checkbox wpcf7-exclusive-checkbox\"><span class=\"wpcf7-list-item first\"><input type=\"checkbox\" name=\"checkbox-548\"><span class=\"wpcf7-list-item-label\">Unter 100<\/span><\/span><span class=\"wpcf7-list-item\"><input type=\"checkbox\" name=\"checkbox-548\"><span class=\"wpcf7-list-item-label\">100 bis 500<\/span><\/span><span class=\"wpcf7-list-item\"><input type=\"checkbox\" name=\"checkbox-548\"><span class=\"wpcf7-list-item-label\">500 bis 2.000<\/span><\/span><span class=\"wpcf7-list-item last\"><input type=\"checkbox\" name=\"checkbox-548\"><span class=\"wpcf7-list-item-label\">\u00dcber 2.000<\/span><\/span><\/span><\/span>\n<\/p>\n<p class=\"translation-block\">Wie hoch ist die gesch\u00e4tzte Jahresmenge (EAU)?<br>\n<span class=\"wpcf7-form-control-wrap\" data-name=\"checkbox-549\"><span class=\"wpcf7-form-control wpcf7-checkbox wpcf7-exclusive-checkbox\"><span class=\"wpcf7-list-item first\"><input type=\"checkbox\" name=\"checkbox-549\"><span class=\"wpcf7-list-item-label\">Unter 500<\/span><\/span><span class=\"wpcf7-list-item\"><input type=\"checkbox\" name=\"checkbox-549\"><span class=\"wpcf7-list-item-label\">500 bis 2.000<\/span><\/span><span class=\"wpcf7-list-item\"><input type=\"checkbox\" name=\"checkbox-549\"><span class=\"wpcf7-list-item-label\">2,000 bis 10.000<\/span><\/span><span class=\"wpcf7-list-item last\"><input type=\"checkbox\" name=\"checkbox-549\"><span class=\"wpcf7-list-item-label\">\u00dcber 10.000<\/span><\/span><\/span><\/span>\n<\/p>\n<p class=\"translation-block\">Was ist das Material?<br>\n<span class=\"wpcf7-form-control-wrap\" data-name=\"checkbox-550\"><span class=\"wpcf7-form-control wpcf7-checkbox wpcf7-exclusive-checkbox\"><span class=\"wpcf7-list-item first\"><input type=\"checkbox\" name=\"checkbox-550\"><span class=\"wpcf7-list-item-label\">Aluminium<\/span><\/span><span class=\"wpcf7-list-item\"><input type=\"checkbox\" name=\"checkbox-550\"><span class=\"wpcf7-list-item-label\">Stahl<\/span><\/span><span class=\"wpcf7-list-item\"><input type=\"checkbox\" name=\"checkbox-550\"><span class=\"wpcf7-list-item-label\">Messing<\/span><\/span><span class=\"wpcf7-list-item\"><input type=\"checkbox\" name=\"checkbox-550\"><span class=\"wpcf7-list-item-label\">Kunststoff<\/span><\/span><span class=\"wpcf7-list-item last\"><input type=\"checkbox\" name=\"checkbox-550\"><span class=\"wpcf7-list-item-label\">Sonstiges<\/span><\/span><\/span><\/span>\n<\/p>\n<p class=\"translation-block\">Was ist die Oberfl\u00e4chenbeschichtung?<br>\n<span class=\"wpcf7-form-control-wrap\" data-name=\"checkbox-551\"><span class=\"wpcf7-form-control wpcf7-checkbox\"><span class=\"wpcf7-list-item first\"><input type=\"checkbox\" name=\"checkbox-551[]\"><span class=\"wpcf7-list-item-label\">Aluminium-Eloxierung<\/span><\/span><span class=\"wpcf7-list-item\"><input type=\"checkbox\" name=\"checkbox-551[]\"><span class=\"wpcf7-list-item-label\">Elektrophoresebeschichtung<\/span><\/span><span class=\"wpcf7-list-item\"><input type=\"checkbox\" name=\"checkbox-551[]\"><span class=\"wpcf7-list-item-label\">Pulverbeschichtung<\/span><\/span><span class=\"wpcf7-list-item\"><input type=\"checkbox\" name=\"checkbox-551[]\"><span class=\"wpcf7-list-item-label\">Spritzlackierung<\/span><\/span><span class=\"wpcf7-list-item\"><input type=\"checkbox\" name=\"checkbox-551[]\"><span class=\"wpcf7-list-item-label\">Nickel, Zink, Chrom, Verkupferung\"&gt;<\/span><\/span><span class=\"wpcf7-list-item\"><input type=\"checkbox\" name=\"checkbox-551[]\"><span class=\"wpcf7-list-item-label\">Andere<\/span><\/span><span class=\"wpcf7-list-item last\"><input type=\"checkbox\" name=\"checkbox-551[]\"><span class=\"wpcf7-list-item-label\">Brauche Beratung<\/span><\/span><\/span><\/span>\n<\/p>\n<p class=\"translation-block\">Erfordert Ihr Teil enge Ma\u00df- oder Geometrietoleranzen?<br>\n<span class=\"wpcf7-form-control-wrap\" data-name=\"checkbox-211\"><span class=\"wpcf7-form-control wpcf7-checkbox\"><span class=\"wpcf7-list-item first\"><input type=\"checkbox\" name=\"checkbox-211[]\"><span class=\"wpcf7-list-item-label\">Ja, enge Toleranz<\/span><\/span><span class=\"wpcf7-list-item last\"><input type=\"checkbox\" name=\"checkbox-211[]\"><span class=\"wpcf7-list-item-label\">Nein<\/span><\/span><\/span>\n<\/p>\n<p class=\"translation-block\">Hat Ihr Teil \u00e4sthetische Anforderungen?<br>\n<span class=\"wpcf7-form-control-wrap\" data-name=\"checkbox-212\"><span class=\"wpcf7-form-control wpcf7-checkbox wpcf7-exclusive-checkbox\"><span class=\"wpcf7-list-item first\"><input type=\"checkbox\" name=\"checkbox-212\"><span class=\"wpcf7-list-item-label\">Keine gro\u00dfe Sorge<\/span><\/span><span class=\"wpcf7-list-item\"><input type=\"checkbox\" name=\"checkbox-212\"><span class=\"wpcf7-list-item-label\">Durchschnittliche \u00e4sthetische Anforderungen<\/span><\/span><span class=\"wpcf7-list-item last\"><input type=\"checkbox\" name=\"checkbox-212\"><span class=\"wpcf7-list-item-label\">Sehr hohe \u00e4sthetische Anforderungen<\/span><\/span><\/span>\n<\/p>\n<p class=\"translation-block\"><label> Ihre Nachricht<br>\n<span class=\"wpcf7-form-control-wrap\" data-name=\"ihre-nachricht\"><textarea cols=\"40\" rows=\"10\" class=\"wpcf7-form-control wpcf7-textarea\" name=\"ihre-nachricht\"><\/textarea><\/span> <\/label>\n<\/p>\n<p class=\"translation-block\"><label> Datei hochladen (es wird empfohlen, <a href=\"mailto:info1@boyanmfg.com\">mehrere Dateien per E-Mail zu senden<\/a>)<br>\n<span class=\"wpcf7-form-control-wrap\" data-name=\"file-924\"><input class=\"wpcf7-form-control wpcf7-file\" type=\"file\" name=\"file-924\"><\/span><\/label>\n<\/p>\n<p class=\"translation-block\">Geben Sie diesen Code ein: <input type=\"hidden\" name=\"_wpcf7_captcha_challenge_captcha-778\"><img class=\"wpcf7-form-control wpcf7-captchac wpcf7-captcha-captcha-778\" width=\"60\" height=\"20\" alt=\"captcha\" src=\"https:\/\/boyanmfg.com\/wp-content\/uploads\/wpcf7_captcha\/1003832851.png\"><br>\n<span class=\"wpcf7-form-control-wrap\" data-name=\"captcha-778\"><input class=\"wpcf7-form-control wpcf7-captchar\" type=\"text\" name=\"captcha-778\"><\/span>\n<\/p>\n<p class=\"translation-block\"><input class=\"wpcf7-form-control wpcf7-submit has-spinner\" type=\"submit\" value=\"Send\">\n<\/p><p style=\"display: none !important;\" class=\"akismet-fields-container translation-block\" data-prefix=\"_wpcf7_ak_\"><label>\u0394<textarea name=\"_wpcf7_ak_hp_textarea\" cols=\"45\" rows=\"8\"><\/textarea><\/label><input type=\"hidden\" id=\"ak_js_1\" name=\"_wpcf7_ak_js\"><\/p><div class=\"wpcf7-response-output\" aria-hidden=\"true\"><\/div>\n<input type=\"hidden\" name=\"trp-form-language\" value=\"de\"\/><\/form>\n<\/div>\n<\/div>\n\t\t\t\t\t\t<\/div>\n\t\t\t\t<\/div>\n\t\t\t\t\t<\/div>\n\t\t<\/div>\n\t\t\t\t\t<\/div>\n\t\t<\/section>\n\t\t\t\t<\/div>","protected":false},"excerpt":{"rendered":"<p>Anfrageformular-CNC-Bearbeitung Bitte f\u00fcllen Sie das Formular so weit wie m\u00f6glich aus und geben Sie die wichtigsten Informationen an. Bitte beachten Sie: Sie k\u00f6nnen nur eine Datei mit diesem Kontaktformular hochladen. Wenn Sie mehrere Dateien haben, k\u00f6nnen Sie eine E-Mail senden.<\/p>","protected":false},"author":1,"featured_media":0,"parent":0,"menu_order":0,"comment_status":"closed","ping_status":"closed","template":"page-templates\/template-pagebuilder-full-width.php","meta":{"neve_meta_sidebar":"full-width","neve_meta_container":"","neve_meta_enable_content_width":"on","neve_meta_content_width":100,"neve_meta_title_alignment":"","neve_meta_author_avatar":"","neve_post_elements_order":"","neve_meta_disable_header":"","neve_meta_disable_footer":"","neve_meta_disable_title":"","neve_meta_reading_time":"","_themeisle_gutenberg_block_has_review":false,"footnotes":""},"class_list":["post-1651","page","type-page","status-publish","hentry"],"acf":[],"_links":{"self":[{"href":"http:\/\/boyanmfg.com\/de\/wp-json\/wp\/v2\/pages\/1651","targetHints":{"allow":["GET"]}}],"collection":[{"href":"http:\/\/boyanmfg.com\/de\/wp-json\/wp\/v2\/pages"}],"about":[{"href":"http:\/\/boyanmfg.com\/de\/wp-json\/wp\/v2\/types\/page"}],"author":[{"embeddable":true,"href":"http:\/\/boyanmfg.com\/de\/wp-json\/wp\/v2\/users\/1"}],"replies":[{"embeddable":true,"href":"http:\/\/boyanmfg.com\/de\/wp-json\/wp\/v2\/comments?post=1651"}],"version-history":[{"count":0,"href":"http:\/\/boyanmfg.com\/de\/wp-json\/wp\/v2\/pages\/1651\/revisions"}],"wp:attachment":[{"href":"http:\/\/boyanmfg.com\/de\/wp-json\/wp\/v2\/media?parent=1651"}],"curies":[{"name":"wp","href":"https:\/\/api.w.org\/{rel}","templated":true}]}}