{"id":1277,"date":"2020-01-20T03:34:10","date_gmt":"2020-01-20T03:34:10","guid":{"rendered":"http:\/\/boyanmfg.com\/?page_id=1277"},"modified":"2023-09-22T02:19:09","modified_gmt":"2023-09-22T02:19:09","slug":"enquiry-plastic-injection-molding","status":"publish","type":"page","link":"http:\/\/boyanmfg.com\/de\/enquiry-plastic-injection-molding\/","title":{"rendered":"Anfrage - Kunststoffspritzguss"},"content":{"rendered":"<div data-elementor-type=\"wp-page\" data-elementor-id=\"1277\" class=\"elementor elementor-1277\">\n\t\t\t\t\t\t<section class=\"elementor-section elementor-top-section elementor-element elementor-element-3d22583 elementor-section-boxed elementor-section-height-default elementor-section-height-default\" data-id=\"3d22583\" data-element_type=\"section\" data-settings='{\"background_background\":\"classic\"}'>\n\t\t\t\t\t\t\t<div class=\"elementor-background-overlay\"><\/div>\n\t\t\t\t\t\t\t<div class=\"elementor-container elementor-column-gap-default\">\n\t\t\t\t\t<div class=\"elementor-column elementor-col-100 elementor-top-column elementor-element elementor-element-65c3348\" data-id=\"65c3348\" data-element_type=\"column\" data-settings='{\"background_background\":\"classic\"}'>\n\t\t\t<div class=\"elementor-widget-wrap elementor-element-populated\">\n\t\t\t\t\t\t<section class=\"elementor-section elementor-inner-section elementor-element elementor-element-4fd38aa elementor-section-boxed elementor-section-height-default elementor-section-height-default\" data-id=\"4fd38aa\" data-element_type=\"section\">\n\t\t\t\t\t\t<div class=\"elementor-container elementor-column-gap-default\">\n\t\t\t\t\t<div class=\"elementor-column elementor-col-50 elementor-inner-column elementor-element elementor-element-ea82e31\" data-id=\"ea82e31\" data-element_type=\"column\">\n\t\t\t<div class=\"elementor-widget-wrap elementor-element-populated\">\n\t\t\t\t\t\t<div class=\"elementor-element elementor-element-c472f27 elementor-widget elementor-widget-heading\" data-id=\"c472f27\" data-element_type=\"widget\" data-widget_type=\"heading.default\">\n\t\t\t\t<div class=\"elementor-widget-container\">\n\t\t\t\t\t<h1 class=\"elementor-heading-title elementor-size-default\">Anfrage Formular-Kunststoff-Formteile<\/h1>\t\t\t\t<\/div>\n\t\t\t\t<\/div>\n\t\t\t\t<div class=\"elementor-element elementor-element-0058e15 elementor-widget elementor-widget-text-editor\" data-id=\"0058e15\" data-element_type=\"widget\" data-widget_type=\"text-editor.default\">\n\t\t\t\t<div class=\"elementor-widget-container\">\n\t\t\t\t\t\t\t\t\t<p class=\"translation-block\">Bitte f\u00fcllen Sie das Formular aus und geben Sie uns so viele Informationen wie m\u00f6glich.<\/p><p class=\"translation-block\">Bitte beachten Sie: Sie k\u00f6nnen mit diesem Kontaktformular nur eine Datei hochladen. Wenn Sie mehrere Dateien hochladen m\u00f6chten, senden Sie bitte stattdessen eine E-Mail <a href=\"mailto:info1@boyanmfg.com\">und stellen Sie sicher, dass Sie die unten aufgef\u00fchrten erforderlichen Informationen angeben.<\/p>\t\t\t\t\t\t\t\t<\/div>\n\t\t\t\t<\/div>\n\t\t\t\t\t<\/div>\n\t\t<\/div>\n\t\t\t\t<div class=\"elementor-column elementor-col-50 elementor-inner-column elementor-element elementor-element-6dc112f\" data-id=\"6dc112f\" data-element_type=\"column\">\n\t\t\t<div class=\"elementor-widget-wrap elementor-element-populated\">\n\t\t\t\t\t\t<div class=\"elementor-element elementor-element-aa6d324 elementor-align-right elementor-widget elementor-widget-button\" data-id=\"aa6d324\" data-element_type=\"widget\" data-widget_type=\"button.default\">\n\t\t\t\t<div class=\"elementor-widget-container\">\n\t\t\t\t\t\t\t\t\t<div class=\"elementor-button-wrapper\">\n\t\t\t\t\t<a class=\"elementor-button elementor-button-link elementor-size-md\" href=\"mailto:info1@boyanmfg.com\">\n\t\t\t\t\t\t<span class=\"elementor-button-content-wrapper\">\n\t\t\t\t\t\t<span class=\"elementor-button-icon\">\n\t\t\t\t<i aria-hidden=\"true\" class=\"far fa-envelope\"><\/i>\t\t\t<\/span>\n\t\t\t\t\t\t\t\t\t<span class=\"elementor-button-text\">E-Mail an uns<\/span>\n\t\t\t\t\t<\/span>\n\t\t\t\t\t<\/a>\n\t\t\t\t<\/div>\n\t\t\t\t\t\t\t\t<\/div>\n\t\t\t\t<\/div>\n\t\t\t\t\t<\/div>\n\t\t<\/div>\n\t\t\t\t\t<\/div>\n\t\t<\/section>\n\t\t\t\t\t<\/div>\n\t\t<\/div>\n\t\t\t\t\t<\/div>\n\t\t<\/section>\n\t\t\t\t<section class=\"elementor-section elementor-top-section elementor-element elementor-element-b403c00 elementor-section-boxed elementor-section-height-default elementor-section-height-default\" data-id=\"b403c00\" data-element_type=\"section\" data-settings='{\"background_background\":\"classic\"}'>\n\t\t\t\t\t\t\t<div class=\"elementor-background-overlay\"><\/div>\n\t\t\t\t\t\t\t<div class=\"elementor-container elementor-column-gap-default\">\n\t\t\t\t\t<div class=\"elementor-column elementor-col-100 elementor-top-column elementor-element elementor-element-8036fff\" data-id=\"8036fff\" data-element_type=\"column\">\n\t\t\t<div class=\"elementor-widget-wrap elementor-element-populated\">\n\t\t\t\t\t\t<div class=\"elementor-element elementor-element-96b5bc4 elementor-widget elementor-widget-shortcode\" data-id=\"96b5bc4\" data-element_type=\"widget\" data-widget_type=\"shortcode.default\">\n\t\t\t\t<div class=\"elementor-widget-container\">\n\t\t\t\t\t\t\t<div class=\"elementor-shortcode\">\n<div class=\"wpcf7 no-js\" id=\"wpcf7-f4163-o1\" lang=\"en-US\" dir=\"ltr\" data-wpcf7-id=\"4163\">\n<div class=\"screen-reader-response\"><p role=\"status\" aria-live=\"polite\" aria-atomic=\"true\" class=\"translation-block\"><\/p> <ul><\/ul><\/div>\n<form action=\"\/de\/wp-json\/wp\/v2\/pages\/1277#wpcf7-f4163-o1\" method=\"post\" class=\"wpcf7-form init\" aria-label=\"Kontaktformular\" enctype=\"multipart\/form-data\" novalidate=\"novalidate\" data-status=\"init\" data-trp-original-action=\"\/de\/wp-json\/wp\/v2\/pages\/1277#wpcf7-f4163-o1\">\n<fieldset class=\"hidden-fields-container\"><input type=\"hidden\" name=\"_wpcf7\" value=\"4163\"><input type=\"hidden\" name=\"_wpcf7_version\" value=\"6.1.4\"><input type=\"hidden\" name=\"_wpcf7_locale\" value=\"en_US\"><input type=\"hidden\" name=\"_wpcf7_unit_tag\" value=\"wpcf7-f4163-o1\"><input type=\"hidden\" name=\"_wpcf7_container_post\" value=\"0\"><input type=\"hidden\" name=\"_wpcf7_posted_data_hash\" value=\"\">\n<\/fieldset>\n<p class=\"translation-block\"><label> Ihr Name (erforderlich)<br>\n<span class=\"wpcf7-form-control-wrap\" data-name=\"ihr-name\"><input class=\"wpcf7-form-control wpcf7-text wpcf7-validates-as-required\" type=\"text\" name=\"ihr-name\"><\/span> <\/label>\n<\/p>\n<p class=\"translation-block\"><label> Ihre E-Mail (erforderlich)<br>\n<span class=\"wpcf7-form-control-wrap\" data-name=\"your-email\"><input class=\"wpcf7-form-control wpcf7-email wpcf7-validates-as-required wpcf7-text wpcf7-validates-as-email\" type=\"email\" name=\"your-email\"><\/span> <\/label>\n<\/p>\n<p class=\"translation-block\"><label> Betreff<br>\n<span class=\"wpcf7-form-control-wrap\" data-name=\"ihr-betreff\"><input class=\"wpcf7-form-control wpcf7-text\" type=\"text\" name=\"ihr-betreff\"><\/span> <\/label>\n<\/p>\n<p class=\"translation-block\">(Die folgenden Angaben sind fakultativ, aber auf jeden Fall hilfreich)\n<\/p>\n<p class=\"translation-block\">Gesch\u00e4tzte Menge f\u00fcr den ersten Produktionsauftrag<br>\n<span class=\"wpcf7-form-control-wrap\" data-name=\"checkbox-508\"><span class=\"wpcf7-form-control wpcf7-checkbox wpcf7-exclusive-checkbox\"><span class=\"wpcf7-list-item first\"><input type=\"checkbox\" name=\"checkbox-508\"><span class=\"wpcf7-list-item-label\">Unter 1,000<\/span><\/span><span class=\"wpcf7-list-item\"><input type=\"checkbox\" name=\"checkbox-508\"><span class=\"wpcf7-list-item-label\">1,000 bis 5,000<\/span><\/span><span class=\"wpcf7-list-item last\"><input type=\"checkbox\" name=\"checkbox-508\"><span class=\"wpcf7-list-item-label\">\u00dcber 5.000<\/span><\/span><\/span>\n<\/p>\n<p class=\"translation-block\">Gesch\u00e4tzte j\u00e4hrliche Menge (EAU)?<br>\n<span class=\"wpcf7-form-control-wrap\" data-name=\"checkbox-733\"><span class=\"wpcf7-form-control wpcf7-checkbox wpcf7-exclusive-checkbox\"><span class=\"wpcf7-list-item first\"><input type=\"checkbox\" name=\"checkbox-733\"><span class=\"wpcf7-list-item-label\">Unter 3.000<\/span><\/span><span class=\"wpcf7-list-item\"><input type=\"checkbox\" name=\"checkbox-733\"><span class=\"wpcf7-list-item-label\">3.000 bis 10.000<\/span><\/span><span class=\"wpcf7-list-item\"><input type=\"checkbox\" name=\"checkbox-733\"><span class=\"wpcf7-list-item-label\">10,000 bis 50.000<\/span><\/span><span class=\"wpcf7-list-item last\"><input type=\"checkbox\" name=\"checkbox-733\"><span class=\"wpcf7-list-item-label\">\u00dcber 50.000<\/span><\/span><\/span>\n<\/p>\n<p class=\"translation-block\">M\u00f6chten Sie Kunststoffteile oder die Spritzgussform?<br>\n<span class=\"wpcf7-form-control-wrap\" data-name=\"checkbox-162\"><span class=\"wpcf7-form-control wpcf7-checkbox wpcf7-exclusive-checkbox\"><span class=\"wpcf7-list-item first\"><input type=\"checkbox\" name=\"checkbox-162\"><span class=\"wpcf7-list-item-label\">Ich m\u00f6chte die Kunststoffteile<\/span><\/span><span class=\"wpcf7-list-item last\"><input type=\"checkbox\" name=\"checkbox-162\"><span class=\"wpcf7-list-item-label\">Ich m\u00f6chte, dass Sie die Kunststoffform an mich versenden<\/span><\/span><\/span>\n<\/p>\n<p class=\"translation-block\">Aus welchem Material besteht Ihr Produkt?<br>\n<span class=\"wpcf7-form-control-wrap\" data-name=\"checkbox-567\"><span class=\"wpcf7-form-control wpcf7-checkbox wpcf7-exclusive-checkbox\"><span class=\"wpcf7-list-item first\"><input type=\"checkbox\" name=\"checkbox-567\"><span class=\"wpcf7-list-item-label\">PP<\/span><\/span><span class=\"wpcf7-list-item\"><input type=\"checkbox\" name=\"checkbox-567\"><span class=\"wpcf7-list-item-label\">ABS<\/span><\/span><span class=\"wpcf7-list-item\"><input type=\"checkbox\" name=\"checkbox-567\"><span class=\"wpcf7-list-item-label\">PA+GF<\/span><\/span><span class=\"wpcf7-list-item\"><input type=\"checkbox\" name=\"checkbox-567\"><span class=\"wpcf7-list-item-label\">PC<\/span><\/span><span class=\"wpcf7-list-item\"><input type=\"checkbox\" name=\"checkbox-567\"><span class=\"wpcf7-list-item-label\">PC\/ABS<\/span><\/span><span class=\"wpcf7-list-item\"><input type=\"checkbox\" name=\"checkbox-567\"><span class=\"wpcf7-list-item-label\">Andere<\/span><\/span><span class=\"wpcf7-list-item last\"><input type=\"checkbox\" name=\"checkbox-567\"><span class=\"wpcf7-list-item-label\">Brauche Rat<\/span><\/span><\/span><\/span>\n<\/p>\n<p class=\"translation-block\">Sollte das Material lebensmittelecht sein?<br>\n<span class=\"wpcf7-form-control-wrap\" data-name=\"checkbox-919\"><span class=\"wpcf7-form-control wpcf7-checkbox wpcf7-exclusive-checkbox\"><span class=\"wpcf7-list-item first\"><input type=\"checkbox\" name=\"checkbox-919\"><span class=\"wpcf7-list-item-label\">Ja<\/span><\/span><span class=\"wpcf7-list-item\"><input type=\"checkbox\" name=\"checkbox-919\"><span class=\"wpcf7-list-item-label\">Nein<\/span><\/span><span class=\"wpcf7-list-item last\"><input type=\"checkbox\" name=\"checkbox-919\"><span class=\"wpcf7-list-item-label\">Nicht sicher<\/span><\/span><\/span><\/span>\n<\/p>\n<p class=\"translation-block\">Soll das Material UV-best\u00e4ndig sein?<br>\n<span class=\"wpcf7-form-control-wrap\" data-name=\"checkbox-929\"><span class=\"wpcf7-form-control wpcf7-checkbox wpcf7-exclusive-checkbox\"><span class=\"wpcf7-list-item first\"><input type=\"checkbox\" name=\"checkbox-929\"><span class=\"wpcf7-list-item-label\">Ja<\/span><\/span><span class=\"wpcf7-list-item last\"><input type=\"checkbox\" name=\"checkbox-929\"><span class=\"wpcf7-list-item-label\">Nein<\/span><\/span><\/span><\/span>\n<\/p>\n<p class=\"translation-block\">Soll das Material schwer entflammbar sein (UL-94-Klassifizierung)?<br>\n<span class=\"wpcf7-form-control-wrap\" data-name=\"checkbox-882\"><span class=\"wpcf7-form-control wpcf7-checkbox wpcf7-exclusive-checkbox\"><span class=\"wpcf7-list-item first\"><input type=\"checkbox\" name=\"checkbox-882\"><span class=\"wpcf7-list-item-label\">V-0<\/span><\/span><span class=\"wpcf7-list-item\"><input type=\"checkbox\" name=\"checkbox-882\"><span class=\"wpcf7-list-item-label\">V-1<\/span><\/span><span class=\"wpcf7-list-item\"><input type=\"checkbox\" name=\"checkbox-882\"><span class=\"wpcf7-list-item-label\">V-2<\/span><\/span><span class=\"wpcf7-list-item\"><input type=\"checkbox\" name=\"checkbox-882\"><span class=\"wpcf7-list-item-label\">H-B<\/span><\/span><span class=\"wpcf7-list-item\"><input type=\"checkbox\" name=\"checkbox-882\"><span class=\"wpcf7-list-item-label\">Nicht erforderlich<\/span><\/span><span class=\"wpcf7-list-item last\"><input type=\"checkbox\" name=\"checkbox-882\"><span class=\"wpcf7-list-item-label\">Andere Bewertungen (bitte angeben)<\/span><\/span><\/span><\/span>\n<\/p>\n<p class=\"translation-block\">Sollte das Material sehr niedrigen (70\u2103\uff09?<br>\n<span class=\"wpcf7-form-control-wrap\" data-name=\"checkbox-690\"><span class=\"wpcf7-form-control wpcf7-checkbox wpcf7-exclusive-checkbox\"><span class=\"wpcf7-list-item first\"><input type=\"checkbox\" name=\"checkbox-690\"><span class=\"wpcf7-list-item-label\">Sehr niedrige Temperatur<\/span><\/span><span class=\"wpcf7-list-item\"><input type=\"checkbox\" name=\"checkbox-690\"><span class=\"wpcf7-list-item-label\">Sehr hohe Temperatur<\/span><\/span><span class=\"wpcf7-list-item\"><input type=\"checkbox\" name=\"checkbox-690\"><span class=\"wpcf7-list-item-label\">Beide<\/span><\/span><span class=\"wpcf7-list-item last\"><input type=\"checkbox\" name=\"checkbox-690\"><span class=\"wpcf7-list-item-label\">Keine, nur Raumtemperatur<\/span><\/span><\/span><\/span>\n<\/p>\n<p class=\"translation-block\">Muss das Material f\u00fcr Ihr Teil stark sein?<br>\n<span class=\"wpcf7-form-control-wrap\" data-name=\"checkbox-939\"><span class=\"wpcf7-form-control wpcf7-checkbox wpcf7-exclusive-checkbox\"><span class=\"wpcf7-list-item first\"><input type=\"checkbox\" name=\"checkbox-939\"><span class=\"wpcf7-list-item-label\">Ja, es unterliegt dem Zwang<\/span><\/span><span class=\"wpcf7-list-item last\"><input type=\"checkbox\" name=\"checkbox-939\"><span class=\"wpcf7-list-item-label\">Nein<\/span><\/span><\/span>\n<\/p>\n<p class=\"translation-block\">Erfordert das Kunststoffteil enge ma\u00dfliche oder geometrische Toleranzen?<br>\n<span class=\"wpcf7-form-control-wrap\" data-name=\"checkbox-183\"><span class=\"wpcf7-form-control wpcf7-checkbox wpcf7-exclusive-checkbox\"><span class=\"wpcf7-list-item first\"><input type=\"checkbox\" name=\"checkbox-183\"><span class=\"wpcf7-list-item-label\">Ja, enge Toleranz<\/span><\/span><span class=\"wpcf7-list-item last\"><input type=\"checkbox\" name=\"checkbox-183\"><span class=\"wpcf7-list-item-label\">Nein<\/span><\/span><\/span><\/span>\n<\/p>\n<p class=\"translation-block\">Hat Ihr Teil \u00e4sthetische Anforderungen?<br>\n<span class=\"wpcf7-form-control-wrap\" data-name=\"checkbox-566\"><span class=\"wpcf7-form-control wpcf7-checkbox wpcf7-exclusive-checkbox\"><span class=\"wpcf7-list-item first\"><input type=\"checkbox\" name=\"checkbox-566\"><span class=\"wpcf7-list-item-label\">Keine gro\u00dfe Sorge<\/span><\/span><span class=\"wpcf7-list-item\"><input type=\"checkbox\" name=\"checkbox-566\"><span class=\"wpcf7-list-item-label\">Durchschnittliche \u00e4sthetische Anforderungen<\/span><\/span><span class=\"wpcf7-list-item last\"><input type=\"checkbox\" name=\"checkbox-566\"><span class=\"wpcf7-list-item-label\">Sehr hohe \u00e4sthetische Anforderungen<\/span><\/span><\/span>\n<\/p>\n<p class=\"translation-block\"><label> Ihre Nachricht<br>\n<span class=\"wpcf7-form-control-wrap\" data-name=\"ihre-nachricht\"><textarea cols=\"40\" rows=\"10\" class=\"wpcf7-form-control wpcf7-textarea\" name=\"ihre-nachricht\"><\/textarea><\/span> <\/label>\n<\/p>\n<p class=\"translation-block\"><label> Datei hochladen (es wird empfohlen, <a href=\"mailto:info1@boyanmfg.com\">mehrere Dateien per E-Mail zu senden<\/a>)<br>\n<span class=\"wpcf7-form-control-wrap\" data-name=\"file-4\"><input class=\"wpcf7-form-control wpcf7-file\" type=\"file\" name=\"file-4\"><\/span><\/label>\n<\/p>\n<p class=\"translation-block\">Input this code: <input type=\"hidden\" name=\"_wpcf7_captcha_challenge_captcha-778\" value=\"3245819661\"><img decoding=\"async\" class=\"wpcf7-form-control wpcf7-captchac wpcf7-captcha-captcha-778\" width=\"60\" height=\"20\" alt=\"captcha\" src=\"https:\/\/boyanmfg.com\/wp-content\/uploads\/wpcf7_captcha\/3245819661.png\"><br>\n<span class=\"wpcf7-form-control-wrap\" data-name=\"captcha-778\"><input size=\"4\" maxlength=\"4\" class=\"wpcf7-form-control wpcf7-captchar\" autocomplete=\"off\" aria-invalid=\"false\" value=\"\" type=\"text\" name=\"captcha-778\"><\/span>\n<\/p>\n<p class=\"translation-block\"><input class=\"wpcf7-form-control wpcf7-submit has-spinner\" type=\"submit\" value=\"Send\">\n<\/p><p style=\"display: none !important;\" class=\"akismet-fields-container translation-block\" data-prefix=\"_wpcf7_ak_\"><label>\u0394<textarea name=\"_wpcf7_ak_hp_textarea\" cols=\"45\" rows=\"8\" maxlength=\"100\"><\/textarea><\/label><input type=\"hidden\" id=\"ak_js_1\" name=\"_wpcf7_ak_js\" value=\"102\"><script>document.getElementById( \"ak_js_1\" ).setAttribute( \"value\", ( new Date() ).getTime() );<\/script><\/p><div class=\"wpcf7-response-output\" aria-hidden=\"true\"><\/div>\n<input type=\"hidden\" name=\"trp-form-language\" value=\"de\"\/><\/form>\n<\/div>\n<\/div>\n\t\t\t\t\t\t<\/div>\n\t\t\t\t<\/div>\n\t\t\t\t\t<\/div>\n\t\t<\/div>\n\t\t\t\t\t<\/div>\n\t\t<\/section>\n\t\t\t\t<section class=\"elementor-section elementor-top-section elementor-element elementor-element-210ddf0 elementor-section-boxed elementor-section-height-default elementor-section-height-default\" data-id=\"210ddf0\" data-element_type=\"section\">\n\t\t\t\t\t\t<div class=\"elementor-container elementor-column-gap-default\">\n\t\t\t\t\t<div class=\"elementor-column elementor-col-100 elementor-top-column elementor-element elementor-element-922a5b7\" data-id=\"922a5b7\" data-element_type=\"column\">\n\t\t\t<div class=\"elementor-widget-wrap elementor-element-populated\">\n\t\t\t\t\t\t<div class=\"elementor-element elementor-element-f646428 elementor-widget-divider--view-line elementor-widget elementor-widget-divider\" data-id=\"f646428\" data-element_type=\"widget\" data-widget_type=\"divider.default\">\n\t\t\t\t<div class=\"elementor-widget-container\">\n\t\t\t\t\t\t\t<div class=\"elementor-divider\">\n\t\t\t<span class=\"elementor-divider-separator\">\n\t\t\t\t\t\t<\/span>\n\t\t<\/div>\n\t\t\t\t\t\t<\/div>\n\t\t\t\t<\/div>\n\t\t\t\t\t<\/div>\n\t\t<\/div>\n\t\t\t\t\t<\/div>\n\t\t<\/section>\n\t\t\t\t<section class=\"elementor-section elementor-top-section elementor-element elementor-element-437c779 elementor-section-boxed elementor-section-height-default elementor-section-height-default\" data-id=\"437c779\" data-element_type=\"section\" data-settings='{\"background_background\":\"classic\"}'>\n\t\t\t\t\t\t<div class=\"elementor-container elementor-column-gap-default\">\n\t\t\t\t\t<div class=\"elementor-column elementor-col-100 elementor-top-column elementor-element elementor-element-c316323\" data-id=\"c316323\" data-element_type=\"column\">\n\t\t\t<div class=\"elementor-widget-wrap elementor-element-populated\">\n\t\t\t\t\t\t<section class=\"elementor-section elementor-inner-section elementor-element elementor-element-1f1540e elementor-section-boxed elementor-section-height-default elementor-section-height-default\" data-id=\"1f1540e\" data-element_type=\"section\">\n\t\t\t\t\t\t<div class=\"elementor-container elementor-column-gap-default\">\n\t\t\t\t\t<div class=\"elementor-column elementor-col-50 elementor-inner-column elementor-element elementor-element-c890eef\" data-id=\"c890eef\" data-element_type=\"column\">\n\t\t\t<div class=\"elementor-widget-wrap elementor-element-populated\">\n\t\t\t\t\t\t<div class=\"elementor-element elementor-element-a813505 elementor-widget elementor-widget-heading\" data-id=\"a813505\" data-element_type=\"widget\" data-widget_type=\"heading.default\">\n\t\t\t\t<div class=\"elementor-widget-container\">\n\t\t\t\t\t<h3 class=\"elementor-heading-title elementor-size-default\">Unser Online-Kostenrechner f\u00fcr Schimmelpilze<\/h3>\t\t\t\t<\/div>\n\t\t\t\t<\/div>\n\t\t\t\t<div class=\"elementor-element elementor-element-4674132 elementor-widget elementor-widget-text-editor\" data-id=\"4674132\" data-element_type=\"widget\" data-widget_type=\"text-editor.default\">\n\t\t\t\t<div class=\"elementor-widget-container\">\n\t\t\t\t\t\t\t\t\t<p class=\"translation-block\">In der Anfangsphase Ihrer Projektentwicklung ben\u00f6tigen Sie m\u00f6glicherweise keinen genauen Kostenvoranschlag f\u00fcr die Form.<\/p><p class=\"translation-block\">In solchen F\u00e4llen ist es ratsam, unseren <a href=\"http:\/\/boyanmfg.com\/injection-mold-cost-in-china\/#mold_calculator\">Online-Schimmelkostenrechner<\/a> auszuprobieren, der Ihnen einen <strong>Sofortkostenvoranschlag<\/strong> liefern kann.<\/p>\t\t\t\t\t\t\t\t<\/div>\n\t\t\t\t<\/div>\n\t\t\t\t\t<\/div>\n\t\t<\/div>\n\t\t\t\t<div class=\"elementor-column elementor-col-50 elementor-inner-column elementor-element elementor-element-8111e41\" data-id=\"8111e41\" data-element_type=\"column\">\n\t\t\t<div class=\"elementor-widget-wrap elementor-element-populated\">\n\t\t\t\t\t\t<div class=\"elementor-element elementor-element-33594be elementor-widget elementor-widget-image\" data-id=\"33594be\" data-element_type=\"widget\" data-widget_type=\"image.default\">\n\t\t\t\t<div class=\"elementor-widget-container\">\n\t\t\t\t\t\t\t\t\t\t\t\t\t\t\t\t<a href=\"http:\/\/boyanmfg.com\/injection-mold-cost-in-china\/#mold_calculator\">\n\t\t\t\t\t\t\t<img fetchpriority=\"high\" decoding=\"async\" width=\"700\" height=\"398\" src=\"https:\/\/boyanmfg.com\/wp-content\/uploads\/2023\/07\/online-mold-cost-calculator.jpg\" class=\"elementor-animation-grow attachment-large size-large wp-image-5349\" alt=\"Online-Formkostenrechner\" srcset=\"https:\/\/boyanmfg.com\/wp-content\/uploads\/2023\/07\/online-mold-cost-calculator.jpg 700w, https:\/\/boyanmfg.com\/wp-content\/uploads\/2023\/07\/online-mold-cost-calculator-600x341.jpg 600w, https:\/\/boyanmfg.com\/wp-content\/uploads\/2023\/07\/online-mold-cost-calculator-300x171.jpg 300w\" sizes=\"(max-width: 700px) 100vw, 700px\">\t\t\t\t\t\t\t\t<\/a>\n\t\t\t\t\t\t\t\t\t\t\t\t\t\t\t<\/div>\n\t\t\t\t<\/div>\n\t\t\t\t\t<\/div>\n\t\t<\/div>\n\t\t\t\t\t<\/div>\n\t\t<\/section>\n\t\t\t\t\t<\/div>\n\t\t<\/div>\n\t\t\t\t\t<\/div>\n\t\t<\/section>\n\t\t\t\t<\/div>","protected":false},"excerpt":{"rendered":"<p>Anfrageformular - Kunststoffspritzguss Bitte f\u00fcllen Sie das Formular aus und stellen Sie uns so viele Informationen wie m\u00f6glich zur Verf\u00fcgung. Bitte beachten Sie: Sie k\u00f6nnen mit diesem Kontaktformular nur eine Datei hochladen. Wenn Sie mehrere Dateien einreichen m\u00f6chten, senden Sie bitte stattdessen eine E-Mail und stellen Sie sicher, dass Sie die unten aufgef\u00fchrten erforderlichen Informationen enthalten. Schreiben Sie uns eine E-Mail Unsere Online-Formkosten\u2026&nbsp;<a href=\"http:\/\/boyanmfg.com\/de\/enquiry-plastic-injection-molding\/\" rel=\"bookmark\">Weiterlesen \u00bb<span class=\"screen-reader-text\">Anfrage - Kunststoffspritzguss<\/span><\/a><\/p>","protected":false},"author":1,"featured_media":0,"parent":0,"menu_order":0,"comment_status":"closed","ping_status":"closed","template":"","meta":{"neve_meta_sidebar":"full-width","neve_meta_container":"","neve_meta_enable_content_width":"on","neve_meta_content_width":100,"neve_meta_title_alignment":"","neve_meta_author_avatar":"","neve_post_elements_order":"","neve_meta_disable_header":"","neve_meta_disable_footer":"","neve_meta_disable_title":"on","neve_meta_reading_time":"","_themeisle_gutenberg_block_has_review":false,"footnotes":""},"class_list":["post-1277","page","type-page","status-publish","hentry"],"acf":[],"_links":{"self":[{"href":"http:\/\/boyanmfg.com\/de\/wp-json\/wp\/v2\/pages\/1277","targetHints":{"allow":["GET"]}}],"collection":[{"href":"http:\/\/boyanmfg.com\/de\/wp-json\/wp\/v2\/pages"}],"about":[{"href":"http:\/\/boyanmfg.com\/de\/wp-json\/wp\/v2\/types\/page"}],"author":[{"embeddable":true,"href":"http:\/\/boyanmfg.com\/de\/wp-json\/wp\/v2\/users\/1"}],"replies":[{"embeddable":true,"href":"http:\/\/boyanmfg.com\/de\/wp-json\/wp\/v2\/comments?post=1277"}],"version-history":[{"count":0,"href":"http:\/\/boyanmfg.com\/de\/wp-json\/wp\/v2\/pages\/1277\/revisions"}],"wp:attachment":[{"href":"http:\/\/boyanmfg.com\/de\/wp-json\/wp\/v2\/media?parent=1277"}],"curies":[{"name":"wp","href":"https:\/\/api.w.org\/{rel}","templated":true}]}}